{"id":4046,"date":"2022-11-22T11:43:52","date_gmt":"2022-11-22T10:43:52","guid":{"rendered":"https:\/\/lacabanasse.fr\/?page_id=4046"},"modified":"2024-01-22T16:25:54","modified_gmt":"2024-01-22T15:25:54","slug":"arretes-municipaux","status":"publish","type":"page","link":"https:\/\/lacabanasse.fr\/es\/arretes-municipaux\/","title":{"rendered":"decretos municipales"},"content":{"rendered":"<div class=\"wp-block-group black-cabanasse\"><div class=\"wp-block-group__inner-container is-layout-flow wp-block-group-is-layout-flow\">\n<p>en francia un&nbsp;<strong>decreto municipal<\/strong>&nbsp;es una decisi\u00f3n administrativa unilateral tomada por el Alcalde o, en su nombre, por un teniente de alcalde, un concejal o ciertos altos cargos municipales que han recibido una delegaci\u00f3n de firma al efecto<\/p>\n<\/div><\/div>\n\n\n\n<p><\/p>\n\n\n\n<div class=\"wp-block-columns is-layout-flex wp-container-core-columns-is-layout-9d6595d7 wp-block-columns-is-layout-flex\">\n<div class=\"wp-block-column is-layout-flow wp-block-column-is-layout-flow\" style=\"flex-basis:33.33%\"><style>.kb-image4046_19e002-52 .kb-image-has-overlay:after{opacity:0.3;}<\/style>\n<div class=\"wp-block-kadence-image kb-image4046_19e002-52 is-style-default\"><figure class=\"alignleft\"><img loading=\"lazy\" decoding=\"async\" width=\"800\" height=\"600\" src=\"https:\/\/lacabanasse.fr\/wp-content\/uploads\/2022\/11\/Arretes-municipaux.jpeg\" alt=\"\" class=\"kb-img wp-image-4047\" srcset=\"https:\/\/lacabanasse.fr\/wp-content\/uploads\/2022\/11\/Arretes-municipaux.jpeg 800w, https:\/\/lacabanasse.fr\/wp-content\/uploads\/2022\/11\/Arretes-municipaux-300x225.jpeg 300w, https:\/\/lacabanasse.fr\/wp-content\/uploads\/2022\/11\/Arretes-municipaux-768x576.jpeg 768w, https:\/\/lacabanasse.fr\/wp-content\/uploads\/2022\/11\/Arretes-municipaux-16x12.jpeg 16w\" sizes=\"auto, (max-width: 800px) 100vw, 800px\" \/><\/figure><\/div>\n<\/div>\n\n\n\n<div class=\"wp-block-column is-layout-flow wp-block-column-is-layout-flow\" style=\"flex-basis:66.66%\">\n            <div class=\"widget shortcode-widget lsvr_document-list-widget lsvr_document-list-widget--shortcode\"><div class=\"widget__inner\"><h3 class=\"widget__title\">Los \u00faltimos decretos municipales<\/h3>\n<div class=\"widget__content\">\n\n\t\n\t\t<ul class=\"lsvr_document-list-widget__list\">\n\n    \t\t\n    \t\t\t<li class=\"lsvr_document-list-widget__item\">\n\n        \t\t\t<h4 class=\"lsvr_document-list-widget__item-title\">\n        \t\t\t\t<a href=\"https:\/\/lacabanasse.fr\/es\/documents\/arrete-municipal-2024-002-creation-passage-pieton\/\" class=\"lsvr_document-list-widget__item-title-link\">\n        \t\t\t\t\tDecreto municipal 2024 \u2013 002: Creaci\u00f3n de paso de peatones        \t\t\t\t<\/a>\n        \t\t\t<\/h4>\n\n        \t\t\t\n        \t\t\t\t<div class=\"lsvr_document-list-widget__item-info\">\n\n\t\t\t\t\t\t\t\n\t\t\t\t\t\t\t\t<p class=\"lsvr_document-list-widget__item-date\">\n\t\t\t\t\t\t\t\t\t22 de enero de 2024\t\t\t\t\t\t\t\t<\/p>\n\n\t\t\t\t\t\t\t\n\t\t\t\t\t\t\t\n\t\t\t\t\t\t\t\t<p class=\"lsvr_document-list-widget__item-count\">\n\t\t\t\t\t\t\t\t\t1 archivo adjunto\t\t\t\t\t\t\t\t<\/p>\n\n\t\t\t\t\t\t\t\n        \t\t\t\t<\/div>\n\n        \t\t\t\n    \t\t\t<\/li>\n\n    \t\t\n    \t\t\t<li class=\"lsvr_document-list-widget__item\">\n\n        \t\t\t<h4 class=\"lsvr_document-list-widget__item-title\">\n        \t\t\t\t<a href=\"https:\/\/lacabanasse.fr\/es\/documents\/arrete-municipal-2024-001-divagation-chiens-et-chats\/\" class=\"lsvr_document-list-widget__item-title-link\">\n        \t\t\t\t\tDecreto municipal 2024 \u2013 001: Perros y gatos errantes        \t\t\t\t<\/a>\n        \t\t\t<\/h4>\n\n        \t\t\t\n        \t\t\t\t<div class=\"lsvr_document-list-widget__item-info\">\n\n\t\t\t\t\t\t\t\n\t\t\t\t\t\t\t\t<p class=\"lsvr_document-list-widget__item-date\">\n\t\t\t\t\t\t\t\t\t22 de enero de 2024\t\t\t\t\t\t\t\t<\/p>\n\n\t\t\t\t\t\t\t\n\t\t\t\t\t\t\t\n\t\t\t\t\t\t\t\t<p class=\"lsvr_document-list-widget__item-count\">\n\t\t\t\t\t\t\t\t\t1 archivo adjunto\t\t\t\t\t\t\t\t<\/p>\n\n\t\t\t\t\t\t\t\n        \t\t\t\t<\/div>\n\n        \t\t\t\n    \t\t\t<\/li>\n\n    \t\t\n\t\t<\/ul>\n\n\t\t\n\t\t\t<p class=\"widget__more\">\n\n\t\t\t\t\n\t\t\t\t\t<a href=\"https:\/\/lacabanasse.fr\/es\/document-categorie\/arretes-municipaux\/\" class=\"widget__more-link\">Ver m\u00e1s rese\u00f1as<\/a>\n\n\t\t\t\t\n\t\t\t<\/p>\n\n\t\t\n\t\n<\/div>\n\n<\/div><\/div>\n            <\/div>\n<\/div>","protected":false},"excerpt":{"rendered":"<p>En Francia, un decreto municipal es una decisi\u00f3n administrativa unilateral tomada por el alcalde o, en su nombre, por un teniente de alcalde, un concejal municipal o ciertos altos funcionarios municipales que han recibido una delegaci\u00f3n de firma para este fin.<\/p>","protected":false},"author":2,"featured_media":0,"parent":0,"menu_order":0,"comment_status":"closed","ping_status":"closed","template":"page-templates\/not-boxed.php","meta":{"_eb_attr":"","_uag_custom_page_level_css":"","_monsterinsights_skip_tracking":false,"_monsterinsights_sitenote_active":false,"_monsterinsights_sitenote_note":"","_monsterinsights_sitenote_category":0,"footnotes":""},"class_list":["post-4046","page","type-page","status-publish","hentry"],"yoast_head":"<!-- This site is optimized with the Yoast SEO plugin v26.2 - https:\/\/yoast.com\/wordpress\/plugins\/seo\/ -->\n<title>Arr\u00eat\u00e9s Municipaux - Mairie La Cabanasse<\/title>\n<meta name=\"description\" content=\"Les comptes rendus sont affich\u00e9s sous huit jours. Ils retracent les d\u00e9cisions prises sur les affaires inscrites \u00e0 l\u2019ordre du jour.\" \/>\n<meta name=\"robots\" content=\"index, follow, max-snippet:-1, max-image-preview:large, max-video-preview:-1\" \/>\n<link rel=\"canonical\" href=\"https:\/\/lacabanasse.fr\/es\/arretes-municipaux\/\" \/>\n<meta property=\"og:locale\" content=\"es_ES\" \/>\n<meta property=\"og:type\" content=\"article\" \/>\n<meta property=\"og:title\" content=\"Arr\u00eat\u00e9s Municipaux - Mairie La Cabanasse\" \/>\n<meta property=\"og:description\" content=\"Les comptes rendus sont affich\u00e9s sous huit jours. Ils retracent les d\u00e9cisions prises sur les affaires inscrites \u00e0 l\u2019ordre du jour.\" \/>\n<meta property=\"og:url\" content=\"https:\/\/lacabanasse.fr\/es\/arretes-municipaux\/\" \/>\n<meta property=\"og:site_name\" content=\"Mairie La Cabanasse\" \/>\n<meta property=\"article:publisher\" content=\"https:\/\/www.facebook.com\/lacabanasse66210\/\" \/>\n<meta property=\"article:modified_time\" content=\"2024-01-22T15:25:54+00:00\" \/>\n<meta property=\"og:image\" content=\"https:\/\/lacabanasse.fr\/wp-content\/uploads\/2022\/11\/Arretes-municipaux.jpeg\" \/>\n<meta name=\"twitter:card\" content=\"summary_large_image\" \/>\n<meta name=\"twitter:label1\" content=\"Est. reading time\" \/>\n\t<meta name=\"twitter:data1\" content=\"1 minute\" \/>\n<script type=\"application\/ld+json\" class=\"yoast-schema-graph\">{\"@context\":\"https:\/\/schema.org\",\"@graph\":[{\"@type\":\"WebPage\",\"@id\":\"https:\/\/lacabanasse.fr\/arretes-municipaux\/\",\"url\":\"https:\/\/lacabanasse.fr\/arretes-municipaux\/\",\"name\":\"Arr\u00eat\u00e9s Municipaux - Mairie La Cabanasse\",\"isPartOf\":{\"@id\":\"https:\/\/lacabanasse.fr\/#website\"},\"primaryImageOfPage\":{\"@id\":\"https:\/\/lacabanasse.fr\/arretes-municipaux\/#primaryimage\"},\"image\":{\"@id\":\"https:\/\/lacabanasse.fr\/arretes-municipaux\/#primaryimage\"},\"thumbnailUrl\":\"https:\/\/lacabanasse.fr\/wp-content\/uploads\/2022\/11\/Arretes-municipaux.jpeg\",\"datePublished\":\"2022-11-22T10:43:52+00:00\",\"dateModified\":\"2024-01-22T15:25:54+00:00\",\"description\":\"Les comptes rendus sont affich\u00e9s sous huit jours. Ils retracent les d\u00e9cisions prises sur les affaires inscrites \u00e0 l\u2019ordre du jour.\",\"breadcrumb\":{\"@id\":\"https:\/\/lacabanasse.fr\/arretes-municipaux\/#breadcrumb\"},\"inLanguage\":\"es-ES\",\"potentialAction\":[{\"@type\":\"ReadAction\",\"target\":[\"https:\/\/lacabanasse.fr\/arretes-municipaux\/\"]}]},{\"@type\":\"ImageObject\",\"inLanguage\":\"es-ES\",\"@id\":\"https:\/\/lacabanasse.fr\/arretes-municipaux\/#primaryimage\",\"url\":\"https:\/\/lacabanasse.fr\/wp-content\/uploads\/2022\/11\/Arretes-municipaux.jpeg\",\"contentUrl\":\"https:\/\/lacabanasse.fr\/wp-content\/uploads\/2022\/11\/Arretes-municipaux.jpeg\"},{\"@type\":\"BreadcrumbList\",\"@id\":\"https:\/\/lacabanasse.fr\/arretes-municipaux\/#breadcrumb\",\"itemListElement\":[{\"@type\":\"ListItem\",\"position\":1,\"name\":\"Accueil\",\"item\":\"https:\/\/lacabanasse.fr\/\"},{\"@type\":\"ListItem\",\"position\":2,\"name\":\"Arr\u00eat\u00e9s Municipaux\"}]},{\"@type\":\"WebSite\",\"@id\":\"https:\/\/lacabanasse.fr\/#website\",\"url\":\"https:\/\/lacabanasse.fr\/\",\"name\":\"Mairie de la Cabanasse\",\"description\":\"Site officiel  de la Mairie de La Cabanasse dans les Pyr\u00e9n\u00e9es Orientales\",\"publisher\":{\"@id\":\"https:\/\/lacabanasse.fr\/#organization\"},\"potentialAction\":[{\"@type\":\"SearchAction\",\"target\":{\"@type\":\"EntryPoint\",\"urlTemplate\":\"https:\/\/lacabanasse.fr\/?s={search_term_string}\"},\"query-input\":{\"@type\":\"PropertyValueSpecification\",\"valueRequired\":true,\"valueName\":\"search_term_string\"}}],\"inLanguage\":\"es-ES\"},{\"@type\":\"Organization\",\"@id\":\"https:\/\/lacabanasse.fr\/#organization\",\"name\":\"Mairie de la Cabanasse\",\"url\":\"https:\/\/lacabanasse.fr\/\",\"logo\":{\"@type\":\"ImageObject\",\"inLanguage\":\"es-ES\",\"@id\":\"https:\/\/lacabanasse.fr\/#\/schema\/logo\/image\/\",\"url\":\"https:\/\/lacabanasse.fr\/wp-content\/uploads\/2021\/03\/cropped-favicon-la-cabanasse.jpg\",\"contentUrl\":\"https:\/\/lacabanasse.fr\/wp-content\/uploads\/2021\/03\/cropped-favicon-la-cabanasse.jpg\",\"width\":512,\"height\":512,\"caption\":\"Mairie de la Cabanasse\"},\"image\":{\"@id\":\"https:\/\/lacabanasse.fr\/#\/schema\/logo\/image\/\"},\"sameAs\":[\"https:\/\/www.facebook.com\/lacabanasse66210\/\"]}]}<\/script>\n<!-- \/ Yoast SEO plugin. -->","yoast_head_json":{"title":"\u00d3rdenes municipales - Ayuntamiento de La Cabanasse","description":"Las actas se publican en un plazo de ocho d\u00edas. En ellas se recogen las decisiones tomadas sobre los puntos del orden del d\u00eda.","robots":{"index":"index","follow":"follow","max-snippet":"max-snippet:-1","max-image-preview":"max-image-preview:large","max-video-preview":"max-video-preview:-1"},"canonical":"https:\/\/lacabanasse.fr\/es\/arretes-municipaux\/","og_locale":"es_ES","og_type":"article","og_title":"Arr\u00eat\u00e9s Municipaux - Mairie La Cabanasse","og_description":"Les comptes rendus sont affich\u00e9s sous huit jours. Ils retracent les d\u00e9cisions prises sur les affaires inscrites \u00e0 l\u2019ordre du jour.","og_url":"https:\/\/lacabanasse.fr\/es\/arretes-municipaux\/","og_site_name":"Mairie La Cabanasse","article_publisher":"https:\/\/www.facebook.com\/lacabanasse66210\/","article_modified_time":"2024-01-22T15:25:54+00:00","og_image":[{"url":"https:\/\/lacabanasse.fr\/wp-content\/uploads\/2022\/11\/Arretes-municipaux.jpeg","type":"","width":"","height":""}],"twitter_card":"summary_large_image","twitter_misc":{"Est. reading time":"1 minute"},"schema":{"@context":"https:\/\/schema.org","@graph":[{"@type":"WebPage","@id":"https:\/\/lacabanasse.fr\/arretes-municipaux\/","url":"https:\/\/lacabanasse.fr\/arretes-municipaux\/","name":"\u00d3rdenes municipales - Ayuntamiento de La Cabanasse","isPartOf":{"@id":"https:\/\/lacabanasse.fr\/#website"},"primaryImageOfPage":{"@id":"https:\/\/lacabanasse.fr\/arretes-municipaux\/#primaryimage"},"image":{"@id":"https:\/\/lacabanasse.fr\/arretes-municipaux\/#primaryimage"},"thumbnailUrl":"https:\/\/lacabanasse.fr\/wp-content\/uploads\/2022\/11\/Arretes-municipaux.jpeg","datePublished":"2022-11-22T10:43:52+00:00","dateModified":"2024-01-22T15:25:54+00:00","description":"Las actas se publican en un plazo de ocho d\u00edas. En ellas se recogen las decisiones tomadas sobre los puntos del orden del d\u00eda.","breadcrumb":{"@id":"https:\/\/lacabanasse.fr\/arretes-municipaux\/#breadcrumb"},"inLanguage":"es-ES","potentialAction":[{"@type":"ReadAction","target":["https:\/\/lacabanasse.fr\/arretes-municipaux\/"]}]},{"@type":"ImageObject","inLanguage":"es-ES","@id":"https:\/\/lacabanasse.fr\/arretes-municipaux\/#primaryimage","url":"https:\/\/lacabanasse.fr\/wp-content\/uploads\/2022\/11\/Arretes-municipaux.jpeg","contentUrl":"https:\/\/lacabanasse.fr\/wp-content\/uploads\/2022\/11\/Arretes-municipaux.jpeg"},{"@type":"BreadcrumbList","@id":"https:\/\/lacabanasse.fr\/arretes-municipaux\/#breadcrumb","itemListElement":[{"@type":"ListItem","position":1,"name":"Accueil","item":"https:\/\/lacabanasse.fr\/"},{"@type":"ListItem","position":2,"name":"Arr\u00eat\u00e9s Municipaux"}]},{"@type":"WebSite","@id":"https:\/\/lacabanasse.fr\/#website","url":"https:\/\/lacabanasse.fr\/","name":"Ayuntamiento de Cabanasse","description":"Sitio web oficial del Ayuntamiento de La Cabanasse en los Pirineos Orientales","publisher":{"@id":"https:\/\/lacabanasse.fr\/#organization"},"potentialAction":[{"@type":"SearchAction","target":{"@type":"EntryPoint","urlTemplate":"https:\/\/lacabanasse.fr\/?s={search_term_string}"},"query-input":{"@type":"PropertyValueSpecification","valueRequired":true,"valueName":"search_term_string"}}],"inLanguage":"es-ES"},{"@type":"Organization","@id":"https:\/\/lacabanasse.fr\/#organization","name":"Ayuntamiento de Cabanasse","url":"https:\/\/lacabanasse.fr\/","logo":{"@type":"ImageObject","inLanguage":"es-ES","@id":"https:\/\/lacabanasse.fr\/#\/schema\/logo\/image\/","url":"https:\/\/lacabanasse.fr\/wp-content\/uploads\/2021\/03\/cropped-favicon-la-cabanasse.jpg","contentUrl":"https:\/\/lacabanasse.fr\/wp-content\/uploads\/2021\/03\/cropped-favicon-la-cabanasse.jpg","width":512,"height":512,"caption":"Mairie de la Cabanasse"},"image":{"@id":"https:\/\/lacabanasse.fr\/#\/schema\/logo\/image\/"},"sameAs":["https:\/\/www.facebook.com\/lacabanasse66210\/"]}]}},"uagb_featured_image_src":{"full":false,"thumbnail":false,"medium":false,"medium_large":false,"large":false,"gs-tiny":false,"xl":false,"xxl":false,"xxxl":false,"xxxxl":false,"xxxxxl":false,"1536x1536":false,"2048x2048":false,"trp-custom-language-flag":false,"sow-carousel-default":false},"uagb_author_info":{"display_name":"Amandine","author_link":"https:\/\/lacabanasse.fr\/es\/author\/amandine\/"},"uagb_comment_info":0,"uagb_excerpt":"En France un&nbsp;arr\u00eat\u00e9 municipal&nbsp;est une d\u00e9cision administrative unilat\u00e9rale prise par le Maire ou, en son nom, par un maire-adjoint, un conseiller municipal ou certains hauts fonctionnaires municipaux ayant re\u00e7u une d\u00e9l\u00e9gation de signature \u00e0 cet effet","_links":{"self":[{"href":"https:\/\/lacabanasse.fr\/es\/wp-json\/wp\/v2\/pages\/4046","targetHints":{"allow":["GET"]}}],"collection":[{"href":"https:\/\/lacabanasse.fr\/es\/wp-json\/wp\/v2\/pages"}],"about":[{"href":"https:\/\/lacabanasse.fr\/es\/wp-json\/wp\/v2\/types\/page"}],"author":[{"embeddable":true,"href":"https:\/\/lacabanasse.fr\/es\/wp-json\/wp\/v2\/users\/2"}],"replies":[{"embeddable":true,"href":"https:\/\/lacabanasse.fr\/es\/wp-json\/wp\/v2\/comments?post=4046"}],"version-history":[{"count":7,"href":"https:\/\/lacabanasse.fr\/es\/wp-json\/wp\/v2\/pages\/4046\/revisions"}],"predecessor-version":[{"id":5399,"href":"https:\/\/lacabanasse.fr\/es\/wp-json\/wp\/v2\/pages\/4046\/revisions\/5399"}],"wp:attachment":[{"href":"https:\/\/lacabanasse.fr\/es\/wp-json\/wp\/v2\/media?parent=4046"}],"curies":[{"name":"gracias","href":"https:\/\/api.w.org\/{rel}","templated":true}]}}