{"id":4088,"date":"2022-12-26T16:16:42","date_gmt":"2022-12-26T15:16:42","guid":{"rendered":"https:\/\/lacabanasse.fr\/?page_id=4088"},"modified":"2025-03-24T10:17:33","modified_gmt":"2025-03-24T09:17:33","slug":"urbanisme-arretes-certificat","status":"publish","type":"page","link":"https:\/\/lacabanasse.fr\/es\/urbanisme\/urbanisme-arretes-certificat\/","title":{"rendered":"Certificado urban\u00edstico \u2013 Pedidos"},"content":{"rendered":"<div class=\"wp-block-group black-cabanasse\"><div class=\"wp-block-group__inner-container is-layout-flow wp-block-group-is-layout-flow\">\n<div class=\"wp-block-uagb-container uagb-block-e140c585 default uagb-is-root-container\">\n<div class=\"wp-block-uagb-container uagb-block-40d4c490 alignfull uagb-is-root-container\"><div class=\"uagb-container-inner-blocks-wrap\">\n<div class=\"wp-block-columns is-layout-flex wp-container-core-columns-is-layout-9d6595d7 wp-block-columns-is-layout-flex\">\n<div class=\"wp-block-column is-layout-flow wp-block-column-is-layout-flow\" style=\"flex-basis:100%\">\n<div class=\"wp-block-group\"><div class=\"wp-block-group__inner-container is-layout-flow wp-block-group-is-layout-flow\">\n<div class=\"wp-block-columns is-layout-flex wp-container-core-columns-is-layout-9d6595d7 wp-block-columns-is-layout-flex\">\n<div class=\"wp-block-column is-layout-flow wp-block-column-is-layout-flow\">\n<h2 class=\"wp-block-heading\" id=\"etat-des-risques\"><strong><mark style=\"background-color:rgba(0, 0, 0, 0);color:#0c6d7d\" class=\"has-inline-color\">\u00d3rdenes Certificado de Urbanismo<\/mark><\/strong><\/h2>\n\n\n\n<p>El certificado urban\u00edstico es un documento informativo, no es una autorizaci\u00f3n. Hay 2 tipos: el&nbsp;<strong>certificado de informaci\u00f3n<\/strong>&nbsp;y el&nbsp;<strong>certificado de funcionamiento<\/strong>. 1<sup>er<\/sup>&nbsp;da las normas urban\u00edsticas sobre un determinado terreno, el 2\u00ba te informa sobre la viabilidad de un proyecto. La solicitud de un certificado es opcional, pero se recomienda en el contexto de la compra de bienes inmuebles (terreno edificable o edificio) o una operaci\u00f3n de construcci\u00f3n.<\/p>\n\n\n\n<p>Aqu\u00ed encontrar\u00e1 todos los formularios necesarios para sus tr\u00e1mites administrativos relacionados con el urbanismo (haga clic en este enlace) <a href=\"https:\/\/www.service-public.fr\/particuliers\/vosdroits\/R1970\" target=\"_blank\" rel=\"noreferrer noopener\">Servicios de urbanismo<\/a><\/p>\n\n\n\n<p>Para m\u00e1s informaci\u00f3n, no dude en contactar con el Departamento de Urbanismo al +33 (0) 4 68 04 23 74<\/p>\n<\/div>\n<\/div>\n<\/div><\/div>\n<\/div>\n<\/div>\n\n\n\n<div class=\"wp-block-columns is-layout-flex wp-container-core-columns-is-layout-9d6595d7 wp-block-columns-is-layout-flex\">\n<div class=\"wp-block-column is-layout-flow wp-block-column-is-layout-flow\">\n<figure class=\"wp-block-image size-large\"><img loading=\"lazy\" decoding=\"async\" width=\"1024\" height=\"678\" src=\"https:\/\/lacabanasse.fr\/wp-content\/uploads\/2022\/12\/floor-plan-blueprint-house-1474454-1024x678.jpg\" alt=\"floor plan, blueprint, house-1474454.jpg\" class=\"wp-image-4097\" srcset=\"https:\/\/lacabanasse.fr\/wp-content\/uploads\/2022\/12\/floor-plan-blueprint-house-1474454-1024x678.jpg 1024w, https:\/\/lacabanasse.fr\/wp-content\/uploads\/2022\/12\/floor-plan-blueprint-house-1474454-300x199.jpg 300w, https:\/\/lacabanasse.fr\/wp-content\/uploads\/2022\/12\/floor-plan-blueprint-house-1474454-768x509.jpg 768w, https:\/\/lacabanasse.fr\/wp-content\/uploads\/2022\/12\/floor-plan-blueprint-house-1474454-18x12.jpg 18w, https:\/\/lacabanasse.fr\/wp-content\/uploads\/2022\/12\/floor-plan-blueprint-house-1474454.jpg 1280w\" sizes=\"auto, (max-width: 1024px) 100vw, 1024px\" \/><\/figure>\n<\/div>\n\n\n\n<div class=\"wp-block-column is-layout-flow wp-block-column-is-layout-flow\">\n            <div class=\"widget shortcode-widget lsvr_document-list-widget lsvr_document-list-widget--shortcode\"><div class=\"widget__inner\"><h3 class=\"widget__title\">Orden CU<\/h3>\n<div class=\"widget__content\">\n\n\t\n\t\t<ul class=\"lsvr_document-list-widget__list\">\n\n    \t\t\n    \t\t\t<li class=\"lsvr_document-list-widget__item\">\n\n        \t\t\t<h4 class=\"lsvr_document-list-widget__item-title\">\n        \t\t\t\t<a href=\"https:\/\/lacabanasse.fr\/es\/documents\/cu-0660272600007\/\" class=\"lsvr_document-list-widget__item-title-link\">\n        \t\t\t\t\tCU 0660272600007        \t\t\t\t<\/a>\n        \t\t\t<\/h4>\n\n        \t\t\t\n        \t\t\t\t<div class=\"lsvr_document-list-widget__item-info\">\n\n\t\t\t\t\t\t\t\n\t\t\t\t\t\t\t\t<p class=\"lsvr_document-list-widget__item-date\">\n\t\t\t\t\t\t\t\t\t8 de abril de 2026\t\t\t\t\t\t\t\t<\/p>\n\n\t\t\t\t\t\t\t\n\t\t\t\t\t\t\t\n\t\t\t\t\t\t\t\t<p class=\"lsvr_document-list-widget__item-count\">\n\t\t\t\t\t\t\t\t\t1 archivo adjunto\t\t\t\t\t\t\t\t<\/p>\n\n\t\t\t\t\t\t\t\n        \t\t\t\t<\/div>\n\n        \t\t\t\n    \t\t\t<\/li>\n\n    \t\t\n    \t\t\t<li class=\"lsvr_document-list-widget__item\">\n\n        \t\t\t<h4 class=\"lsvr_document-list-widget__item-title\">\n        \t\t\t\t<a href=\"https:\/\/lacabanasse.fr\/es\/documents\/cu0660272600004\/\" class=\"lsvr_document-list-widget__item-title-link\">\n        \t\t\t\t\tCU0660272600004        \t\t\t\t<\/a>\n        \t\t\t<\/h4>\n\n        \t\t\t\n        \t\t\t\t<div class=\"lsvr_document-list-widget__item-info\">\n\n\t\t\t\t\t\t\t\n\t\t\t\t\t\t\t\t<p class=\"lsvr_document-list-widget__item-date\">\n\t\t\t\t\t\t\t\t\t26 de marzo de 2026\t\t\t\t\t\t\t\t<\/p>\n\n\t\t\t\t\t\t\t\n\t\t\t\t\t\t\t\n\t\t\t\t\t\t\t\t<p class=\"lsvr_document-list-widget__item-count\">\n\t\t\t\t\t\t\t\t\t1 archivo adjunto\t\t\t\t\t\t\t\t<\/p>\n\n\t\t\t\t\t\t\t\n        \t\t\t\t<\/div>\n\n        \t\t\t\n    \t\t\t<\/li>\n\n    \t\t\n    \t\t\t<li class=\"lsvr_document-list-widget__item\">\n\n        \t\t\t<h4 class=\"lsvr_document-list-widget__item-title\">\n        \t\t\t\t<a href=\"https:\/\/lacabanasse.fr\/es\/documents\/cu-0660272600005\/\" class=\"lsvr_document-list-widget__item-title-link\">\n        \t\t\t\t\tCU 0660272600005        \t\t\t\t<\/a>\n        \t\t\t<\/h4>\n\n        \t\t\t\n        \t\t\t\t<div class=\"lsvr_document-list-widget__item-info\">\n\n\t\t\t\t\t\t\t\n\t\t\t\t\t\t\t\t<p class=\"lsvr_document-list-widget__item-date\">\n\t\t\t\t\t\t\t\t\t26 de marzo de 2026\t\t\t\t\t\t\t\t<\/p>\n\n\t\t\t\t\t\t\t\n\t\t\t\t\t\t\t\n\t\t\t\t\t\t\t\t<p class=\"lsvr_document-list-widget__item-count\">\n\t\t\t\t\t\t\t\t\t1 archivo adjunto\t\t\t\t\t\t\t\t<\/p>\n\n\t\t\t\t\t\t\t\n        \t\t\t\t<\/div>\n\n        \t\t\t\n    \t\t\t<\/li>\n\n    \t\t\n    \t\t\t<li class=\"lsvr_document-list-widget__item\">\n\n        \t\t\t<h4 class=\"lsvr_document-list-widget__item-title\">\n        \t\t\t\t<a href=\"https:\/\/lacabanasse.fr\/es\/documents\/cu-0660272600001\/\" class=\"lsvr_document-list-widget__item-title-link\">\n        \t\t\t\t\tCU 0660272600001        \t\t\t\t<\/a>\n        \t\t\t<\/h4>\n\n        \t\t\t\n        \t\t\t\t<div class=\"lsvr_document-list-widget__item-info\">\n\n\t\t\t\t\t\t\t\n\t\t\t\t\t\t\t\t<p class=\"lsvr_document-list-widget__item-date\">\n\t\t\t\t\t\t\t\t\t29 de enero de 2026\t\t\t\t\t\t\t\t<\/p>\n\n\t\t\t\t\t\t\t\n\t\t\t\t\t\t\t\n\t\t\t\t\t\t\t\t<p class=\"lsvr_document-list-widget__item-count\">\n\t\t\t\t\t\t\t\t\t1 archivo adjunto\t\t\t\t\t\t\t\t<\/p>\n\n\t\t\t\t\t\t\t\n        \t\t\t\t<\/div>\n\n        \t\t\t\n    \t\t\t<\/li>\n\n    \t\t\n\t\t<\/ul>\n\n\t\t\n\t\t\t<p class=\"widget__more\">\n\n\t\t\t\t\n\t\t\t\t\t<a href=\"https:\/\/lacabanasse.fr\/es\/document-categorie\/arretes-cu\/\" class=\"widget__more-link\">M\u00e1s documentos<\/a>\n\n\t\t\t\t\n\t\t\t<\/p>\n\n\t\t\n\t\n<\/div>\n\n<\/div><\/div>\n            <\/div>\n<\/div>\n<\/div><\/div>\n<\/div>\n<\/div><\/div>","protected":false},"excerpt":{"rendered":"<p>Pedidos Certificado Urban\u00edstico El certificado urban\u00edstico es un documento informativo, no es una autorizaci\u00f3n. Hay 2 tipos: el certificado de informaci\u00f3n y el certificado operativo. El primero indica las normas urban\u00edsticas de un terreno determinado, el segundo proporciona informaci\u00f3n sobre la viabilidad de un proyecto. La solicitud del certificado es opcional, pero se recomienda en el marco de [\u2026]<\/p>","protected":false},"author":1,"featured_media":0,"parent":617,"menu_order":-3,"comment_status":"closed","ping_status":"closed","template":"page-templates\/not-boxed.php","meta":{"_eb_attr":"","_uag_custom_page_level_css":"","_monsterinsights_skip_tracking":false,"_monsterinsights_sitenote_active":false,"_monsterinsights_sitenote_note":"","_monsterinsights_sitenote_category":0,"footnotes":""},"class_list":["post-4088","page","type-page","status-publish","hentry"],"yoast_head":"<!-- This site is optimized with the Yoast SEO plugin v26.2 - https:\/\/yoast.com\/wordpress\/plugins\/seo\/ -->\n<title>Certificat d&#039;urbanisme - Les arr\u00eat\u00e9s - Mairie La Cabanasse - Plan Local D&#039;Urbanisme<\/title>\n<meta name=\"description\" content=\"L\u2019urbanisme d\u00e9signe l&#039;ensemble des sciences, des techniques et des arts relatifs \u00e0 l&#039;organisation et \u00e0 l&#039;am\u00e9nagement des espaces urbains.\" \/>\n<meta name=\"robots\" content=\"index, follow, max-snippet:-1, max-image-preview:large, max-video-preview:-1\" \/>\n<link rel=\"canonical\" href=\"https:\/\/lacabanasse.fr\/es\/urbanisme\/urbanisme-arretes-certificat\/\" \/>\n<meta property=\"og:locale\" content=\"es_ES\" \/>\n<meta property=\"og:type\" content=\"article\" \/>\n<meta property=\"og:title\" content=\"Certificat d&#039;urbanisme - Les arr\u00eat\u00e9s - Mairie La Cabanasse - Plan Local D&#039;Urbanisme\" \/>\n<meta property=\"og:description\" content=\"L\u2019urbanisme d\u00e9signe l&#039;ensemble des sciences, des techniques et des arts relatifs \u00e0 l&#039;organisation et \u00e0 l&#039;am\u00e9nagement des espaces urbains.\" \/>\n<meta property=\"og:url\" content=\"https:\/\/lacabanasse.fr\/es\/urbanisme\/urbanisme-arretes-certificat\/\" \/>\n<meta property=\"og:site_name\" content=\"Mairie La Cabanasse\" \/>\n<meta property=\"article:publisher\" content=\"https:\/\/www.facebook.com\/lacabanasse66210\/\" \/>\n<meta property=\"article:modified_time\" content=\"2025-03-24T09:17:33+00:00\" \/>\n<meta property=\"og:image\" content=\"https:\/\/lacabanasse.fr\/wp-content\/uploads\/2022\/12\/floor-plan-blueprint-house-1474454.jpg\" \/>\n\t<meta property=\"og:image:width\" content=\"1280\" \/>\n\t<meta property=\"og:image:height\" content=\"848\" \/>\n\t<meta property=\"og:image:type\" content=\"image\/jpeg\" \/>\n<meta name=\"twitter:card\" content=\"summary_large_image\" \/>\n<meta name=\"twitter:label1\" content=\"Est. reading time\" \/>\n\t<meta name=\"twitter:data1\" content=\"3 minutes\" \/>\n<script type=\"application\/ld+json\" class=\"yoast-schema-graph\">{\"@context\":\"https:\/\/schema.org\",\"@graph\":[{\"@type\":\"WebPage\",\"@id\":\"https:\/\/lacabanasse.fr\/urbanisme\/urbanisme-arretes-certificat\/\",\"url\":\"https:\/\/lacabanasse.fr\/urbanisme\/urbanisme-arretes-certificat\/\",\"name\":\"Certificat d'urbanisme - Les arr\u00eat\u00e9s - Mairie La Cabanasse - Plan Local D'Urbanisme\",\"isPartOf\":{\"@id\":\"https:\/\/lacabanasse.fr\/#website\"},\"primaryImageOfPage\":{\"@id\":\"https:\/\/lacabanasse.fr\/urbanisme\/urbanisme-arretes-certificat\/#primaryimage\"},\"image\":{\"@id\":\"https:\/\/lacabanasse.fr\/urbanisme\/urbanisme-arretes-certificat\/#primaryimage\"},\"thumbnailUrl\":\"https:\/\/lacabanasse.fr\/wp-content\/uploads\/2022\/12\/floor-plan-blueprint-house-1474454-1024x678.jpg\",\"datePublished\":\"2022-12-26T15:16:42+00:00\",\"dateModified\":\"2025-03-24T09:17:33+00:00\",\"description\":\"L\u2019urbanisme d\u00e9signe l'ensemble des sciences, des techniques et des arts relatifs \u00e0 l'organisation et \u00e0 l'am\u00e9nagement des espaces urbains.\",\"breadcrumb\":{\"@id\":\"https:\/\/lacabanasse.fr\/urbanisme\/urbanisme-arretes-certificat\/#breadcrumb\"},\"inLanguage\":\"es-ES\",\"potentialAction\":[{\"@type\":\"ReadAction\",\"target\":[\"https:\/\/lacabanasse.fr\/urbanisme\/urbanisme-arretes-certificat\/\"]}]},{\"@type\":\"ImageObject\",\"inLanguage\":\"es-ES\",\"@id\":\"https:\/\/lacabanasse.fr\/urbanisme\/urbanisme-arretes-certificat\/#primaryimage\",\"url\":\"https:\/\/lacabanasse.fr\/wp-content\/uploads\/2022\/12\/floor-plan-blueprint-house-1474454-1024x678.jpg\",\"contentUrl\":\"https:\/\/lacabanasse.fr\/wp-content\/uploads\/2022\/12\/floor-plan-blueprint-house-1474454-1024x678.jpg\"},{\"@type\":\"BreadcrumbList\",\"@id\":\"https:\/\/lacabanasse.fr\/urbanisme\/urbanisme-arretes-certificat\/#breadcrumb\",\"itemListElement\":[{\"@type\":\"ListItem\",\"position\":1,\"name\":\"Accueil\",\"item\":\"https:\/\/lacabanasse.fr\/\"},{\"@type\":\"ListItem\",\"position\":2,\"name\":\"Urbanisme\",\"item\":\"https:\/\/lacabanasse.fr\/urbanisme\/\"},{\"@type\":\"ListItem\",\"position\":3,\"name\":\"Certificat d&rsquo;urbanisme &#8211; Les arr\u00eat\u00e9s\"}]},{\"@type\":\"WebSite\",\"@id\":\"https:\/\/lacabanasse.fr\/#website\",\"url\":\"https:\/\/lacabanasse.fr\/\",\"name\":\"Mairie de la Cabanasse\",\"description\":\"Site officiel  de la Mairie de La Cabanasse dans les Pyr\u00e9n\u00e9es Orientales\",\"publisher\":{\"@id\":\"https:\/\/lacabanasse.fr\/#organization\"},\"potentialAction\":[{\"@type\":\"SearchAction\",\"target\":{\"@type\":\"EntryPoint\",\"urlTemplate\":\"https:\/\/lacabanasse.fr\/?s={search_term_string}\"},\"query-input\":{\"@type\":\"PropertyValueSpecification\",\"valueRequired\":true,\"valueName\":\"search_term_string\"}}],\"inLanguage\":\"es-ES\"},{\"@type\":\"Organization\",\"@id\":\"https:\/\/lacabanasse.fr\/#organization\",\"name\":\"Mairie de la Cabanasse\",\"url\":\"https:\/\/lacabanasse.fr\/\",\"logo\":{\"@type\":\"ImageObject\",\"inLanguage\":\"es-ES\",\"@id\":\"https:\/\/lacabanasse.fr\/#\/schema\/logo\/image\/\",\"url\":\"https:\/\/lacabanasse.fr\/wp-content\/uploads\/2021\/03\/cropped-favicon-la-cabanasse.jpg\",\"contentUrl\":\"https:\/\/lacabanasse.fr\/wp-content\/uploads\/2021\/03\/cropped-favicon-la-cabanasse.jpg\",\"width\":512,\"height\":512,\"caption\":\"Mairie de la Cabanasse\"},\"image\":{\"@id\":\"https:\/\/lacabanasse.fr\/#\/schema\/logo\/image\/\"},\"sameAs\":[\"https:\/\/www.facebook.com\/lacabanasse66210\/\"]}]}<\/script>\n<!-- \/ Yoast SEO plugin. -->","yoast_head_json":{"title":"Certificado urban\u00edstico - \u00d3rdenes - Ayuntamiento de La Cabanasse - Plan Local de Ordenaci\u00f3n Urbana","description":"La planificaci\u00f3n urbana se refiere a todas las ciencias, t\u00e9cnicas y artes relacionadas con la organizaci\u00f3n y desarrollo de los espacios urbanos.","robots":{"index":"index","follow":"follow","max-snippet":"max-snippet:-1","max-image-preview":"max-image-preview:large","max-video-preview":"max-video-preview:-1"},"canonical":"https:\/\/lacabanasse.fr\/es\/urbanisme\/urbanisme-arretes-certificat\/","og_locale":"es_ES","og_type":"article","og_title":"Certificat d'urbanisme - Les arr\u00eat\u00e9s - Mairie La Cabanasse - Plan Local D'Urbanisme","og_description":"L\u2019urbanisme d\u00e9signe l'ensemble des sciences, des techniques et des arts relatifs \u00e0 l'organisation et \u00e0 l'am\u00e9nagement des espaces urbains.","og_url":"https:\/\/lacabanasse.fr\/es\/urbanisme\/urbanisme-arretes-certificat\/","og_site_name":"Mairie La Cabanasse","article_publisher":"https:\/\/www.facebook.com\/lacabanasse66210\/","article_modified_time":"2025-03-24T09:17:33+00:00","og_image":[{"width":1280,"height":848,"url":"https:\/\/lacabanasse.fr\/wp-content\/uploads\/2022\/12\/floor-plan-blueprint-house-1474454.jpg","type":"image\/jpeg"}],"twitter_card":"summary_large_image","twitter_misc":{"Est. reading time":"3 minutes"},"schema":{"@context":"https:\/\/schema.org","@graph":[{"@type":"WebPage","@id":"https:\/\/lacabanasse.fr\/urbanisme\/urbanisme-arretes-certificat\/","url":"https:\/\/lacabanasse.fr\/urbanisme\/urbanisme-arretes-certificat\/","name":"Certificado urban\u00edstico - \u00d3rdenes - Ayuntamiento de La Cabanasse - Plan Local de Ordenaci\u00f3n Urbana","isPartOf":{"@id":"https:\/\/lacabanasse.fr\/#website"},"primaryImageOfPage":{"@id":"https:\/\/lacabanasse.fr\/urbanisme\/urbanisme-arretes-certificat\/#primaryimage"},"image":{"@id":"https:\/\/lacabanasse.fr\/urbanisme\/urbanisme-arretes-certificat\/#primaryimage"},"thumbnailUrl":"https:\/\/lacabanasse.fr\/wp-content\/uploads\/2022\/12\/floor-plan-blueprint-house-1474454-1024x678.jpg","datePublished":"2022-12-26T15:16:42+00:00","dateModified":"2025-03-24T09:17:33+00:00","description":"La planificaci\u00f3n urbana se refiere a todas las ciencias, t\u00e9cnicas y artes relacionadas con la organizaci\u00f3n y desarrollo de los espacios urbanos.","breadcrumb":{"@id":"https:\/\/lacabanasse.fr\/urbanisme\/urbanisme-arretes-certificat\/#breadcrumb"},"inLanguage":"es-ES","potentialAction":[{"@type":"ReadAction","target":["https:\/\/lacabanasse.fr\/urbanisme\/urbanisme-arretes-certificat\/"]}]},{"@type":"ImageObject","inLanguage":"es-ES","@id":"https:\/\/lacabanasse.fr\/urbanisme\/urbanisme-arretes-certificat\/#primaryimage","url":"https:\/\/lacabanasse.fr\/wp-content\/uploads\/2022\/12\/floor-plan-blueprint-house-1474454-1024x678.jpg","contentUrl":"https:\/\/lacabanasse.fr\/wp-content\/uploads\/2022\/12\/floor-plan-blueprint-house-1474454-1024x678.jpg"},{"@type":"BreadcrumbList","@id":"https:\/\/lacabanasse.fr\/urbanisme\/urbanisme-arretes-certificat\/#breadcrumb","itemListElement":[{"@type":"ListItem","position":1,"name":"Accueil","item":"https:\/\/lacabanasse.fr\/"},{"@type":"ListItem","position":2,"name":"Urbanisme","item":"https:\/\/lacabanasse.fr\/urbanisme\/"},{"@type":"ListItem","position":3,"name":"Certificat d&rsquo;urbanisme &#8211; Les arr\u00eat\u00e9s"}]},{"@type":"WebSite","@id":"https:\/\/lacabanasse.fr\/#website","url":"https:\/\/lacabanasse.fr\/","name":"Ayuntamiento de Cabanasse","description":"Sitio web oficial del Ayuntamiento de La Cabanasse en los Pirineos Orientales","publisher":{"@id":"https:\/\/lacabanasse.fr\/#organization"},"potentialAction":[{"@type":"SearchAction","target":{"@type":"EntryPoint","urlTemplate":"https:\/\/lacabanasse.fr\/?s={search_term_string}"},"query-input":{"@type":"PropertyValueSpecification","valueRequired":true,"valueName":"search_term_string"}}],"inLanguage":"es-ES"},{"@type":"Organization","@id":"https:\/\/lacabanasse.fr\/#organization","name":"Ayuntamiento de Cabanasse","url":"https:\/\/lacabanasse.fr\/","logo":{"@type":"ImageObject","inLanguage":"es-ES","@id":"https:\/\/lacabanasse.fr\/#\/schema\/logo\/image\/","url":"https:\/\/lacabanasse.fr\/wp-content\/uploads\/2021\/03\/cropped-favicon-la-cabanasse.jpg","contentUrl":"https:\/\/lacabanasse.fr\/wp-content\/uploads\/2021\/03\/cropped-favicon-la-cabanasse.jpg","width":512,"height":512,"caption":"Mairie de la Cabanasse"},"image":{"@id":"https:\/\/lacabanasse.fr\/#\/schema\/logo\/image\/"},"sameAs":["https:\/\/www.facebook.com\/lacabanasse66210\/"]}]}},"uagb_featured_image_src":{"full":false,"thumbnail":false,"medium":false,"medium_large":false,"large":false,"gs-tiny":false,"xl":false,"xxl":false,"xxxl":false,"xxxxl":false,"xxxxxl":false,"1536x1536":false,"2048x2048":false,"trp-custom-language-flag":false,"sow-carousel-default":false},"uagb_author_info":{"display_name":"900k","author_link":"https:\/\/lacabanasse.fr\/es\/author\/900k\/"},"uagb_comment_info":0,"uagb_excerpt":"Arr\u00eat\u00e9s Certificat d&rsquo;Urbanisme Le certificat d&rsquo;urbanisme est un document d&rsquo;information, ce n&rsquo;est pas une autorisation. Il en existe 2 types&nbsp;: le&nbsp;certificat d&rsquo;information&nbsp;et le&nbsp;certificat op\u00e9rationnel. Le 1er&nbsp;donne les r\u00e8gles d&rsquo;urbanisme sur un terrain donn\u00e9, le 2e vous renseigne sur la faisabilit\u00e9 d&rsquo;un projet. La demande de certificat est facultative, mais elle est recommand\u00e9e dans le cadre&hellip;","_links":{"self":[{"href":"https:\/\/lacabanasse.fr\/es\/wp-json\/wp\/v2\/pages\/4088","targetHints":{"allow":["GET"]}}],"collection":[{"href":"https:\/\/lacabanasse.fr\/es\/wp-json\/wp\/v2\/pages"}],"about":[{"href":"https:\/\/lacabanasse.fr\/es\/wp-json\/wp\/v2\/types\/page"}],"author":[{"embeddable":true,"href":"https:\/\/lacabanasse.fr\/es\/wp-json\/wp\/v2\/users\/1"}],"replies":[{"embeddable":true,"href":"https:\/\/lacabanasse.fr\/es\/wp-json\/wp\/v2\/comments?post=4088"}],"version-history":[{"count":23,"href":"https:\/\/lacabanasse.fr\/es\/wp-json\/wp\/v2\/pages\/4088\/revisions"}],"predecessor-version":[{"id":5059,"href":"https:\/\/lacabanasse.fr\/es\/wp-json\/wp\/v2\/pages\/4088\/revisions\/5059"}],"up":[{"embeddable":true,"href":"https:\/\/lacabanasse.fr\/es\/wp-json\/wp\/v2\/pages\/617"}],"wp:attachment":[{"href":"https:\/\/lacabanasse.fr\/es\/wp-json\/wp\/v2\/media?parent=4088"}],"curies":[{"name":"gracias","href":"https:\/\/api.w.org\/{rel}","templated":true}]}}