{"id":4165,"date":"2022-12-26T18:05:44","date_gmt":"2022-12-26T17:05:44","guid":{"rendered":"https:\/\/lacabanasse.fr\/?page_id=4165"},"modified":"2024-01-22T17:11:11","modified_gmt":"2024-01-22T16:11:11","slug":"les-arretes-declaration-prealable","status":"publish","type":"page","link":"https:\/\/lacabanasse.fr\/es\/urbanisme\/les-arretes-declaration-prealable\/","title":{"rendered":"Pedidos Declaraci\u00f3n previa"},"content":{"rendered":"<div class=\"wp-block-group black-cabanasse\"><div class=\"wp-block-group__inner-container is-layout-flow wp-block-group-is-layout-flow\">\n<div class=\"wp-block-uagb-container uagb-block-d5a1ce59 default uagb-is-root-container\">\n<div class=\"wp-block-uagb-container uagb-block-948796e2 alignfull uagb-is-root-container\"><div class=\"uagb-container-inner-blocks-wrap\">\n<div class=\"wp-block-group\"><div class=\"wp-block-group__inner-container is-layout-flow wp-block-group-is-layout-flow\">\n<div class=\"wp-block-columns is-layout-flex wp-container-core-columns-is-layout-9d6595d7 wp-block-columns-is-layout-flex\">\n<div class=\"wp-block-column is-layout-flow wp-block-column-is-layout-flow\" style=\"flex-basis:100%\">\n<p>Se requiere una declaraci\u00f3n previa de obras (DP) para obras que no est\u00e1n sujetas a un permiso de construcci\u00f3n. El DP puede ser obligatorio para la ampliaci\u00f3n de un edificio existente, para obras que modifiquen su apariencia exterior o para cambiar su destino (un granero que se convierte en un hotel, por ejemplo). Tambi\u00e9n es necesario para ciertas construcciones nuevas. La DP permite al ayuntamiento comprobar que cumples con las normas urban\u00edsticas vigentes.<\/p>\n\n\n\n<p>Aqu\u00ed encontrar\u00e1 todos los formularios necesarios para sus tr\u00e1mites administrativos relacionados con el urbanismo (haga clic en este enlace):<a href=\"https:\/\/www.service-public.fr\/particuliers\/vosdroits\/F17578\" target=\"_blank\" rel=\"noreferrer noopener sponsored nofollow\"> Servicio p\u00fablico - Urbanismo&nbsp;<\/a><\/p>\n\n\n\n<p>Para m\u00e1s informaci\u00f3n, no dude en contactar con el Departamento de Urbanismo al +33 (0) 4 68 04 23 74<\/p>\n<\/div>\n<\/div>\n<\/div><\/div>\n<\/div><\/div>\n<\/div>\n<\/div><\/div>\n\n\n\n<div class=\"wp-block-uagb-container uagb-block-1e59c69a alignfull uagb-is-root-container\"><div class=\"uagb-container-inner-blocks-wrap\">\n<div class=\"wp-block-uagb-container uagb-block-492505b4\">\n<figure class=\"wp-block-image size-large\"><img loading=\"lazy\" decoding=\"async\" width=\"1024\" height=\"678\" src=\"https:\/\/lacabanasse.fr\/wp-content\/uploads\/2022\/12\/floor-plan-blueprint-house-1474454-1024x678.jpg\" alt=\"floor plan, blueprint, house-1474454.jpg\" class=\"wp-image-4097\" srcset=\"https:\/\/lacabanasse.fr\/wp-content\/uploads\/2022\/12\/floor-plan-blueprint-house-1474454-1024x678.jpg 1024w, https:\/\/lacabanasse.fr\/wp-content\/uploads\/2022\/12\/floor-plan-blueprint-house-1474454-300x199.jpg 300w, https:\/\/lacabanasse.fr\/wp-content\/uploads\/2022\/12\/floor-plan-blueprint-house-1474454-768x509.jpg 768w, https:\/\/lacabanasse.fr\/wp-content\/uploads\/2022\/12\/floor-plan-blueprint-house-1474454-18x12.jpg 18w, https:\/\/lacabanasse.fr\/wp-content\/uploads\/2022\/12\/floor-plan-blueprint-house-1474454.jpg 1280w\" sizes=\"auto, (max-width: 1024px) 100vw, 1024px\" \/><\/figure>\n<\/div>\n\n\n\n<div class=\"wp-block-uagb-container uagb-block-afe9b374\">\n            <div class=\"widget shortcode-widget lsvr_document-list-widget lsvr_document-list-widget--shortcode\"><div class=\"widget__inner\"><h3 class=\"widget__title\">Orden DP<\/h3>\n<div class=\"widget__content\">\n\n\t\n\t\t<ul class=\"lsvr_document-list-widget__list\">\n\n    \t\t\n    \t\t\t<li class=\"lsvr_document-list-widget__item\">\n\n        \t\t\t<h4 class=\"lsvr_document-list-widget__item-title\">\n        \t\t\t\t<a href=\"https:\/\/lacabanasse.fr\/es\/documents\/dp0660272500026\/\" class=\"lsvr_document-list-widget__item-title-link\">\n        \t\t\t\t\tDP0660272500026        \t\t\t\t<\/a>\n        \t\t\t<\/h4>\n\n        \t\t\t\n        \t\t\t\t<div class=\"lsvr_document-list-widget__item-info\">\n\n\t\t\t\t\t\t\t\n\t\t\t\t\t\t\t\t<p class=\"lsvr_document-list-widget__item-date\">\n\t\t\t\t\t\t\t\t\t19 de marzo de 2026\t\t\t\t\t\t\t\t<\/p>\n\n\t\t\t\t\t\t\t\n\t\t\t\t\t\t\t\n\t\t\t\t\t\t\t\t<p class=\"lsvr_document-list-widget__item-count\">\n\t\t\t\t\t\t\t\t\t1 archivo adjunto\t\t\t\t\t\t\t\t<\/p>\n\n\t\t\t\t\t\t\t\n        \t\t\t\t<\/div>\n\n        \t\t\t\n    \t\t\t<\/li>\n\n    \t\t\n    \t\t\t<li class=\"lsvr_document-list-widget__item\">\n\n        \t\t\t<h4 class=\"lsvr_document-list-widget__item-title\">\n        \t\t\t\t<a href=\"https:\/\/lacabanasse.fr\/es\/documents\/dp-0660272500027\/\" class=\"lsvr_document-list-widget__item-title-link\">\n        \t\t\t\t\tDP 0660272500027        \t\t\t\t<\/a>\n        \t\t\t<\/h4>\n\n        \t\t\t\n        \t\t\t\t<div class=\"lsvr_document-list-widget__item-info\">\n\n\t\t\t\t\t\t\t\n\t\t\t\t\t\t\t\t<p class=\"lsvr_document-list-widget__item-date\">\n\t\t\t\t\t\t\t\t\t19 de marzo de 2026\t\t\t\t\t\t\t\t<\/p>\n\n\t\t\t\t\t\t\t\n\t\t\t\t\t\t\t\n\t\t\t\t\t\t\t\t<p class=\"lsvr_document-list-widget__item-count\">\n\t\t\t\t\t\t\t\t\t1 archivo adjunto\t\t\t\t\t\t\t\t<\/p>\n\n\t\t\t\t\t\t\t\n        \t\t\t\t<\/div>\n\n        \t\t\t\n    \t\t\t<\/li>\n\n    \t\t\n    \t\t\t<li class=\"lsvr_document-list-widget__item\">\n\n        \t\t\t<h4 class=\"lsvr_document-list-widget__item-title\">\n        \t\t\t\t<a href=\"https:\/\/lacabanasse.fr\/es\/documents\/dp-0660272600003\/\" class=\"lsvr_document-list-widget__item-title-link\">\n        \t\t\t\t\tDP 0660272600003        \t\t\t\t<\/a>\n        \t\t\t<\/h4>\n\n        \t\t\t\n        \t\t\t\t<div class=\"lsvr_document-list-widget__item-info\">\n\n\t\t\t\t\t\t\t\n\t\t\t\t\t\t\t\t<p class=\"lsvr_document-list-widget__item-date\">\n\t\t\t\t\t\t\t\t\t18 de febrero de 2026\t\t\t\t\t\t\t\t<\/p>\n\n\t\t\t\t\t\t\t\n\t\t\t\t\t\t\t\n\t\t\t\t\t\t\t\t<p class=\"lsvr_document-list-widget__item-count\">\n\t\t\t\t\t\t\t\t\t1 archivo adjunto\t\t\t\t\t\t\t\t<\/p>\n\n\t\t\t\t\t\t\t\n        \t\t\t\t<\/div>\n\n        \t\t\t\n    \t\t\t<\/li>\n\n    \t\t\n    \t\t\t<li class=\"lsvr_document-list-widget__item\">\n\n        \t\t\t<h4 class=\"lsvr_document-list-widget__item-title\">\n        \t\t\t\t<a href=\"https:\/\/lacabanasse.fr\/es\/documents\/dp-0660272500025\/\" class=\"lsvr_document-list-widget__item-title-link\">\n        \t\t\t\t\tDP 0660272500025        \t\t\t\t<\/a>\n        \t\t\t<\/h4>\n\n        \t\t\t\n        \t\t\t\t<div class=\"lsvr_document-list-widget__item-info\">\n\n\t\t\t\t\t\t\t\n\t\t\t\t\t\t\t\t<p class=\"lsvr_document-list-widget__item-date\">\n\t\t\t\t\t\t\t\t\t22 de diciembre de 2025\t\t\t\t\t\t\t\t<\/p>\n\n\t\t\t\t\t\t\t\n\t\t\t\t\t\t\t\n\t\t\t\t\t\t\t\t<p class=\"lsvr_document-list-widget__item-count\">\n\t\t\t\t\t\t\t\t\t1 archivo adjunto\t\t\t\t\t\t\t\t<\/p>\n\n\t\t\t\t\t\t\t\n        \t\t\t\t<\/div>\n\n        \t\t\t\n    \t\t\t<\/li>\n\n    \t\t\n\t\t<\/ul>\n\n\t\t\n\t\t\t<p class=\"widget__more\">\n\n\t\t\t\t\n\t\t\t\t\t<a href=\"https:\/\/lacabanasse.fr\/es\/document-categorie\/arretes-dp\/\" class=\"widget__more-link\">M\u00e1s documentos<\/a>\n\n\t\t\t\t\n\t\t\t<\/p>\n\n\t\t\n\t\n<\/div>\n\n<\/div><\/div>\n            <\/div>\n<\/div><\/div>","protected":false},"excerpt":{"rendered":"<p>Se requiere una declaraci\u00f3n previa de obras (DP) para obras que no est\u00e1n sujetas a un permiso de construcci\u00f3n. El DP puede ser obligatorio para la ampliaci\u00f3n de un edificio existente, para obras que modifiquen su apariencia exterior o para cambiar su destino (un granero que se convierte en un hotel, por ejemplo). Tambi\u00e9n es necesario para [\u2026]<\/p>","protected":false},"author":1,"featured_media":0,"parent":617,"menu_order":-3,"comment_status":"closed","ping_status":"closed","template":"page-templates\/not-boxed.php","meta":{"_eb_attr":"","_uag_custom_page_level_css":"","_monsterinsights_skip_tracking":false,"_monsterinsights_sitenote_active":false,"_monsterinsights_sitenote_note":"","_monsterinsights_sitenote_category":0,"footnotes":""},"class_list":["post-4165","page","type-page","status-publish","hentry"],"yoast_head":"<!-- This site is optimized with the Yoast SEO plugin v26.2 - https:\/\/yoast.com\/wordpress\/plugins\/seo\/ -->\n<title>Les arr\u00eat\u00e9s D\u00e9claration pr\u00e9alable - Mairie La Cabanasse - Plan Local D&#039;Urbanisme<\/title>\n<meta name=\"description\" content=\"L\u2019urbanisme d\u00e9signe l&#039;ensemble des sciences, des techniques et des arts relatifs \u00e0 l&#039;organisation et \u00e0 l&#039;am\u00e9nagement des espaces urbains.\" \/>\n<meta name=\"robots\" content=\"index, follow, max-snippet:-1, max-image-preview:large, max-video-preview:-1\" \/>\n<link rel=\"canonical\" href=\"https:\/\/lacabanasse.fr\/es\/urbanisme\/les-arretes-declaration-prealable\/\" \/>\n<meta property=\"og:locale\" content=\"es_ES\" \/>\n<meta property=\"og:type\" content=\"article\" \/>\n<meta property=\"og:title\" content=\"Les arr\u00eat\u00e9s D\u00e9claration pr\u00e9alable - Mairie La Cabanasse - Plan Local D&#039;Urbanisme\" \/>\n<meta property=\"og:description\" content=\"L\u2019urbanisme d\u00e9signe l&#039;ensemble des sciences, des techniques et des arts relatifs \u00e0 l&#039;organisation et \u00e0 l&#039;am\u00e9nagement des espaces urbains.\" \/>\n<meta property=\"og:url\" content=\"https:\/\/lacabanasse.fr\/es\/urbanisme\/les-arretes-declaration-prealable\/\" \/>\n<meta property=\"og:site_name\" content=\"Mairie La Cabanasse\" \/>\n<meta property=\"article:publisher\" content=\"https:\/\/www.facebook.com\/lacabanasse66210\/\" \/>\n<meta property=\"article:modified_time\" content=\"2024-01-22T16:11:11+00:00\" \/>\n<meta property=\"og:image\" content=\"https:\/\/lacabanasse.fr\/wp-content\/uploads\/2022\/12\/floor-plan-blueprint-house-1474454-1024x678.jpg\" \/>\n<meta name=\"twitter:card\" content=\"summary_large_image\" \/>\n<meta name=\"twitter:label1\" content=\"Est. reading time\" \/>\n\t<meta name=\"twitter:data1\" content=\"3 minutes\" \/>\n<script type=\"application\/ld+json\" class=\"yoast-schema-graph\">{\"@context\":\"https:\/\/schema.org\",\"@graph\":[{\"@type\":\"WebPage\",\"@id\":\"https:\/\/lacabanasse.fr\/urbanisme\/les-arretes-declaration-prealable\/\",\"url\":\"https:\/\/lacabanasse.fr\/urbanisme\/les-arretes-declaration-prealable\/\",\"name\":\"Les arr\u00eat\u00e9s D\u00e9claration pr\u00e9alable - Mairie La Cabanasse - Plan Local D'Urbanisme\",\"isPartOf\":{\"@id\":\"https:\/\/lacabanasse.fr\/#website\"},\"primaryImageOfPage\":{\"@id\":\"https:\/\/lacabanasse.fr\/urbanisme\/les-arretes-declaration-prealable\/#primaryimage\"},\"image\":{\"@id\":\"https:\/\/lacabanasse.fr\/urbanisme\/les-arretes-declaration-prealable\/#primaryimage\"},\"thumbnailUrl\":\"https:\/\/lacabanasse.fr\/wp-content\/uploads\/2022\/12\/floor-plan-blueprint-house-1474454-1024x678.jpg\",\"datePublished\":\"2022-12-26T17:05:44+00:00\",\"dateModified\":\"2024-01-22T16:11:11+00:00\",\"description\":\"L\u2019urbanisme d\u00e9signe l'ensemble des sciences, des techniques et des arts relatifs \u00e0 l'organisation et \u00e0 l'am\u00e9nagement des espaces urbains.\",\"breadcrumb\":{\"@id\":\"https:\/\/lacabanasse.fr\/urbanisme\/les-arretes-declaration-prealable\/#breadcrumb\"},\"inLanguage\":\"es-ES\",\"potentialAction\":[{\"@type\":\"ReadAction\",\"target\":[\"https:\/\/lacabanasse.fr\/urbanisme\/les-arretes-declaration-prealable\/\"]}]},{\"@type\":\"ImageObject\",\"inLanguage\":\"es-ES\",\"@id\":\"https:\/\/lacabanasse.fr\/urbanisme\/les-arretes-declaration-prealable\/#primaryimage\",\"url\":\"https:\/\/lacabanasse.fr\/wp-content\/uploads\/2022\/12\/floor-plan-blueprint-house-1474454-1024x678.jpg\",\"contentUrl\":\"https:\/\/lacabanasse.fr\/wp-content\/uploads\/2022\/12\/floor-plan-blueprint-house-1474454-1024x678.jpg\"},{\"@type\":\"BreadcrumbList\",\"@id\":\"https:\/\/lacabanasse.fr\/urbanisme\/les-arretes-declaration-prealable\/#breadcrumb\",\"itemListElement\":[{\"@type\":\"ListItem\",\"position\":1,\"name\":\"Accueil\",\"item\":\"https:\/\/lacabanasse.fr\/\"},{\"@type\":\"ListItem\",\"position\":2,\"name\":\"Urbanisme\",\"item\":\"https:\/\/lacabanasse.fr\/urbanisme\/\"},{\"@type\":\"ListItem\",\"position\":3,\"name\":\"Les arr\u00eat\u00e9s D\u00e9claration pr\u00e9alable\"}]},{\"@type\":\"WebSite\",\"@id\":\"https:\/\/lacabanasse.fr\/#website\",\"url\":\"https:\/\/lacabanasse.fr\/\",\"name\":\"Mairie de la Cabanasse\",\"description\":\"Site officiel  de la Mairie de La Cabanasse dans les Pyr\u00e9n\u00e9es Orientales\",\"publisher\":{\"@id\":\"https:\/\/lacabanasse.fr\/#organization\"},\"potentialAction\":[{\"@type\":\"SearchAction\",\"target\":{\"@type\":\"EntryPoint\",\"urlTemplate\":\"https:\/\/lacabanasse.fr\/?s={search_term_string}\"},\"query-input\":{\"@type\":\"PropertyValueSpecification\",\"valueRequired\":true,\"valueName\":\"search_term_string\"}}],\"inLanguage\":\"es-ES\"},{\"@type\":\"Organization\",\"@id\":\"https:\/\/lacabanasse.fr\/#organization\",\"name\":\"Mairie de la Cabanasse\",\"url\":\"https:\/\/lacabanasse.fr\/\",\"logo\":{\"@type\":\"ImageObject\",\"inLanguage\":\"es-ES\",\"@id\":\"https:\/\/lacabanasse.fr\/#\/schema\/logo\/image\/\",\"url\":\"https:\/\/lacabanasse.fr\/wp-content\/uploads\/2021\/03\/cropped-favicon-la-cabanasse.jpg\",\"contentUrl\":\"https:\/\/lacabanasse.fr\/wp-content\/uploads\/2021\/03\/cropped-favicon-la-cabanasse.jpg\",\"width\":512,\"height\":512,\"caption\":\"Mairie de la Cabanasse\"},\"image\":{\"@id\":\"https:\/\/lacabanasse.fr\/#\/schema\/logo\/image\/\"},\"sameAs\":[\"https:\/\/www.facebook.com\/lacabanasse66210\/\"]}]}<\/script>\n<!-- \/ Yoast SEO plugin. -->","yoast_head_json":{"title":"Los decretos Declaraci\u00f3n previa - Ayuntamiento de La Cabanasse - Plan Local de Ordenaci\u00f3n Urbana","description":"La planificaci\u00f3n urbana se refiere a todas las ciencias, t\u00e9cnicas y artes relacionadas con la organizaci\u00f3n y desarrollo de los espacios urbanos.","robots":{"index":"index","follow":"follow","max-snippet":"max-snippet:-1","max-image-preview":"max-image-preview:large","max-video-preview":"max-video-preview:-1"},"canonical":"https:\/\/lacabanasse.fr\/es\/urbanisme\/les-arretes-declaration-prealable\/","og_locale":"es_ES","og_type":"article","og_title":"Les arr\u00eat\u00e9s D\u00e9claration pr\u00e9alable - Mairie La Cabanasse - Plan Local D'Urbanisme","og_description":"L\u2019urbanisme d\u00e9signe l'ensemble des sciences, des techniques et des arts relatifs \u00e0 l'organisation et \u00e0 l'am\u00e9nagement des espaces urbains.","og_url":"https:\/\/lacabanasse.fr\/es\/urbanisme\/les-arretes-declaration-prealable\/","og_site_name":"Mairie La Cabanasse","article_publisher":"https:\/\/www.facebook.com\/lacabanasse66210\/","article_modified_time":"2024-01-22T16:11:11+00:00","og_image":[{"url":"https:\/\/lacabanasse.fr\/wp-content\/uploads\/2022\/12\/floor-plan-blueprint-house-1474454-1024x678.jpg","type":"","width":"","height":""}],"twitter_card":"summary_large_image","twitter_misc":{"Est. reading time":"3 minutes"},"schema":{"@context":"https:\/\/schema.org","@graph":[{"@type":"WebPage","@id":"https:\/\/lacabanasse.fr\/urbanisme\/les-arretes-declaration-prealable\/","url":"https:\/\/lacabanasse.fr\/urbanisme\/les-arretes-declaration-prealable\/","name":"Los decretos Declaraci\u00f3n previa - Ayuntamiento de La Cabanasse - Plan Local de Ordenaci\u00f3n Urbana","isPartOf":{"@id":"https:\/\/lacabanasse.fr\/#website"},"primaryImageOfPage":{"@id":"https:\/\/lacabanasse.fr\/urbanisme\/les-arretes-declaration-prealable\/#primaryimage"},"image":{"@id":"https:\/\/lacabanasse.fr\/urbanisme\/les-arretes-declaration-prealable\/#primaryimage"},"thumbnailUrl":"https:\/\/lacabanasse.fr\/wp-content\/uploads\/2022\/12\/floor-plan-blueprint-house-1474454-1024x678.jpg","datePublished":"2022-12-26T17:05:44+00:00","dateModified":"2024-01-22T16:11:11+00:00","description":"La planificaci\u00f3n urbana se refiere a todas las ciencias, t\u00e9cnicas y artes relacionadas con la organizaci\u00f3n y desarrollo de los espacios urbanos.","breadcrumb":{"@id":"https:\/\/lacabanasse.fr\/urbanisme\/les-arretes-declaration-prealable\/#breadcrumb"},"inLanguage":"es-ES","potentialAction":[{"@type":"ReadAction","target":["https:\/\/lacabanasse.fr\/urbanisme\/les-arretes-declaration-prealable\/"]}]},{"@type":"ImageObject","inLanguage":"es-ES","@id":"https:\/\/lacabanasse.fr\/urbanisme\/les-arretes-declaration-prealable\/#primaryimage","url":"https:\/\/lacabanasse.fr\/wp-content\/uploads\/2022\/12\/floor-plan-blueprint-house-1474454-1024x678.jpg","contentUrl":"https:\/\/lacabanasse.fr\/wp-content\/uploads\/2022\/12\/floor-plan-blueprint-house-1474454-1024x678.jpg"},{"@type":"BreadcrumbList","@id":"https:\/\/lacabanasse.fr\/urbanisme\/les-arretes-declaration-prealable\/#breadcrumb","itemListElement":[{"@type":"ListItem","position":1,"name":"Accueil","item":"https:\/\/lacabanasse.fr\/"},{"@type":"ListItem","position":2,"name":"Urbanisme","item":"https:\/\/lacabanasse.fr\/urbanisme\/"},{"@type":"ListItem","position":3,"name":"Les arr\u00eat\u00e9s D\u00e9claration pr\u00e9alable"}]},{"@type":"WebSite","@id":"https:\/\/lacabanasse.fr\/#website","url":"https:\/\/lacabanasse.fr\/","name":"Ayuntamiento de Cabanasse","description":"Sitio web oficial del Ayuntamiento de La Cabanasse en los Pirineos Orientales","publisher":{"@id":"https:\/\/lacabanasse.fr\/#organization"},"potentialAction":[{"@type":"SearchAction","target":{"@type":"EntryPoint","urlTemplate":"https:\/\/lacabanasse.fr\/?s={search_term_string}"},"query-input":{"@type":"PropertyValueSpecification","valueRequired":true,"valueName":"search_term_string"}}],"inLanguage":"es-ES"},{"@type":"Organization","@id":"https:\/\/lacabanasse.fr\/#organization","name":"Ayuntamiento de Cabanasse","url":"https:\/\/lacabanasse.fr\/","logo":{"@type":"ImageObject","inLanguage":"es-ES","@id":"https:\/\/lacabanasse.fr\/#\/schema\/logo\/image\/","url":"https:\/\/lacabanasse.fr\/wp-content\/uploads\/2021\/03\/cropped-favicon-la-cabanasse.jpg","contentUrl":"https:\/\/lacabanasse.fr\/wp-content\/uploads\/2021\/03\/cropped-favicon-la-cabanasse.jpg","width":512,"height":512,"caption":"Mairie de la Cabanasse"},"image":{"@id":"https:\/\/lacabanasse.fr\/#\/schema\/logo\/image\/"},"sameAs":["https:\/\/www.facebook.com\/lacabanasse66210\/"]}]}},"uagb_featured_image_src":{"full":false,"thumbnail":false,"medium":false,"medium_large":false,"large":false,"gs-tiny":false,"xl":false,"xxl":false,"xxxl":false,"xxxxl":false,"xxxxxl":false,"1536x1536":false,"2048x2048":false,"trp-custom-language-flag":false,"sow-carousel-default":false},"uagb_author_info":{"display_name":"900k","author_link":"https:\/\/lacabanasse.fr\/es\/author\/900k\/"},"uagb_comment_info":0,"uagb_excerpt":"Une d\u00e9claration pr\u00e9alable de travaux (DP) est exig\u00e9e pour des travaux qui ne sont pas soumis \u00e0 un permis de construire. La DP peut \u00eatre obligatoire pour l&rsquo;agrandissement d&rsquo;un b\u00e2timent existant, pour des travaux modifiant son aspect ext\u00e9rieur ou pour changer sa destination (une grange devenant un h\u00f4tel par exemple). Elle est \u00e9galement n\u00e9cessaire pour&hellip;","_links":{"self":[{"href":"https:\/\/lacabanasse.fr\/es\/wp-json\/wp\/v2\/pages\/4165","targetHints":{"allow":["GET"]}}],"collection":[{"href":"https:\/\/lacabanasse.fr\/es\/wp-json\/wp\/v2\/pages"}],"about":[{"href":"https:\/\/lacabanasse.fr\/es\/wp-json\/wp\/v2\/types\/page"}],"author":[{"embeddable":true,"href":"https:\/\/lacabanasse.fr\/es\/wp-json\/wp\/v2\/users\/1"}],"replies":[{"embeddable":true,"href":"https:\/\/lacabanasse.fr\/es\/wp-json\/wp\/v2\/comments?post=4165"}],"version-history":[{"count":8,"href":"https:\/\/lacabanasse.fr\/es\/wp-json\/wp\/v2\/pages\/4165\/revisions"}],"predecessor-version":[{"id":4556,"href":"https:\/\/lacabanasse.fr\/es\/wp-json\/wp\/v2\/pages\/4165\/revisions\/4556"}],"up":[{"embeddable":true,"href":"https:\/\/lacabanasse.fr\/es\/wp-json\/wp\/v2\/pages\/617"}],"wp:attachment":[{"href":"https:\/\/lacabanasse.fr\/es\/wp-json\/wp\/v2\/media?parent=4165"}],"curies":[{"name":"gracias","href":"https:\/\/api.w.org\/{rel}","templated":true}]}}