{"id":551,"date":"2021-02-11T12:04:31","date_gmt":"2021-02-11T11:04:31","guid":{"rendered":"https:\/\/cabanasse.900k.fr\/?page_id=551"},"modified":"2021-05-19T17:39:12","modified_gmt":"2021-05-19T15:39:12","slug":"vivre-a-la-cabanasse","status":"publish","type":"page","link":"https:\/\/lacabanasse.fr\/es\/vivre-a-la-cabanasse\/","title":{"rendered":"Viviendo en La Cabanasse"},"content":{"rendered":"<div class=\"wp-block-group black-cabanasse\"><div class=\"wp-block-group__inner-container is-layout-flow wp-block-group-is-layout-flow\">\n<h2 class=\"has-text-align-center wp-block-heading\"><span class=\"has-inline-color has-luminous-vivid-orange-color\">Comerciantes, Empresas, Asociaciones ... <\/span><\/h2>\n\n\n\n<h2 class=\"has-text-align-center wp-block-heading\"><span class=\"has-inline-color has-luminous-vivid-orange-color\">PARA APARECER EN NUESTRO SITIO<\/span><\/h2>\n\n\n\n<div class=\"wp-block-uagb-marketing-button uagb-marketing-btn__outer-wrap uagb-marketing-btn__align-center uagb-marketing-btn__align-text-center uagb-marketing-btn__icon-after uagb-block-1fc84147\"><div class=\"uagb-marketing-btn__wrap\"><a href=\"https:\/\/lacabanasse.fr\/wp-content\/uploads\/2021\/04\/Questionnaire-commercantsartisansentreprisesassoc.pdf\" class=\"uagb-marketing-btn__link\" target=\"_blank\" rel=\"noopener noreferrer\"><div class=\"uagb-marketing-btn__title-wrap\"><div class=\"uagb-marketing-btn__icon-wrap\"><svg xmlns=\"http:\/\/www.w3.org\/2000\/svg\" viewbox=\"0 0 320 512\"><path d=\"M313.553 392.331L209.587 504.334c-9.485 10.214-25.676 10.229-35.174 0L70.438 392.331C56.232 377.031 67.062 352 88.025 352H152V80H68.024a11.996 11.996 0 0 1-8.485-3.515l-56-56C-4.021 12.926 1.333 0 12.024 0H208c13.255 0 24 10.745 24 24v328h63.966c20.878 0 31.851 24.969 17.587 40.331z\"><\/path><\/svg><\/div><h6 class=\"uagb-marketing-btn__title\">Rellene el formulario<\/h6><\/div><div class=\"uagb-marketing-btn__prefix-wrap\"><p class=\"uagb-marketing-btn__prefix\">Cuestionario-Vendedores-Artesanos-Empresas-Asociaciones<\/p><\/div><\/a><\/div><\/div>\n<\/div><\/div>\n\n\n\n<div class=\"wp-block-group black-cabanasse\"><div class=\"wp-block-group__inner-container is-layout-flow wp-block-group-is-layout-flow\">\n<p>Queridos Cabanassiens,<br><br>El municipio espera que este nuevo sitio cumpla con sus expectativas y que la informaci\u00f3n necesaria para su vida diaria, por un lado, y sobre las acciones que lleva a cabo su municipio, por otro, sea notificada con claridad.<br>Queremos que esta p\u00e1gina, \u201cVivir en Cabanasse\u201d sea tuya\u2026 .. \u00bfUn dibujo, una an\u00e9cdota, una historia, una foto, un poema, un estado de \u00e1nimo?\u2026<br>\u00a1Que importa! siempre que indique su conexi\u00f3n con nuestro pueblo.<br><br><a href=\"mailto:mairie@lacabanasse.fr\" target=\"_blank\" rel=\"noreferrer noopener\">Comp\u00e1rtelos<\/a> y los publicaremos, con su consentimiento, en esta p\u00e1gina.<\/p>\n\n\n\n<div class=\"wp-block-image\"><figure class=\"aligncenter size-large\"><img loading=\"lazy\" decoding=\"async\" width=\"1024\" height=\"576\" src=\"https:\/\/lacabanasse.fr\/wp-content\/uploads\/2021\/05\/La-Cabanasse-1024x576.jpg\" alt=\"\" class=\"wp-image-3330\" srcset=\"https:\/\/lacabanasse.fr\/wp-content\/uploads\/2021\/05\/La-Cabanasse-1024x576.jpg 1024w, https:\/\/lacabanasse.fr\/wp-content\/uploads\/2021\/05\/La-Cabanasse-300x169.jpg 300w, https:\/\/lacabanasse.fr\/wp-content\/uploads\/2021\/05\/La-Cabanasse-768x432.jpg 768w, https:\/\/lacabanasse.fr\/wp-content\/uploads\/2021\/05\/La-Cabanasse-1600x900.jpg 1600w, https:\/\/lacabanasse.fr\/wp-content\/uploads\/2021\/05\/La-Cabanasse-1536x864.jpg 1536w, https:\/\/lacabanasse.fr\/wp-content\/uploads\/2021\/05\/La-Cabanasse-2048x1152.jpg 2048w, https:\/\/lacabanasse.fr\/wp-content\/uploads\/2021\/05\/La-Cabanasse-16x9.jpg 16w\" sizes=\"auto, (max-width: 1024px) 100vw, 1024px\" \/><\/figure><\/div>\n\n\n\n<p><\/p>\n<\/div><\/div>","protected":false},"excerpt":{"rendered":"<p>Comerciantes, Empresas, Asociaciones\u2026 PARA APARECER EN NUESTRO SITIO Estimado Cabanassiens, El municipio espera que este nuevo sitio se corresponda con sus expectativas y que la informaci\u00f3n necesaria para su vida diaria, por un lado, y sobre las acciones llevadas a cabo por su municipio, por el Por otro lado, se les notifica claramente. Nos gustar\u00eda que esta p\u00e1gina, \u201cVivre \u00e0 la Cabanasse\u201d sea suya\u2026 .. [\u2026]<\/p>","protected":false},"author":1,"featured_media":0,"parent":0,"menu_order":0,"comment_status":"closed","ping_status":"closed","template":"page-templates\/not-boxed.php","meta":{"_eb_attr":"","_uag_custom_page_level_css":"","_monsterinsights_skip_tracking":false,"_monsterinsights_sitenote_active":false,"_monsterinsights_sitenote_note":"","_monsterinsights_sitenote_category":0,"footnotes":""},"class_list":["post-551","page","type-page","status-publish","hentry"],"yoast_head":"<!-- This site is optimized with the Yoast SEO plugin v26.2 - https:\/\/yoast.com\/wordpress\/plugins\/seo\/ -->\n<title>Vivre \u00e0 la Cabanasse - Mairie La Cabanasse - Vivre \u00e0 la Cabanasse<\/title>\n<meta name=\"description\" content=\"Nous esp\u00e9rons que ce site correspond \u00e0 vos attentes et que vous y trouverez les informations n\u00e9cessaires \u00e0 votre quotidien.\" \/>\n<meta name=\"robots\" content=\"index, follow, max-snippet:-1, max-image-preview:large, max-video-preview:-1\" \/>\n<link rel=\"canonical\" href=\"https:\/\/lacabanasse.fr\/es\/vivre-a-la-cabanasse\/\" \/>\n<meta property=\"og:locale\" content=\"es_ES\" \/>\n<meta property=\"og:type\" content=\"article\" \/>\n<meta property=\"og:title\" content=\"Vivre \u00e0 la Cabanasse - Mairie La Cabanasse - Vivre \u00e0 la Cabanasse\" \/>\n<meta property=\"og:description\" content=\"Nous esp\u00e9rons que ce site correspond \u00e0 vos attentes et que vous y trouverez les informations n\u00e9cessaires \u00e0 votre quotidien.\" \/>\n<meta property=\"og:url\" content=\"https:\/\/lacabanasse.fr\/es\/vivre-a-la-cabanasse\/\" \/>\n<meta property=\"og:site_name\" content=\"Mairie La Cabanasse\" \/>\n<meta property=\"article:publisher\" content=\"https:\/\/www.facebook.com\/lacabanasse66210\/\" \/>\n<meta property=\"article:modified_time\" content=\"2021-05-19T15:39:12+00:00\" \/>\n<meta property=\"og:image\" content=\"https:\/\/lacabanasse.fr\/wp-content\/uploads\/2021\/05\/La-Cabanasse-1024x576.jpg\" \/>\n<meta name=\"twitter:card\" content=\"summary_large_image\" \/>\n<meta name=\"twitter:label1\" content=\"Est. reading time\" \/>\n\t<meta name=\"twitter:data1\" content=\"1 minute\" \/>\n<script type=\"application\/ld+json\" class=\"yoast-schema-graph\">{\"@context\":\"https:\/\/schema.org\",\"@graph\":[{\"@type\":\"WebPage\",\"@id\":\"https:\/\/lacabanasse.fr\/vivre-a-la-cabanasse\/\",\"url\":\"https:\/\/lacabanasse.fr\/vivre-a-la-cabanasse\/\",\"name\":\"Vivre \u00e0 la Cabanasse - Mairie La Cabanasse - Vivre \u00e0 la Cabanasse\",\"isPartOf\":{\"@id\":\"https:\/\/lacabanasse.fr\/#website\"},\"primaryImageOfPage\":{\"@id\":\"https:\/\/lacabanasse.fr\/vivre-a-la-cabanasse\/#primaryimage\"},\"image\":{\"@id\":\"https:\/\/lacabanasse.fr\/vivre-a-la-cabanasse\/#primaryimage\"},\"thumbnailUrl\":\"https:\/\/lacabanasse.fr\/wp-content\/uploads\/2021\/05\/La-Cabanasse-1024x576.jpg\",\"datePublished\":\"2021-02-11T11:04:31+00:00\",\"dateModified\":\"2021-05-19T15:39:12+00:00\",\"description\":\"Nous esp\u00e9rons que ce site correspond \u00e0 vos attentes et que vous y trouverez les informations n\u00e9cessaires \u00e0 votre quotidien.\",\"breadcrumb\":{\"@id\":\"https:\/\/lacabanasse.fr\/vivre-a-la-cabanasse\/#breadcrumb\"},\"inLanguage\":\"es-ES\",\"potentialAction\":[{\"@type\":\"ReadAction\",\"target\":[\"https:\/\/lacabanasse.fr\/vivre-a-la-cabanasse\/\"]}]},{\"@type\":\"ImageObject\",\"inLanguage\":\"es-ES\",\"@id\":\"https:\/\/lacabanasse.fr\/vivre-a-la-cabanasse\/#primaryimage\",\"url\":\"https:\/\/lacabanasse.fr\/wp-content\/uploads\/2021\/05\/La-Cabanasse-1024x576.jpg\",\"contentUrl\":\"https:\/\/lacabanasse.fr\/wp-content\/uploads\/2021\/05\/La-Cabanasse-1024x576.jpg\"},{\"@type\":\"BreadcrumbList\",\"@id\":\"https:\/\/lacabanasse.fr\/vivre-a-la-cabanasse\/#breadcrumb\",\"itemListElement\":[{\"@type\":\"ListItem\",\"position\":1,\"name\":\"Accueil\",\"item\":\"https:\/\/lacabanasse.fr\/\"},{\"@type\":\"ListItem\",\"position\":2,\"name\":\"Vivre \u00e0 la Cabanasse\"}]},{\"@type\":\"WebSite\",\"@id\":\"https:\/\/lacabanasse.fr\/#website\",\"url\":\"https:\/\/lacabanasse.fr\/\",\"name\":\"Mairie de la Cabanasse\",\"description\":\"Site officiel  de la Mairie de La Cabanasse dans les Pyr\u00e9n\u00e9es Orientales\",\"publisher\":{\"@id\":\"https:\/\/lacabanasse.fr\/#organization\"},\"potentialAction\":[{\"@type\":\"SearchAction\",\"target\":{\"@type\":\"EntryPoint\",\"urlTemplate\":\"https:\/\/lacabanasse.fr\/?s={search_term_string}\"},\"query-input\":{\"@type\":\"PropertyValueSpecification\",\"valueRequired\":true,\"valueName\":\"search_term_string\"}}],\"inLanguage\":\"es-ES\"},{\"@type\":\"Organization\",\"@id\":\"https:\/\/lacabanasse.fr\/#organization\",\"name\":\"Mairie de la Cabanasse\",\"url\":\"https:\/\/lacabanasse.fr\/\",\"logo\":{\"@type\":\"ImageObject\",\"inLanguage\":\"es-ES\",\"@id\":\"https:\/\/lacabanasse.fr\/#\/schema\/logo\/image\/\",\"url\":\"https:\/\/lacabanasse.fr\/wp-content\/uploads\/2021\/03\/cropped-favicon-la-cabanasse.jpg\",\"contentUrl\":\"https:\/\/lacabanasse.fr\/wp-content\/uploads\/2021\/03\/cropped-favicon-la-cabanasse.jpg\",\"width\":512,\"height\":512,\"caption\":\"Mairie de la Cabanasse\"},\"image\":{\"@id\":\"https:\/\/lacabanasse.fr\/#\/schema\/logo\/image\/\"},\"sameAs\":[\"https:\/\/www.facebook.com\/lacabanasse66210\/\"]}]}<\/script>\n<!-- \/ Yoast SEO plugin. -->","yoast_head_json":{"title":"Vivir en La Cabanasse - Ayuntamiento de La Cabanasse - Vivir en La Cabanasse","description":"Esperamos que este sitio cumpla con sus expectativas y que encuentre la informaci\u00f3n que necesita para su vida diaria.","robots":{"index":"index","follow":"follow","max-snippet":"max-snippet:-1","max-image-preview":"max-image-preview:large","max-video-preview":"max-video-preview:-1"},"canonical":"https:\/\/lacabanasse.fr\/es\/vivre-a-la-cabanasse\/","og_locale":"es_ES","og_type":"article","og_title":"Vivre \u00e0 la Cabanasse - Mairie La Cabanasse - Vivre \u00e0 la Cabanasse","og_description":"Nous esp\u00e9rons que ce site correspond \u00e0 vos attentes et que vous y trouverez les informations n\u00e9cessaires \u00e0 votre quotidien.","og_url":"https:\/\/lacabanasse.fr\/es\/vivre-a-la-cabanasse\/","og_site_name":"Mairie La Cabanasse","article_publisher":"https:\/\/www.facebook.com\/lacabanasse66210\/","article_modified_time":"2021-05-19T15:39:12+00:00","og_image":[{"url":"https:\/\/lacabanasse.fr\/wp-content\/uploads\/2021\/05\/La-Cabanasse-1024x576.jpg","type":"","width":"","height":""}],"twitter_card":"summary_large_image","twitter_misc":{"Est. reading time":"1 minute"},"schema":{"@context":"https:\/\/schema.org","@graph":[{"@type":"WebPage","@id":"https:\/\/lacabanasse.fr\/vivre-a-la-cabanasse\/","url":"https:\/\/lacabanasse.fr\/vivre-a-la-cabanasse\/","name":"Vivir en La Cabanasse - Ayuntamiento de La Cabanasse - Vivir en La Cabanasse","isPartOf":{"@id":"https:\/\/lacabanasse.fr\/#website"},"primaryImageOfPage":{"@id":"https:\/\/lacabanasse.fr\/vivre-a-la-cabanasse\/#primaryimage"},"image":{"@id":"https:\/\/lacabanasse.fr\/vivre-a-la-cabanasse\/#primaryimage"},"thumbnailUrl":"https:\/\/lacabanasse.fr\/wp-content\/uploads\/2021\/05\/La-Cabanasse-1024x576.jpg","datePublished":"2021-02-11T11:04:31+00:00","dateModified":"2021-05-19T15:39:12+00:00","description":"Esperamos que este sitio cumpla con sus expectativas y que encuentre la informaci\u00f3n que necesita para su vida diaria.","breadcrumb":{"@id":"https:\/\/lacabanasse.fr\/vivre-a-la-cabanasse\/#breadcrumb"},"inLanguage":"es-ES","potentialAction":[{"@type":"ReadAction","target":["https:\/\/lacabanasse.fr\/vivre-a-la-cabanasse\/"]}]},{"@type":"ImageObject","inLanguage":"es-ES","@id":"https:\/\/lacabanasse.fr\/vivre-a-la-cabanasse\/#primaryimage","url":"https:\/\/lacabanasse.fr\/wp-content\/uploads\/2021\/05\/La-Cabanasse-1024x576.jpg","contentUrl":"https:\/\/lacabanasse.fr\/wp-content\/uploads\/2021\/05\/La-Cabanasse-1024x576.jpg"},{"@type":"BreadcrumbList","@id":"https:\/\/lacabanasse.fr\/vivre-a-la-cabanasse\/#breadcrumb","itemListElement":[{"@type":"ListItem","position":1,"name":"Accueil","item":"https:\/\/lacabanasse.fr\/"},{"@type":"ListItem","position":2,"name":"Vivre \u00e0 la Cabanasse"}]},{"@type":"WebSite","@id":"https:\/\/lacabanasse.fr\/#website","url":"https:\/\/lacabanasse.fr\/","name":"Ayuntamiento de Cabanasse","description":"Sitio web oficial del Ayuntamiento de La Cabanasse en los Pirineos Orientales","publisher":{"@id":"https:\/\/lacabanasse.fr\/#organization"},"potentialAction":[{"@type":"SearchAction","target":{"@type":"EntryPoint","urlTemplate":"https:\/\/lacabanasse.fr\/?s={search_term_string}"},"query-input":{"@type":"PropertyValueSpecification","valueRequired":true,"valueName":"search_term_string"}}],"inLanguage":"es-ES"},{"@type":"Organization","@id":"https:\/\/lacabanasse.fr\/#organization","name":"Ayuntamiento de Cabanasse","url":"https:\/\/lacabanasse.fr\/","logo":{"@type":"ImageObject","inLanguage":"es-ES","@id":"https:\/\/lacabanasse.fr\/#\/schema\/logo\/image\/","url":"https:\/\/lacabanasse.fr\/wp-content\/uploads\/2021\/03\/cropped-favicon-la-cabanasse.jpg","contentUrl":"https:\/\/lacabanasse.fr\/wp-content\/uploads\/2021\/03\/cropped-favicon-la-cabanasse.jpg","width":512,"height":512,"caption":"Mairie de la Cabanasse"},"image":{"@id":"https:\/\/lacabanasse.fr\/#\/schema\/logo\/image\/"},"sameAs":["https:\/\/www.facebook.com\/lacabanasse66210\/"]}]}},"uagb_featured_image_src":{"full":false,"thumbnail":false,"medium":false,"medium_large":false,"large":false,"gs-tiny":false,"xl":false,"xxl":false,"xxxl":false,"xxxxl":false,"xxxxxl":false,"1536x1536":false,"2048x2048":false,"trp-custom-language-flag":false,"sow-carousel-default":false},"uagb_author_info":{"display_name":"900k","author_link":"https:\/\/lacabanasse.fr\/es\/author\/900k\/"},"uagb_comment_info":0,"uagb_excerpt":"Commer\u00e7ants, Entreprises, Associations&#8230; POUR APPARAITRE SUR NOTRE SITE Chers Cabanassiens, La municipalit\u00e9 esp\u00e8re que ce nouveau site correspond \u00e0 vos attentes et que les informations n\u00e9cessaires \u00e0 votre quotidien d&rsquo;une part, et sur les actions men\u00e9es par votre municipalit\u00e9 d&rsquo;autre part, sont clairement notifi\u00e9es.Nous souhaitons que cette page, \u00ab\u00a0Vivre \u00e0 la Cabanasse\u00a0\u00bb soit la v\u00f4tre&#8230;..&hellip;","_links":{"self":[{"href":"https:\/\/lacabanasse.fr\/es\/wp-json\/wp\/v2\/pages\/551","targetHints":{"allow":["GET"]}}],"collection":[{"href":"https:\/\/lacabanasse.fr\/es\/wp-json\/wp\/v2\/pages"}],"about":[{"href":"https:\/\/lacabanasse.fr\/es\/wp-json\/wp\/v2\/types\/page"}],"author":[{"embeddable":true,"href":"https:\/\/lacabanasse.fr\/es\/wp-json\/wp\/v2\/users\/1"}],"replies":[{"embeddable":true,"href":"https:\/\/lacabanasse.fr\/es\/wp-json\/wp\/v2\/comments?post=551"}],"version-history":[{"count":24,"href":"https:\/\/lacabanasse.fr\/es\/wp-json\/wp\/v2\/pages\/551\/revisions"}],"predecessor-version":[{"id":3609,"href":"https:\/\/lacabanasse.fr\/es\/wp-json\/wp\/v2\/pages\/551\/revisions\/3609"}],"wp:attachment":[{"href":"https:\/\/lacabanasse.fr\/es\/wp-json\/wp\/v2\/media?parent=551"}],"curies":[{"name":"gracias","href":"https:\/\/api.w.org\/{rel}","templated":true}]}}