{"id":562,"date":"2021-02-11T12:06:18","date_gmt":"2021-02-11T11:06:18","guid":{"rendered":"https:\/\/cabanasse.900k.fr\/?page_id=562"},"modified":"2026-01-29T14:03:54","modified_gmt":"2026-01-29T13:03:54","slug":"location-de-salle","status":"publish","type":"page","link":"https:\/\/lacabanasse.fr\/es\/location-de-salle\/","title":{"rendered":"Alquiler de habitaciones"},"content":{"rendered":"<p class=\"black-cabanasse\">\u00bfQuieres organizar un evento en nuestro pueblo? El Municipio tiene habitaciones para alquilar.<\/p>\n\n\n\n<div class=\"wp-block-columns is-layout-flex wp-container-core-columns-is-layout-9d6595d7 wp-block-columns-is-layout-flex\">\n<div class=\"wp-block-column is-layout-flow wp-block-column-is-layout-flow\" style=\"flex-basis:100%\">\n<div class=\"wp-block-group black-cabanasse\"><div class=\"wp-block-group__inner-container is-layout-flow wp-block-group-is-layout-flow\">\n<h2 class=\"wp-block-heading\"><strong><span style=\"color:#0c6d7d\" class=\"has-inline-color\">Hay 3 habitaciones disponibles:<\/span><\/strong><\/h2>\n\n\n\n<ul class=\"wp-block-list\">\n<li><span style=\"color:#0c6d7d\" class=\"has-inline-color\">La sala de fiestas<\/span> (200 personas m\u00e1ximo), <strong>250 \u20ac el d\u00eda<\/strong> <\/li>\n<\/ul>\n\n\n\n<ul class=\"wp-block-list\">\n<li><span style=\"color:#0c6d7d\" class=\"has-inline-color\">La sala de la tercera edad<\/span> (48 personas m\u00e1ximo), <strong>100 \u20ac el d\u00eda<\/strong><\/li>\n<\/ul>\n\n\n\n<ul class=\"wp-block-list\">\n<li><span style=\"color:#0c6d7d\" class=\"has-inline-color\">El Sal\u00f3n de<\/span>s <span style=\"color:#0c6d7d\" class=\"has-inline-color\">Asociaciones<\/span> (30 personas m\u00e1ximo), <strong>100 \u20ac el d\u00eda<\/strong><\/li>\n<\/ul>\n\n\n\n<p>A <strong>Se requerir\u00e1 un dep\u00f3sito de 200\u20ac para todas las habitaciones.<\/strong><\/p>\n\n\n\n<p>Contacte con el ayuntamiento llamando al +33 (0)4 68 04 23 74 o por correo electr\u00f3nico a mairie@lacabanasse.fr para consultar la disponibilidad de las diferentes habitaciones. Una vez confirmada la disponibilidad, env\u00ede una carta explicando el motivo de su solicitud de alquiler.<\/p>\n<\/div><\/div>\n<\/div>\n<\/div>\n\n\n\n<p><\/p>","protected":false},"excerpt":{"rendered":"<p>Vous souhaitez organiser un \u00e9v\u00e9nement dans notre village? La Commune dispose de salles \u00e0 la location. 3 salles sont disponibles : Une caution de 200\u20ac vous sera demand\u00e9 pour toutes les salles. Contactez la mairie au +33 (0)4 68 04 23 74, ou bien par mail \u00e0 l&rsquo;adresse : mairie@lacabanasse.fr pour conna\u00eetre les disponibilit\u00e9s des [&hellip;]<\/p>","protected":false},"author":1,"featured_media":0,"parent":0,"menu_order":0,"comment_status":"closed","ping_status":"closed","template":"page-templates\/not-boxed.php","meta":{"_eb_attr":"","_uag_custom_page_level_css":"","_monsterinsights_skip_tracking":false,"_monsterinsights_sitenote_active":false,"_monsterinsights_sitenote_note":"","_monsterinsights_sitenote_category":0,"footnotes":""},"class_list":["post-562","page","type-page","status-publish","hentry"],"yoast_head":"<!-- This site is optimized with the Yoast SEO plugin v26.2 - https:\/\/yoast.com\/wordpress\/plugins\/seo\/ -->\n<title>Location de salle pout tous vos \u00e9v\u00e9nements - Mairie La Cabanasse<\/title>\n<meta name=\"description\" content=\"La location de salle est possible dans le village de La Cabanasse. Pour tous renseignement, n&#039;h\u00e9sitez pas \u00e0 contacter la Mairie au 0468042374\" \/>\n<meta name=\"robots\" content=\"index, follow, max-snippet:-1, max-image-preview:large, max-video-preview:-1\" \/>\n<link rel=\"canonical\" href=\"https:\/\/lacabanasse.fr\/es\/location-de-salle\/\" \/>\n<meta property=\"og:locale\" content=\"es_ES\" \/>\n<meta property=\"og:type\" content=\"article\" \/>\n<meta property=\"og:title\" content=\"Location de salle pout tous vos \u00e9v\u00e9nements - Mairie La Cabanasse\" \/>\n<meta property=\"og:description\" content=\"La location de salle est possible dans le village de La Cabanasse. Pour tous renseignement, n&#039;h\u00e9sitez pas \u00e0 contacter la Mairie au 0468042374\" \/>\n<meta property=\"og:url\" content=\"https:\/\/lacabanasse.fr\/es\/location-de-salle\/\" \/>\n<meta property=\"og:site_name\" content=\"Mairie La Cabanasse\" \/>\n<meta property=\"article:publisher\" content=\"https:\/\/www.facebook.com\/lacabanasse66210\/\" \/>\n<meta property=\"article:modified_time\" content=\"2026-01-29T13:03:54+00:00\" \/>\n<meta name=\"twitter:card\" content=\"summary_large_image\" \/>\n<meta name=\"twitter:label1\" content=\"Est. reading time\" \/>\n\t<meta name=\"twitter:data1\" content=\"1 minute\" \/>\n<script type=\"application\/ld+json\" class=\"yoast-schema-graph\">{\"@context\":\"https:\/\/schema.org\",\"@graph\":[{\"@type\":\"WebPage\",\"@id\":\"https:\/\/lacabanasse.fr\/location-de-salle\/\",\"url\":\"https:\/\/lacabanasse.fr\/location-de-salle\/\",\"name\":\"Location de salle pout tous vos \u00e9v\u00e9nements - Mairie La Cabanasse\",\"isPartOf\":{\"@id\":\"https:\/\/lacabanasse.fr\/#website\"},\"datePublished\":\"2021-02-11T11:06:18+00:00\",\"dateModified\":\"2026-01-29T13:03:54+00:00\",\"description\":\"La location de salle est possible dans le village de La Cabanasse. Pour tous renseignement, n'h\u00e9sitez pas \u00e0 contacter la Mairie au 0468042374\",\"breadcrumb\":{\"@id\":\"https:\/\/lacabanasse.fr\/location-de-salle\/#breadcrumb\"},\"inLanguage\":\"es-ES\",\"potentialAction\":[{\"@type\":\"ReadAction\",\"target\":[\"https:\/\/lacabanasse.fr\/location-de-salle\/\"]}]},{\"@type\":\"BreadcrumbList\",\"@id\":\"https:\/\/lacabanasse.fr\/location-de-salle\/#breadcrumb\",\"itemListElement\":[{\"@type\":\"ListItem\",\"position\":1,\"name\":\"Accueil\",\"item\":\"https:\/\/lacabanasse.fr\/\"},{\"@type\":\"ListItem\",\"position\":2,\"name\":\"Location de salle\"}]},{\"@type\":\"WebSite\",\"@id\":\"https:\/\/lacabanasse.fr\/#website\",\"url\":\"https:\/\/lacabanasse.fr\/\",\"name\":\"Mairie de la Cabanasse\",\"description\":\"Site officiel  de la Mairie de La Cabanasse dans les Pyr\u00e9n\u00e9es Orientales\",\"publisher\":{\"@id\":\"https:\/\/lacabanasse.fr\/#organization\"},\"potentialAction\":[{\"@type\":\"SearchAction\",\"target\":{\"@type\":\"EntryPoint\",\"urlTemplate\":\"https:\/\/lacabanasse.fr\/?s={search_term_string}\"},\"query-input\":{\"@type\":\"PropertyValueSpecification\",\"valueRequired\":true,\"valueName\":\"search_term_string\"}}],\"inLanguage\":\"es-ES\"},{\"@type\":\"Organization\",\"@id\":\"https:\/\/lacabanasse.fr\/#organization\",\"name\":\"Mairie de la Cabanasse\",\"url\":\"https:\/\/lacabanasse.fr\/\",\"logo\":{\"@type\":\"ImageObject\",\"inLanguage\":\"es-ES\",\"@id\":\"https:\/\/lacabanasse.fr\/#\/schema\/logo\/image\/\",\"url\":\"https:\/\/lacabanasse.fr\/wp-content\/uploads\/2021\/03\/cropped-favicon-la-cabanasse.jpg\",\"contentUrl\":\"https:\/\/lacabanasse.fr\/wp-content\/uploads\/2021\/03\/cropped-favicon-la-cabanasse.jpg\",\"width\":512,\"height\":512,\"caption\":\"Mairie de la Cabanasse\"},\"image\":{\"@id\":\"https:\/\/lacabanasse.fr\/#\/schema\/logo\/image\/\"},\"sameAs\":[\"https:\/\/www.facebook.com\/lacabanasse66210\/\"]}]}<\/script>\n<!-- \/ Yoast SEO plugin. -->","yoast_head_json":{"title":"Alquiler de salas para todos sus eventos - Ayuntamiento de La Cabanasse","description":"Se pueden alquilar habitaciones en el pueblo de La Cabanasse. Para m\u00e1s informaci\u00f3n, contacte con el ayuntamiento al 0468042374.","robots":{"index":"index","follow":"follow","max-snippet":"max-snippet:-1","max-image-preview":"max-image-preview:large","max-video-preview":"max-video-preview:-1"},"canonical":"https:\/\/lacabanasse.fr\/es\/location-de-salle\/","og_locale":"es_ES","og_type":"article","og_title":"Location de salle pout tous vos \u00e9v\u00e9nements - Mairie La Cabanasse","og_description":"La location de salle est possible dans le village de La Cabanasse. Pour tous renseignement, n'h\u00e9sitez pas \u00e0 contacter la Mairie au 0468042374","og_url":"https:\/\/lacabanasse.fr\/es\/location-de-salle\/","og_site_name":"Mairie La Cabanasse","article_publisher":"https:\/\/www.facebook.com\/lacabanasse66210\/","article_modified_time":"2026-01-29T13:03:54+00:00","twitter_card":"summary_large_image","twitter_misc":{"Est. reading time":"1 minute"},"schema":{"@context":"https:\/\/schema.org","@graph":[{"@type":"WebPage","@id":"https:\/\/lacabanasse.fr\/location-de-salle\/","url":"https:\/\/lacabanasse.fr\/location-de-salle\/","name":"Alquiler de salas para todos sus eventos - Ayuntamiento de La Cabanasse","isPartOf":{"@id":"https:\/\/lacabanasse.fr\/#website"},"datePublished":"2021-02-11T11:06:18+00:00","dateModified":"2026-01-29T13:03:54+00:00","description":"Se pueden alquilar habitaciones en el pueblo de La Cabanasse. Para m\u00e1s informaci\u00f3n, contacte con el ayuntamiento al 0468042374.","breadcrumb":{"@id":"https:\/\/lacabanasse.fr\/location-de-salle\/#breadcrumb"},"inLanguage":"es-ES","potentialAction":[{"@type":"ReadAction","target":["https:\/\/lacabanasse.fr\/location-de-salle\/"]}]},{"@type":"BreadcrumbList","@id":"https:\/\/lacabanasse.fr\/location-de-salle\/#breadcrumb","itemListElement":[{"@type":"ListItem","position":1,"name":"Accueil","item":"https:\/\/lacabanasse.fr\/"},{"@type":"ListItem","position":2,"name":"Location de salle"}]},{"@type":"WebSite","@id":"https:\/\/lacabanasse.fr\/#website","url":"https:\/\/lacabanasse.fr\/","name":"Ayuntamiento de Cabanasse","description":"Sitio web oficial del Ayuntamiento de La Cabanasse en los Pirineos Orientales","publisher":{"@id":"https:\/\/lacabanasse.fr\/#organization"},"potentialAction":[{"@type":"SearchAction","target":{"@type":"EntryPoint","urlTemplate":"https:\/\/lacabanasse.fr\/?s={search_term_string}"},"query-input":{"@type":"PropertyValueSpecification","valueRequired":true,"valueName":"search_term_string"}}],"inLanguage":"es-ES"},{"@type":"Organization","@id":"https:\/\/lacabanasse.fr\/#organization","name":"Ayuntamiento de Cabanasse","url":"https:\/\/lacabanasse.fr\/","logo":{"@type":"ImageObject","inLanguage":"es-ES","@id":"https:\/\/lacabanasse.fr\/#\/schema\/logo\/image\/","url":"https:\/\/lacabanasse.fr\/wp-content\/uploads\/2021\/03\/cropped-favicon-la-cabanasse.jpg","contentUrl":"https:\/\/lacabanasse.fr\/wp-content\/uploads\/2021\/03\/cropped-favicon-la-cabanasse.jpg","width":512,"height":512,"caption":"Mairie de la Cabanasse"},"image":{"@id":"https:\/\/lacabanasse.fr\/#\/schema\/logo\/image\/"},"sameAs":["https:\/\/www.facebook.com\/lacabanasse66210\/"]}]}},"uagb_featured_image_src":{"full":false,"thumbnail":false,"medium":false,"medium_large":false,"large":false,"gs-tiny":false,"xl":false,"xxl":false,"xxxl":false,"xxxxl":false,"xxxxxl":false,"1536x1536":false,"2048x2048":false,"trp-custom-language-flag":false,"sow-carousel-default":false},"uagb_author_info":{"display_name":"900k","author_link":"https:\/\/lacabanasse.fr\/es\/author\/900k\/"},"uagb_comment_info":0,"uagb_excerpt":"Vous souhaitez organiser un \u00e9v\u00e9nement dans notre village? La Commune dispose de salles \u00e0 la location. 3 salles sont disponibles : Une caution de 200\u20ac vous sera demand\u00e9 pour toutes les salles. Contactez la mairie au +33 (0)4 68 04 23 74, ou bien par mail \u00e0 l&rsquo;adresse : mairie@lacabanasse.fr pour conna\u00eetre les disponibilit\u00e9s des&hellip;","_links":{"self":[{"href":"https:\/\/lacabanasse.fr\/es\/wp-json\/wp\/v2\/pages\/562","targetHints":{"allow":["GET"]}}],"collection":[{"href":"https:\/\/lacabanasse.fr\/es\/wp-json\/wp\/v2\/pages"}],"about":[{"href":"https:\/\/lacabanasse.fr\/es\/wp-json\/wp\/v2\/types\/page"}],"author":[{"embeddable":true,"href":"https:\/\/lacabanasse.fr\/es\/wp-json\/wp\/v2\/users\/1"}],"replies":[{"embeddable":true,"href":"https:\/\/lacabanasse.fr\/es\/wp-json\/wp\/v2\/comments?post=562"}],"version-history":[{"count":16,"href":"https:\/\/lacabanasse.fr\/es\/wp-json\/wp\/v2\/pages\/562\/revisions"}],"predecessor-version":[{"id":5395,"href":"https:\/\/lacabanasse.fr\/es\/wp-json\/wp\/v2\/pages\/562\/revisions\/5395"}],"wp:attachment":[{"href":"https:\/\/lacabanasse.fr\/es\/wp-json\/wp\/v2\/media?parent=562"}],"curies":[{"name":"gracias","href":"https:\/\/api.w.org\/{rel}","templated":true}]}}