{"id":589,"date":"2021-02-11T12:12:13","date_gmt":"2021-02-11T11:12:13","guid":{"rendered":"https:\/\/cabanasse.900k.fr\/?page_id=589"},"modified":"2025-03-24T10:42:17","modified_gmt":"2025-03-24T09:42:17","slug":"valorisation-des-dechets","status":"publish","type":"page","link":"https:\/\/lacabanasse.fr\/es\/valorisation-des-dechets\/","title":{"rendered":"Recuperaci\u00f3n de residuos"},"content":{"rendered":"<div class=\"wp-block-media-text alignwide is-stacked-on-mobile is-vertically-aligned-top black-cabanasse\" style=\"grid-template-columns:41% auto\"><figure class=\"wp-block-media-text__media\"><img loading=\"lazy\" decoding=\"async\" width=\"1120\" height=\"345\" src=\"https:\/\/lacabanasse.fr\/wp-content\/uploads\/2021\/04\/Valorisation-des-dechets.jpg\" alt=\"\" class=\"wp-image-1596 size-full\" srcset=\"https:\/\/lacabanasse.fr\/wp-content\/uploads\/2021\/04\/Valorisation-des-dechets.jpg 1120w, https:\/\/lacabanasse.fr\/wp-content\/uploads\/2021\/04\/Valorisation-des-dechets-300x92.jpg 300w, https:\/\/lacabanasse.fr\/wp-content\/uploads\/2021\/04\/Valorisation-des-dechets-1024x315.jpg 1024w, https:\/\/lacabanasse.fr\/wp-content\/uploads\/2021\/04\/Valorisation-des-dechets-768x237.jpg 768w, https:\/\/lacabanasse.fr\/wp-content\/uploads\/2021\/04\/Valorisation-des-dechets-16x5.jpg 16w\" sizes=\"auto, (max-width: 1120px) 100vw, 1120px\" \/><\/figure><div class=\"wp-block-media-text__content\">\n<p style=\"font-size:18px\"><span style=\"color:#0C6D7D\" class=\"has-inline-color\"><strong>Valorizaci\u00f3n de residuos: La Comunidad de Municipios del Pirineo Catal\u00e1n es responsable de los \u201cresiduos dom\u00e9sticos\u201d en su territorio.<\/strong> <\/span><br>Este servicio es financiado por el Impuesto de Remoci\u00f3n de Basura Dom\u00e9stica (TEOM) y por los profesionales que utilizan sus servicios.<\/p>\n<\/div><\/div>\n\n\n\n<div class=\"wp-block-group black-cabanasse\"><div class=\"wp-block-group__inner-container is-layout-flow wp-block-group-is-layout-flow\">\n<div class=\"wp-block-columns is-layout-flex wp-container-core-columns-is-layout-9d6595d7 wp-block-columns-is-layout-flex\">\n<div class=\"wp-block-column is-layout-flow wp-block-column-is-layout-flow\" style=\"flex-basis:50%\">\n<div class=\"wp-block-group\"><div class=\"wp-block-group__inner-container is-layout-flow wp-block-group-is-layout-flow\">\n<p><strong>COMBINACI\u00d3N DE COMPETENCIA<\/strong><\/p>\n\n\n\n<ul id=\"block-574dfbcd-21cb-4105-9b54-2720024a4d79\" class=\"wp-block-list\">\n<li>el establecimiento y la gesti\u00f3n de puntos de recogida,<\/li>\n\n\n\n<li>recolecci\u00f3n de residuos dom\u00e9sticos,<\/li>\n\n\n\n<li>gesti\u00f3n de los dos centros de recogida de residuos del territorio y comunicaci\u00f3n,<\/li>\n\n\n\n<li>acciones educativas ...<\/li>\n<\/ul>\n\n\n\n<p>\u2026 Para una mejor gesti\u00f3n de todos los residuos.&nbsp;<\/p>\n<\/div><\/div>\n<\/div>\n\n\n\n<div class=\"wp-block-column is-layout-flow wp-block-column-is-layout-flow\" style=\"flex-basis:50%\">\n<p><strong>CONTACTOS DE SERVICIO AMBIENTAL<span style=\"color:#ffa100\" class=\"has-inline-color\"> <\/span>| Gesti\u00f3n y valorizaci\u00f3n de residuos&nbsp;<\/strong><\/p>\n\n\n\n<p>Comunidad de Comunas Pirineos Catalanes<br>Paso de La Quillane<br>66210 LA LLAGONNE<br>Tel\u00e9fono: +33 (0) 4 68 04 49 86<\/p>\n\n\n\n<p>Correo: <a rel=\"noreferrer noopener\" href=\"mailto:dechets@pyrenees-catalanes.com\" target=\"_blank\">contact@pyrenees-catalanes.com<\/a><\/p>\n\n\n\n<p>Hay mucha informaci\u00f3n disponible sobre la gesti\u00f3n de residuos <a rel=\"noreferrer noopener\" href=\"https:\/\/www.pyrenees-catalanes.net\/fr\/vivre-et-habiter\/gerer-ses-dechets\/le-service-environnement-gestion-et-valorisation-des-dechets\" target=\"_blank\">aqu\u00ed<\/a><\/p>\n<\/div>\n<\/div>\n<\/div><\/div>\n\n\n\n<div class=\"wp-block-media-text alignwide has-media-on-the-right is-stacked-on-mobile is-vertically-aligned-center black-cabanasse\"><div class=\"wp-block-media-text__content\">\n<p class=\"has-medium-font-size\"><strong><span style=\"color:#0C6D7D\" class=\"has-inline-color\">Composta tus desechos<\/span><\/strong><\/p>\n\n\n\n<p><strong>30% de residuos dom\u00e9sticos se puede reciclar mediante compostaje.<\/strong> <br>Para ayudarte, la comunidad de municipios te proporciona compostadores individuales.<\/p>\n\n\n\n<p>El compostaje es la descomposici\u00f3n de la materia org\u00e1nica por los microorganismos del suelo (bacterias, hongos, etc.), en presencia de ox\u00edgeno y agua. Este proceso biol\u00f3gico conduce, despu\u00e9s de unos meses de fermentaci\u00f3n, a un producto comparable a un suelo de buena calidad llamado compost.<\/p>\n<\/div><figure class=\"wp-block-media-text__media\"><img loading=\"lazy\" decoding=\"async\" width=\"800\" height=\"325\" src=\"https:\/\/lacabanasse.fr\/wp-content\/uploads\/2021\/04\/sans_nom-1.jpg\" alt=\"\" class=\"wp-image-2172 size-full\" srcset=\"https:\/\/lacabanasse.fr\/wp-content\/uploads\/2021\/04\/sans_nom-1.jpg 800w, https:\/\/lacabanasse.fr\/wp-content\/uploads\/2021\/04\/sans_nom-1-300x122.jpg 300w, https:\/\/lacabanasse.fr\/wp-content\/uploads\/2021\/04\/sans_nom-1-768x312.jpg 768w, https:\/\/lacabanasse.fr\/wp-content\/uploads\/2021\/04\/sans_nom-1-16x7.jpg 16w\" sizes=\"auto, (max-width: 800px) 100vw, 800px\" \/><\/figure><\/div>\n\n\n\n<div class=\"wp-block-columns black-cabanasse is-layout-flex wp-container-core-columns-is-layout-9d6595d7 wp-block-columns-is-layout-flex\">\n<div class=\"wp-block-column is-layout-flow wp-block-column-is-layout-flow\" style=\"flex-basis:50%\">\n<div class=\"wp-block-group\"><div class=\"wp-block-group__inner-container is-layout-flow wp-block-group-is-layout-flow\">\n<p>La Comunidad de Comunas proporciona a los habitantes del territorio compostadores:<\/p>\n\n\n\n<ul id=\"block-28bea5c7-60e7-4f53-9570-44491a9d3263\" class=\"wp-block-list\">\n<li>Consigue un compostador:\u00a0<br>Los compostadores est\u00e1n a la venta (5 euros)<br>P\u00eddalo llamando al +33 (0)4 68 04 49 86 o por correo electr\u00f3nico a<br><a href=\"mailto:contact@pyrenees-catalanes.com\">contactar@<\/a><a href=\"mailto:contact@pyrenees-catalanes.com\" target=\"_blank\" rel=\"noreferrer noopener\">Pirineos<\/a><a href=\"mailto:contact@pyrenees-catalanes.com\">-catalanes.com<\/a><\/li>\n\n\n\n<li><a href=\"http:\/\/www.sydetom66.fr\/articles-4\/37-166-composter-regenerer\/\" target=\"_blank\" rel=\"noreferrer noopener\">Todo lo que necesita saber sobre el compostaje con SYDETOM 66<\/a>\u00a0<\/li>\n<\/ul>\n<\/div><\/div>\n<\/div>\n\n\n\n<div class=\"wp-block-column is-layout-flow wp-block-column-is-layout-flow\" style=\"flex-basis:50%\">\n<p><strong><em>La Cabanasse cuenta con plataformas de compostaje colectivo en su vecindario, subdivisi\u00f3n.<\/em><\/strong><\/p>\n\n\n\n<p>Se instalan 4 sitios, en las avenidas:&nbsp;<br>- Haut Conflent&nbsp;<br>- Laxo<br>- Gisclard&nbsp;<br>- de Cerda\u00f1a<\/p>\n\n\n\n<p><strong><em>No dude en contactarnos !<\/em><\/strong><\/p>\n<\/div>\n<\/div>","protected":false},"excerpt":{"rendered":"<p>Valorizaci\u00f3n de Residuos: La Mancomunidad de Comunas de los Pirineos Catalanes es responsable de los residuos dom\u00e9sticos en su territorio. Este servicio se financia con el Impuesto sobre la Recogida de Residuos Dom\u00e9sticos (TEOM) y con los profesionales que lo utilizan. LA COMPETENCIA UNIFICA... para una mejor gesti\u00f3n de todos los residuos. CONTACTOS SERVICIO DE MEDIO AMBIENTE | Gesti\u00f3n y valorizaci\u00f3n [\u2026]<\/p>","protected":false},"author":1,"featured_media":0,"parent":0,"menu_order":0,"comment_status":"closed","ping_status":"closed","template":"page-templates\/not-boxed.php","meta":{"_eb_attr":"","_uag_custom_page_level_css":"","_monsterinsights_skip_tracking":false,"_monsterinsights_sitenote_active":false,"_monsterinsights_sitenote_note":"","_monsterinsights_sitenote_category":0,"footnotes":""},"class_list":["post-589","page","type-page","status-publish","hentry"],"yoast_head":"<!-- This site is optimized with the Yoast SEO plugin v26.2 - https:\/\/yoast.com\/wordpress\/plugins\/seo\/ -->\n<title>Valorisation des d\u00e9chets - Mairie La Cabanasse - Valorisation des d\u00e9chets<\/title>\n<meta name=\"description\" content=\"Valorisation des d\u00e9chets \u00e0 La Cabanasse. La Communaut\u00e9 de Communes Pyr\u00e9n\u00e9es Catalanes a en charge la comp\u00e9tence &quot;ordures m\u00e9nag\u00e8res&quot; sur son territoire.\" \/>\n<meta name=\"robots\" content=\"index, follow, max-snippet:-1, max-image-preview:large, max-video-preview:-1\" \/>\n<link rel=\"canonical\" href=\"https:\/\/lacabanasse.fr\/es\/valorisation-des-dechets\/\" \/>\n<meta property=\"og:locale\" content=\"es_ES\" \/>\n<meta property=\"og:type\" content=\"article\" \/>\n<meta property=\"og:title\" content=\"Valorisation des d\u00e9chets - Mairie La Cabanasse - Valorisation des d\u00e9chets\" \/>\n<meta property=\"og:description\" content=\"Valorisation des d\u00e9chets \u00e0 La Cabanasse. La Communaut\u00e9 de Communes Pyr\u00e9n\u00e9es Catalanes a en charge la comp\u00e9tence &quot;ordures m\u00e9nag\u00e8res&quot; sur son territoire.\" \/>\n<meta property=\"og:url\" content=\"https:\/\/lacabanasse.fr\/es\/valorisation-des-dechets\/\" \/>\n<meta property=\"og:site_name\" content=\"Mairie La Cabanasse\" \/>\n<meta property=\"article:publisher\" content=\"https:\/\/www.facebook.com\/lacabanasse66210\/\" \/>\n<meta property=\"article:modified_time\" content=\"2025-03-24T09:42:17+00:00\" \/>\n<meta property=\"og:image\" content=\"https:\/\/lacabanasse.fr\/wp-content\/uploads\/2021\/04\/Valorisation-des-dechets.jpg\" \/>\n\t<meta property=\"og:image:width\" content=\"1120\" \/>\n\t<meta property=\"og:image:height\" content=\"345\" \/>\n\t<meta property=\"og:image:type\" content=\"image\/jpeg\" \/>\n<meta name=\"twitter:card\" content=\"summary_large_image\" \/>\n<meta name=\"twitter:label1\" content=\"Est. reading time\" \/>\n\t<meta name=\"twitter:data1\" content=\"2 minutes\" \/>\n<script type=\"application\/ld+json\" class=\"yoast-schema-graph\">{\"@context\":\"https:\/\/schema.org\",\"@graph\":[{\"@type\":\"WebPage\",\"@id\":\"https:\/\/lacabanasse.fr\/valorisation-des-dechets\/\",\"url\":\"https:\/\/lacabanasse.fr\/valorisation-des-dechets\/\",\"name\":\"Valorisation des d\u00e9chets - Mairie La Cabanasse - Valorisation des d\u00e9chets\",\"isPartOf\":{\"@id\":\"https:\/\/lacabanasse.fr\/#website\"},\"primaryImageOfPage\":{\"@id\":\"https:\/\/lacabanasse.fr\/valorisation-des-dechets\/#primaryimage\"},\"image\":{\"@id\":\"https:\/\/lacabanasse.fr\/valorisation-des-dechets\/#primaryimage\"},\"thumbnailUrl\":\"https:\/\/lacabanasse.fr\/wp-content\/uploads\/2021\/04\/Valorisation-des-dechets.jpg\",\"datePublished\":\"2021-02-11T11:12:13+00:00\",\"dateModified\":\"2025-03-24T09:42:17+00:00\",\"description\":\"Valorisation des d\u00e9chets \u00e0 La Cabanasse. La Communaut\u00e9 de Communes Pyr\u00e9n\u00e9es Catalanes a en charge la comp\u00e9tence \\\"ordures m\u00e9nag\u00e8res\\\" sur son territoire.\",\"breadcrumb\":{\"@id\":\"https:\/\/lacabanasse.fr\/valorisation-des-dechets\/#breadcrumb\"},\"inLanguage\":\"es-ES\",\"potentialAction\":[{\"@type\":\"ReadAction\",\"target\":[\"https:\/\/lacabanasse.fr\/valorisation-des-dechets\/\"]}]},{\"@type\":\"ImageObject\",\"inLanguage\":\"es-ES\",\"@id\":\"https:\/\/lacabanasse.fr\/valorisation-des-dechets\/#primaryimage\",\"url\":\"https:\/\/lacabanasse.fr\/wp-content\/uploads\/2021\/04\/Valorisation-des-dechets.jpg\",\"contentUrl\":\"https:\/\/lacabanasse.fr\/wp-content\/uploads\/2021\/04\/Valorisation-des-dechets.jpg\"},{\"@type\":\"BreadcrumbList\",\"@id\":\"https:\/\/lacabanasse.fr\/valorisation-des-dechets\/#breadcrumb\",\"itemListElement\":[{\"@type\":\"ListItem\",\"position\":1,\"name\":\"Accueil\",\"item\":\"https:\/\/lacabanasse.fr\/\"},{\"@type\":\"ListItem\",\"position\":2,\"name\":\"Valorisation des d\u00e9chets\"}]},{\"@type\":\"WebSite\",\"@id\":\"https:\/\/lacabanasse.fr\/#website\",\"url\":\"https:\/\/lacabanasse.fr\/\",\"name\":\"Mairie de la Cabanasse\",\"description\":\"Site officiel  de la Mairie de La Cabanasse dans les Pyr\u00e9n\u00e9es Orientales\",\"publisher\":{\"@id\":\"https:\/\/lacabanasse.fr\/#organization\"},\"potentialAction\":[{\"@type\":\"SearchAction\",\"target\":{\"@type\":\"EntryPoint\",\"urlTemplate\":\"https:\/\/lacabanasse.fr\/?s={search_term_string}\"},\"query-input\":{\"@type\":\"PropertyValueSpecification\",\"valueRequired\":true,\"valueName\":\"search_term_string\"}}],\"inLanguage\":\"es-ES\"},{\"@type\":\"Organization\",\"@id\":\"https:\/\/lacabanasse.fr\/#organization\",\"name\":\"Mairie de la Cabanasse\",\"url\":\"https:\/\/lacabanasse.fr\/\",\"logo\":{\"@type\":\"ImageObject\",\"inLanguage\":\"es-ES\",\"@id\":\"https:\/\/lacabanasse.fr\/#\/schema\/logo\/image\/\",\"url\":\"https:\/\/lacabanasse.fr\/wp-content\/uploads\/2021\/03\/cropped-favicon-la-cabanasse.jpg\",\"contentUrl\":\"https:\/\/lacabanasse.fr\/wp-content\/uploads\/2021\/03\/cropped-favicon-la-cabanasse.jpg\",\"width\":512,\"height\":512,\"caption\":\"Mairie de la Cabanasse\"},\"image\":{\"@id\":\"https:\/\/lacabanasse.fr\/#\/schema\/logo\/image\/\"},\"sameAs\":[\"https:\/\/www.facebook.com\/lacabanasse66210\/\"]}]}<\/script>\n<!-- \/ Yoast SEO plugin. -->","yoast_head_json":{"title":"Valorizaci\u00f3n de residuos - Ayuntamiento de La Cabanasse - Valorizaci\u00f3n de residuos","description":"Valorizaci\u00f3n de residuos en La Cabanasse. La Mancomunidad de Comunas de los Pirineos Catalanes es responsable de los residuos dom\u00e9sticos en su territorio.","robots":{"index":"index","follow":"follow","max-snippet":"max-snippet:-1","max-image-preview":"max-image-preview:large","max-video-preview":"max-video-preview:-1"},"canonical":"https:\/\/lacabanasse.fr\/es\/valorisation-des-dechets\/","og_locale":"es_ES","og_type":"article","og_title":"Valorisation des d\u00e9chets - Mairie La Cabanasse - Valorisation des d\u00e9chets","og_description":"Valorisation des d\u00e9chets \u00e0 La Cabanasse. La Communaut\u00e9 de Communes Pyr\u00e9n\u00e9es Catalanes a en charge la comp\u00e9tence \"ordures m\u00e9nag\u00e8res\" sur son territoire.","og_url":"https:\/\/lacabanasse.fr\/es\/valorisation-des-dechets\/","og_site_name":"Mairie La Cabanasse","article_publisher":"https:\/\/www.facebook.com\/lacabanasse66210\/","article_modified_time":"2025-03-24T09:42:17+00:00","og_image":[{"width":1120,"height":345,"url":"https:\/\/lacabanasse.fr\/wp-content\/uploads\/2021\/04\/Valorisation-des-dechets.jpg","type":"image\/jpeg"}],"twitter_card":"summary_large_image","twitter_misc":{"Est. reading time":"2 minutes"},"schema":{"@context":"https:\/\/schema.org","@graph":[{"@type":"WebPage","@id":"https:\/\/lacabanasse.fr\/valorisation-des-dechets\/","url":"https:\/\/lacabanasse.fr\/valorisation-des-dechets\/","name":"Valorizaci\u00f3n de residuos - Ayuntamiento de La Cabanasse - Valorizaci\u00f3n de residuos","isPartOf":{"@id":"https:\/\/lacabanasse.fr\/#website"},"primaryImageOfPage":{"@id":"https:\/\/lacabanasse.fr\/valorisation-des-dechets\/#primaryimage"},"image":{"@id":"https:\/\/lacabanasse.fr\/valorisation-des-dechets\/#primaryimage"},"thumbnailUrl":"https:\/\/lacabanasse.fr\/wp-content\/uploads\/2021\/04\/Valorisation-des-dechets.jpg","datePublished":"2021-02-11T11:12:13+00:00","dateModified":"2025-03-24T09:42:17+00:00","description":"Valorizaci\u00f3n de residuos en La Cabanasse. La Mancomunidad de Comunas de los Pirineos Catalanes es responsable de los residuos dom\u00e9sticos en su territorio.","breadcrumb":{"@id":"https:\/\/lacabanasse.fr\/valorisation-des-dechets\/#breadcrumb"},"inLanguage":"es-ES","potentialAction":[{"@type":"ReadAction","target":["https:\/\/lacabanasse.fr\/valorisation-des-dechets\/"]}]},{"@type":"ImageObject","inLanguage":"es-ES","@id":"https:\/\/lacabanasse.fr\/valorisation-des-dechets\/#primaryimage","url":"https:\/\/lacabanasse.fr\/wp-content\/uploads\/2021\/04\/Valorisation-des-dechets.jpg","contentUrl":"https:\/\/lacabanasse.fr\/wp-content\/uploads\/2021\/04\/Valorisation-des-dechets.jpg"},{"@type":"BreadcrumbList","@id":"https:\/\/lacabanasse.fr\/valorisation-des-dechets\/#breadcrumb","itemListElement":[{"@type":"ListItem","position":1,"name":"Accueil","item":"https:\/\/lacabanasse.fr\/"},{"@type":"ListItem","position":2,"name":"Valorisation des d\u00e9chets"}]},{"@type":"WebSite","@id":"https:\/\/lacabanasse.fr\/#website","url":"https:\/\/lacabanasse.fr\/","name":"Ayuntamiento de Cabanasse","description":"Sitio web oficial del Ayuntamiento de La Cabanasse en los Pirineos Orientales","publisher":{"@id":"https:\/\/lacabanasse.fr\/#organization"},"potentialAction":[{"@type":"SearchAction","target":{"@type":"EntryPoint","urlTemplate":"https:\/\/lacabanasse.fr\/?s={search_term_string}"},"query-input":{"@type":"PropertyValueSpecification","valueRequired":true,"valueName":"search_term_string"}}],"inLanguage":"es-ES"},{"@type":"Organization","@id":"https:\/\/lacabanasse.fr\/#organization","name":"Ayuntamiento de Cabanasse","url":"https:\/\/lacabanasse.fr\/","logo":{"@type":"ImageObject","inLanguage":"es-ES","@id":"https:\/\/lacabanasse.fr\/#\/schema\/logo\/image\/","url":"https:\/\/lacabanasse.fr\/wp-content\/uploads\/2021\/03\/cropped-favicon-la-cabanasse.jpg","contentUrl":"https:\/\/lacabanasse.fr\/wp-content\/uploads\/2021\/03\/cropped-favicon-la-cabanasse.jpg","width":512,"height":512,"caption":"Mairie de la Cabanasse"},"image":{"@id":"https:\/\/lacabanasse.fr\/#\/schema\/logo\/image\/"},"sameAs":["https:\/\/www.facebook.com\/lacabanasse66210\/"]}]}},"uagb_featured_image_src":{"full":false,"thumbnail":false,"medium":false,"medium_large":false,"large":false,"gs-tiny":false,"xl":false,"xxl":false,"xxxl":false,"xxxxl":false,"xxxxxl":false,"1536x1536":false,"2048x2048":false,"trp-custom-language-flag":false,"sow-carousel-default":false},"uagb_author_info":{"display_name":"900k","author_link":"https:\/\/lacabanasse.fr\/es\/author\/900k\/"},"uagb_comment_info":0,"uagb_excerpt":"Valorisation des d\u00e9chets: La Communaut\u00e9 de Communes Pyr\u00e9n\u00e9es Catalanes a en charge la comp\u00e9tence \u00ab\u00a0ordures m\u00e9nag\u00e8res\u00a0\u00bb sur son territoire. Ce service est&nbsp;financ\u00e9 par la Taxe d\u2019Enl\u00e8vement Ordure M\u00e9nag\u00e8re (TEOM), et par les professionnels utilisant ses services. LA COMPETENCE REGROUPE &#8230; pour une meilleure gestion de tous les d\u00e9chets.&nbsp; CONTACTS SERVICE ENVIRONNEMENT | Gestion et valorisation&hellip;","_links":{"self":[{"href":"https:\/\/lacabanasse.fr\/es\/wp-json\/wp\/v2\/pages\/589","targetHints":{"allow":["GET"]}}],"collection":[{"href":"https:\/\/lacabanasse.fr\/es\/wp-json\/wp\/v2\/pages"}],"about":[{"href":"https:\/\/lacabanasse.fr\/es\/wp-json\/wp\/v2\/types\/page"}],"author":[{"embeddable":true,"href":"https:\/\/lacabanasse.fr\/es\/wp-json\/wp\/v2\/users\/1"}],"replies":[{"embeddable":true,"href":"https:\/\/lacabanasse.fr\/es\/wp-json\/wp\/v2\/comments?post=589"}],"version-history":[{"count":41,"href":"https:\/\/lacabanasse.fr\/es\/wp-json\/wp\/v2\/pages\/589\/revisions"}],"predecessor-version":[{"id":5073,"href":"https:\/\/lacabanasse.fr\/es\/wp-json\/wp\/v2\/pages\/589\/revisions\/5073"}],"wp:attachment":[{"href":"https:\/\/lacabanasse.fr\/es\/wp-json\/wp\/v2\/media?parent=589"}],"curies":[{"name":"gracias","href":"https:\/\/api.w.org\/{rel}","templated":true}]}}