{"id":597,"date":"2021-02-11T12:14:25","date_gmt":"2021-02-11T11:14:25","guid":{"rendered":"https:\/\/cabanasse.900k.fr\/?page_id=597"},"modified":"2026-04-20T10:36:08","modified_gmt":"2026-04-20T08:36:08","slug":"les-commissions","status":"publish","type":"page","link":"https:\/\/lacabanasse.fr\/es\/les-commissions\/","title":{"rendered":"Comisiones \u2013 Sindicatos \u2013 Organizaciones Externas"},"content":{"rendered":"<p class=\"black-cabanasse\">La&nbsp;<strong>comisiones<\/strong>&nbsp;en su lugar son emanaciones del Concejo Municipal. Ayudan a este \u00faltimo a gestionar los expedientes que son de su responsabilidad prepar\u00e1ndolos durante las reuniones de trabajo. Le proponen orientaciones, votadas si es necesario durante las reuniones del Concejo Municipal.<\/p>\n\n\n\n<div class=\"wp-block-columns is-layout-flex wp-container-core-columns-is-layout-9d6595d7 wp-block-columns-is-layout-flex\">\n<div class=\"wp-block-column is-layout-flow wp-block-column-is-layout-flow\" style=\"flex-basis:100%\">\n<div class=\"lsvr-feature lsvr-feature--has-icon\"\n    >\n    <div class=\"lsvr-feature__inner\">\n\n        \n            <span class=\"lsvr-feature__icon icon-user\" aria-hidden=\"true\"><\/span>\n\n        \n        \n            <h3 class=\"lsvr-feature__title\">\n                PATRIMONIO \u2013 MEDIO AMBIENTE            <\/h3>\n\n        \n        \n            <div class=\"lsvr-feature__text\">\n\n                <p><strong>Delegar<\/strong><br \/>\nSra. Christine Duval<\/p>\n<p><strong>Asesores<\/strong><\/p>\n\n            <\/div>\n\n        \n        \n    <\/div>\n<\/div>\n\n\n\n\n<div class=\"lsvr-feature lsvr-feature--has-icon\"\n    >\n    <div class=\"lsvr-feature__inner\">\n\n        \n            <span class=\"lsvr-feature__icon icon-road-sign\" aria-hidden=\"true\"><\/span>\n\n        \n        \n            <h3 class=\"lsvr-feature__title\">\n                CARRETERAS Y SEGURIDAD            <\/h3>\n\n        \n        \n            <div class=\"lsvr-feature__text\">\n\n                <p><strong>Misiones<\/strong><br \/>\nProgramaci\u00f3n y seguimiento de obras comunales y seguridad del pueblo.<br \/>\nSeguimiento y gesti\u00f3n de equipamientos municipales<br \/>\nRemoci\u00f3n de nieve<\/p>\n<p><strong>Delegados<\/strong><br \/>\nM. GARRIGOLAS J\u00e9r\u00f4me<\/p>\n<p><strong>Asesores<\/strong><\/p>\n\n            <\/div>\n\n        \n        \n    <\/div>\n<\/div>\n\n\n\n\n<div class=\"lsvr-feature lsvr-feature--has-icon\"\n    >\n    <div class=\"lsvr-feature__inner\">\n\n        \n            <span class=\"lsvr-feature__icon icon-man-woman\" aria-hidden=\"true\"><\/span>\n\n        \n        \n            <h3 class=\"lsvr-feature__title\">\n                SALUD            <\/h3>\n\n        \n        \n            <div class=\"lsvr-feature__text\">\n\n                <p><strong>Delegados<\/strong><br \/>\nSra. LECARPENTIER Marie-Madeleine<\/p>\n<p><strong>Asesores<\/strong><\/p>\n\n            <\/div>\n\n        \n        \n    <\/div>\n<\/div>\n\n\n\n\n<div class=\"lsvr-feature lsvr-feature--has-icon\"\n    >\n    <div class=\"lsvr-feature__inner\">\n\n        \n            <span class=\"lsvr-feature__icon icon-man-woman\" aria-hidden=\"true\"><\/span>\n\n        \n        \n            <h3 class=\"lsvr-feature__title\">\n                PERSONAS MAYORES            <\/h3>\n\n        \n        \n            <div class=\"lsvr-feature__text\">\n\n                <p><strong>Delegados<\/strong><br \/>\nSe\u00f1ora SERRUS H\u00e9l\u00e8ne<\/p>\n<p><strong>Asesores<\/strong><\/p>\n\n            <\/div>\n\n        \n        \n    <\/div>\n<\/div>\n\n<\/div>\n\n\n\n<div class=\"wp-block-column is-layout-flow wp-block-column-is-layout-flow\" style=\"flex-basis:100%\">\n<div class=\"lsvr-feature lsvr-feature--has-icon\"\n    >\n    <div class=\"lsvr-feature__inner\">\n\n        \n            <span class=\"lsvr-feature__icon icon-flag\" aria-hidden=\"true\"><\/span>\n\n        \n        \n            <h3 class=\"lsvr-feature__title\">\n                 PRESUPUESTO            <\/h3>\n\n        \n        \n            <div class=\"lsvr-feature__text\">\n\n                <p><strong>Misiones<\/strong><br \/>\nElaboraci\u00f3n y preparaci\u00f3n de documentos financieros.<\/p>\n<p><strong>Delegar<\/strong><br \/>\nSra. VERDAGUER C\u00e9line <\/p>\n<p><strong>Asesores<\/strong><\/p>\n\n            <\/div>\n\n        \n        \n    <\/div>\n<\/div>\n\n\n\n\n<div class=\"lsvr-feature lsvr-feature--has-icon\"\n    >\n    <div class=\"lsvr-feature__inner\">\n\n        \n            <span class=\"lsvr-feature__icon icon-earth\" aria-hidden=\"true\"><\/span>\n\n        \n        \n            <h3 class=\"lsvr-feature__title\">\n                COMUNICACI\u00d3N \u2013 TURISMO            <\/h3>\n\n        \n        \n            <div class=\"lsvr-feature__text\">\n\n                <p><strong>Misiones<\/strong><br \/>\nGesti\u00f3n de la comunicaci\u00f3n<\/p>\n<p><strong>Delegados<\/strong><br \/>\nSe\u00f1or Philippe Vigue<\/p>\n<p><strong>Asesores<\/strong><\/p>\n\n            <\/div>\n\n        \n        \n    <\/div>\n<\/div>\n\n\n\n\n<div class=\"lsvr-feature lsvr-feature--has-icon\"\n    >\n    <div class=\"lsvr-feature__inner\">\n\n        \n            <span class=\"lsvr-feature__icon icon-building\" aria-hidden=\"true\"><\/span>\n\n        \n        \n            <h3 class=\"lsvr-feature__title\">\n                PLANIFICACI\u00d3N URBANA            <\/h3>\n\n        \n        \n            <div class=\"lsvr-feature__text\">\n\n                <p><strong>Misiones<\/strong><br \/>\nGesti\u00f3n de solicitudes de permisos<br \/>\nGesti\u00f3n del PLU (Plan Urbano Local)<\/p>\n<p><strong>Delegar<\/strong><br \/>\nSe\u00f1or Michel Samson<\/p>\n<p><strong>Asesores<\/strong><\/p>\n\n            <\/div>\n\n        \n        \n    <\/div>\n<\/div>\n\n<\/div>\n<\/div>\n\n\n\n<p><\/p>","protected":false},"excerpt":{"rendered":"<p>Los comit\u00e9s existentes son emanaciones del Consejo Municipal. Ayudan a este a abordar los asuntos de su competencia, prepar\u00e1ndolos durante las reuniones de trabajo. Proponen directrices al Consejo, que se someten a votaci\u00f3n, de ser necesario, durante las sesiones del Consejo Municipal.<\/p>","protected":false},"author":1,"featured_media":0,"parent":0,"menu_order":0,"comment_status":"closed","ping_status":"closed","template":"page-templates\/not-boxed.php","meta":{"_eb_attr":"","_uag_custom_page_level_css":"","_monsterinsights_skip_tracking":false,"_monsterinsights_sitenote_active":false,"_monsterinsights_sitenote_note":"","_monsterinsights_sitenote_category":0,"footnotes":""},"class_list":["post-597","page","type-page","status-publish","hentry"],"yoast_head":"<!-- This site is optimized with the Yoast SEO plugin v26.2 - https:\/\/yoast.com\/wordpress\/plugins\/seo\/ -->\n<title>Commissions - Syndicats - Organismes Ext\u00e9rieurs - Mairie La Cabanasse - Commissions - Syndicats - Organismes Ext\u00e9rieurs<\/title>\n<meta name=\"description\" content=\"Les commissions en place sont des \u00e9manations du Conseil Municipal. Elles aident traiter les dossiers qui sont de sa responsabilit\u00e9.\" \/>\n<meta name=\"robots\" content=\"index, follow, max-snippet:-1, max-image-preview:large, max-video-preview:-1\" \/>\n<link rel=\"canonical\" href=\"https:\/\/lacabanasse.fr\/es\/les-commissions\/\" \/>\n<meta property=\"og:locale\" content=\"es_ES\" \/>\n<meta property=\"og:type\" content=\"article\" \/>\n<meta property=\"og:title\" content=\"Commissions - Syndicats - Organismes Ext\u00e9rieurs - Mairie La Cabanasse - Commissions - Syndicats - Organismes Ext\u00e9rieurs\" \/>\n<meta property=\"og:description\" content=\"Les commissions en place sont des \u00e9manations du Conseil Municipal. Elles aident traiter les dossiers qui sont de sa responsabilit\u00e9.\" \/>\n<meta property=\"og:url\" content=\"https:\/\/lacabanasse.fr\/es\/les-commissions\/\" \/>\n<meta property=\"og:site_name\" content=\"Mairie La Cabanasse\" \/>\n<meta property=\"article:publisher\" content=\"https:\/\/www.facebook.com\/lacabanasse66210\/\" \/>\n<meta property=\"article:modified_time\" content=\"2026-04-20T08:36:08+00:00\" \/>\n<meta name=\"twitter:card\" content=\"summary_large_image\" \/>\n<meta name=\"twitter:label1\" content=\"Est. reading time\" \/>\n\t<meta name=\"twitter:data1\" content=\"1 minute\" \/>\n<script type=\"application\/ld+json\" class=\"yoast-schema-graph\">{\"@context\":\"https:\/\/schema.org\",\"@graph\":[{\"@type\":\"WebPage\",\"@id\":\"https:\/\/lacabanasse.fr\/les-commissions\/\",\"url\":\"https:\/\/lacabanasse.fr\/les-commissions\/\",\"name\":\"Commissions - Syndicats - Organismes Ext\u00e9rieurs - Mairie La Cabanasse - Commissions - Syndicats - Organismes Ext\u00e9rieurs\",\"isPartOf\":{\"@id\":\"https:\/\/lacabanasse.fr\/#website\"},\"datePublished\":\"2021-02-11T11:14:25+00:00\",\"dateModified\":\"2026-04-20T08:36:08+00:00\",\"description\":\"Les commissions en place sont des \u00e9manations du Conseil Municipal. Elles aident traiter les dossiers qui sont de sa responsabilit\u00e9.\",\"breadcrumb\":{\"@id\":\"https:\/\/lacabanasse.fr\/les-commissions\/#breadcrumb\"},\"inLanguage\":\"es-ES\",\"potentialAction\":[{\"@type\":\"ReadAction\",\"target\":[\"https:\/\/lacabanasse.fr\/les-commissions\/\"]}]},{\"@type\":\"BreadcrumbList\",\"@id\":\"https:\/\/lacabanasse.fr\/les-commissions\/#breadcrumb\",\"itemListElement\":[{\"@type\":\"ListItem\",\"position\":1,\"name\":\"Accueil\",\"item\":\"https:\/\/lacabanasse.fr\/\"},{\"@type\":\"ListItem\",\"position\":2,\"name\":\"Commissions &#8211; Syndicats &#8211; Organismes Ext\u00e9rieurs\"}]},{\"@type\":\"WebSite\",\"@id\":\"https:\/\/lacabanasse.fr\/#website\",\"url\":\"https:\/\/lacabanasse.fr\/\",\"name\":\"Mairie de la Cabanasse\",\"description\":\"Site officiel  de la Mairie de La Cabanasse dans les Pyr\u00e9n\u00e9es Orientales\",\"publisher\":{\"@id\":\"https:\/\/lacabanasse.fr\/#organization\"},\"potentialAction\":[{\"@type\":\"SearchAction\",\"target\":{\"@type\":\"EntryPoint\",\"urlTemplate\":\"https:\/\/lacabanasse.fr\/?s={search_term_string}\"},\"query-input\":{\"@type\":\"PropertyValueSpecification\",\"valueRequired\":true,\"valueName\":\"search_term_string\"}}],\"inLanguage\":\"es-ES\"},{\"@type\":\"Organization\",\"@id\":\"https:\/\/lacabanasse.fr\/#organization\",\"name\":\"Mairie de la Cabanasse\",\"url\":\"https:\/\/lacabanasse.fr\/\",\"logo\":{\"@type\":\"ImageObject\",\"inLanguage\":\"es-ES\",\"@id\":\"https:\/\/lacabanasse.fr\/#\/schema\/logo\/image\/\",\"url\":\"https:\/\/lacabanasse.fr\/wp-content\/uploads\/2021\/03\/cropped-favicon-la-cabanasse.jpg\",\"contentUrl\":\"https:\/\/lacabanasse.fr\/wp-content\/uploads\/2021\/03\/cropped-favicon-la-cabanasse.jpg\",\"width\":512,\"height\":512,\"caption\":\"Mairie de la Cabanasse\"},\"image\":{\"@id\":\"https:\/\/lacabanasse.fr\/#\/schema\/logo\/image\/\"},\"sameAs\":[\"https:\/\/www.facebook.com\/lacabanasse66210\/\"]}]}<\/script>\n<!-- \/ Yoast SEO plugin. -->","yoast_head_json":{"title":"Commissions - Syndicats - Organismes Ext\u00e9rieurs - Mairie La Cabanasse - Commissions - Syndicats - Organismes Ext\u00e9rieurs","description":"Los comit\u00e9s existentes son una emanaci\u00f3n del Concejo Municipal. Contribuyen a abordar los asuntos que son de su competencia.","robots":{"index":"index","follow":"follow","max-snippet":"max-snippet:-1","max-image-preview":"max-image-preview:large","max-video-preview":"max-video-preview:-1"},"canonical":"https:\/\/lacabanasse.fr\/es\/les-commissions\/","og_locale":"es_ES","og_type":"article","og_title":"Commissions - Syndicats - Organismes Ext\u00e9rieurs - Mairie La Cabanasse - Commissions - Syndicats - Organismes Ext\u00e9rieurs","og_description":"Les commissions en place sont des \u00e9manations du Conseil Municipal. Elles aident traiter les dossiers qui sont de sa responsabilit\u00e9.","og_url":"https:\/\/lacabanasse.fr\/es\/les-commissions\/","og_site_name":"Mairie La Cabanasse","article_publisher":"https:\/\/www.facebook.com\/lacabanasse66210\/","article_modified_time":"2026-04-20T08:36:08+00:00","twitter_card":"summary_large_image","twitter_misc":{"Est. reading time":"1 minute"},"schema":{"@context":"https:\/\/schema.org","@graph":[{"@type":"WebPage","@id":"https:\/\/lacabanasse.fr\/les-commissions\/","url":"https:\/\/lacabanasse.fr\/les-commissions\/","name":"Commissions - Syndicats - Organismes Ext\u00e9rieurs - Mairie La Cabanasse - Commissions - Syndicats - Organismes Ext\u00e9rieurs","isPartOf":{"@id":"https:\/\/lacabanasse.fr\/#website"},"datePublished":"2021-02-11T11:14:25+00:00","dateModified":"2026-04-20T08:36:08+00:00","description":"Los comit\u00e9s existentes son una emanaci\u00f3n del Concejo Municipal. Contribuyen a abordar los asuntos que son de su competencia.","breadcrumb":{"@id":"https:\/\/lacabanasse.fr\/les-commissions\/#breadcrumb"},"inLanguage":"es-ES","potentialAction":[{"@type":"ReadAction","target":["https:\/\/lacabanasse.fr\/les-commissions\/"]}]},{"@type":"BreadcrumbList","@id":"https:\/\/lacabanasse.fr\/les-commissions\/#breadcrumb","itemListElement":[{"@type":"ListItem","position":1,"name":"Accueil","item":"https:\/\/lacabanasse.fr\/"},{"@type":"ListItem","position":2,"name":"Commissions &#8211; Syndicats &#8211; Organismes Ext\u00e9rieurs"}]},{"@type":"WebSite","@id":"https:\/\/lacabanasse.fr\/#website","url":"https:\/\/lacabanasse.fr\/","name":"Ayuntamiento de Cabanasse","description":"Sitio web oficial del Ayuntamiento de La Cabanasse en los Pirineos Orientales","publisher":{"@id":"https:\/\/lacabanasse.fr\/#organization"},"potentialAction":[{"@type":"SearchAction","target":{"@type":"EntryPoint","urlTemplate":"https:\/\/lacabanasse.fr\/?s={search_term_string}"},"query-input":{"@type":"PropertyValueSpecification","valueRequired":true,"valueName":"search_term_string"}}],"inLanguage":"es-ES"},{"@type":"Organization","@id":"https:\/\/lacabanasse.fr\/#organization","name":"Ayuntamiento de Cabanasse","url":"https:\/\/lacabanasse.fr\/","logo":{"@type":"ImageObject","inLanguage":"es-ES","@id":"https:\/\/lacabanasse.fr\/#\/schema\/logo\/image\/","url":"https:\/\/lacabanasse.fr\/wp-content\/uploads\/2021\/03\/cropped-favicon-la-cabanasse.jpg","contentUrl":"https:\/\/lacabanasse.fr\/wp-content\/uploads\/2021\/03\/cropped-favicon-la-cabanasse.jpg","width":512,"height":512,"caption":"Mairie de la Cabanasse"},"image":{"@id":"https:\/\/lacabanasse.fr\/#\/schema\/logo\/image\/"},"sameAs":["https:\/\/www.facebook.com\/lacabanasse66210\/"]}]}},"uagb_featured_image_src":{"full":false,"thumbnail":false,"medium":false,"medium_large":false,"large":false,"gs-tiny":false,"xl":false,"xxl":false,"xxxl":false,"xxxxl":false,"xxxxxl":false,"1536x1536":false,"2048x2048":false,"trp-custom-language-flag":false,"sow-carousel-default":false},"uagb_author_info":{"display_name":"900k","author_link":"https:\/\/lacabanasse.fr\/es\/author\/900k\/"},"uagb_comment_info":0,"uagb_excerpt":"Les&nbsp;commissions&nbsp;en place sont des \u00e9manations du Conseil Municipal. Elles aident celui-ci \u00e0 traiter les dossiers qui sont de sa responsabilit\u00e9 en les pr\u00e9parant lors de r\u00e9unions de travail. Elles lui proposent des orientations vot\u00e9es le cas \u00e9ch\u00e9ant lors des r\u00e9unions du Conseil Municipal.","_links":{"self":[{"href":"https:\/\/lacabanasse.fr\/es\/wp-json\/wp\/v2\/pages\/597","targetHints":{"allow":["GET"]}}],"collection":[{"href":"https:\/\/lacabanasse.fr\/es\/wp-json\/wp\/v2\/pages"}],"about":[{"href":"https:\/\/lacabanasse.fr\/es\/wp-json\/wp\/v2\/types\/page"}],"author":[{"embeddable":true,"href":"https:\/\/lacabanasse.fr\/es\/wp-json\/wp\/v2\/users\/1"}],"replies":[{"embeddable":true,"href":"https:\/\/lacabanasse.fr\/es\/wp-json\/wp\/v2\/comments?post=597"}],"version-history":[{"count":73,"href":"https:\/\/lacabanasse.fr\/es\/wp-json\/wp\/v2\/pages\/597\/revisions"}],"predecessor-version":[{"id":5585,"href":"https:\/\/lacabanasse.fr\/es\/wp-json\/wp\/v2\/pages\/597\/revisions\/5585"}],"wp:attachment":[{"href":"https:\/\/lacabanasse.fr\/es\/wp-json\/wp\/v2\/media?parent=597"}],"curies":[{"name":"gracias","href":"https:\/\/api.w.org\/{rel}","templated":true}]}}