{"id":601,"date":"2021-02-11T12:15:15","date_gmt":"2021-02-11T11:15:15","guid":{"rendered":"https:\/\/cabanasse.900k.fr\/?page_id=601"},"modified":"2021-05-20T19:07:07","modified_gmt":"2021-05-20T17:07:07","slug":"bulletins-municipaux","status":"publish","type":"page","link":"https:\/\/lacabanasse.fr\/es\/bulletins-municipaux\/","title":{"rendered":"Boletines municipales"},"content":{"rendered":"<div class=\"wp-block-group\"><div class=\"wp-block-group__inner-container is-layout-flow wp-block-group-is-layout-flow\">\n<p class=\"black-cabanasse\">La ciudad utiliza boletines municipales para transmitir informaci\u00f3n a los residentes. <br>En esta p\u00e1gina encontrar\u00e1 todos los boletines municipales. Algunas copias tambi\u00e9n est\u00e1n disponibles en la recepci\u00f3n de La Mairie y en la biblioteca.\u00a0<br>\u00bfAlguna informaci\u00f3n para publicar en el pr\u00f3ximo bolet\u00edn? Env\u00edanos tu texto y fotos por <a href=\"mailto:mairie@lacabanasse.fr\" target=\"_blank\" rel=\"noreferrer noopener\">correo<\/a>.<\/p>\n<\/div><\/div>\n\n\n\n<div class=\"wp-block-columns is-layout-flex wp-container-core-columns-is-layout-9d6595d7 wp-block-columns-is-layout-flex\">\n<div class=\"wp-block-column is-layout-flow wp-block-column-is-layout-flow\" style=\"flex-basis:33.33%\">\n<figure class=\"wp-block-image size-large is-style-default\"><img loading=\"lazy\" decoding=\"async\" width=\"724\" height=\"1024\" src=\"https:\/\/lacabanasse.fr\/wp-content\/uploads\/2021\/03\/Logo-BM-724x1024.jpg\" alt=\"\" class=\"wp-image-1002\" srcset=\"https:\/\/lacabanasse.fr\/wp-content\/uploads\/2021\/03\/Logo-BM-724x1024.jpg 724w, https:\/\/lacabanasse.fr\/wp-content\/uploads\/2021\/03\/Logo-BM-212x300.jpg 212w, https:\/\/lacabanasse.fr\/wp-content\/uploads\/2021\/03\/Logo-BM-768x1086.jpg 768w, https:\/\/lacabanasse.fr\/wp-content\/uploads\/2021\/03\/Logo-BM-1086x1536.jpg 1086w, https:\/\/lacabanasse.fr\/wp-content\/uploads\/2021\/03\/Logo-BM-8x12.jpg 8w, https:\/\/lacabanasse.fr\/wp-content\/uploads\/2021\/03\/Logo-BM.jpg 1190w\" sizes=\"auto, (max-width: 724px) 100vw, 724px\" \/><\/figure>\n<\/div>\n\n\n\n<div class=\"wp-block-column is-layout-flow wp-block-column-is-layout-flow\" style=\"flex-basis:66.66%\">\n            <div class=\"widget shortcode-widget lsvr_document-list-widget lsvr_document-list-widget--shortcode\"><div class=\"widget__inner\"><h3 class=\"widget__title\">Los \u00faltimos boletines municipales<\/h3>\n<div class=\"widget__content\">\n\n\t\n\t\t<ul class=\"lsvr_document-list-widget__list\">\n\n    \t\t\n    \t\t\t<li class=\"lsvr_document-list-widget__item\">\n\n        \t\t\t<h4 class=\"lsvr_document-list-widget__item-title\">\n        \t\t\t\t<a href=\"https:\/\/lacabanasse.fr\/es\/documents\/bulletin-municipal-de-juillet-2024\/\" class=\"lsvr_document-list-widget__item-title-link\">\n        \t\t\t\t\tBolet\u00edn municipal de julio de 2024        \t\t\t\t<\/a>\n        \t\t\t<\/h4>\n\n        \t\t\t\n        \t\t\t\t<div class=\"lsvr_document-list-widget__item-info\">\n\n\t\t\t\t\t\t\t\n\t\t\t\t\t\t\t\t<p class=\"lsvr_document-list-widget__item-date\">\n\t\t\t\t\t\t\t\t\t14 de octubre de 2024\t\t\t\t\t\t\t\t<\/p>\n\n\t\t\t\t\t\t\t\n\t\t\t\t\t\t\t\n\t\t\t\t\t\t\t\t<p class=\"lsvr_document-list-widget__item-count\">\n\t\t\t\t\t\t\t\t\t1 archivo adjunto\t\t\t\t\t\t\t\t<\/p>\n\n\t\t\t\t\t\t\t\n        \t\t\t\t<\/div>\n\n        \t\t\t\n    \t\t\t<\/li>\n\n    \t\t\n    \t\t\t<li class=\"lsvr_document-list-widget__item\">\n\n        \t\t\t<h4 class=\"lsvr_document-list-widget__item-title\">\n        \t\t\t\t<a href=\"https:\/\/lacabanasse.fr\/es\/documents\/bulletin-municipal-de-juillet-2023\/\" class=\"lsvr_document-list-widget__item-title-link\">\n        \t\t\t\t\tBolet\u00edn Municipal Julio 2023        \t\t\t\t<\/a>\n        \t\t\t<\/h4>\n\n        \t\t\t\n        \t\t\t\t<div class=\"lsvr_document-list-widget__item-info\">\n\n\t\t\t\t\t\t\t\n\t\t\t\t\t\t\t\t<p class=\"lsvr_document-list-widget__item-date\">\n\t\t\t\t\t\t\t\t\t19 de julio de 2023\t\t\t\t\t\t\t\t<\/p>\n\n\t\t\t\t\t\t\t\n\t\t\t\t\t\t\t\n\t\t\t\t\t\t\t\t<p class=\"lsvr_document-list-widget__item-count\">\n\t\t\t\t\t\t\t\t\t1 archivo adjunto\t\t\t\t\t\t\t\t<\/p>\n\n\t\t\t\t\t\t\t\n        \t\t\t\t<\/div>\n\n        \t\t\t\n    \t\t\t<\/li>\n\n    \t\t\n    \t\t\t<li class=\"lsvr_document-list-widget__item\">\n\n        \t\t\t<h4 class=\"lsvr_document-list-widget__item-title\">\n        \t\t\t\t<a href=\"https:\/\/lacabanasse.fr\/es\/documents\/bulletin-municipal-de-fevrier-2023\/\" class=\"lsvr_document-list-widget__item-title-link\">\n        \t\t\t\t\tBolet\u00edn Municipal Febrero 2023        \t\t\t\t<\/a>\n        \t\t\t<\/h4>\n\n        \t\t\t\n        \t\t\t\t<div class=\"lsvr_document-list-widget__item-info\">\n\n\t\t\t\t\t\t\t\n\t\t\t\t\t\t\t\t<p class=\"lsvr_document-list-widget__item-date\">\n\t\t\t\t\t\t\t\t\t17 de febrero de 2023\t\t\t\t\t\t\t\t<\/p>\n\n\t\t\t\t\t\t\t\n\t\t\t\t\t\t\t\n\t\t\t\t\t\t\t\t<p class=\"lsvr_document-list-widget__item-count\">\n\t\t\t\t\t\t\t\t\t1 archivo adjunto\t\t\t\t\t\t\t\t<\/p>\n\n\t\t\t\t\t\t\t\n        \t\t\t\t<\/div>\n\n        \t\t\t\n    \t\t\t<\/li>\n\n    \t\t\n    \t\t\t<li class=\"lsvr_document-list-widget__item\">\n\n        \t\t\t<h4 class=\"lsvr_document-list-widget__item-title\">\n        \t\t\t\t<a href=\"https:\/\/lacabanasse.fr\/es\/documents\/bulletin-municipal-de-juillet-2022\/\" class=\"lsvr_document-list-widget__item-title-link\">\n        \t\t\t\t\tBolet\u00edn municipal de julio de 2022        \t\t\t\t<\/a>\n        \t\t\t<\/h4>\n\n        \t\t\t\n        \t\t\t\t<div class=\"lsvr_document-list-widget__item-info\">\n\n\t\t\t\t\t\t\t\n\t\t\t\t\t\t\t\t<p class=\"lsvr_document-list-widget__item-date\">\n\t\t\t\t\t\t\t\t\t3 de enero de 2023\t\t\t\t\t\t\t\t<\/p>\n\n\t\t\t\t\t\t\t\n\t\t\t\t\t\t\t\n\t\t\t\t\t\t\t\t<p class=\"lsvr_document-list-widget__item-count\">\n\t\t\t\t\t\t\t\t\t1 archivo adjunto\t\t\t\t\t\t\t\t<\/p>\n\n\t\t\t\t\t\t\t\n        \t\t\t\t<\/div>\n\n        \t\t\t\n    \t\t\t<\/li>\n\n    \t\t\n\t\t<\/ul>\n\n\t\t\n\t\t\t<p class=\"widget__more\">\n\n\t\t\t\t\n\t\t\t\t\t<a href=\"https:\/\/lacabanasse.fr\/es\/document-categorie\/bulletin-municipal\/\" class=\"widget__more-link\">Ver m\u00e1s boletines<\/a>\n\n\t\t\t\t\n\t\t\t<\/p>\n\n\t\t\n\t\n<\/div>\n\n<\/div><\/div>\n            <\/div>\n<\/div>","protected":false},"excerpt":{"rendered":"<p>La ciudad utiliza boletines municipales para transmitir informaci\u00f3n a los residentes. En esta p\u00e1gina encontrar\u00e1 todos los boletines municipales. Algunas copias tambi\u00e9n est\u00e1n disponibles en la recepci\u00f3n de La Mairie y en la biblioteca. \u00bfAlguna informaci\u00f3n para publicar en el pr\u00f3ximo bolet\u00edn? Env\u00edanos tu texto y fotos por correo electr\u00f3nico.<\/p>","protected":false},"author":1,"featured_media":0,"parent":0,"menu_order":0,"comment_status":"closed","ping_status":"closed","template":"page-templates\/not-boxed.php","meta":{"_eb_attr":"","_uag_custom_page_level_css":"","_monsterinsights_skip_tracking":false,"_monsterinsights_sitenote_active":false,"_monsterinsights_sitenote_note":"","_monsterinsights_sitenote_category":0,"footnotes":""},"class_list":["post-601","page","type-page","status-publish","hentry"],"yoast_head":"<!-- This site is optimized with the Yoast SEO plugin v26.2 - https:\/\/yoast.com\/wordpress\/plugins\/seo\/ -->\n<title>Bulletins Municipaux - Mairie La Cabanasse - Bulletins Municipaux<\/title>\n<meta name=\"description\" content=\"Le bulletin municipal est utilis\u00e9 par la ville pour transmettre des informations aux habitants. Retrouvez sur cette page tous les bulletins.\" \/>\n<meta name=\"robots\" content=\"index, follow, max-snippet:-1, max-image-preview:large, max-video-preview:-1\" \/>\n<link rel=\"canonical\" href=\"https:\/\/lacabanasse.fr\/es\/bulletins-municipaux\/\" \/>\n<meta property=\"og:locale\" content=\"es_ES\" \/>\n<meta property=\"og:type\" content=\"article\" \/>\n<meta property=\"og:title\" content=\"Bulletins Municipaux - Mairie La Cabanasse - Bulletins Municipaux\" \/>\n<meta property=\"og:description\" content=\"Le bulletin municipal est utilis\u00e9 par la ville pour transmettre des informations aux habitants. Retrouvez sur cette page tous les bulletins.\" \/>\n<meta property=\"og:url\" content=\"https:\/\/lacabanasse.fr\/es\/bulletins-municipaux\/\" \/>\n<meta property=\"og:site_name\" content=\"Mairie La Cabanasse\" \/>\n<meta property=\"article:publisher\" content=\"https:\/\/www.facebook.com\/lacabanasse66210\/\" \/>\n<meta property=\"article:modified_time\" content=\"2021-05-20T17:07:07+00:00\" \/>\n<meta property=\"og:image\" content=\"https:\/\/lacabanasse.fr\/wp-content\/uploads\/2021\/03\/Logo-BM-724x1024.jpg\" \/>\n<meta name=\"twitter:card\" content=\"summary_large_image\" \/>\n<meta name=\"twitter:label1\" content=\"Est. reading time\" \/>\n\t<meta name=\"twitter:data1\" content=\"1 minute\" \/>\n<script type=\"application\/ld+json\" class=\"yoast-schema-graph\">{\"@context\":\"https:\/\/schema.org\",\"@graph\":[{\"@type\":\"WebPage\",\"@id\":\"https:\/\/lacabanasse.fr\/es\/bulletins-municipaux\/\",\"url\":\"https:\/\/lacabanasse.fr\/es\/bulletins-municipaux\/\",\"name\":\"Bulletins Municipaux - Mairie La Cabanasse - Bulletins Municipaux\",\"isPartOf\":{\"@id\":\"https:\/\/lacabanasse.fr\/#website\"},\"primaryImageOfPage\":{\"@id\":\"https:\/\/lacabanasse.fr\/es\/bulletins-municipaux\/#primaryimage\"},\"image\":{\"@id\":\"https:\/\/lacabanasse.fr\/es\/bulletins-municipaux\/#primaryimage\"},\"thumbnailUrl\":\"https:\/\/lacabanasse.fr\/wp-content\/uploads\/2021\/03\/Logo-BM-724x1024.jpg\",\"datePublished\":\"2021-02-11T11:15:15+00:00\",\"dateModified\":\"2021-05-20T17:07:07+00:00\",\"description\":\"Le bulletin municipal est utilis\u00e9 par la ville pour transmettre des informations aux habitants. Retrouvez sur cette page tous les bulletins.\",\"breadcrumb\":{\"@id\":\"https:\/\/lacabanasse.fr\/es\/bulletins-municipaux\/#breadcrumb\"},\"inLanguage\":\"es-ES\",\"potentialAction\":[{\"@type\":\"ReadAction\",\"target\":[\"https:\/\/lacabanasse.fr\/es\/bulletins-municipaux\/\"]}]},{\"@type\":\"ImageObject\",\"inLanguage\":\"es-ES\",\"@id\":\"https:\/\/lacabanasse.fr\/es\/bulletins-municipaux\/#primaryimage\",\"url\":\"https:\/\/lacabanasse.fr\/wp-content\/uploads\/2021\/03\/Logo-BM-724x1024.jpg\",\"contentUrl\":\"https:\/\/lacabanasse.fr\/wp-content\/uploads\/2021\/03\/Logo-BM-724x1024.jpg\"},{\"@type\":\"BreadcrumbList\",\"@id\":\"https:\/\/lacabanasse.fr\/es\/bulletins-municipaux\/#breadcrumb\",\"itemListElement\":[{\"@type\":\"ListItem\",\"position\":1,\"name\":\"Accueil\",\"item\":\"https:\/\/lacabanasse.fr\/\"},{\"@type\":\"ListItem\",\"position\":2,\"name\":\"Bulletins Municipaux\"}]},{\"@type\":\"WebSite\",\"@id\":\"https:\/\/lacabanasse.fr\/#website\",\"url\":\"https:\/\/lacabanasse.fr\/\",\"name\":\"Mairie de la Cabanasse\",\"description\":\"Site officiel  de la Mairie de La Cabanasse dans les Pyr\u00e9n\u00e9es Orientales\",\"publisher\":{\"@id\":\"https:\/\/lacabanasse.fr\/#organization\"},\"potentialAction\":[{\"@type\":\"SearchAction\",\"target\":{\"@type\":\"EntryPoint\",\"urlTemplate\":\"https:\/\/lacabanasse.fr\/?s={search_term_string}\"},\"query-input\":{\"@type\":\"PropertyValueSpecification\",\"valueRequired\":true,\"valueName\":\"search_term_string\"}}],\"inLanguage\":\"es-ES\"},{\"@type\":\"Organization\",\"@id\":\"https:\/\/lacabanasse.fr\/#organization\",\"name\":\"Mairie de la Cabanasse\",\"url\":\"https:\/\/lacabanasse.fr\/\",\"logo\":{\"@type\":\"ImageObject\",\"inLanguage\":\"es-ES\",\"@id\":\"https:\/\/lacabanasse.fr\/#\/schema\/logo\/image\/\",\"url\":\"https:\/\/lacabanasse.fr\/wp-content\/uploads\/2021\/03\/cropped-favicon-la-cabanasse.jpg\",\"contentUrl\":\"https:\/\/lacabanasse.fr\/wp-content\/uploads\/2021\/03\/cropped-favicon-la-cabanasse.jpg\",\"width\":512,\"height\":512,\"caption\":\"Mairie de la Cabanasse\"},\"image\":{\"@id\":\"https:\/\/lacabanasse.fr\/#\/schema\/logo\/image\/\"},\"sameAs\":[\"https:\/\/www.facebook.com\/lacabanasse66210\/\"]}]}<\/script>\n<!-- \/ Yoast SEO plugin. -->","yoast_head_json":{"title":"Boletines Municipales - Ayuntamiento de La Cabanasse - Boletines Municipales","description":"El bolet\u00edn municipal es utilizado por la ciudad para comunicar informaci\u00f3n a los residentes. Encuentre todos los boletines en esta p\u00e1gina.","robots":{"index":"index","follow":"follow","max-snippet":"max-snippet:-1","max-image-preview":"max-image-preview:large","max-video-preview":"max-video-preview:-1"},"canonical":"https:\/\/lacabanasse.fr\/es\/bulletins-municipaux\/","og_locale":"es_ES","og_type":"article","og_title":"Bulletins Municipaux - Mairie La Cabanasse - Bulletins Municipaux","og_description":"Le bulletin municipal est utilis\u00e9 par la ville pour transmettre des informations aux habitants. Retrouvez sur cette page tous les bulletins.","og_url":"https:\/\/lacabanasse.fr\/es\/bulletins-municipaux\/","og_site_name":"Mairie La Cabanasse","article_publisher":"https:\/\/www.facebook.com\/lacabanasse66210\/","article_modified_time":"2021-05-20T17:07:07+00:00","og_image":[{"url":"https:\/\/lacabanasse.fr\/wp-content\/uploads\/2021\/03\/Logo-BM-724x1024.jpg","type":"","width":"","height":""}],"twitter_card":"summary_large_image","twitter_misc":{"Est. reading time":"1 minute"},"schema":{"@context":"https:\/\/schema.org","@graph":[{"@type":"WebPage","@id":"https:\/\/lacabanasse.fr\/es\/bulletins-municipaux\/","url":"https:\/\/lacabanasse.fr\/es\/bulletins-municipaux\/","name":"Boletines Municipales - Ayuntamiento de La Cabanasse - Boletines Municipales","isPartOf":{"@id":"https:\/\/lacabanasse.fr\/#website"},"primaryImageOfPage":{"@id":"https:\/\/lacabanasse.fr\/es\/bulletins-municipaux\/#primaryimage"},"image":{"@id":"https:\/\/lacabanasse.fr\/es\/bulletins-municipaux\/#primaryimage"},"thumbnailUrl":"https:\/\/lacabanasse.fr\/wp-content\/uploads\/2021\/03\/Logo-BM-724x1024.jpg","datePublished":"2021-02-11T11:15:15+00:00","dateModified":"2021-05-20T17:07:07+00:00","description":"El bolet\u00edn municipal es utilizado por la ciudad para comunicar informaci\u00f3n a los residentes. Encuentre todos los boletines en esta p\u00e1gina.","breadcrumb":{"@id":"https:\/\/lacabanasse.fr\/es\/bulletins-municipaux\/#breadcrumb"},"inLanguage":"es-ES","potentialAction":[{"@type":"ReadAction","target":["https:\/\/lacabanasse.fr\/es\/bulletins-municipaux\/"]}]},{"@type":"ImageObject","inLanguage":"es-ES","@id":"https:\/\/lacabanasse.fr\/es\/bulletins-municipaux\/#primaryimage","url":"https:\/\/lacabanasse.fr\/wp-content\/uploads\/2021\/03\/Logo-BM-724x1024.jpg","contentUrl":"https:\/\/lacabanasse.fr\/wp-content\/uploads\/2021\/03\/Logo-BM-724x1024.jpg"},{"@type":"BreadcrumbList","@id":"https:\/\/lacabanasse.fr\/es\/bulletins-municipaux\/#breadcrumb","itemListElement":[{"@type":"ListItem","position":1,"name":"Accueil","item":"https:\/\/lacabanasse.fr\/"},{"@type":"ListItem","position":2,"name":"Bulletins Municipaux"}]},{"@type":"WebSite","@id":"https:\/\/lacabanasse.fr\/#website","url":"https:\/\/lacabanasse.fr\/","name":"Ayuntamiento de Cabanasse","description":"Sitio web oficial del Ayuntamiento de La Cabanasse en los Pirineos Orientales","publisher":{"@id":"https:\/\/lacabanasse.fr\/#organization"},"potentialAction":[{"@type":"SearchAction","target":{"@type":"EntryPoint","urlTemplate":"https:\/\/lacabanasse.fr\/?s={search_term_string}"},"query-input":{"@type":"PropertyValueSpecification","valueRequired":true,"valueName":"search_term_string"}}],"inLanguage":"es-ES"},{"@type":"Organization","@id":"https:\/\/lacabanasse.fr\/#organization","name":"Ayuntamiento de Cabanasse","url":"https:\/\/lacabanasse.fr\/","logo":{"@type":"ImageObject","inLanguage":"es-ES","@id":"https:\/\/lacabanasse.fr\/#\/schema\/logo\/image\/","url":"https:\/\/lacabanasse.fr\/wp-content\/uploads\/2021\/03\/cropped-favicon-la-cabanasse.jpg","contentUrl":"https:\/\/lacabanasse.fr\/wp-content\/uploads\/2021\/03\/cropped-favicon-la-cabanasse.jpg","width":512,"height":512,"caption":"Mairie de la Cabanasse"},"image":{"@id":"https:\/\/lacabanasse.fr\/#\/schema\/logo\/image\/"},"sameAs":["https:\/\/www.facebook.com\/lacabanasse66210\/"]}]}},"uagb_featured_image_src":{"full":false,"thumbnail":false,"medium":false,"medium_large":false,"large":false,"gs-tiny":false,"xl":false,"xxl":false,"xxxl":false,"xxxxl":false,"xxxxxl":false,"1536x1536":false,"2048x2048":false,"trp-custom-language-flag":false,"sow-carousel-default":false},"uagb_author_info":{"display_name":"900k","author_link":"https:\/\/lacabanasse.fr\/es\/author\/900k\/"},"uagb_comment_info":0,"uagb_excerpt":"La ville utilise les\u00a0bulletins municipaux\u00a0pour transmettre des informations aux habitants. Vous retrouvez sur cette page tous les bulletins municipaux. Quelques exemplaires sont \u00e9galement disponibles \u00e0 l&rsquo;accueil de La Mairie ainsi qu&rsquo;\u00e0 la biblioth\u00e8que.\u00a0Une information \u00e0 publier dans le prochain bulletin? Envoyez-nous votre texte et vos photos par mail.","_links":{"self":[{"href":"https:\/\/lacabanasse.fr\/es\/wp-json\/wp\/v2\/pages\/601","targetHints":{"allow":["GET"]}}],"collection":[{"href":"https:\/\/lacabanasse.fr\/es\/wp-json\/wp\/v2\/pages"}],"about":[{"href":"https:\/\/lacabanasse.fr\/es\/wp-json\/wp\/v2\/types\/page"}],"author":[{"embeddable":true,"href":"https:\/\/lacabanasse.fr\/es\/wp-json\/wp\/v2\/users\/1"}],"replies":[{"embeddable":true,"href":"https:\/\/lacabanasse.fr\/es\/wp-json\/wp\/v2\/comments?post=601"}],"version-history":[{"count":10,"href":"https:\/\/lacabanasse.fr\/es\/wp-json\/wp\/v2\/pages\/601\/revisions"}],"predecessor-version":[{"id":4544,"href":"https:\/\/lacabanasse.fr\/es\/wp-json\/wp\/v2\/pages\/601\/revisions\/4544"}],"wp:attachment":[{"href":"https:\/\/lacabanasse.fr\/es\/wp-json\/wp\/v2\/media?parent=601"}],"curies":[{"name":"gracias","href":"https:\/\/api.w.org\/{rel}","templated":true}]}}