{"id":603,"date":"2021-02-11T12:15:46","date_gmt":"2021-02-11T11:15:46","guid":{"rendered":"https:\/\/cabanasse.900k.fr\/?page_id=603"},"modified":"2025-03-27T13:57:26","modified_gmt":"2025-03-27T12:57:26","slug":"permanence-et-contact-avec-les-elus","status":"publish","type":"page","link":"https:\/\/lacabanasse.fr\/es\/permanence-et-contact-avec-les-elus\/","title":{"rendered":"Permanencia y contacto con funcionarios electos"},"content":{"rendered":"<div class=\"wp-block-media-text alignwide is-stacked-on-mobile black-cabanasse\"><figure class=\"wp-block-media-text__media\"><img loading=\"lazy\" decoding=\"async\" width=\"600\" height=\"400\" src=\"https:\/\/lacabanasse.fr\/wp-content\/uploads\/2021\/04\/2530_757_perm-elus-site-10x15-1.jpg\" alt=\"\" class=\"wp-image-1614 size-full\" srcset=\"https:\/\/lacabanasse.fr\/wp-content\/uploads\/2021\/04\/2530_757_perm-elus-site-10x15-1.jpg 600w, https:\/\/lacabanasse.fr\/wp-content\/uploads\/2021\/04\/2530_757_perm-elus-site-10x15-1-300x200.jpg 300w, https:\/\/lacabanasse.fr\/wp-content\/uploads\/2021\/04\/2530_757_perm-elus-site-10x15-1-16x12.jpg 16w, https:\/\/lacabanasse.fr\/wp-content\/uploads\/2021\/04\/2530_757_perm-elus-site-10x15-1-272x182.jpg 272w\" sizes=\"auto, (max-width: 600px) 100vw, 600px\" \/><\/figure><div class=\"wp-block-media-text__content\">\n<p class=\"has-medium-font-size\">Todas las citas se realizan a trav\u00e9s de la secretar\u00eda del Ayuntamiento (+33 (0)4 68 04 23 74). Luego se encarga de contactar al responsable electo en cuesti\u00f3n y comprobar su disponibilidad.\u00a0<\/p>\n<\/div><\/div>\n\n\n\n<p><\/p>","protected":false},"excerpt":{"rendered":"<p>Todas las citas se realizan a trav\u00e9s de la secretar\u00eda del Ayuntamiento (+33 (0)4 68 04 23 74). Luego se encarga de contactar al responsable electo en cuesti\u00f3n y comprobar su disponibilidad.\u00a0<\/p>","protected":false},"author":1,"featured_media":0,"parent":0,"menu_order":0,"comment_status":"closed","ping_status":"closed","template":"page-templates\/not-boxed.php","meta":{"_eb_attr":"","_uag_custom_page_level_css":"","_monsterinsights_skip_tracking":false,"_monsterinsights_sitenote_active":false,"_monsterinsights_sitenote_note":"","_monsterinsights_sitenote_category":0,"footnotes":""},"class_list":["post-603","page","type-page","status-publish","hentry"],"yoast_head":"<!-- This site is optimized with the Yoast SEO plugin v26.2 - https:\/\/yoast.com\/wordpress\/plugins\/seo\/ -->\n<title>Permanence et contact avec les \u00e9lus - Mairie La Cabanasse<\/title>\n<meta name=\"description\" content=\"Une permanence est assur\u00e9e par le 1er adjoint les mardis matin de 09h00 \u00e0 12h00. Pour prendre rendez-vous, contactez la Mairie 04 68 04 23 74\" \/>\n<meta name=\"robots\" content=\"index, follow, max-snippet:-1, max-image-preview:large, max-video-preview:-1\" \/>\n<link rel=\"canonical\" href=\"https:\/\/lacabanasse.fr\/es\/permanence-et-contact-avec-les-elus\/\" \/>\n<meta property=\"og:locale\" content=\"es_ES\" \/>\n<meta property=\"og:type\" content=\"article\" \/>\n<meta property=\"og:title\" content=\"Permanence et contact avec les \u00e9lus - Mairie La Cabanasse\" \/>\n<meta property=\"og:description\" content=\"Une permanence est assur\u00e9e par le 1er adjoint les mardis matin de 09h00 \u00e0 12h00. Pour prendre rendez-vous, contactez la Mairie 04 68 04 23 74\" \/>\n<meta property=\"og:url\" content=\"https:\/\/lacabanasse.fr\/es\/permanence-et-contact-avec-les-elus\/\" \/>\n<meta property=\"og:site_name\" content=\"Mairie La Cabanasse\" \/>\n<meta property=\"article:publisher\" content=\"https:\/\/www.facebook.com\/lacabanasse66210\/\" \/>\n<meta property=\"article:modified_time\" content=\"2025-03-27T12:57:26+00:00\" \/>\n<meta property=\"og:image\" content=\"https:\/\/lacabanasse.fr\/wp-content\/uploads\/2021\/04\/2530_757_perm-elus-site-10x15-1.jpg\" \/>\n\t<meta property=\"og:image:width\" content=\"600\" \/>\n\t<meta property=\"og:image:height\" content=\"400\" \/>\n\t<meta property=\"og:image:type\" content=\"image\/jpeg\" \/>\n<meta name=\"twitter:card\" content=\"summary_large_image\" \/>\n<meta name=\"twitter:label1\" content=\"Est. reading time\" \/>\n\t<meta name=\"twitter:data1\" content=\"1 minute\" \/>\n<script type=\"application\/ld+json\" class=\"yoast-schema-graph\">{\"@context\":\"https:\/\/schema.org\",\"@graph\":[{\"@type\":\"WebPage\",\"@id\":\"https:\/\/lacabanasse.fr\/permanence-et-contact-avec-les-elus\/\",\"url\":\"https:\/\/lacabanasse.fr\/permanence-et-contact-avec-les-elus\/\",\"name\":\"Permanence et contact avec les \u00e9lus - Mairie La Cabanasse\",\"isPartOf\":{\"@id\":\"https:\/\/lacabanasse.fr\/#website\"},\"primaryImageOfPage\":{\"@id\":\"https:\/\/lacabanasse.fr\/permanence-et-contact-avec-les-elus\/#primaryimage\"},\"image\":{\"@id\":\"https:\/\/lacabanasse.fr\/permanence-et-contact-avec-les-elus\/#primaryimage\"},\"thumbnailUrl\":\"https:\/\/lacabanasse.fr\/wp-content\/uploads\/2021\/04\/2530_757_perm-elus-site-10x15-1.jpg\",\"datePublished\":\"2021-02-11T11:15:46+00:00\",\"dateModified\":\"2025-03-27T12:57:26+00:00\",\"description\":\"Une permanence est assur\u00e9e par le 1er adjoint les mardis matin de 09h00 \u00e0 12h00. Pour prendre rendez-vous, contactez la Mairie 04 68 04 23 74\",\"breadcrumb\":{\"@id\":\"https:\/\/lacabanasse.fr\/permanence-et-contact-avec-les-elus\/#breadcrumb\"},\"inLanguage\":\"es-ES\",\"potentialAction\":[{\"@type\":\"ReadAction\",\"target\":[\"https:\/\/lacabanasse.fr\/permanence-et-contact-avec-les-elus\/\"]}]},{\"@type\":\"ImageObject\",\"inLanguage\":\"es-ES\",\"@id\":\"https:\/\/lacabanasse.fr\/permanence-et-contact-avec-les-elus\/#primaryimage\",\"url\":\"https:\/\/lacabanasse.fr\/wp-content\/uploads\/2021\/04\/2530_757_perm-elus-site-10x15-1.jpg\",\"contentUrl\":\"https:\/\/lacabanasse.fr\/wp-content\/uploads\/2021\/04\/2530_757_perm-elus-site-10x15-1.jpg\"},{\"@type\":\"BreadcrumbList\",\"@id\":\"https:\/\/lacabanasse.fr\/permanence-et-contact-avec-les-elus\/#breadcrumb\",\"itemListElement\":[{\"@type\":\"ListItem\",\"position\":1,\"name\":\"Accueil\",\"item\":\"https:\/\/lacabanasse.fr\/\"},{\"@type\":\"ListItem\",\"position\":2,\"name\":\"Permanence et contact avec les \u00e9lus\"}]},{\"@type\":\"WebSite\",\"@id\":\"https:\/\/lacabanasse.fr\/#website\",\"url\":\"https:\/\/lacabanasse.fr\/\",\"name\":\"Mairie de la Cabanasse\",\"description\":\"Site officiel  de la Mairie de La Cabanasse dans les Pyr\u00e9n\u00e9es Orientales\",\"publisher\":{\"@id\":\"https:\/\/lacabanasse.fr\/#organization\"},\"potentialAction\":[{\"@type\":\"SearchAction\",\"target\":{\"@type\":\"EntryPoint\",\"urlTemplate\":\"https:\/\/lacabanasse.fr\/?s={search_term_string}\"},\"query-input\":{\"@type\":\"PropertyValueSpecification\",\"valueRequired\":true,\"valueName\":\"search_term_string\"}}],\"inLanguage\":\"es-ES\"},{\"@type\":\"Organization\",\"@id\":\"https:\/\/lacabanasse.fr\/#organization\",\"name\":\"Mairie de la Cabanasse\",\"url\":\"https:\/\/lacabanasse.fr\/\",\"logo\":{\"@type\":\"ImageObject\",\"inLanguage\":\"es-ES\",\"@id\":\"https:\/\/lacabanasse.fr\/#\/schema\/logo\/image\/\",\"url\":\"https:\/\/lacabanasse.fr\/wp-content\/uploads\/2021\/03\/cropped-favicon-la-cabanasse.jpg\",\"contentUrl\":\"https:\/\/lacabanasse.fr\/wp-content\/uploads\/2021\/03\/cropped-favicon-la-cabanasse.jpg\",\"width\":512,\"height\":512,\"caption\":\"Mairie de la Cabanasse\"},\"image\":{\"@id\":\"https:\/\/lacabanasse.fr\/#\/schema\/logo\/image\/\"},\"sameAs\":[\"https:\/\/www.facebook.com\/lacabanasse66210\/\"]}]}<\/script>\n<!-- \/ Yoast SEO plugin. -->","yoast_head_json":{"title":"Horario de oficina y contacto con los funcionarios electos - Ayuntamiento de La Cabanasse","description":"El primer teniente de alcalde est\u00e1 de guardia los martes por la ma\u00f1ana, de 9:00 a 12:00. Para concertar una cita, contacte con el Ayuntamiento llamando al 04 68 04 23 74.","robots":{"index":"index","follow":"follow","max-snippet":"max-snippet:-1","max-image-preview":"max-image-preview:large","max-video-preview":"max-video-preview:-1"},"canonical":"https:\/\/lacabanasse.fr\/es\/permanence-et-contact-avec-les-elus\/","og_locale":"es_ES","og_type":"article","og_title":"Permanence et contact avec les \u00e9lus - Mairie La Cabanasse","og_description":"Une permanence est assur\u00e9e par le 1er adjoint les mardis matin de 09h00 \u00e0 12h00. Pour prendre rendez-vous, contactez la Mairie 04 68 04 23 74","og_url":"https:\/\/lacabanasse.fr\/es\/permanence-et-contact-avec-les-elus\/","og_site_name":"Mairie La Cabanasse","article_publisher":"https:\/\/www.facebook.com\/lacabanasse66210\/","article_modified_time":"2025-03-27T12:57:26+00:00","og_image":[{"width":600,"height":400,"url":"https:\/\/lacabanasse.fr\/wp-content\/uploads\/2021\/04\/2530_757_perm-elus-site-10x15-1.jpg","type":"image\/jpeg"}],"twitter_card":"summary_large_image","twitter_misc":{"Est. reading time":"1 minute"},"schema":{"@context":"https:\/\/schema.org","@graph":[{"@type":"WebPage","@id":"https:\/\/lacabanasse.fr\/permanence-et-contact-avec-les-elus\/","url":"https:\/\/lacabanasse.fr\/permanence-et-contact-avec-les-elus\/","name":"Horario de oficina y contacto con los funcionarios electos - Ayuntamiento de La Cabanasse","isPartOf":{"@id":"https:\/\/lacabanasse.fr\/#website"},"primaryImageOfPage":{"@id":"https:\/\/lacabanasse.fr\/permanence-et-contact-avec-les-elus\/#primaryimage"},"image":{"@id":"https:\/\/lacabanasse.fr\/permanence-et-contact-avec-les-elus\/#primaryimage"},"thumbnailUrl":"https:\/\/lacabanasse.fr\/wp-content\/uploads\/2021\/04\/2530_757_perm-elus-site-10x15-1.jpg","datePublished":"2021-02-11T11:15:46+00:00","dateModified":"2025-03-27T12:57:26+00:00","description":"El primer teniente de alcalde est\u00e1 de guardia los martes por la ma\u00f1ana, de 9:00 a 12:00. Para concertar una cita, contacte con el Ayuntamiento llamando al 04 68 04 23 74.","breadcrumb":{"@id":"https:\/\/lacabanasse.fr\/permanence-et-contact-avec-les-elus\/#breadcrumb"},"inLanguage":"es-ES","potentialAction":[{"@type":"ReadAction","target":["https:\/\/lacabanasse.fr\/permanence-et-contact-avec-les-elus\/"]}]},{"@type":"ImageObject","inLanguage":"es-ES","@id":"https:\/\/lacabanasse.fr\/permanence-et-contact-avec-les-elus\/#primaryimage","url":"https:\/\/lacabanasse.fr\/wp-content\/uploads\/2021\/04\/2530_757_perm-elus-site-10x15-1.jpg","contentUrl":"https:\/\/lacabanasse.fr\/wp-content\/uploads\/2021\/04\/2530_757_perm-elus-site-10x15-1.jpg"},{"@type":"BreadcrumbList","@id":"https:\/\/lacabanasse.fr\/permanence-et-contact-avec-les-elus\/#breadcrumb","itemListElement":[{"@type":"ListItem","position":1,"name":"Accueil","item":"https:\/\/lacabanasse.fr\/"},{"@type":"ListItem","position":2,"name":"Permanence et contact avec les \u00e9lus"}]},{"@type":"WebSite","@id":"https:\/\/lacabanasse.fr\/#website","url":"https:\/\/lacabanasse.fr\/","name":"Ayuntamiento de Cabanasse","description":"Sitio web oficial del Ayuntamiento de La Cabanasse en los Pirineos Orientales","publisher":{"@id":"https:\/\/lacabanasse.fr\/#organization"},"potentialAction":[{"@type":"SearchAction","target":{"@type":"EntryPoint","urlTemplate":"https:\/\/lacabanasse.fr\/?s={search_term_string}"},"query-input":{"@type":"PropertyValueSpecification","valueRequired":true,"valueName":"search_term_string"}}],"inLanguage":"es-ES"},{"@type":"Organization","@id":"https:\/\/lacabanasse.fr\/#organization","name":"Ayuntamiento de Cabanasse","url":"https:\/\/lacabanasse.fr\/","logo":{"@type":"ImageObject","inLanguage":"es-ES","@id":"https:\/\/lacabanasse.fr\/#\/schema\/logo\/image\/","url":"https:\/\/lacabanasse.fr\/wp-content\/uploads\/2021\/03\/cropped-favicon-la-cabanasse.jpg","contentUrl":"https:\/\/lacabanasse.fr\/wp-content\/uploads\/2021\/03\/cropped-favicon-la-cabanasse.jpg","width":512,"height":512,"caption":"Mairie de la Cabanasse"},"image":{"@id":"https:\/\/lacabanasse.fr\/#\/schema\/logo\/image\/"},"sameAs":["https:\/\/www.facebook.com\/lacabanasse66210\/"]}]}},"uagb_featured_image_src":{"full":false,"thumbnail":false,"medium":false,"medium_large":false,"large":false,"gs-tiny":false,"xl":false,"xxl":false,"xxxl":false,"xxxxl":false,"xxxxxl":false,"1536x1536":false,"2048x2048":false,"trp-custom-language-flag":false,"sow-carousel-default":false},"uagb_author_info":{"display_name":"900k","author_link":"https:\/\/lacabanasse.fr\/es\/author\/900k\/"},"uagb_comment_info":0,"uagb_excerpt":"Tous les rendez-vous passent par le secr\u00e9tariat de la Mairie (+33 (0)4 68 04 23 74). Il se charge ensuite de contacter l\u2019\u00e9lu concern\u00e9 et de voir sa disponibilit\u00e9.\u00a0","_links":{"self":[{"href":"https:\/\/lacabanasse.fr\/es\/wp-json\/wp\/v2\/pages\/603","targetHints":{"allow":["GET"]}}],"collection":[{"href":"https:\/\/lacabanasse.fr\/es\/wp-json\/wp\/v2\/pages"}],"about":[{"href":"https:\/\/lacabanasse.fr\/es\/wp-json\/wp\/v2\/types\/page"}],"author":[{"embeddable":true,"href":"https:\/\/lacabanasse.fr\/es\/wp-json\/wp\/v2\/users\/1"}],"replies":[{"embeddable":true,"href":"https:\/\/lacabanasse.fr\/es\/wp-json\/wp\/v2\/comments?post=603"}],"version-history":[{"count":11,"href":"https:\/\/lacabanasse.fr\/es\/wp-json\/wp\/v2\/pages\/603\/revisions"}],"predecessor-version":[{"id":5090,"href":"https:\/\/lacabanasse.fr\/es\/wp-json\/wp\/v2\/pages\/603\/revisions\/5090"}],"wp:attachment":[{"href":"https:\/\/lacabanasse.fr\/es\/wp-json\/wp\/v2\/media?parent=603"}],"curies":[{"name":"gracias","href":"https:\/\/api.w.org\/{rel}","templated":true}]}}