{"id":615,"date":"2021-02-11T12:18:31","date_gmt":"2021-02-11T11:18:31","guid":{"rendered":"https:\/\/cabanasse.900k.fr\/?page_id=615"},"modified":"2025-03-24T10:26:59","modified_gmt":"2025-03-24T09:26:59","slug":"syndicat-des-eaux","status":"publish","type":"page","link":"https:\/\/lacabanasse.fr\/es\/syndicat-des-eaux\/","title":{"rendered":"El Sindicato del Agua"},"content":{"rendered":"<div class=\"wp-block-media-text alignwide is-stacked-on-mobile is-vertically-aligned-top black-cabanasse\" style=\"grid-template-columns:42% auto\"><figure class=\"wp-block-media-text__media\"><img loading=\"lazy\" decoding=\"async\" width=\"200\" height=\"213\" src=\"https:\/\/lacabanasse.fr\/wp-content\/uploads\/2021\/04\/SIAEPA-logo.png\" alt=\"La Cabanasse-Syndicat des eaux-SIAEPA\" class=\"wp-image-2808 size-full\" srcset=\"https:\/\/lacabanasse.fr\/wp-content\/uploads\/2021\/04\/SIAEPA-logo.png 200w, https:\/\/lacabanasse.fr\/wp-content\/uploads\/2021\/04\/SIAEPA-logo-11x12.png 11w\" sizes=\"auto, (max-width: 200px) 100vw, 200px\" \/><\/figure><div class=\"wp-block-media-text__content\">\n<p>El servicio de agua potable se gestiona a nivel intermunicipal. El Sindicato Intercomunal de Agua Potable y Saneamiento (SIAEPA) de Cambre d&#039;Aze es el gestor.<\/p>\n\n\n\n<p><strong><span style=\"color:#0c6d7d\" class=\"has-inline-color\">Misiones relacionadas con el servicio<\/span><\/strong><\/p>\n\n\n\n<ul class=\"wp-block-list\">\n<li>Producci\u00f3n,<\/li>\n\n\n\n<li>Protecci\u00f3n de puntos de muestreo,<\/li>\n\n\n\n<li>Tratamiento,<\/li>\n\n\n\n<li>Transferir,<\/li>\n\n\n\n<li>Almacenamiento,<\/li>\n\n\n\n<li>Distribuci\u00f3n.<\/li>\n<\/ul>\n\n\n\n<p><strong><span style=\"color:#0c6d7d\" class=\"has-inline-color\">Descripci\u00f3n del territorio servido<\/span><\/strong><br>Situado en Haut-Conflent, en el departamento de Pirineos Orientales, el territorio de Cambre d&#039;Aze est\u00e1 marcado por fuertes presiones antropog\u00e9nicas. De hecho, el turismo y una demograf\u00eda en expansi\u00f3n, responsables del alto consumo de agua. Todos caracterizados por importantes variaciones estacionales.<\/p>\n\n\n\n<p>Adem\u00e1s, el territorio est\u00e1 sujeto a bajas temperaturas invernales. De ah\u00ed la necesidad de proteger las tuber\u00edas y las conexiones de la congelaci\u00f3n. Adem\u00e1s, las ca\u00eddas de la monta\u00f1a inducen la instalaci\u00f3n de muchos dispositivos de regulaci\u00f3n en toda la red.<\/p>\n<\/div><\/div>\n\n\n\n<div class=\"wp-block-columns black-cabanasse is-layout-flex wp-container-core-columns-is-layout-9d6595d7 wp-block-columns-is-layout-flex\">\n<div class=\"wp-block-column is-layout-flow wp-block-column-is-layout-flow\" style=\"flex-basis:50%\">\n<p><strong><span style=\"color:#0c6d7d\" class=\"has-inline-color\">Comunas adheridas al servicio<\/span><\/strong><\/p>\n\n\n\n<ul id=\"block-c9dde5d8-b54a-439b-b60e-9c6aadc4cfc9\" class=\"wp-block-list\">\n<li>La Cabanasse, incluida la aldea de La Perche,<\/li>\n\n\n\n<li>Mont-Louis,<\/li>\n\n\n\n<li>Saint-Pierre-dels-Forcats.<\/li>\n<\/ul>\n\n\n\n<p>el Sindicato Intercomunal de Agua Potable y Saneamiento de Cambre d&#039;Aze es representante del servicio de distribuci\u00f3n de agua potable en su regi\u00f3n.<br>Operador de la red de distribuci\u00f3n de agua potable, SIAEPA du Cambre d&#039;Aze gestiona la facturaci\u00f3n, la lectura de contadores de agua y la red.&nbsp;<\/p>\n<\/div>\n\n\n\n<div class=\"wp-block-column is-layout-flow wp-block-column-is-layout-flow\" style=\"flex-basis:50%\">\n<p><strong><span style=\"color:#0c6d7d\" class=\"has-inline-color\">Puede contactarlos para:<\/span><\/strong><\/p>\n\n\n\n<ul id=\"block-a604c46d-ffe3-45ae-bb3a-72dc637dbf7f\" class=\"wp-block-list\">\n<li>Abra el medidor cuando se mude<\/li>\n\n\n\n<li>Cierre su medidor cuando se mueva<\/li>\n\n\n\n<li>Una pregunta sobre sus facturas de agua<\/li>\n<\/ul>\n\n\n\n<p>Si desea ponerse en contacto con la autoridad del agua - SIAEPA du Cambre d&#039;Aze, p\u00f3ngase en contacto con el ayuntamiento de Saint-Pierre dels Forcats al +33 (0) 4 68 04 21 04.&nbsp;<br>Tambi\u00e9n puede encontrar asistencia en carretera en el +33 (0) 7 86 25 88 57.<\/p>\n\n\n\n<p><a href=\"https:\/\/www.stpierreforcats.fr\/details\/eaux\/\" target=\"_blank\" rel=\"noreferrer noopener\">https:\/\/www.stpierreforcats.fr\/details\/eaux\/<\/a><\/p>\n<\/div>\n<\/div>","protected":false},"excerpt":{"rendered":"<p>Municipios adheridos al servicio: El Sindicato Intercomunitario de Agua Potable y Saneamiento de Cambre d&#039;Aze es el delegado del servicio de distribuci\u00f3n de agua potable en su regi\u00f3n. El operador de la red de distribuci\u00f3n de agua potable, SIAEPA du Cambre d&#039;Aze, gestiona la facturaci\u00f3n, la lectura de contadores de agua y la red. Puede contactarlos para: [\u2026]<\/p>","protected":false},"author":1,"featured_media":0,"parent":0,"menu_order":0,"comment_status":"closed","ping_status":"closed","template":"page-templates\/not-boxed.php","meta":{"_eb_attr":"","_uag_custom_page_level_css":"","_monsterinsights_skip_tracking":false,"_monsterinsights_sitenote_active":false,"_monsterinsights_sitenote_note":"","_monsterinsights_sitenote_category":0,"footnotes":""},"class_list":["post-615","page","type-page","status-publish","hentry"],"yoast_head":"<!-- This site is optimized with the Yoast SEO plugin v26.2 - https:\/\/yoast.com\/wordpress\/plugins\/seo\/ -->\n<title>Le Syndicat des eaux - Mairie La Cabanasse - Le Syndicat des eaux<\/title>\n<meta name=\"description\" content=\"le Syndicat Intercommunal pour l&#039;Alimentation en Eau Potable et l&#039;Assainissement (SIAEPA) du Cambre d&#039;Aze g\u00e8re le service d&#039;eau potable.\" \/>\n<meta name=\"robots\" content=\"index, follow, max-snippet:-1, max-image-preview:large, max-video-preview:-1\" \/>\n<link rel=\"canonical\" href=\"https:\/\/lacabanasse.fr\/es\/syndicat-des-eaux\/\" \/>\n<meta property=\"og:locale\" content=\"es_ES\" \/>\n<meta property=\"og:type\" content=\"article\" \/>\n<meta property=\"og:title\" content=\"Le Syndicat des eaux - Mairie La Cabanasse - Le Syndicat des eaux\" \/>\n<meta property=\"og:description\" content=\"le Syndicat Intercommunal pour l&#039;Alimentation en Eau Potable et l&#039;Assainissement (SIAEPA) du Cambre d&#039;Aze g\u00e8re le service d&#039;eau potable.\" \/>\n<meta property=\"og:url\" content=\"https:\/\/lacabanasse.fr\/es\/syndicat-des-eaux\/\" \/>\n<meta property=\"og:site_name\" content=\"Mairie La Cabanasse\" \/>\n<meta property=\"article:publisher\" content=\"https:\/\/www.facebook.com\/lacabanasse66210\/\" \/>\n<meta property=\"article:modified_time\" content=\"2025-03-24T09:26:59+00:00\" \/>\n<meta property=\"og:image\" content=\"https:\/\/lacabanasse.fr\/wp-content\/uploads\/2021\/04\/SIAEPA-logo.png\" \/>\n\t<meta property=\"og:image:width\" content=\"200\" \/>\n\t<meta property=\"og:image:height\" content=\"213\" \/>\n\t<meta property=\"og:image:type\" content=\"image\/png\" \/>\n<meta name=\"twitter:card\" content=\"summary_large_image\" \/>\n<meta name=\"twitter:label1\" content=\"Est. reading time\" \/>\n\t<meta name=\"twitter:data1\" content=\"2 minutes\" \/>\n<script type=\"application\/ld+json\" class=\"yoast-schema-graph\">{\"@context\":\"https:\/\/schema.org\",\"@graph\":[{\"@type\":\"WebPage\",\"@id\":\"https:\/\/lacabanasse.fr\/syndicat-des-eaux\/\",\"url\":\"https:\/\/lacabanasse.fr\/syndicat-des-eaux\/\",\"name\":\"Le Syndicat des eaux - Mairie La Cabanasse - Le Syndicat des eaux\",\"isPartOf\":{\"@id\":\"https:\/\/lacabanasse.fr\/#website\"},\"primaryImageOfPage\":{\"@id\":\"https:\/\/lacabanasse.fr\/syndicat-des-eaux\/#primaryimage\"},\"image\":{\"@id\":\"https:\/\/lacabanasse.fr\/syndicat-des-eaux\/#primaryimage\"},\"thumbnailUrl\":\"https:\/\/lacabanasse.fr\/wp-content\/uploads\/2021\/04\/SIAEPA-logo.png\",\"datePublished\":\"2021-02-11T11:18:31+00:00\",\"dateModified\":\"2025-03-24T09:26:59+00:00\",\"description\":\"le Syndicat Intercommunal pour l'Alimentation en Eau Potable et l'Assainissement (SIAEPA) du Cambre d'Aze g\u00e8re le service d'eau potable.\",\"breadcrumb\":{\"@id\":\"https:\/\/lacabanasse.fr\/syndicat-des-eaux\/#breadcrumb\"},\"inLanguage\":\"es-ES\",\"potentialAction\":[{\"@type\":\"ReadAction\",\"target\":[\"https:\/\/lacabanasse.fr\/syndicat-des-eaux\/\"]}]},{\"@type\":\"ImageObject\",\"inLanguage\":\"es-ES\",\"@id\":\"https:\/\/lacabanasse.fr\/syndicat-des-eaux\/#primaryimage\",\"url\":\"https:\/\/lacabanasse.fr\/wp-content\/uploads\/2021\/04\/SIAEPA-logo.png\",\"contentUrl\":\"https:\/\/lacabanasse.fr\/wp-content\/uploads\/2021\/04\/SIAEPA-logo.png\"},{\"@type\":\"BreadcrumbList\",\"@id\":\"https:\/\/lacabanasse.fr\/syndicat-des-eaux\/#breadcrumb\",\"itemListElement\":[{\"@type\":\"ListItem\",\"position\":1,\"name\":\"Accueil\",\"item\":\"https:\/\/lacabanasse.fr\/\"},{\"@type\":\"ListItem\",\"position\":2,\"name\":\"Le Syndicat des eaux\"}]},{\"@type\":\"WebSite\",\"@id\":\"https:\/\/lacabanasse.fr\/#website\",\"url\":\"https:\/\/lacabanasse.fr\/\",\"name\":\"Mairie de la Cabanasse\",\"description\":\"Site officiel  de la Mairie de La Cabanasse dans les Pyr\u00e9n\u00e9es Orientales\",\"publisher\":{\"@id\":\"https:\/\/lacabanasse.fr\/#organization\"},\"potentialAction\":[{\"@type\":\"SearchAction\",\"target\":{\"@type\":\"EntryPoint\",\"urlTemplate\":\"https:\/\/lacabanasse.fr\/?s={search_term_string}\"},\"query-input\":{\"@type\":\"PropertyValueSpecification\",\"valueRequired\":true,\"valueName\":\"search_term_string\"}}],\"inLanguage\":\"es-ES\"},{\"@type\":\"Organization\",\"@id\":\"https:\/\/lacabanasse.fr\/#organization\",\"name\":\"Mairie de la Cabanasse\",\"url\":\"https:\/\/lacabanasse.fr\/\",\"logo\":{\"@type\":\"ImageObject\",\"inLanguage\":\"es-ES\",\"@id\":\"https:\/\/lacabanasse.fr\/#\/schema\/logo\/image\/\",\"url\":\"https:\/\/lacabanasse.fr\/wp-content\/uploads\/2021\/03\/cropped-favicon-la-cabanasse.jpg\",\"contentUrl\":\"https:\/\/lacabanasse.fr\/wp-content\/uploads\/2021\/03\/cropped-favicon-la-cabanasse.jpg\",\"width\":512,\"height\":512,\"caption\":\"Mairie de la Cabanasse\"},\"image\":{\"@id\":\"https:\/\/lacabanasse.fr\/#\/schema\/logo\/image\/\"},\"sameAs\":[\"https:\/\/www.facebook.com\/lacabanasse66210\/\"]}]}<\/script>\n<!-- \/ Yoast SEO plugin. -->","yoast_head_json":{"title":"El Sindicato del Agua - Ayuntamiento de La Cabanasse - El Sindicato del Agua","description":"La Uni\u00f3n Intercomunitaria de Abastecimiento de Agua Potable y Saneamiento (SIAEPA) de Cambre d&#039;Aze gestiona el servicio de agua potable.","robots":{"index":"index","follow":"follow","max-snippet":"max-snippet:-1","max-image-preview":"max-image-preview:large","max-video-preview":"max-video-preview:-1"},"canonical":"https:\/\/lacabanasse.fr\/es\/syndicat-des-eaux\/","og_locale":"es_ES","og_type":"article","og_title":"Le Syndicat des eaux - Mairie La Cabanasse - Le Syndicat des eaux","og_description":"le Syndicat Intercommunal pour l'Alimentation en Eau Potable et l'Assainissement (SIAEPA) du Cambre d'Aze g\u00e8re le service d'eau potable.","og_url":"https:\/\/lacabanasse.fr\/es\/syndicat-des-eaux\/","og_site_name":"Mairie La Cabanasse","article_publisher":"https:\/\/www.facebook.com\/lacabanasse66210\/","article_modified_time":"2025-03-24T09:26:59+00:00","og_image":[{"width":200,"height":213,"url":"https:\/\/lacabanasse.fr\/wp-content\/uploads\/2021\/04\/SIAEPA-logo.png","type":"image\/png"}],"twitter_card":"summary_large_image","twitter_misc":{"Est. reading time":"2 minutes"},"schema":{"@context":"https:\/\/schema.org","@graph":[{"@type":"WebPage","@id":"https:\/\/lacabanasse.fr\/syndicat-des-eaux\/","url":"https:\/\/lacabanasse.fr\/syndicat-des-eaux\/","name":"El Sindicato del Agua - Ayuntamiento de La Cabanasse - El Sindicato del Agua","isPartOf":{"@id":"https:\/\/lacabanasse.fr\/#website"},"primaryImageOfPage":{"@id":"https:\/\/lacabanasse.fr\/syndicat-des-eaux\/#primaryimage"},"image":{"@id":"https:\/\/lacabanasse.fr\/syndicat-des-eaux\/#primaryimage"},"thumbnailUrl":"https:\/\/lacabanasse.fr\/wp-content\/uploads\/2021\/04\/SIAEPA-logo.png","datePublished":"2021-02-11T11:18:31+00:00","dateModified":"2025-03-24T09:26:59+00:00","description":"La Uni\u00f3n Intercomunitaria de Abastecimiento de Agua Potable y Saneamiento (SIAEPA) de Cambre d&#039;Aze gestiona el servicio de agua potable.","breadcrumb":{"@id":"https:\/\/lacabanasse.fr\/syndicat-des-eaux\/#breadcrumb"},"inLanguage":"es-ES","potentialAction":[{"@type":"ReadAction","target":["https:\/\/lacabanasse.fr\/syndicat-des-eaux\/"]}]},{"@type":"ImageObject","inLanguage":"es-ES","@id":"https:\/\/lacabanasse.fr\/syndicat-des-eaux\/#primaryimage","url":"https:\/\/lacabanasse.fr\/wp-content\/uploads\/2021\/04\/SIAEPA-logo.png","contentUrl":"https:\/\/lacabanasse.fr\/wp-content\/uploads\/2021\/04\/SIAEPA-logo.png"},{"@type":"BreadcrumbList","@id":"https:\/\/lacabanasse.fr\/syndicat-des-eaux\/#breadcrumb","itemListElement":[{"@type":"ListItem","position":1,"name":"Accueil","item":"https:\/\/lacabanasse.fr\/"},{"@type":"ListItem","position":2,"name":"Le Syndicat des eaux"}]},{"@type":"WebSite","@id":"https:\/\/lacabanasse.fr\/#website","url":"https:\/\/lacabanasse.fr\/","name":"Ayuntamiento de Cabanasse","description":"Sitio web oficial del Ayuntamiento de La Cabanasse en los Pirineos Orientales","publisher":{"@id":"https:\/\/lacabanasse.fr\/#organization"},"potentialAction":[{"@type":"SearchAction","target":{"@type":"EntryPoint","urlTemplate":"https:\/\/lacabanasse.fr\/?s={search_term_string}"},"query-input":{"@type":"PropertyValueSpecification","valueRequired":true,"valueName":"search_term_string"}}],"inLanguage":"es-ES"},{"@type":"Organization","@id":"https:\/\/lacabanasse.fr\/#organization","name":"Ayuntamiento de Cabanasse","url":"https:\/\/lacabanasse.fr\/","logo":{"@type":"ImageObject","inLanguage":"es-ES","@id":"https:\/\/lacabanasse.fr\/#\/schema\/logo\/image\/","url":"https:\/\/lacabanasse.fr\/wp-content\/uploads\/2021\/03\/cropped-favicon-la-cabanasse.jpg","contentUrl":"https:\/\/lacabanasse.fr\/wp-content\/uploads\/2021\/03\/cropped-favicon-la-cabanasse.jpg","width":512,"height":512,"caption":"Mairie de la Cabanasse"},"image":{"@id":"https:\/\/lacabanasse.fr\/#\/schema\/logo\/image\/"},"sameAs":["https:\/\/www.facebook.com\/lacabanasse66210\/"]}]}},"uagb_featured_image_src":{"full":false,"thumbnail":false,"medium":false,"medium_large":false,"large":false,"gs-tiny":false,"xl":false,"xxl":false,"xxxl":false,"xxxxl":false,"xxxxxl":false,"1536x1536":false,"2048x2048":false,"trp-custom-language-flag":false,"sow-carousel-default":false},"uagb_author_info":{"display_name":"900k","author_link":"https:\/\/lacabanasse.fr\/es\/author\/900k\/"},"uagb_comment_info":0,"uagb_excerpt":"Communes adh\u00e9rentes au service le Syndicat Intercommunal pour l&rsquo;Alimentation en Eau Potable et l&rsquo;Assainissement du Cambre d&rsquo;Aze est un d\u00e9l\u00e9gataire du service de distribution d&rsquo;eau potable dans sa r\u00e9gion.Exploitant du r\u00e9seau de distribution d&rsquo;eau potable, SIAEPA du Cambre d&rsquo;Aze g\u00e8re la facturation, la rel\u00e8ve des compteurs d&rsquo;eau et le r\u00e9seau.&nbsp; Vous pouvez les contacter pour:&hellip;","_links":{"self":[{"href":"https:\/\/lacabanasse.fr\/es\/wp-json\/wp\/v2\/pages\/615","targetHints":{"allow":["GET"]}}],"collection":[{"href":"https:\/\/lacabanasse.fr\/es\/wp-json\/wp\/v2\/pages"}],"about":[{"href":"https:\/\/lacabanasse.fr\/es\/wp-json\/wp\/v2\/types\/page"}],"author":[{"embeddable":true,"href":"https:\/\/lacabanasse.fr\/es\/wp-json\/wp\/v2\/users\/1"}],"replies":[{"embeddable":true,"href":"https:\/\/lacabanasse.fr\/es\/wp-json\/wp\/v2\/comments?post=615"}],"version-history":[{"count":34,"href":"https:\/\/lacabanasse.fr\/es\/wp-json\/wp\/v2\/pages\/615\/revisions"}],"predecessor-version":[{"id":5065,"href":"https:\/\/lacabanasse.fr\/es\/wp-json\/wp\/v2\/pages\/615\/revisions\/5065"}],"wp:attachment":[{"href":"https:\/\/lacabanasse.fr\/es\/wp-json\/wp\/v2\/media?parent=615"}],"curies":[{"name":"gracias","href":"https:\/\/api.w.org\/{rel}","templated":true}]}}