{"id":617,"date":"2021-02-11T12:18:51","date_gmt":"2021-02-11T11:18:51","guid":{"rendered":"https:\/\/cabanasse.900k.fr\/?page_id=617"},"modified":"2026-01-29T10:34:08","modified_gmt":"2026-01-29T09:34:08","slug":"urbanisme","status":"publish","type":"page","link":"https:\/\/lacabanasse.fr\/es\/urbanisme\/","title":{"rendered":"Urbanismo"},"content":{"rendered":"<div class=\"wp-block-group black-cabanasse\"><div class=\"wp-block-group__inner-container is-layout-flow wp-block-group-is-layout-flow\">\n<div class=\"wp-block-columns is-layout-flex wp-container-core-columns-is-layout-9d6595d7 wp-block-columns-is-layout-flex\">\n<div class=\"wp-block-column is-layout-flow wp-block-column-is-layout-flow\" style=\"flex-basis:100%\">\n<div class=\"wp-block-group\"><div class=\"wp-block-group__inner-container is-layout-flow wp-block-group-is-layout-flow\">\n<div class=\"wp-block-columns is-layout-flex wp-container-core-columns-is-layout-9d6595d7 wp-block-columns-is-layout-flex\">\n<div class=\"wp-block-column is-layout-flow wp-block-column-is-layout-flow\" style=\"flex-basis:100%\">\n<div class=\"wp-block-group\"><div class=\"wp-block-group__inner-container is-layout-flow wp-block-group-is-layout-flow\">\n<h2 class=\"wp-block-heading\" id=\"plan-local-d-urbanisme\"><strong><span style=\"color:#0c6d7d\" class=\"has-inline-color\">Plan Urbano Local<\/span><\/strong><\/h2>\n\n\n\n<p>El Plan Urbano Local (PLU) es el principal documento urban\u00edstico a nivel municipal. Reemplaza el plan de ordenamiento territorial (POS); desde la Ley de Solidaridad Urbana y Renovaci\u00f3n del 13 de diciembre de 2000, conocida como \u201cLey SRU\u201d.&nbsp;<\/p>\n\n\n\n<p>Desde el 17 de julio de 2007, el Municipio de La Cabanasse cuenta con un Plan Urbano Local (PLU). Desde el 12 de diciembre de 2025, se ha decidido crear un Plan Urbano Local Intercomunitario (PLUi) en colaboraci\u00f3n con la Mancomunidad de Comunas de los Pirineos Catalanes.<\/p>\n\n\n\n<p>Es un proyecto integral de desarrollo municipal (PLU). Con miras al respeto del desarrollo sostenible, en el marco del proyecto de planificaci\u00f3n y desarrollo sostenible (PADD). Respetando la planificaci\u00f3n urbana, la vivienda y las pol\u00edticas de viajes urbanos.<\/p>\n\n\n\n<p>Puede encontrar toda la informaci\u00f3n relacionada con el PLU en este sitio: &nbsp;<a rel=\"noreferrer noopener\" href=\"https:\/\/www.geoportail.gouv.fr\/carte\" target=\"_blank\">Geoportal<\/a> &nbsp;<\/p>\n\n\n\n<p>Encuentre las regulaciones de PLU Zone en los documentos para descargar al lado.<\/p>\n\n\n\n<h2 class=\"wp-block-heading\" id=\"autorisations-d-urbanisme\"><strong><span style=\"color:#0c6d7d\" class=\"has-inline-color\">Autorizaciones urban\u00edsticas<\/span><\/strong><\/h2>\n\n\n\n<p><strong>Recordatorio: Las solicitudes de permisos de construcci\u00f3n, declaraciones de obra y otras solicitudes son tramitadas directamente por la Communaut\u00e9 de Communes (ayuntamiento), el departamento de urbanismo y la B\u00e2timents de France (autoridad de patrimonio arquitect\u00f3nico franc\u00e9s) (en un radio de 500 m de las murallas de Mont Louis). El municipio act\u00faa \u00fanicamente como intermediario; verifica la presentaci\u00f3n de las solicitudes y toma las decisiones finales.<\/strong><\/p>\n\n\n\n<p>Puede presentar sus solicitudes de planificaci\u00f3n: <\/p>\n\n\n\n<ul class=\"wp-block-list\">\n<li> Directamente en el Ayuntamiento cumplimentando los formularios necesarios: <a href=\"https:\/\/www.service-public.fr\/particuliers\/vosdroits\/N319\" target=\"_blank\" rel=\"noreferrer noopener\">Servicio p\u00fablico - Urbanismo<\/a>\u00a0<\/li>\n\n\n\n<li>Directamente en el portal \u00fanico: https:\/\/cc-pyrenees-catalanes.geosphere.fr\/guichet-unique. Si no tiene una cuenta, deber\u00e1 crearla.<\/li>\n<\/ul>\n\n\n\n<p><\/p>\n<\/div><\/div>\n<\/div>\n<\/div>\n<\/div><\/div>\n<\/div>\n<\/div>\n<\/div><\/div>\n\n\n\n<div class=\"wp-block-columns is-layout-flex wp-container-core-columns-is-layout-9d6595d7 wp-block-columns-is-layout-flex\">\n<div class=\"wp-block-column is-layout-flow wp-block-column-is-layout-flow\">\n            <div class=\"widget shortcode-widget lsvr_document-attachments-widget lsvr_document-attachments-widget--shortcode\"><div class=\"widget__inner\"><h3 class=\"widget__title\">documento PLU<\/h3>\n<div class=\"widget__content\">\n\n\t\n\t\t<ul class=\"lsvr_document-attachments-widget__list\">\n    \t\t\n    \t\t\t    \t\t\t\n    \t\t\t\t\n    \t\t\t\t\t<li class=\"lsvr_document-attachments-widget__item\">\n\n    \t\t\t\t\t\t<span class=\"lsvr_document-attachments-widget__item-icon lsvr_document-attachment-icon lsvr_document-attachment-icon--pdf lsvr_document-attachment-icon--pdf\"\n    \t\t\t\t\t\t\taria-hidden=\"true\"><\/span>\n\n\t\t\t\t\t\t\t<a href=\"https:\/\/lacabanasse.fr\/wp-content\/uploads\/2021\/05\/1AU.pdf\"\n\t\t\t\t\t\t\t\ttarget=\"_blank\"\n\t\t\t\t\t\t\t\tclass=\"lsvr_document-attachments-widget__item-link\">\n\t\t\t\t\t\t\t\tLa Cabanasse-Zone 1 AU: \u00e1rea a urbanizar\t\t\t\t\t\t\t<\/a>\n\n\t\t\t\t\t\t\t\n\t\t\t\t\t\t\t\t<span class=\"screen-reader-text lsvr_document-attachments-widget__item-extension-wrapper\" role=\"group\">\n\t\t\t\t\t\t\t\t\t<span class=\"lsvr_document-attachments-widget__item-extension screen-reader-text\">Extensi\u00f3n de archivo: pdf<\/span>\n\t\t\t\t\t\t\t\t<\/span>\n\n\t\t\t\t\t\t\t\n\t\t\t\t\t\t\t\n\t\t\t\t\t\t\t\t<span class=\"lsvr_document-attachments-widget__item-filesize-wrapper\" role=\"group\">\n\t\t\t\t\t\t\t\t\t<span class=\"screen-reader-text\">Tama\u00f1o del archivo:<\/span>\n\t\t\t\t\t\t\t\t\t<span class=\"lsvr_document-attachments-widget__item-filesize\">539 KB<\/span>\n\t\t\t\t\t\t\t\t<\/span>\n\n\t\t\t\t\t\t\t\n\t\t\t\t\t\t\t\n    \t\t\t\t\t<\/li>\n\n    \t\t\t\t\t\n    \t\t\t\t\n    \t\t\t\t\t<li class=\"lsvr_document-attachments-widget__item\">\n\n    \t\t\t\t\t\t<span class=\"lsvr_document-attachments-widget__item-icon lsvr_document-attachment-icon lsvr_document-attachment-icon--pdf lsvr_document-attachment-icon--pdf\"\n    \t\t\t\t\t\t\taria-hidden=\"true\"><\/span>\n\n\t\t\t\t\t\t\t<a href=\"https:\/\/lacabanasse.fr\/wp-content\/uploads\/2021\/05\/2AU.pdf\"\n\t\t\t\t\t\t\t\ttarget=\"_blank\"\n\t\t\t\t\t\t\t\tclass=\"lsvr_document-attachments-widget__item-link\">\n\t\t\t\t\t\t\t\tLa Cabanasse-Zone 2 AU: \u00e1rea a urbanizar\t\t\t\t\t\t\t<\/a>\n\n\t\t\t\t\t\t\t\n\t\t\t\t\t\t\t\t<span class=\"screen-reader-text lsvr_document-attachments-widget__item-extension-wrapper\" role=\"group\">\n\t\t\t\t\t\t\t\t\t<span class=\"lsvr_document-attachments-widget__item-extension screen-reader-text\">Extensi\u00f3n de archivo: pdf<\/span>\n\t\t\t\t\t\t\t\t<\/span>\n\n\t\t\t\t\t\t\t\n\t\t\t\t\t\t\t\n\t\t\t\t\t\t\t\t<span class=\"lsvr_document-attachments-widget__item-filesize-wrapper\" role=\"group\">\n\t\t\t\t\t\t\t\t\t<span class=\"screen-reader-text\">Tama\u00f1o del archivo:<\/span>\n\t\t\t\t\t\t\t\t\t<span class=\"lsvr_document-attachments-widget__item-filesize\">189 KB<\/span>\n\t\t\t\t\t\t\t\t<\/span>\n\n\t\t\t\t\t\t\t\n\t\t\t\t\t\t\t\n    \t\t\t\t\t<\/li>\n\n    \t\t\t\t\t\n    \t\t\t\t\n    \t\t\t\t\t<li class=\"lsvr_document-attachments-widget__item\">\n\n    \t\t\t\t\t\t<span class=\"lsvr_document-attachments-widget__item-icon lsvr_document-attachment-icon lsvr_document-attachment-icon--pdf lsvr_document-attachment-icon--pdf\"\n    \t\t\t\t\t\t\taria-hidden=\"true\"><\/span>\n\n\t\t\t\t\t\t\t<a href=\"https:\/\/lacabanasse.fr\/wp-content\/uploads\/2021\/05\/A.pdf\"\n\t\t\t\t\t\t\t\ttarget=\"_blank\"\n\t\t\t\t\t\t\t\tclass=\"lsvr_document-attachments-widget__item-link\">\n\t\t\t\t\t\t\t\tLa Cabanasse-Zone A: zona agr\u00edcola\t\t\t\t\t\t\t<\/a>\n\n\t\t\t\t\t\t\t\n\t\t\t\t\t\t\t\t<span class=\"screen-reader-text lsvr_document-attachments-widget__item-extension-wrapper\" role=\"group\">\n\t\t\t\t\t\t\t\t\t<span class=\"lsvr_document-attachments-widget__item-extension screen-reader-text\">Extensi\u00f3n de archivo: pdf<\/span>\n\t\t\t\t\t\t\t\t<\/span>\n\n\t\t\t\t\t\t\t\n\t\t\t\t\t\t\t\n\t\t\t\t\t\t\t\t<span class=\"lsvr_document-attachments-widget__item-filesize-wrapper\" role=\"group\">\n\t\t\t\t\t\t\t\t\t<span class=\"screen-reader-text\">Tama\u00f1o del archivo:<\/span>\n\t\t\t\t\t\t\t\t\t<span class=\"lsvr_document-attachments-widget__item-filesize\">331 KB<\/span>\n\t\t\t\t\t\t\t\t<\/span>\n\n\t\t\t\t\t\t\t\n\t\t\t\t\t\t\t\n    \t\t\t\t\t<\/li>\n\n    \t\t\t\t\t\n    \t\t\t\t\n    \t\t\t\t\t<li class=\"lsvr_document-attachments-widget__item\">\n\n    \t\t\t\t\t\t<span class=\"lsvr_document-attachments-widget__item-icon lsvr_document-attachment-icon lsvr_document-attachment-icon--pdf lsvr_document-attachment-icon--pdf\"\n    \t\t\t\t\t\t\taria-hidden=\"true\"><\/span>\n\n\t\t\t\t\t\t\t<a href=\"https:\/\/lacabanasse.fr\/wp-content\/uploads\/2021\/05\/N.pdf\"\n\t\t\t\t\t\t\t\ttarget=\"_blank\"\n\t\t\t\t\t\t\t\tclass=\"lsvr_document-attachments-widget__item-link\">\n\t\t\t\t\t\t\t\tLa Cabanasse-Zone N: \u00e1rea natural y forestal\t\t\t\t\t\t\t<\/a>\n\n\t\t\t\t\t\t\t\n\t\t\t\t\t\t\t\t<span class=\"screen-reader-text lsvr_document-attachments-widget__item-extension-wrapper\" role=\"group\">\n\t\t\t\t\t\t\t\t\t<span class=\"lsvr_document-attachments-widget__item-extension screen-reader-text\">Extensi\u00f3n de archivo: pdf<\/span>\n\t\t\t\t\t\t\t\t<\/span>\n\n\t\t\t\t\t\t\t\n\t\t\t\t\t\t\t\n\t\t\t\t\t\t\t\t<span class=\"lsvr_document-attachments-widget__item-filesize-wrapper\" role=\"group\">\n\t\t\t\t\t\t\t\t\t<span class=\"screen-reader-text\">Tama\u00f1o del archivo:<\/span>\n\t\t\t\t\t\t\t\t\t<span class=\"lsvr_document-attachments-widget__item-filesize\">220 KB<\/span>\n\t\t\t\t\t\t\t\t<\/span>\n\n\t\t\t\t\t\t\t\n\t\t\t\t\t\t\t\n    \t\t\t\t\t<\/li>\n\n    \t\t\t\t\t\t\t<\/ul>\n\n\t\t\n\t\t\t<p class=\"widget__more\">\n\n\t\t\t\t\n\t\t\t\t<a href=\"https:\/\/lacabanasse.fr\/es\/document-categorie\/plan-local\/\" class=\"widget__more-link\">M\u00e1s documentos<\/a>\n\n\t\t\t\t\n\t\t\t<\/p>\n\n\t\t\n\t\n<\/div>\n\n<\/div><\/div>\n            <\/div>\n\n\n\n<div class=\"wp-block-column is-layout-flow wp-block-column-is-layout-flow\">\n            <div class=\"widget shortcode-widget lsvr_document-list-widget lsvr_document-list-widget--shortcode\"><div class=\"widget__inner\"><h3 class=\"widget__title\">Urbanismo<\/h3>\n<div class=\"widget__content\">\n\n\t\n\t\t<ul class=\"lsvr_document-list-widget__list\">\n\n    \t\t\n    \t\t\t<li class=\"lsvr_document-list-widget__item\">\n\n        \t\t\t<h4 class=\"lsvr_document-list-widget__item-title\">\n        \t\t\t\t<a href=\"https:\/\/lacabanasse.fr\/es\/documents\/cu-0660272600008\/\" class=\"lsvr_document-list-widget__item-title-link\">\n        \t\t\t\t\tCU 0660272600008        \t\t\t\t<\/a>\n        \t\t\t<\/h4>\n\n        \t\t\t\n        \t\t\t\t<div class=\"lsvr_document-list-widget__item-info\">\n\n\t\t\t\t\t\t\t\n\t\t\t\t\t\t\t\t<p class=\"lsvr_document-list-widget__item-date\">\n\t\t\t\t\t\t\t\t\t16 April 2026\t\t\t\t\t\t\t\t<\/p>\n\n\t\t\t\t\t\t\t\n\t\t\t\t\t\t\t\n\t\t\t\t\t\t\t\t<p class=\"lsvr_document-list-widget__item-count\">\n\t\t\t\t\t\t\t\t\t1 archivo adjunto\t\t\t\t\t\t\t\t<\/p>\n\n\t\t\t\t\t\t\t\n        \t\t\t\t<\/div>\n\n        \t\t\t\n    \t\t\t<\/li>\n\n    \t\t\n    \t\t\t<li class=\"lsvr_document-list-widget__item\">\n\n        \t\t\t<h4 class=\"lsvr_document-list-widget__item-title\">\n        \t\t\t\t<a href=\"https:\/\/lacabanasse.fr\/es\/documents\/cu-0660272600009\/\" class=\"lsvr_document-list-widget__item-title-link\">\n        \t\t\t\t\tCU 0660272600009        \t\t\t\t<\/a>\n        \t\t\t<\/h4>\n\n        \t\t\t\n        \t\t\t\t<div class=\"lsvr_document-list-widget__item-info\">\n\n\t\t\t\t\t\t\t\n\t\t\t\t\t\t\t\t<p class=\"lsvr_document-list-widget__item-date\">\n\t\t\t\t\t\t\t\t\t16 April 2026\t\t\t\t\t\t\t\t<\/p>\n\n\t\t\t\t\t\t\t\n\t\t\t\t\t\t\t\n\t\t\t\t\t\t\t\t<p class=\"lsvr_document-list-widget__item-count\">\n\t\t\t\t\t\t\t\t\t1 archivo adjunto\t\t\t\t\t\t\t\t<\/p>\n\n\t\t\t\t\t\t\t\n        \t\t\t\t<\/div>\n\n        \t\t\t\n    \t\t\t<\/li>\n\n    \t\t\n    \t\t\t<li class=\"lsvr_document-list-widget__item\">\n\n        \t\t\t<h4 class=\"lsvr_document-list-widget__item-title\">\n        \t\t\t\t<a href=\"https:\/\/lacabanasse.fr\/es\/documents\/cu-0660272600007\/\" class=\"lsvr_document-list-widget__item-title-link\">\n        \t\t\t\t\tCU 0660272600007        \t\t\t\t<\/a>\n        \t\t\t<\/h4>\n\n        \t\t\t\n        \t\t\t\t<div class=\"lsvr_document-list-widget__item-info\">\n\n\t\t\t\t\t\t\t\n\t\t\t\t\t\t\t\t<p class=\"lsvr_document-list-widget__item-date\">\n\t\t\t\t\t\t\t\t\t8 de abril de 2026\t\t\t\t\t\t\t\t<\/p>\n\n\t\t\t\t\t\t\t\n\t\t\t\t\t\t\t\n\t\t\t\t\t\t\t\t<p class=\"lsvr_document-list-widget__item-count\">\n\t\t\t\t\t\t\t\t\t1 archivo adjunto\t\t\t\t\t\t\t\t<\/p>\n\n\t\t\t\t\t\t\t\n        \t\t\t\t<\/div>\n\n        \t\t\t\n    \t\t\t<\/li>\n\n    \t\t\n    \t\t\t<li class=\"lsvr_document-list-widget__item\">\n\n        \t\t\t<h4 class=\"lsvr_document-list-widget__item-title\">\n        \t\t\t\t<a href=\"https:\/\/lacabanasse.fr\/es\/documents\/cu0660272600004\/\" class=\"lsvr_document-list-widget__item-title-link\">\n        \t\t\t\t\tCU0660272600004        \t\t\t\t<\/a>\n        \t\t\t<\/h4>\n\n        \t\t\t\n        \t\t\t\t<div class=\"lsvr_document-list-widget__item-info\">\n\n\t\t\t\t\t\t\t\n\t\t\t\t\t\t\t\t<p class=\"lsvr_document-list-widget__item-date\">\n\t\t\t\t\t\t\t\t\t26 de marzo de 2026\t\t\t\t\t\t\t\t<\/p>\n\n\t\t\t\t\t\t\t\n\t\t\t\t\t\t\t\n\t\t\t\t\t\t\t\t<p class=\"lsvr_document-list-widget__item-count\">\n\t\t\t\t\t\t\t\t\t1 archivo adjunto\t\t\t\t\t\t\t\t<\/p>\n\n\t\t\t\t\t\t\t\n        \t\t\t\t<\/div>\n\n        \t\t\t\n    \t\t\t<\/li>\n\n    \t\t\n\t\t<\/ul>\n\n\t\t\n\t\t\t<p class=\"widget__more\">\n\n\t\t\t\t\n\t\t\t\t\t<a href=\"https:\/\/lacabanasse.fr\/es\/document-categorie\/urbanisme\/\" class=\"widget__more-link\">M\u00c1S DOCUMENTOS<\/a>\n\n\t\t\t\t\n\t\t\t<\/p>\n\n\t\t\n\t\n<\/div>\n\n<\/div><\/div>\n            <\/div>\n<\/div>","protected":false},"excerpt":{"rendered":"<p>Plan Local d\u2019Urbanisme Le Plan Local d&rsquo;Urbanisme (PLU) est le principal document de planification de l&rsquo;urbanisme au niveau communal. Il remplace le plan d&rsquo;occupation des sols (POS); depuis la loi relative \u00e0 la solidarit\u00e9 et au renouvellement urbains du 13 d\u00e9cembre 2000, dite \u00ab&nbsp;loi SRU&nbsp;\u00bb.&nbsp; Depuis le 17 juillet 2007, la Commune de La Cabanasse [&hellip;]<\/p>","protected":false},"author":1,"featured_media":0,"parent":0,"menu_order":1,"comment_status":"closed","ping_status":"closed","template":"page-templates\/not-boxed.php","meta":{"_eb_attr":"","_uag_custom_page_level_css":"","_monsterinsights_skip_tracking":false,"_monsterinsights_sitenote_active":false,"_monsterinsights_sitenote_note":"","_monsterinsights_sitenote_category":0,"footnotes":""},"class_list":["post-617","page","type-page","status-publish","hentry"],"yoast_head":"<!-- This site is optimized with the Yoast SEO plugin v26.2 - https:\/\/yoast.com\/wordpress\/plugins\/seo\/ -->\n<title>Urbanisme - Mairie La Cabanasse - Plan Local D&#039;Urbanisme<\/title>\n<meta name=\"description\" content=\"L\u2019urbanisme d\u00e9signe l&#039;ensemble des sciences, des techniques et des arts relatifs \u00e0 l&#039;organisation et \u00e0 l&#039;am\u00e9nagement des espaces urbains.\" \/>\n<meta name=\"robots\" content=\"index, follow, max-snippet:-1, max-image-preview:large, max-video-preview:-1\" \/>\n<link rel=\"canonical\" href=\"https:\/\/lacabanasse.fr\/es\/urbanisme\/\" \/>\n<meta property=\"og:locale\" content=\"es_ES\" \/>\n<meta property=\"og:type\" content=\"article\" \/>\n<meta property=\"og:title\" content=\"Urbanisme - Mairie La Cabanasse - Plan Local D&#039;Urbanisme\" \/>\n<meta property=\"og:description\" content=\"L\u2019urbanisme d\u00e9signe l&#039;ensemble des sciences, des techniques et des arts relatifs \u00e0 l&#039;organisation et \u00e0 l&#039;am\u00e9nagement des espaces urbains.\" \/>\n<meta property=\"og:url\" content=\"https:\/\/lacabanasse.fr\/es\/urbanisme\/\" \/>\n<meta property=\"og:site_name\" content=\"Mairie La Cabanasse\" \/>\n<meta property=\"article:publisher\" content=\"https:\/\/www.facebook.com\/lacabanasse66210\/\" \/>\n<meta property=\"article:modified_time\" content=\"2026-01-29T09:34:08+00:00\" \/>\n<meta name=\"twitter:card\" content=\"summary_large_image\" \/>\n<meta name=\"twitter:label1\" content=\"Est. reading time\" \/>\n\t<meta name=\"twitter:data1\" content=\"3 minutes\" \/>\n<script type=\"application\/ld+json\" class=\"yoast-schema-graph\">{\"@context\":\"https:\/\/schema.org\",\"@graph\":[{\"@type\":\"WebPage\",\"@id\":\"https:\/\/lacabanasse.fr\/urbanisme\/\",\"url\":\"https:\/\/lacabanasse.fr\/urbanisme\/\",\"name\":\"Urbanisme - Mairie La Cabanasse - Plan Local D'Urbanisme\",\"isPartOf\":{\"@id\":\"https:\/\/lacabanasse.fr\/#website\"},\"datePublished\":\"2021-02-11T11:18:51+00:00\",\"dateModified\":\"2026-01-29T09:34:08+00:00\",\"description\":\"L\u2019urbanisme d\u00e9signe l'ensemble des sciences, des techniques et des arts relatifs \u00e0 l'organisation et \u00e0 l'am\u00e9nagement des espaces urbains.\",\"breadcrumb\":{\"@id\":\"https:\/\/lacabanasse.fr\/urbanisme\/#breadcrumb\"},\"inLanguage\":\"es-ES\",\"potentialAction\":[{\"@type\":\"ReadAction\",\"target\":[\"https:\/\/lacabanasse.fr\/urbanisme\/\"]}]},{\"@type\":\"BreadcrumbList\",\"@id\":\"https:\/\/lacabanasse.fr\/urbanisme\/#breadcrumb\",\"itemListElement\":[{\"@type\":\"ListItem\",\"position\":1,\"name\":\"Accueil\",\"item\":\"https:\/\/lacabanasse.fr\/\"},{\"@type\":\"ListItem\",\"position\":2,\"name\":\"Urbanisme\"}]},{\"@type\":\"WebSite\",\"@id\":\"https:\/\/lacabanasse.fr\/#website\",\"url\":\"https:\/\/lacabanasse.fr\/\",\"name\":\"Mairie de la Cabanasse\",\"description\":\"Site officiel  de la Mairie de La Cabanasse dans les Pyr\u00e9n\u00e9es Orientales\",\"publisher\":{\"@id\":\"https:\/\/lacabanasse.fr\/#organization\"},\"potentialAction\":[{\"@type\":\"SearchAction\",\"target\":{\"@type\":\"EntryPoint\",\"urlTemplate\":\"https:\/\/lacabanasse.fr\/?s={search_term_string}\"},\"query-input\":{\"@type\":\"PropertyValueSpecification\",\"valueRequired\":true,\"valueName\":\"search_term_string\"}}],\"inLanguage\":\"es-ES\"},{\"@type\":\"Organization\",\"@id\":\"https:\/\/lacabanasse.fr\/#organization\",\"name\":\"Mairie de la Cabanasse\",\"url\":\"https:\/\/lacabanasse.fr\/\",\"logo\":{\"@type\":\"ImageObject\",\"inLanguage\":\"es-ES\",\"@id\":\"https:\/\/lacabanasse.fr\/#\/schema\/logo\/image\/\",\"url\":\"https:\/\/lacabanasse.fr\/wp-content\/uploads\/2021\/03\/cropped-favicon-la-cabanasse.jpg\",\"contentUrl\":\"https:\/\/lacabanasse.fr\/wp-content\/uploads\/2021\/03\/cropped-favicon-la-cabanasse.jpg\",\"width\":512,\"height\":512,\"caption\":\"Mairie de la Cabanasse\"},\"image\":{\"@id\":\"https:\/\/lacabanasse.fr\/#\/schema\/logo\/image\/\"},\"sameAs\":[\"https:\/\/www.facebook.com\/lacabanasse66210\/\"]}]}<\/script>\n<!-- \/ Yoast SEO plugin. -->","yoast_head_json":{"title":"Urbanismo - Ayuntamiento de La Cabanasse - Plan Local de Urbanismo","description":"La planificaci\u00f3n urbana se refiere a todas las ciencias, t\u00e9cnicas y artes relacionadas con la organizaci\u00f3n y desarrollo de los espacios urbanos.","robots":{"index":"index","follow":"follow","max-snippet":"max-snippet:-1","max-image-preview":"max-image-preview:large","max-video-preview":"max-video-preview:-1"},"canonical":"https:\/\/lacabanasse.fr\/es\/urbanisme\/","og_locale":"es_ES","og_type":"article","og_title":"Urbanisme - Mairie La Cabanasse - Plan Local D'Urbanisme","og_description":"L\u2019urbanisme d\u00e9signe l'ensemble des sciences, des techniques et des arts relatifs \u00e0 l'organisation et \u00e0 l'am\u00e9nagement des espaces urbains.","og_url":"https:\/\/lacabanasse.fr\/es\/urbanisme\/","og_site_name":"Mairie La Cabanasse","article_publisher":"https:\/\/www.facebook.com\/lacabanasse66210\/","article_modified_time":"2026-01-29T09:34:08+00:00","twitter_card":"summary_large_image","twitter_misc":{"Est. reading time":"3 minutes"},"schema":{"@context":"https:\/\/schema.org","@graph":[{"@type":"WebPage","@id":"https:\/\/lacabanasse.fr\/urbanisme\/","url":"https:\/\/lacabanasse.fr\/urbanisme\/","name":"Urbanismo - Ayuntamiento de La Cabanasse - Plan Local de Urbanismo","isPartOf":{"@id":"https:\/\/lacabanasse.fr\/#website"},"datePublished":"2021-02-11T11:18:51+00:00","dateModified":"2026-01-29T09:34:08+00:00","description":"La planificaci\u00f3n urbana se refiere a todas las ciencias, t\u00e9cnicas y artes relacionadas con la organizaci\u00f3n y desarrollo de los espacios urbanos.","breadcrumb":{"@id":"https:\/\/lacabanasse.fr\/urbanisme\/#breadcrumb"},"inLanguage":"es-ES","potentialAction":[{"@type":"ReadAction","target":["https:\/\/lacabanasse.fr\/urbanisme\/"]}]},{"@type":"BreadcrumbList","@id":"https:\/\/lacabanasse.fr\/urbanisme\/#breadcrumb","itemListElement":[{"@type":"ListItem","position":1,"name":"Accueil","item":"https:\/\/lacabanasse.fr\/"},{"@type":"ListItem","position":2,"name":"Urbanisme"}]},{"@type":"WebSite","@id":"https:\/\/lacabanasse.fr\/#website","url":"https:\/\/lacabanasse.fr\/","name":"Ayuntamiento de Cabanasse","description":"Sitio web oficial del Ayuntamiento de La Cabanasse en los Pirineos Orientales","publisher":{"@id":"https:\/\/lacabanasse.fr\/#organization"},"potentialAction":[{"@type":"SearchAction","target":{"@type":"EntryPoint","urlTemplate":"https:\/\/lacabanasse.fr\/?s={search_term_string}"},"query-input":{"@type":"PropertyValueSpecification","valueRequired":true,"valueName":"search_term_string"}}],"inLanguage":"es-ES"},{"@type":"Organization","@id":"https:\/\/lacabanasse.fr\/#organization","name":"Ayuntamiento de Cabanasse","url":"https:\/\/lacabanasse.fr\/","logo":{"@type":"ImageObject","inLanguage":"es-ES","@id":"https:\/\/lacabanasse.fr\/#\/schema\/logo\/image\/","url":"https:\/\/lacabanasse.fr\/wp-content\/uploads\/2021\/03\/cropped-favicon-la-cabanasse.jpg","contentUrl":"https:\/\/lacabanasse.fr\/wp-content\/uploads\/2021\/03\/cropped-favicon-la-cabanasse.jpg","width":512,"height":512,"caption":"Mairie de la Cabanasse"},"image":{"@id":"https:\/\/lacabanasse.fr\/#\/schema\/logo\/image\/"},"sameAs":["https:\/\/www.facebook.com\/lacabanasse66210\/"]}]}},"uagb_featured_image_src":{"full":false,"thumbnail":false,"medium":false,"medium_large":false,"large":false,"gs-tiny":false,"xl":false,"xxl":false,"xxxl":false,"xxxxl":false,"xxxxxl":false,"1536x1536":false,"2048x2048":false,"trp-custom-language-flag":false,"sow-carousel-default":false},"uagb_author_info":{"display_name":"900k","author_link":"https:\/\/lacabanasse.fr\/es\/author\/900k\/"},"uagb_comment_info":0,"uagb_excerpt":"Plan Local d\u2019Urbanisme Le Plan Local d&rsquo;Urbanisme (PLU) est le principal document de planification de l&rsquo;urbanisme au niveau communal. Il remplace le plan d&rsquo;occupation des sols (POS); depuis la loi relative \u00e0 la solidarit\u00e9 et au renouvellement urbains du 13 d\u00e9cembre 2000, dite \u00ab&nbsp;loi SRU&nbsp;\u00bb.&nbsp; Depuis le 17 juillet 2007, la Commune de La Cabanasse&hellip;","_links":{"self":[{"href":"https:\/\/lacabanasse.fr\/es\/wp-json\/wp\/v2\/pages\/617","targetHints":{"allow":["GET"]}}],"collection":[{"href":"https:\/\/lacabanasse.fr\/es\/wp-json\/wp\/v2\/pages"}],"about":[{"href":"https:\/\/lacabanasse.fr\/es\/wp-json\/wp\/v2\/types\/page"}],"author":[{"embeddable":true,"href":"https:\/\/lacabanasse.fr\/es\/wp-json\/wp\/v2\/users\/1"}],"replies":[{"embeddable":true,"href":"https:\/\/lacabanasse.fr\/es\/wp-json\/wp\/v2\/comments?post=617"}],"version-history":[{"count":58,"href":"https:\/\/lacabanasse.fr\/es\/wp-json\/wp\/v2\/pages\/617\/revisions"}],"predecessor-version":[{"id":5377,"href":"https:\/\/lacabanasse.fr\/es\/wp-json\/wp\/v2\/pages\/617\/revisions\/5377"}],"wp:attachment":[{"href":"https:\/\/lacabanasse.fr\/es\/wp-json\/wp\/v2\/media?parent=617"}],"curies":[{"name":"gracias","href":"https:\/\/api.w.org\/{rel}","templated":true}]}}