{"id":643,"date":"2021-02-11T12:24:34","date_gmt":"2021-02-11T11:24:34","guid":{"rendered":"https:\/\/cabanasse.900k.fr\/?page_id=643"},"modified":"2025-03-24T11:17:30","modified_gmt":"2025-03-24T10:17:30","slug":"histoire-du-village-la-cabanasse","status":"publish","type":"page","link":"https:\/\/lacabanasse.fr\/es\/tourisme-culture-patrimoine\/histoire-du-village-la-cabanasse\/","title":{"rendered":"Historia del pueblo"},"content":{"rendered":"<div class=\"wp-block-columns black-cabanasse is-layout-flex wp-container-core-columns-is-layout-9d6595d7 wp-block-columns-is-layout-flex\">\n<div class=\"wp-block-column is-layout-flow wp-block-column-is-layout-flow\">\n<h2 class=\"wp-block-heading has-text-color\" style=\"color:#ffa100\"><span class=\"has-inline-color\" style=\"color:#0C6D7D\">El Cabanasse<\/span><\/h2>\n\n\n\n<p>La Cabanasse podr\u00eda considerarse, en el siglo XIX, como el suburbio de Mont-Louis. Est\u00e1 a solo un kil\u00f3metro de distancia. El pueblo de Mont-Louis est\u00e1 rodeado de fortificaciones construidas por Vauban, catalogado como Patrimonio de la Humanidad por la UNESCO.<br>Dejando Mont-Louis por la Porte de France, se llega al territorio de Cabanasse. Es un pueblo muy grande.<br>Est\u00e1 formado por dos aldeas, Les Moulins y Col de la Perche; ubicado en cada extremo del centro del pueblo.<\/p>\n\n\n\n<h3 class=\"wp-block-heading has-white-color has-text-color\"> <span class=\"has-inline-color\" style=\"color:#0C6D7D\">El origen del nombre de Cabanasse<\/span><\/h3>\n\n\n\n<figure class=\"wp-block-image size-large\"><img loading=\"lazy\" decoding=\"async\" width=\"1024\" height=\"768\" src=\"https:\/\/lacabanasse.fr\/wp-content\/uploads\/2021\/02\/Lacabanasse_vue-2-1-1024x768.jpg\" alt=\"La Cabanasse-Vue du village\" class=\"wp-image-543\" srcset=\"https:\/\/lacabanasse.fr\/wp-content\/uploads\/2021\/02\/Lacabanasse_vue-2-1-1024x768.jpg 1024w, https:\/\/lacabanasse.fr\/wp-content\/uploads\/2021\/02\/Lacabanasse_vue-2-1-300x225.jpg 300w, https:\/\/lacabanasse.fr\/wp-content\/uploads\/2021\/02\/Lacabanasse_vue-2-1-768x576.jpg 768w, https:\/\/lacabanasse.fr\/wp-content\/uploads\/2021\/02\/Lacabanasse_vue-2-1-1536x1152.jpg 1536w, https:\/\/lacabanasse.fr\/wp-content\/uploads\/2021\/02\/Lacabanasse_vue-2-1.jpg 1600w\" sizes=\"auto, (max-width: 1024px) 100vw, 1024px\" \/><\/figure>\n\n\n\n<p>En el a\u00f1o 965, Seniofred, Conde de Cerdanya de Conflent y Vallespir, don\u00f3 todo lo que pose\u00eda a la Abad\u00eda de Santa Mar\u00eda de \u00c1rles. El Vilar de Caselles, cuyo nombre se traduce por el de Maisonnettes, designa una especie de arrabal desvinculado del Vilar d&#039;Ovansa. Sin embargo, este nombre solo se puede aplicar al pueblo actual de Cabanasse. Desde principios del siglo XIII; en Roussillon, Cabana se llamaba cualquier hotel aislado construido en la v\u00eda p\u00fablica. En el siglo XIV se llam\u00f3 Cabana. El nombre de La Cabanasse no apareci\u00f3 hasta el a\u00f1o 1570.<\/p>\n<\/div>\n\n\n\n<div class=\"wp-block-column is-layout-flow wp-block-column-is-layout-flow\">\n<h3 class=\"wp-block-heading has-white-color has-text-color\"><span class=\"has-inline-color\" style=\"color:#0C6D7D\">El Hameau des Moulins<\/span><\/h3>\n\n\n<div class=\"wp-block-image is-style-default\">\n<figure class=\"alignleft size-full is-resized\"><img loading=\"lazy\" decoding=\"async\" width=\"250\" height=\"187\" src=\"https:\/\/lacabanasse.fr\/wp-content\/uploads\/2021\/04\/moulin.jpg\" alt=\"La Cabanasse-Le moulin de la cabanasse-for\u00eat-nature\" class=\"wp-image-1291\" style=\"width:407px;height:294px\" srcset=\"https:\/\/lacabanasse.fr\/wp-content\/uploads\/2021\/04\/moulin.jpg 250w, https:\/\/lacabanasse.fr\/wp-content\/uploads\/2021\/04\/moulin-16x12.jpg 16w\" sizes=\"auto, (max-width: 250px) 100vw, 250px\" \/><\/figure>\n<\/div>\n\n\n<p>El Hameau des Moulins debe su existencia a una ordenanza real firmada en Versalles por Luis XIV. Consist\u00eda en un molino de lana y un molino agr\u00edcola.<br>Noreste de los Molinos, Le Vilar d &#039;Ovansa. Este castillo fortificado del que solo quedan ruinas, y una torre llamada Castellasse. Pero ya no es visible (lo encontrar\u00e1 en el escudo de armas de las caba\u00f1as).<\/p>\n\n\n\n<h3 class=\"wp-block-heading has-white-color has-text-color\"><span class=\"has-inline-color\" style=\"color:#0C6D7D\">La Iglesia de la Asunci\u00f3n<\/span><\/h3>\n\n\n\n<figure class=\"wp-block-image size-large\"><img loading=\"lazy\" decoding=\"async\" width=\"1024\" height=\"768\" src=\"https:\/\/lacabanasse.fr\/wp-content\/uploads\/2021\/03\/Eglise-1-1024x768.jpg\" alt=\"La Cabanasse-Vue de l'Eglise de l'Assomption\" class=\"wp-image-1139\" srcset=\"https:\/\/lacabanasse.fr\/wp-content\/uploads\/2021\/03\/Eglise-1-1024x768.jpg 1024w, https:\/\/lacabanasse.fr\/wp-content\/uploads\/2021\/03\/Eglise-1-300x225.jpg 300w, https:\/\/lacabanasse.fr\/wp-content\/uploads\/2021\/03\/Eglise-1-768x576.jpg 768w, https:\/\/lacabanasse.fr\/wp-content\/uploads\/2021\/03\/Eglise-1-1536x1152.jpg 1536w, https:\/\/lacabanasse.fr\/wp-content\/uploads\/2021\/03\/Eglise-1-16x12.jpg 16w, https:\/\/lacabanasse.fr\/wp-content\/uploads\/2021\/03\/Eglise-1.jpg 1600w\" sizes=\"auto, (max-width: 1024px) 100vw, 1024px\" \/><\/figure>\n\n\n\n<p>En 1807 la iglesia de La Perche no era m\u00e1s que ruinas. Entonces La Perche se uni\u00f3 con el municipio de Cabanasse. Los escombros de la antigua iglesia de La Perche contribuyeron a la construcci\u00f3n de la iglesia de La Cabanasse. Fue construido en 1876, terminado en 1897 y renovado en 2019. <strong>La Iglesia de la Asunci\u00f3n <\/strong>data del siglo XIX. Como muestra su arquitectura. ND des Voyageurs de la Iglesia de Santa Mar\u00eda y San Juan que estaba en el Col de la Perche, encuentra su lugar all\u00ed. Data del siglo XV o XVII seg\u00fan el estilo. En 2004 se estableci\u00f3 la primera peregrinaci\u00f3n de Notre Dame de la Perche.<\/p>\n<\/div>\n\n\n\n<div class=\"wp-block-column is-layout-flow wp-block-column-is-layout-flow\">\n<h3 class=\"wp-block-heading has-white-color has-text-color\"><span class=\"has-inline-color\" style=\"color:#0C6D7D\">El Col de la Perche<\/span><\/h3>\n\n\n\n<figure class=\"wp-block-image size-large is-style-default\"><img loading=\"lazy\" decoding=\"async\" width=\"1000\" height=\"750\" src=\"https:\/\/lacabanasse.fr\/wp-content\/uploads\/2021\/04\/Col-de-la-perche.jpg\" alt=\"La Cabanasse-Le col de la perche-guide des voyageurs\" class=\"wp-image-1294\" srcset=\"https:\/\/lacabanasse.fr\/wp-content\/uploads\/2021\/04\/Col-de-la-perche.jpg 1000w, https:\/\/lacabanasse.fr\/wp-content\/uploads\/2021\/04\/Col-de-la-perche-300x225.jpg 300w, https:\/\/lacabanasse.fr\/wp-content\/uploads\/2021\/04\/Col-de-la-perche-768x576.jpg 768w, https:\/\/lacabanasse.fr\/wp-content\/uploads\/2021\/04\/Col-de-la-perche-16x12.jpg 16w\" sizes=\"auto, (max-width: 1000px) 100vw, 1000px\" \/><\/figure>\n\n\n\n<p>La segunda aldea es la de <strong>Col de la Perche<\/strong>, ubicado al oeste de Cabanasse. Sirve de comunicaci\u00f3n entre Cerdagne, Conflent y Capcir. As\u00ed que fue un pasaje muy ajetreado para los entrenadores. La casa u hospital de La Perche consist\u00eda en una iglesia bajo la advocaci\u00f3n de Santa Mar\u00eda; y una casa de rescate u hospital, todo dirigido por un religioso. Desconocemos la fecha de construcci\u00f3n de la iglesia y el hospital de La Perche. El primer documento que lo menciona data de 1174. Este nombre de &quot;La Perche&quot; se le dio a los postes que se utilizaban para guiar a los viajeros; en la nieve a finales del siglo XI. <\/p>\n\n\n\n<h3 class=\"wp-block-heading\"><span class=\"has-inline-color\" style=\"color:#0C6D7D\"><strong>El escudo de armas de Cabanasse<\/strong><\/span><\/h3>\n\n\n<div class=\"wp-block-image\">\n<figure class=\"aligncenter size-large is-resized\"><img loading=\"lazy\" decoding=\"async\" width=\"214\" height=\"235\" src=\"https:\/\/lacabanasse.fr\/wp-content\/uploads\/2021\/04\/Blason.jpg\" alt=\"La Cabanasse-Blason du village\" class=\"wp-image-1292\" style=\"width:266px\" srcset=\"https:\/\/lacabanasse.fr\/wp-content\/uploads\/2021\/04\/Blason.jpg 214w, https:\/\/lacabanasse.fr\/wp-content\/uploads\/2021\/04\/Blason-11x12.jpg 11w\" sizes=\"auto, (max-width: 214px) 100vw, 214px\" \/><\/figure>\n<\/div>\n\n\n<p>La <strong>escudo de armas de Cabanasse <\/strong>es bastante interesante porque el par es raro en her\u00e1ldica. Y tambi\u00e9n hay dos metales &quot;cosidos&quot;. La forma de Y es una bifurcaci\u00f3n que representa un cruce de caminos, porque era la situaci\u00f3n de Cabanasse, en el cruce entre el camino que desciende hacia el T\u00eat, el que desciende en Cerdagne y el que sube en Capcir.<\/p>\n<\/div>\n<\/div>","protected":false},"excerpt":{"rendered":"<p>La Cabanasse La Cabanasse podr\u00eda considerarse, en el siglo XIX, como el suburbio de Mont-Louis. Est\u00e1 a s\u00f3lo un kil\u00f3metro de distancia. El pueblo de Mont-Louis est\u00e1 rodeado de fortificaciones construidas por Vauban, catalogado como Patrimonio de la Humanidad por la UNESCO. Dejando Mont-Louis por la Porte de France, se llega al territorio de Cabanasse. [\u2026]<\/p>","protected":false},"author":1,"featured_media":0,"parent":633,"menu_order":0,"comment_status":"closed","ping_status":"closed","template":"page-templates\/not-boxed.php","meta":{"_eb_attr":"","_uag_custom_page_level_css":"","_monsterinsights_skip_tracking":false,"_monsterinsights_sitenote_active":false,"_monsterinsights_sitenote_note":"","_monsterinsights_sitenote_category":0,"footnotes":""},"class_list":["post-643","page","type-page","status-publish","hentry"],"yoast_head":"<!-- This site is optimized with the Yoast SEO plugin v26.2 - https:\/\/yoast.com\/wordpress\/plugins\/seo\/ -->\n<title>Mairie La Cabanasse - Histoire du Village - Mairie La Cabanasse<\/title>\n<meta name=\"description\" content=\"La Cabanasse pouvait \u00eatre consid\u00e9r\u00e9e dans les ann\u00e9es 1800 comme le faubourg de Mont-Louis dont elle n\u2019est \u00e9loign\u00e9e que d\u2019un kilom\u00e8tre.\" \/>\n<meta name=\"robots\" content=\"index, follow, max-snippet:-1, max-image-preview:large, max-video-preview:-1\" \/>\n<link rel=\"canonical\" href=\"https:\/\/lacabanasse.fr\/es\/tourisme-culture-patrimoine\/histoire-du-village-la-cabanasse\/\" \/>\n<meta property=\"og:locale\" content=\"es_ES\" \/>\n<meta property=\"og:type\" content=\"article\" \/>\n<meta property=\"og:title\" content=\"Mairie La Cabanasse - Histoire du Village - Mairie La Cabanasse\" \/>\n<meta property=\"og:description\" content=\"La Cabanasse pouvait \u00eatre consid\u00e9r\u00e9e dans les ann\u00e9es 1800 comme le faubourg de Mont-Louis dont elle n\u2019est \u00e9loign\u00e9e que d\u2019un kilom\u00e8tre.\" \/>\n<meta property=\"og:url\" content=\"https:\/\/lacabanasse.fr\/es\/tourisme-culture-patrimoine\/histoire-du-village-la-cabanasse\/\" \/>\n<meta property=\"og:site_name\" content=\"Mairie La Cabanasse\" \/>\n<meta property=\"article:publisher\" content=\"https:\/\/www.facebook.com\/lacabanasse66210\/\" \/>\n<meta property=\"article:modified_time\" content=\"2025-03-24T10:17:30+00:00\" \/>\n<meta property=\"og:image\" content=\"https:\/\/lacabanasse.fr\/wp-content\/uploads\/2021\/02\/Lacabanasse_vue-2-1.jpg\" \/>\n\t<meta property=\"og:image:width\" content=\"1600\" \/>\n\t<meta property=\"og:image:height\" content=\"1200\" \/>\n\t<meta property=\"og:image:type\" content=\"image\/jpeg\" \/>\n<meta name=\"twitter:card\" content=\"summary_large_image\" \/>\n<meta name=\"twitter:label1\" content=\"Est. reading time\" \/>\n\t<meta name=\"twitter:data1\" content=\"4 minutes\" \/>\n<script type=\"application\/ld+json\" class=\"yoast-schema-graph\">{\"@context\":\"https:\/\/schema.org\",\"@graph\":[{\"@type\":\"WebPage\",\"@id\":\"https:\/\/lacabanasse.fr\/tourisme-culture-patrimoine\/histoire-du-village-la-cabanasse\/\",\"url\":\"https:\/\/lacabanasse.fr\/tourisme-culture-patrimoine\/histoire-du-village-la-cabanasse\/\",\"name\":\"Mairie La Cabanasse - Histoire du Village - Mairie La Cabanasse\",\"isPartOf\":{\"@id\":\"https:\/\/lacabanasse.fr\/#website\"},\"primaryImageOfPage\":{\"@id\":\"https:\/\/lacabanasse.fr\/tourisme-culture-patrimoine\/histoire-du-village-la-cabanasse\/#primaryimage\"},\"image\":{\"@id\":\"https:\/\/lacabanasse.fr\/tourisme-culture-patrimoine\/histoire-du-village-la-cabanasse\/#primaryimage\"},\"thumbnailUrl\":\"https:\/\/lacabanasse.fr\/wp-content\/uploads\/2021\/02\/Lacabanasse_vue-2-1-1024x768.jpg\",\"datePublished\":\"2021-02-11T11:24:34+00:00\",\"dateModified\":\"2025-03-24T10:17:30+00:00\",\"description\":\"La Cabanasse pouvait \u00eatre consid\u00e9r\u00e9e dans les ann\u00e9es 1800 comme le faubourg de Mont-Louis dont elle n\u2019est \u00e9loign\u00e9e que d\u2019un kilom\u00e8tre.\",\"breadcrumb\":{\"@id\":\"https:\/\/lacabanasse.fr\/tourisme-culture-patrimoine\/histoire-du-village-la-cabanasse\/#breadcrumb\"},\"inLanguage\":\"es-ES\",\"potentialAction\":[{\"@type\":\"ReadAction\",\"target\":[\"https:\/\/lacabanasse.fr\/tourisme-culture-patrimoine\/histoire-du-village-la-cabanasse\/\"]}]},{\"@type\":\"ImageObject\",\"inLanguage\":\"es-ES\",\"@id\":\"https:\/\/lacabanasse.fr\/tourisme-culture-patrimoine\/histoire-du-village-la-cabanasse\/#primaryimage\",\"url\":\"https:\/\/lacabanasse.fr\/wp-content\/uploads\/2021\/02\/Lacabanasse_vue-2-1-1024x768.jpg\",\"contentUrl\":\"https:\/\/lacabanasse.fr\/wp-content\/uploads\/2021\/02\/Lacabanasse_vue-2-1-1024x768.jpg\"},{\"@type\":\"BreadcrumbList\",\"@id\":\"https:\/\/lacabanasse.fr\/tourisme-culture-patrimoine\/histoire-du-village-la-cabanasse\/#breadcrumb\",\"itemListElement\":[{\"@type\":\"ListItem\",\"position\":1,\"name\":\"Accueil\",\"item\":\"https:\/\/lacabanasse.fr\/\"},{\"@type\":\"ListItem\",\"position\":2,\"name\":\"Tourisme, Culture &#038; Patrimoine\",\"item\":\"https:\/\/lacabanasse.fr\/tourisme-culture-patrimoine\/\"},{\"@type\":\"ListItem\",\"position\":3,\"name\":\"Histoire du Village\"}]},{\"@type\":\"WebSite\",\"@id\":\"https:\/\/lacabanasse.fr\/#website\",\"url\":\"https:\/\/lacabanasse.fr\/\",\"name\":\"Mairie de la Cabanasse\",\"description\":\"Site officiel  de la Mairie de La Cabanasse dans les Pyr\u00e9n\u00e9es Orientales\",\"publisher\":{\"@id\":\"https:\/\/lacabanasse.fr\/#organization\"},\"potentialAction\":[{\"@type\":\"SearchAction\",\"target\":{\"@type\":\"EntryPoint\",\"urlTemplate\":\"https:\/\/lacabanasse.fr\/?s={search_term_string}\"},\"query-input\":{\"@type\":\"PropertyValueSpecification\",\"valueRequired\":true,\"valueName\":\"search_term_string\"}}],\"inLanguage\":\"es-ES\"},{\"@type\":\"Organization\",\"@id\":\"https:\/\/lacabanasse.fr\/#organization\",\"name\":\"Mairie de la Cabanasse\",\"url\":\"https:\/\/lacabanasse.fr\/\",\"logo\":{\"@type\":\"ImageObject\",\"inLanguage\":\"es-ES\",\"@id\":\"https:\/\/lacabanasse.fr\/#\/schema\/logo\/image\/\",\"url\":\"https:\/\/lacabanasse.fr\/wp-content\/uploads\/2021\/03\/cropped-favicon-la-cabanasse.jpg\",\"contentUrl\":\"https:\/\/lacabanasse.fr\/wp-content\/uploads\/2021\/03\/cropped-favicon-la-cabanasse.jpg\",\"width\":512,\"height\":512,\"caption\":\"Mairie de la Cabanasse\"},\"image\":{\"@id\":\"https:\/\/lacabanasse.fr\/#\/schema\/logo\/image\/\"},\"sameAs\":[\"https:\/\/www.facebook.com\/lacabanasse66210\/\"]}]}<\/script>\n<!-- \/ Yoast SEO plugin. -->","yoast_head_json":{"title":"Ayuntamiento de La Cabanasse - Historia del pueblo - Ayuntamiento de La Cabanasse","description":"En el siglo XIX, La Cabanasse pod\u00eda considerarse el suburbio de Mont-Louis, del que dista s\u00f3lo un kil\u00f3metro.","robots":{"index":"index","follow":"follow","max-snippet":"max-snippet:-1","max-image-preview":"max-image-preview:large","max-video-preview":"max-video-preview:-1"},"canonical":"https:\/\/lacabanasse.fr\/es\/tourisme-culture-patrimoine\/histoire-du-village-la-cabanasse\/","og_locale":"es_ES","og_type":"article","og_title":"Mairie La Cabanasse - Histoire du Village - Mairie La Cabanasse","og_description":"La Cabanasse pouvait \u00eatre consid\u00e9r\u00e9e dans les ann\u00e9es 1800 comme le faubourg de Mont-Louis dont elle n\u2019est \u00e9loign\u00e9e que d\u2019un kilom\u00e8tre.","og_url":"https:\/\/lacabanasse.fr\/es\/tourisme-culture-patrimoine\/histoire-du-village-la-cabanasse\/","og_site_name":"Mairie La Cabanasse","article_publisher":"https:\/\/www.facebook.com\/lacabanasse66210\/","article_modified_time":"2025-03-24T10:17:30+00:00","og_image":[{"width":1600,"height":1200,"url":"https:\/\/lacabanasse.fr\/wp-content\/uploads\/2021\/02\/Lacabanasse_vue-2-1.jpg","type":"image\/jpeg"}],"twitter_card":"summary_large_image","twitter_misc":{"Est. reading time":"4 minutes"},"schema":{"@context":"https:\/\/schema.org","@graph":[{"@type":"WebPage","@id":"https:\/\/lacabanasse.fr\/tourisme-culture-patrimoine\/histoire-du-village-la-cabanasse\/","url":"https:\/\/lacabanasse.fr\/tourisme-culture-patrimoine\/histoire-du-village-la-cabanasse\/","name":"Ayuntamiento de La Cabanasse - Historia del pueblo - Ayuntamiento de La Cabanasse","isPartOf":{"@id":"https:\/\/lacabanasse.fr\/#website"},"primaryImageOfPage":{"@id":"https:\/\/lacabanasse.fr\/tourisme-culture-patrimoine\/histoire-du-village-la-cabanasse\/#primaryimage"},"image":{"@id":"https:\/\/lacabanasse.fr\/tourisme-culture-patrimoine\/histoire-du-village-la-cabanasse\/#primaryimage"},"thumbnailUrl":"https:\/\/lacabanasse.fr\/wp-content\/uploads\/2021\/02\/Lacabanasse_vue-2-1-1024x768.jpg","datePublished":"2021-02-11T11:24:34+00:00","dateModified":"2025-03-24T10:17:30+00:00","description":"En el siglo XIX, La Cabanasse pod\u00eda considerarse el suburbio de Mont-Louis, del que dista s\u00f3lo un kil\u00f3metro.","breadcrumb":{"@id":"https:\/\/lacabanasse.fr\/tourisme-culture-patrimoine\/histoire-du-village-la-cabanasse\/#breadcrumb"},"inLanguage":"es-ES","potentialAction":[{"@type":"ReadAction","target":["https:\/\/lacabanasse.fr\/tourisme-culture-patrimoine\/histoire-du-village-la-cabanasse\/"]}]},{"@type":"ImageObject","inLanguage":"es-ES","@id":"https:\/\/lacabanasse.fr\/tourisme-culture-patrimoine\/histoire-du-village-la-cabanasse\/#primaryimage","url":"https:\/\/lacabanasse.fr\/wp-content\/uploads\/2021\/02\/Lacabanasse_vue-2-1-1024x768.jpg","contentUrl":"https:\/\/lacabanasse.fr\/wp-content\/uploads\/2021\/02\/Lacabanasse_vue-2-1-1024x768.jpg"},{"@type":"BreadcrumbList","@id":"https:\/\/lacabanasse.fr\/tourisme-culture-patrimoine\/histoire-du-village-la-cabanasse\/#breadcrumb","itemListElement":[{"@type":"ListItem","position":1,"name":"Accueil","item":"https:\/\/lacabanasse.fr\/"},{"@type":"ListItem","position":2,"name":"Tourisme, Culture &#038; Patrimoine","item":"https:\/\/lacabanasse.fr\/tourisme-culture-patrimoine\/"},{"@type":"ListItem","position":3,"name":"Histoire du Village"}]},{"@type":"WebSite","@id":"https:\/\/lacabanasse.fr\/#website","url":"https:\/\/lacabanasse.fr\/","name":"Ayuntamiento de Cabanasse","description":"Sitio web oficial del Ayuntamiento de La Cabanasse en los Pirineos Orientales","publisher":{"@id":"https:\/\/lacabanasse.fr\/#organization"},"potentialAction":[{"@type":"SearchAction","target":{"@type":"EntryPoint","urlTemplate":"https:\/\/lacabanasse.fr\/?s={search_term_string}"},"query-input":{"@type":"PropertyValueSpecification","valueRequired":true,"valueName":"search_term_string"}}],"inLanguage":"es-ES"},{"@type":"Organization","@id":"https:\/\/lacabanasse.fr\/#organization","name":"Ayuntamiento de Cabanasse","url":"https:\/\/lacabanasse.fr\/","logo":{"@type":"ImageObject","inLanguage":"es-ES","@id":"https:\/\/lacabanasse.fr\/#\/schema\/logo\/image\/","url":"https:\/\/lacabanasse.fr\/wp-content\/uploads\/2021\/03\/cropped-favicon-la-cabanasse.jpg","contentUrl":"https:\/\/lacabanasse.fr\/wp-content\/uploads\/2021\/03\/cropped-favicon-la-cabanasse.jpg","width":512,"height":512,"caption":"Mairie de la Cabanasse"},"image":{"@id":"https:\/\/lacabanasse.fr\/#\/schema\/logo\/image\/"},"sameAs":["https:\/\/www.facebook.com\/lacabanasse66210\/"]}]}},"uagb_featured_image_src":{"full":false,"thumbnail":false,"medium":false,"medium_large":false,"large":false,"gs-tiny":false,"xl":false,"xxl":false,"xxxl":false,"xxxxl":false,"xxxxxl":false,"1536x1536":false,"2048x2048":false,"trp-custom-language-flag":false,"sow-carousel-default":false},"uagb_author_info":{"display_name":"900k","author_link":"https:\/\/lacabanasse.fr\/es\/author\/900k\/"},"uagb_comment_info":0,"uagb_excerpt":"La Cabanasse La Cabanasse pouvait \u00eatre consid\u00e9r\u00e9e, dans les ann\u00e9es 1800, comme le faubourg de Mont-Louis. Elle n\u2019est \u00e9loign\u00e9e que d\u2019un kilom\u00e8tre. Le village de Mont-Louis est entour\u00e9 de fortifications construit par Vauban, inscrites au patrimoine mondial de l\u2019Unesco.En sortant de Mont-Louis par la porte de France, on arrive sur le territoire de la Cabanasse.&hellip;","_links":{"self":[{"href":"https:\/\/lacabanasse.fr\/es\/wp-json\/wp\/v2\/pages\/643","targetHints":{"allow":["GET"]}}],"collection":[{"href":"https:\/\/lacabanasse.fr\/es\/wp-json\/wp\/v2\/pages"}],"about":[{"href":"https:\/\/lacabanasse.fr\/es\/wp-json\/wp\/v2\/types\/page"}],"author":[{"embeddable":true,"href":"https:\/\/lacabanasse.fr\/es\/wp-json\/wp\/v2\/users\/1"}],"replies":[{"embeddable":true,"href":"https:\/\/lacabanasse.fr\/es\/wp-json\/wp\/v2\/comments?post=643"}],"version-history":[{"count":52,"href":"https:\/\/lacabanasse.fr\/es\/wp-json\/wp\/v2\/pages\/643\/revisions"}],"predecessor-version":[{"id":5084,"href":"https:\/\/lacabanasse.fr\/es\/wp-json\/wp\/v2\/pages\/643\/revisions\/5084"}],"up":[{"embeddable":true,"href":"https:\/\/lacabanasse.fr\/es\/wp-json\/wp\/v2\/pages\/633"}],"wp:attachment":[{"href":"https:\/\/lacabanasse.fr\/es\/wp-json\/wp\/v2\/media?parent=643"}],"curies":[{"name":"gracias","href":"https:\/\/api.w.org\/{rel}","templated":true}]}}