{"id":80,"date":"2017-11-07T13:21:24","date_gmt":"2017-11-07T13:21:24","guid":{"rendered":"http:\/\/localhost\/wordpress\/townpress-content\/?page_id=80"},"modified":"2026-04-10T10:26:52","modified_gmt":"2026-04-10T08:26:52","slug":"la-cabanasse-accueil","status":"publish","type":"page","link":"https:\/\/lacabanasse.fr\/es\/","title":{"rendered":"Bienvenidos al Sitio Oficial de La Cabanasse"},"content":{"rendered":"<div class=\"wp-block-group\"><div class=\"wp-block-group__inner-container is-layout-flow wp-block-group-is-layout-flow\">\n<div class=\"wp-block-group black-cabanasse\"><div class=\"wp-block-group__inner-container is-layout-flow wp-block-group-is-layout-flow\">\n<p>La Cabanasse es un pueblo de los Pirineos Orientales. Tiene lugar en el coraz\u00f3n de la regi\u00f3n de Occitania. Se encuentra en el distrito de Prades, no lejos de Mont-Louis, en la regi\u00f3n de Conflent.<\/p>\n\n\n\n<p>Al pasar por la ciudad pirenaica, podr\u00e1 apreciar la arquitectura local. Los amantes de las actividades al aire libre disfrutar\u00e1n de los distintos pasos que rodean los alrededores. Los amantes de la paz y la tranquilidad encontrar\u00e1n lo que buscan en La Cabanasse.<\/p>\n<\/div><\/div>\n\n\n\n<p><\/p>\n<\/div><\/div>\n\n\n\n<div class=\"wp-block-columns is-layout-flex wp-container-core-columns-is-layout-9d6595d7 wp-block-columns-is-layout-flex\">\n<div class=\"wp-block-column is-layout-flow wp-block-column-is-layout-flow\">\n            <div class=\"widget shortcode-widget lsvr_notice-list-widget lsvr_notice-list-widget--shortcode\"><div class=\"widget__inner\"><h3 class=\"widget__title widget__title--has-icon\"><span class=\"widget__title-icon icon-bullhorn\" aria-hidden=\"true\"><\/span>Informaci\u00f3n Flash<\/h3>\n<div class=\"widget__content\">\n\n\t\n\t\t<ul class=\"lsvr_notice-list-widget__list\">\n\n    \t\t\n    \t\t\t<li class=\"lsvr_notice-list-widget__item\">\n\n        \t\t\t<h4 class=\"lsvr_notice-list-widget__item-title\">\n        \t\t\t\t<a href=\"https:\/\/lacabanasse.fr\/es\/flash-infos\/demande-de-subvention\/\" class=\"lsvr_notice-list-widget__item-title-link\">\n        \t\t\t\t\tSolicitud de subvenci\u00f3n        \t\t\t\t<\/a>\n        \t\t\t<\/h4>\n\n        \t\t\t\n\t\t\t\t\t\t<ul class=\"lsvr_notice-list-widget__item-meta\">\n\n\t\t\t\t\t\t\t\n\t\t\t\t\t\t\t\t<li class=\"lsvr_notice-list-widget__item-meta-item lsvr_notice-list-widget__item-meta-item--date\">\n\t\t\t\t\t\t\t\t\t23 de marzo de 2026\t\t\t\t\t\t\t\t<\/li>\n\n\t\t\t\t\t\t\t\n\t\t\t\t\t\t\t\n\t\t\t\t\t\t<\/ul>\n\n\t\t\t\t\t\n    \t\t\t<\/li>\n\n    \t\t\n\t\t<\/ul>\n\n\t\t\n\t\t\t<p class=\"widget__more\">\n\n\t\t\t\t\n\t\t\t\t\t<a href=\"https:\/\/lacabanasse.fr\/es\/flash-infos\/\" class=\"widget__more-link\">M\u00e1s informaci\u00f3n<\/a>\n\n\t\t\t\t\n\t\t\t<\/p>\n\n\t\t\n\t\n<\/div>\n\n<\/div><\/div>\n            \n\n\n\t\t\t<div class=\"wp-block-uagb-post-carousel uagb-post-grid article-gutenslider uagb-post__inner-wrap uagb-post__title a uagb-post__image-position-top uagb-post__image-enabled uagb-block-6f63bf0d     uagb-post__arrow-outside uagb-post__items uagb-post__columns-3 is-carousel uagb-post__columns-tablet-2 uagb-post__columns-mobile-1 uagb-post__carousel_equal-height\" data-total=\"1\" style=\"\">\n\n\t\t\t\t\t\t\t\t\t\t\t\t<article class=\"uagb-post__inner-wrap\">\t\t\t\t\t\t\t\t<div class='uagb-post__image'>\n\t\t\t\t\t\t\t\t\t<a href=\"https:\/\/lacabanasse.fr\/es\/teleassistance-aux-personnes-isolees\/\" target=\"_self\" rel=\"bookmark noopener noreferrer\"><img loading=\"lazy\" decoding=\"async\" width=\"272\" height=\"163\" src=\"https:\/\/lacabanasse.fr\/wp-content\/uploads\/2021\/07\/La-Cabanasse-la-teleassistance-communaute-de-communes-e1625242112553-272x163.png\" class=\"attachment-sow-carousel-default size-sow-carousel-default\" alt=\"\" \/>\t\t\t\t\t<\/a>\n\t\t\t\t\t\t\t\t\t<\/div>\n\t\t\t\t\t\t<h4 class=\"uagb-post__title uagb-post__text\">\n\t\t\t\t<a href=\"https:\/\/lacabanasse.fr\/es\/teleassistance-aux-personnes-isolees\/\" target=\"_self\" rel=\"bookmark noopener noreferrer\">Asistencia remota para personas aisladas<\/a>\n\t\t\t<\/h4>\n\t\t\t\t\t\t<div class='uagb-post__text uagb-post-grid-byline'>\n\t\t\t\t\t\t\t<\/div>\n\t\t\t\t\t\t\t<div class='uagb-post__text uagb-post__excerpt'>\n\t\t\t\t\t<p>La Communaut\u00e9 de Communes ha puesto en marcha un servicio de asistencia remota para personas aisladas\u2026.\t\t\t\t<\/div>\n\t\t\t\t\t\t<div class=\"uagb-post__text uagb-post__cta wp-block-button\">\n\t\t\t\t<a class=\"wp-block-button__link uagb-text-link\" style=\"\" href=\"https:\/\/lacabanasse.fr\/es\/teleassistance-aux-personnes-isolees\/\" target=\"_self\" rel=\"bookmark noopener noreferrer\">Lee mas<\/a>\n\t\t\t<\/div>\n\t\t\t\n\t\t\t\t\t\t\t\t\t<\/article>\n\t\t\t\t\t\t\t\t\t\t\t\t\t\t\t\t<article class=\"uagb-post__inner-wrap\">\t\t\t\t\t\t\t\t<div class='uagb-post__image'>\n\t\t\t\t\t\t\t\t\t<a href=\"https:\/\/lacabanasse.fr\/es\/vitesse-a-la-cab-un-clin-doeil-entre-passe-et-present\/\" target=\"_self\" rel=\"bookmark noopener noreferrer\"><img loading=\"lazy\" decoding=\"async\" width=\"272\" height=\"182\" src=\"https:\/\/lacabanasse.fr\/wp-content\/uploads\/2021\/04\/old-people-616718_1280-272x182.jpg\" class=\"attachment-sow-carousel-default size-sow-carousel-default\" alt=\"\" srcset=\"https:\/\/lacabanasse.fr\/wp-content\/uploads\/2021\/04\/old-people-616718_1280-272x182.jpg 272w, https:\/\/lacabanasse.fr\/wp-content\/uploads\/2021\/04\/old-people-616718_1280-16x12.jpg 16w\" sizes=\"auto, (max-width: 272px) 100vw, 272px\" \/>\t\t\t\t\t<\/a>\n\t\t\t\t\t\t\t\t\t<\/div>\n\t\t\t\t\t\t<h4 class=\"uagb-post__title uagb-post__text\">\n\t\t\t\t<a href=\"https:\/\/lacabanasse.fr\/es\/vitesse-a-la-cab-un-clin-doeil-entre-passe-et-present\/\" target=\"_self\" rel=\"bookmark noopener noreferrer\">Velocidad: en La Cab, un gui\u00f1o entre pasado y presente<\/a>\n\t\t\t<\/h4>\n\t\t\t\t\t\t<div class='uagb-post__text uagb-post-grid-byline'>\n\t\t\t\t\t\t\t<\/div>\n\t\t\t\t\t\t\t<div class='uagb-post__text uagb-post__excerpt'>\n\t\t\t\t\t<p>Ese a\u00f1o, en el cine Mont-Louis, Sor Clotilde dio clases de conducir al mariscal...\t\t\t\t<\/div>\n\t\t\t\t\t\t<div class=\"uagb-post__text uagb-post__cta wp-block-button\">\n\t\t\t\t<a class=\"wp-block-button__link uagb-text-link\" style=\"\" href=\"https:\/\/lacabanasse.fr\/es\/vitesse-a-la-cab-un-clin-doeil-entre-passe-et-present\/\" target=\"_self\" rel=\"bookmark noopener noreferrer\">Lee mas<\/a>\n\t\t\t<\/div>\n\t\t\t\n\t\t\t\t\t\t\t\t\t<\/article>\n\t\t\t\t\t\t\t\t\t\t\t<\/div>\n\t\t\t<\/div>\n<\/div>\n\n\n\n<div class=\"wp-block-columns is-layout-flex wp-container-core-columns-is-layout-9d6595d7 wp-block-columns-is-layout-flex\">\n<div class=\"wp-block-column is-layout-flow wp-block-column-is-layout-flow\"><div class=\"wp-block-image is-resized is-style-default\">\n<figure class=\"aligncenter size-large\"><img loading=\"lazy\" decoding=\"async\" width=\"725\" height=\"1024\" src=\"https:\/\/lacabanasse.fr\/wp-content\/uploads\/2025\/04\/Affiche-la-cabanasse-725x1024.jpg\" alt=\"\" class=\"wp-image-5134\" srcset=\"https:\/\/lacabanasse.fr\/wp-content\/uploads\/2025\/04\/Affiche-la-cabanasse-725x1024.jpg 725w, https:\/\/lacabanasse.fr\/wp-content\/uploads\/2025\/04\/Affiche-la-cabanasse-212x300.jpg 212w, https:\/\/lacabanasse.fr\/wp-content\/uploads\/2025\/04\/Affiche-la-cabanasse-768x1085.jpg 768w, https:\/\/lacabanasse.fr\/wp-content\/uploads\/2025\/04\/Affiche-la-cabanasse-50x71.jpg 50w, https:\/\/lacabanasse.fr\/wp-content\/uploads\/2025\/04\/Affiche-la-cabanasse-8x12.jpg 8w, https:\/\/lacabanasse.fr\/wp-content\/uploads\/2025\/04\/Affiche-la-cabanasse.jpg 795w\" sizes=\"auto, (max-width: 725px) 100vw, 725px\" \/><\/figure>\n<\/div>\n\n\n<p>Horario de apertura: De lunes a viernes de 8:45 a 12:00. <\/p>\n\n\n\n<p>Tel\u00e9fono: 0468042374 \u2013 Correo electr\u00f3nico: mairie@lacabanasse.fr<\/p>\n<\/div>\n<\/div>\n\n\n\n<p><\/p>","protected":false},"excerpt":{"rendered":"<p>La Cabanasse es un pueblo de los Pirineos Orientales. Tiene lugar en el coraz\u00f3n de la regi\u00f3n de Occitania. Se encuentra en el distrito de Prades, no lejos de Mont-Louis, en la regi\u00f3n de Conflent. Al pasar por la ciudad pirenaica, podr\u00e1 apreciar la arquitectura local. Los amantes de las actividades al aire libre disfrutar\u00e1n de los distintos pasos que rodean los alrededores. La [\u2026]<\/p>","protected":false},"author":1,"featured_media":0,"parent":0,"menu_order":0,"comment_status":"closed","ping_status":"closed","template":"page-templates\/not-boxed.php","meta":{"_eb_attr":"","_uag_custom_page_level_css":"","_monsterinsights_skip_tracking":false,"_monsterinsights_sitenote_active":false,"_monsterinsights_sitenote_note":"","_monsterinsights_sitenote_category":0,"footnotes":""},"class_list":["post-80","page","type-page","status-publish","hentry"],"yoast_head":"<!-- This site is optimized with the Yoast SEO plugin v26.2 - https:\/\/yoast.com\/wordpress\/plugins\/seo\/ -->\n<title>Mairie La Cabanasse - Bienvenue sur le Site Officiel de La Cabanasse<\/title>\n<meta name=\"description\" content=\"Bienvenue sur le Site Officiel de La Cabanasse. De passage dans la cit\u00e9 pyr\u00e9n\u00e9enne, vous pourrez ainsi appr\u00e9cier l&#039;architecture locale.\" \/>\n<meta name=\"robots\" content=\"index, follow, max-snippet:-1, max-image-preview:large, max-video-preview:-1\" \/>\n<link rel=\"canonical\" href=\"https:\/\/lacabanasse.fr\/es\/\" \/>\n<meta property=\"og:locale\" content=\"es_ES\" \/>\n<meta property=\"og:type\" content=\"article\" \/>\n<meta property=\"og:title\" content=\"Mairie La Cabanasse - Bienvenue sur le Site Officiel de La Cabanasse\" \/>\n<meta property=\"og:description\" content=\"Bienvenue sur le Site Officiel de La Cabanasse. De passage dans la cit\u00e9 pyr\u00e9n\u00e9enne, vous pourrez ainsi appr\u00e9cier l&#039;architecture locale.\" \/>\n<meta property=\"og:url\" content=\"https:\/\/lacabanasse.fr\/es\/\" \/>\n<meta property=\"og:site_name\" content=\"Mairie La Cabanasse\" \/>\n<meta property=\"article:publisher\" content=\"https:\/\/www.facebook.com\/lacabanasse66210\/\" \/>\n<meta property=\"article:modified_time\" content=\"2026-04-10T08:26:52+00:00\" \/>\n<meta property=\"og:image\" content=\"https:\/\/lacabanasse.fr\/wp-content\/uploads\/2025\/04\/Affiche-la-cabanasse-725x1024.jpg\" \/>\n<meta name=\"twitter:card\" content=\"summary_large_image\" \/>\n<meta name=\"twitter:label1\" content=\"Est. reading time\" \/>\n\t<meta name=\"twitter:data1\" content=\"1 minute\" \/>\n<script type=\"application\/ld+json\" class=\"yoast-schema-graph\">{\"@context\":\"https:\/\/schema.org\",\"@graph\":[{\"@type\":\"WebPage\",\"@id\":\"https:\/\/lacabanasse.fr\/\",\"url\":\"https:\/\/lacabanasse.fr\/\",\"name\":\"Mairie La Cabanasse - Bienvenue sur le Site Officiel de La Cabanasse\",\"isPartOf\":{\"@id\":\"https:\/\/lacabanasse.fr\/#website\"},\"primaryImageOfPage\":{\"@id\":\"https:\/\/lacabanasse.fr\/#primaryimage\"},\"image\":{\"@id\":\"https:\/\/lacabanasse.fr\/#primaryimage\"},\"thumbnailUrl\":\"https:\/\/lacabanasse.fr\/wp-content\/uploads\/2025\/04\/Affiche-la-cabanasse-725x1024.jpg\",\"datePublished\":\"2017-11-07T13:21:24+00:00\",\"dateModified\":\"2026-04-10T08:26:52+00:00\",\"description\":\"Bienvenue sur le Site Officiel de La Cabanasse. De passage dans la cit\u00e9 pyr\u00e9n\u00e9enne, vous pourrez ainsi appr\u00e9cier l'architecture locale.\",\"breadcrumb\":{\"@id\":\"https:\/\/lacabanasse.fr\/#breadcrumb\"},\"inLanguage\":\"es-ES\",\"potentialAction\":[{\"@type\":\"ReadAction\",\"target\":[\"https:\/\/lacabanasse.fr\/\"]}]},{\"@type\":\"ImageObject\",\"inLanguage\":\"es-ES\",\"@id\":\"https:\/\/lacabanasse.fr\/#primaryimage\",\"url\":\"https:\/\/lacabanasse.fr\/wp-content\/uploads\/2025\/04\/Affiche-la-cabanasse-725x1024.jpg\",\"contentUrl\":\"https:\/\/lacabanasse.fr\/wp-content\/uploads\/2025\/04\/Affiche-la-cabanasse-725x1024.jpg\"},{\"@type\":\"BreadcrumbList\",\"@id\":\"https:\/\/lacabanasse.fr\/#breadcrumb\",\"itemListElement\":[{\"@type\":\"ListItem\",\"position\":1,\"name\":\"Accueil\",\"item\":\"https:\/\/lacabanasse.fr\/\"},{\"@type\":\"ListItem\",\"position\":2,\"name\":\"Bienvenue sur le Site Officiel de La Cabanasse\"}]},{\"@type\":\"WebSite\",\"@id\":\"https:\/\/lacabanasse.fr\/#website\",\"url\":\"https:\/\/lacabanasse.fr\/\",\"name\":\"Mairie de la Cabanasse\",\"description\":\"Site officiel  de la Mairie de La Cabanasse dans les Pyr\u00e9n\u00e9es Orientales\",\"publisher\":{\"@id\":\"https:\/\/lacabanasse.fr\/#organization\"},\"potentialAction\":[{\"@type\":\"SearchAction\",\"target\":{\"@type\":\"EntryPoint\",\"urlTemplate\":\"https:\/\/lacabanasse.fr\/?s={search_term_string}\"},\"query-input\":{\"@type\":\"PropertyValueSpecification\",\"valueRequired\":true,\"valueName\":\"search_term_string\"}}],\"inLanguage\":\"es-ES\"},{\"@type\":\"Organization\",\"@id\":\"https:\/\/lacabanasse.fr\/#organization\",\"name\":\"Mairie de la Cabanasse\",\"url\":\"https:\/\/lacabanasse.fr\/\",\"logo\":{\"@type\":\"ImageObject\",\"inLanguage\":\"es-ES\",\"@id\":\"https:\/\/lacabanasse.fr\/#\/schema\/logo\/image\/\",\"url\":\"https:\/\/lacabanasse.fr\/wp-content\/uploads\/2021\/03\/cropped-favicon-la-cabanasse.jpg\",\"contentUrl\":\"https:\/\/lacabanasse.fr\/wp-content\/uploads\/2021\/03\/cropped-favicon-la-cabanasse.jpg\",\"width\":512,\"height\":512,\"caption\":\"Mairie de la Cabanasse\"},\"image\":{\"@id\":\"https:\/\/lacabanasse.fr\/#\/schema\/logo\/image\/\"},\"sameAs\":[\"https:\/\/www.facebook.com\/lacabanasse66210\/\"]}]}<\/script>\n<!-- \/ Yoast SEO plugin. -->","yoast_head_json":{"title":"Ayuntamiento de La Cabanasse - Bienvenido al sitio web oficial de La Cabanasse","description":"Bienvenido a la web oficial de La Cabanasse. Al visitar este pueblo pirenaico, podr\u00e1 apreciar la arquitectura local.","robots":{"index":"index","follow":"follow","max-snippet":"max-snippet:-1","max-image-preview":"max-image-preview:large","max-video-preview":"max-video-preview:-1"},"canonical":"https:\/\/lacabanasse.fr\/es\/","og_locale":"es_ES","og_type":"article","og_title":"Mairie La Cabanasse - Bienvenue sur le Site Officiel de La Cabanasse","og_description":"Bienvenue sur le Site Officiel de La Cabanasse. De passage dans la cit\u00e9 pyr\u00e9n\u00e9enne, vous pourrez ainsi appr\u00e9cier l'architecture locale.","og_url":"https:\/\/lacabanasse.fr\/es\/","og_site_name":"Mairie La Cabanasse","article_publisher":"https:\/\/www.facebook.com\/lacabanasse66210\/","article_modified_time":"2026-04-10T08:26:52+00:00","og_image":[{"url":"https:\/\/lacabanasse.fr\/wp-content\/uploads\/2025\/04\/Affiche-la-cabanasse-725x1024.jpg","type":"","width":"","height":""}],"twitter_card":"summary_large_image","twitter_misc":{"Est. reading time":"1 minute"},"schema":{"@context":"https:\/\/schema.org","@graph":[{"@type":"WebPage","@id":"https:\/\/lacabanasse.fr\/","url":"https:\/\/lacabanasse.fr\/","name":"Ayuntamiento de La Cabanasse - Bienvenido al sitio web oficial de La Cabanasse","isPartOf":{"@id":"https:\/\/lacabanasse.fr\/#website"},"primaryImageOfPage":{"@id":"https:\/\/lacabanasse.fr\/#primaryimage"},"image":{"@id":"https:\/\/lacabanasse.fr\/#primaryimage"},"thumbnailUrl":"https:\/\/lacabanasse.fr\/wp-content\/uploads\/2025\/04\/Affiche-la-cabanasse-725x1024.jpg","datePublished":"2017-11-07T13:21:24+00:00","dateModified":"2026-04-10T08:26:52+00:00","description":"Bienvenido a la web oficial de La Cabanasse. Al visitar este pueblo pirenaico, podr\u00e1 apreciar la arquitectura local.","breadcrumb":{"@id":"https:\/\/lacabanasse.fr\/#breadcrumb"},"inLanguage":"es-ES","potentialAction":[{"@type":"ReadAction","target":["https:\/\/lacabanasse.fr\/"]}]},{"@type":"ImageObject","inLanguage":"es-ES","@id":"https:\/\/lacabanasse.fr\/#primaryimage","url":"https:\/\/lacabanasse.fr\/wp-content\/uploads\/2025\/04\/Affiche-la-cabanasse-725x1024.jpg","contentUrl":"https:\/\/lacabanasse.fr\/wp-content\/uploads\/2025\/04\/Affiche-la-cabanasse-725x1024.jpg"},{"@type":"BreadcrumbList","@id":"https:\/\/lacabanasse.fr\/#breadcrumb","itemListElement":[{"@type":"ListItem","position":1,"name":"Accueil","item":"https:\/\/lacabanasse.fr\/"},{"@type":"ListItem","position":2,"name":"Bienvenue sur le Site Officiel de La Cabanasse"}]},{"@type":"WebSite","@id":"https:\/\/lacabanasse.fr\/#website","url":"https:\/\/lacabanasse.fr\/","name":"Ayuntamiento de Cabanasse","description":"Sitio web oficial del Ayuntamiento de La Cabanasse en los Pirineos Orientales","publisher":{"@id":"https:\/\/lacabanasse.fr\/#organization"},"potentialAction":[{"@type":"SearchAction","target":{"@type":"EntryPoint","urlTemplate":"https:\/\/lacabanasse.fr\/?s={search_term_string}"},"query-input":{"@type":"PropertyValueSpecification","valueRequired":true,"valueName":"search_term_string"}}],"inLanguage":"es-ES"},{"@type":"Organization","@id":"https:\/\/lacabanasse.fr\/#organization","name":"Ayuntamiento de Cabanasse","url":"https:\/\/lacabanasse.fr\/","logo":{"@type":"ImageObject","inLanguage":"es-ES","@id":"https:\/\/lacabanasse.fr\/#\/schema\/logo\/image\/","url":"https:\/\/lacabanasse.fr\/wp-content\/uploads\/2021\/03\/cropped-favicon-la-cabanasse.jpg","contentUrl":"https:\/\/lacabanasse.fr\/wp-content\/uploads\/2021\/03\/cropped-favicon-la-cabanasse.jpg","width":512,"height":512,"caption":"Mairie de la Cabanasse"},"image":{"@id":"https:\/\/lacabanasse.fr\/#\/schema\/logo\/image\/"},"sameAs":["https:\/\/www.facebook.com\/lacabanasse66210\/"]}]}},"uagb_featured_image_src":{"full":false,"thumbnail":false,"medium":false,"medium_large":false,"large":false,"gs-tiny":false,"xl":false,"xxl":false,"xxxl":false,"xxxxl":false,"xxxxxl":false,"1536x1536":false,"2048x2048":false,"trp-custom-language-flag":false,"sow-carousel-default":false},"uagb_author_info":{"display_name":"900k","author_link":"https:\/\/lacabanasse.fr\/es\/author\/900k\/"},"uagb_comment_info":0,"uagb_excerpt":"La Cabanasse est un village des&nbsp;Pyr\u00e9n\u00e9es-Orientales. Il prend place au c\u0153ur de la r\u00e9gion&nbsp;Occitanie. Il se situe dans l&rsquo;arrondissement de&nbsp;Prades, non loin de&nbsp;Mont-Louis, dans la r\u00e9gion du Conflent. De passage dans la cit\u00e9 pyr\u00e9n\u00e9enne, vous pourrez ainsi appr\u00e9cier l&rsquo;architecture locale. Les amateurs d&rsquo;activit\u00e9s de plein air profiteront des diff\u00e9rents cols qui cernent les environs. Les&hellip;","_links":{"self":[{"href":"https:\/\/lacabanasse.fr\/es\/wp-json\/wp\/v2\/pages\/80","targetHints":{"allow":["GET"]}}],"collection":[{"href":"https:\/\/lacabanasse.fr\/es\/wp-json\/wp\/v2\/pages"}],"about":[{"href":"https:\/\/lacabanasse.fr\/es\/wp-json\/wp\/v2\/types\/page"}],"author":[{"embeddable":true,"href":"https:\/\/lacabanasse.fr\/es\/wp-json\/wp\/v2\/users\/1"}],"replies":[{"embeddable":true,"href":"https:\/\/lacabanasse.fr\/es\/wp-json\/wp\/v2\/comments?post=80"}],"version-history":[{"count":86,"href":"https:\/\/lacabanasse.fr\/es\/wp-json\/wp\/v2\/pages\/80\/revisions"}],"predecessor-version":[{"id":5558,"href":"https:\/\/lacabanasse.fr\/es\/wp-json\/wp\/v2\/pages\/80\/revisions\/5558"}],"wp:attachment":[{"href":"https:\/\/lacabanasse.fr\/es\/wp-json\/wp\/v2\/media?parent=80"}],"curies":[{"name":"gracias","href":"https:\/\/api.w.org\/{rel}","templated":true}]}}