{"id":921,"date":"2021-03-12T17:22:10","date_gmt":"2021-03-12T16:22:10","guid":{"rendered":"https:\/\/cabanasse.900k.fr\/?page_id=921"},"modified":"2021-05-21T16:05:28","modified_gmt":"2021-05-21T14:05:28","slug":"terrain-de-petanque","status":"publish","type":"page","link":"https:\/\/lacabanasse.fr\/es\/vivre-a-la-cabanasse\/terrain-de-petanque\/","title":{"rendered":"Petanca"},"content":{"rendered":"<div class=\"wp-block-media-text alignwide is-stacked-on-mobile\"><figure class=\"wp-block-media-text__media\"><img loading=\"lazy\" decoding=\"async\" width=\"283\" height=\"123\" src=\"https:\/\/lacabanasse.fr\/wp-content\/uploads\/2021\/04\/Petanque.jpg\" alt=\"Terrain de p\u00e9tanque-La Cabanasse-boulodromme\" class=\"wp-image-1682 size-full\" srcset=\"https:\/\/lacabanasse.fr\/wp-content\/uploads\/2021\/04\/Petanque.jpg 283w, https:\/\/lacabanasse.fr\/wp-content\/uploads\/2021\/04\/Petanque-16x7.jpg 16w\" sizes=\"auto, (max-width: 283px) 100vw, 283px\" \/><\/figure><div class=\"wp-block-media-text__content\">\n<p><strong><span style=\"color:#ffa100\" class=\"has-inline-color\">Descripci\u00f3n<\/span><\/strong><br>Terreno de petanca, campo de petanca<\/p>\n\n\n\n<p><strong>Acceso<\/strong><br>Avenue de Cerdagne,\u00a0<br>66210 La Cabanasse\u00a0<\/p>\n\n\n\n<p><strong>Detalles<\/strong><br>- Estado: bueno<br>- Iluminaci\u00f3n: no<br>- Entrada gratuita<br>- Punto de agua: cercano<br>- Tipo: arena abierta<br>- Dimensiones: largo 30 m, ancho 45 m<\/p>\n<\/div><\/div>","protected":false},"excerpt":{"rendered":"<p>Descripci\u00f3n Terreno de petanca, bolera AccesoAvenue de Cerdagne, 66210 La Cabanasse Detalles\u2013 Estado: bueno\u2013 Iluminaci\u00f3n: no\u2013 Entrada: libre\u2013 Punto de agua: cercano\u2013 Tipo: terreno abierto de arena\u2013 Dimensiones: largo 30m, ancho 45m<\/p>","protected":false},"author":1,"featured_media":0,"parent":551,"menu_order":0,"comment_status":"closed","ping_status":"closed","template":"","meta":{"_eb_attr":"","_uag_custom_page_level_css":"","_monsterinsights_skip_tracking":false,"_monsterinsights_sitenote_active":false,"_monsterinsights_sitenote_note":"","_monsterinsights_sitenote_category":0,"footnotes":""},"class_list":["post-921","page","type-page","status-publish","hentry"],"yoast_head":"<!-- This site is optimized with the Yoast SEO plugin v26.2 - https:\/\/yoast.com\/wordpress\/plugins\/seo\/ -->\n<title>Terrain de p\u00e9tanque - Mairie La Cabanasse - Terrain de p\u00e9tanque<\/title>\n<meta name=\"description\" content=\"Terrain de p\u00e9tanque en ext\u00e9rieur, am\u00e9nag\u00e9 pour la pratique du jeu de boules situ\u00e9 \u00e0 La Cabanasse mesurant 30m de long et 45m de large.\" \/>\n<meta name=\"robots\" content=\"index, follow, max-snippet:-1, max-image-preview:large, max-video-preview:-1\" \/>\n<link rel=\"canonical\" href=\"https:\/\/lacabanasse.fr\/es\/vivre-a-la-cabanasse\/terrain-de-petanque\/\" \/>\n<meta property=\"og:locale\" content=\"es_ES\" \/>\n<meta property=\"og:type\" content=\"article\" \/>\n<meta property=\"og:title\" content=\"Terrain de p\u00e9tanque - Mairie La Cabanasse - Terrain de p\u00e9tanque\" \/>\n<meta property=\"og:description\" content=\"Terrain de p\u00e9tanque en ext\u00e9rieur, am\u00e9nag\u00e9 pour la pratique du jeu de boules situ\u00e9 \u00e0 La Cabanasse mesurant 30m de long et 45m de large.\" \/>\n<meta property=\"og:url\" content=\"https:\/\/lacabanasse.fr\/es\/vivre-a-la-cabanasse\/terrain-de-petanque\/\" \/>\n<meta property=\"og:site_name\" content=\"Mairie La Cabanasse\" \/>\n<meta property=\"article:publisher\" content=\"https:\/\/www.facebook.com\/lacabanasse66210\/\" \/>\n<meta property=\"article:modified_time\" content=\"2021-05-21T14:05:28+00:00\" \/>\n<meta property=\"og:image\" content=\"https:\/\/lacabanasse.fr\/wp-content\/uploads\/2021\/04\/Petanque.jpg\" \/>\n<meta name=\"twitter:card\" content=\"summary_large_image\" \/>\n<meta name=\"twitter:label1\" content=\"Est. reading time\" \/>\n\t<meta name=\"twitter:data1\" content=\"1 minute\" \/>\n<script type=\"application\/ld+json\" class=\"yoast-schema-graph\">{\"@context\":\"https:\/\/schema.org\",\"@graph\":[{\"@type\":\"WebPage\",\"@id\":\"https:\/\/lacabanasse.fr\/vivre-a-la-cabanasse\/terrain-de-petanque\/\",\"url\":\"https:\/\/lacabanasse.fr\/vivre-a-la-cabanasse\/terrain-de-petanque\/\",\"name\":\"Terrain de p\u00e9tanque - Mairie La Cabanasse - Terrain de p\u00e9tanque\",\"isPartOf\":{\"@id\":\"https:\/\/lacabanasse.fr\/#website\"},\"primaryImageOfPage\":{\"@id\":\"https:\/\/lacabanasse.fr\/vivre-a-la-cabanasse\/terrain-de-petanque\/#primaryimage\"},\"image\":{\"@id\":\"https:\/\/lacabanasse.fr\/vivre-a-la-cabanasse\/terrain-de-petanque\/#primaryimage\"},\"thumbnailUrl\":\"https:\/\/lacabanasse.fr\/wp-content\/uploads\/2021\/04\/Petanque.jpg\",\"datePublished\":\"2021-03-12T16:22:10+00:00\",\"dateModified\":\"2021-05-21T14:05:28+00:00\",\"description\":\"Terrain de p\u00e9tanque en ext\u00e9rieur, am\u00e9nag\u00e9 pour la pratique du jeu de boules situ\u00e9 \u00e0 La Cabanasse mesurant 30m de long et 45m de large.\",\"breadcrumb\":{\"@id\":\"https:\/\/lacabanasse.fr\/vivre-a-la-cabanasse\/terrain-de-petanque\/#breadcrumb\"},\"inLanguage\":\"es-ES\",\"potentialAction\":[{\"@type\":\"ReadAction\",\"target\":[\"https:\/\/lacabanasse.fr\/vivre-a-la-cabanasse\/terrain-de-petanque\/\"]}]},{\"@type\":\"ImageObject\",\"inLanguage\":\"es-ES\",\"@id\":\"https:\/\/lacabanasse.fr\/vivre-a-la-cabanasse\/terrain-de-petanque\/#primaryimage\",\"url\":\"https:\/\/lacabanasse.fr\/wp-content\/uploads\/2021\/04\/Petanque.jpg\",\"contentUrl\":\"https:\/\/lacabanasse.fr\/wp-content\/uploads\/2021\/04\/Petanque.jpg\"},{\"@type\":\"BreadcrumbList\",\"@id\":\"https:\/\/lacabanasse.fr\/vivre-a-la-cabanasse\/terrain-de-petanque\/#breadcrumb\",\"itemListElement\":[{\"@type\":\"ListItem\",\"position\":1,\"name\":\"Accueil\",\"item\":\"https:\/\/lacabanasse.fr\/\"},{\"@type\":\"ListItem\",\"position\":2,\"name\":\"Vivre \u00e0 la Cabanasse\",\"item\":\"https:\/\/lacabanasse.fr\/vivre-a-la-cabanasse\/\"},{\"@type\":\"ListItem\",\"position\":3,\"name\":\"Terrain de p\u00e9tanque\"}]},{\"@type\":\"WebSite\",\"@id\":\"https:\/\/lacabanasse.fr\/#website\",\"url\":\"https:\/\/lacabanasse.fr\/\",\"name\":\"Mairie de la Cabanasse\",\"description\":\"Site officiel  de la Mairie de La Cabanasse dans les Pyr\u00e9n\u00e9es Orientales\",\"publisher\":{\"@id\":\"https:\/\/lacabanasse.fr\/#organization\"},\"potentialAction\":[{\"@type\":\"SearchAction\",\"target\":{\"@type\":\"EntryPoint\",\"urlTemplate\":\"https:\/\/lacabanasse.fr\/?s={search_term_string}\"},\"query-input\":{\"@type\":\"PropertyValueSpecification\",\"valueRequired\":true,\"valueName\":\"search_term_string\"}}],\"inLanguage\":\"es-ES\"},{\"@type\":\"Organization\",\"@id\":\"https:\/\/lacabanasse.fr\/#organization\",\"name\":\"Mairie de la Cabanasse\",\"url\":\"https:\/\/lacabanasse.fr\/\",\"logo\":{\"@type\":\"ImageObject\",\"inLanguage\":\"es-ES\",\"@id\":\"https:\/\/lacabanasse.fr\/#\/schema\/logo\/image\/\",\"url\":\"https:\/\/lacabanasse.fr\/wp-content\/uploads\/2021\/03\/cropped-favicon-la-cabanasse.jpg\",\"contentUrl\":\"https:\/\/lacabanasse.fr\/wp-content\/uploads\/2021\/03\/cropped-favicon-la-cabanasse.jpg\",\"width\":512,\"height\":512,\"caption\":\"Mairie de la Cabanasse\"},\"image\":{\"@id\":\"https:\/\/lacabanasse.fr\/#\/schema\/logo\/image\/\"},\"sameAs\":[\"https:\/\/www.facebook.com\/lacabanasse66210\/\"]}]}<\/script>\n<!-- \/ Yoast SEO plugin. -->","yoast_head_json":{"title":"Terreno de petanca - Ayuntamiento de La Cabanasse - Terreno de petanca","description":"Terreno de petanca al aire libre, acondicionado para la pr\u00e1ctica de la petanca, situado en La Cabanasse, con unas dimensiones de 30 m de largo y 45 m de ancho.","robots":{"index":"index","follow":"follow","max-snippet":"max-snippet:-1","max-image-preview":"max-image-preview:large","max-video-preview":"max-video-preview:-1"},"canonical":"https:\/\/lacabanasse.fr\/es\/vivre-a-la-cabanasse\/terrain-de-petanque\/","og_locale":"es_ES","og_type":"article","og_title":"Terrain de p\u00e9tanque - Mairie La Cabanasse - Terrain de p\u00e9tanque","og_description":"Terrain de p\u00e9tanque en ext\u00e9rieur, am\u00e9nag\u00e9 pour la pratique du jeu de boules situ\u00e9 \u00e0 La Cabanasse mesurant 30m de long et 45m de large.","og_url":"https:\/\/lacabanasse.fr\/es\/vivre-a-la-cabanasse\/terrain-de-petanque\/","og_site_name":"Mairie La Cabanasse","article_publisher":"https:\/\/www.facebook.com\/lacabanasse66210\/","article_modified_time":"2021-05-21T14:05:28+00:00","og_image":[{"url":"https:\/\/lacabanasse.fr\/wp-content\/uploads\/2021\/04\/Petanque.jpg","type":"","width":"","height":""}],"twitter_card":"summary_large_image","twitter_misc":{"Est. reading time":"1 minute"},"schema":{"@context":"https:\/\/schema.org","@graph":[{"@type":"WebPage","@id":"https:\/\/lacabanasse.fr\/vivre-a-la-cabanasse\/terrain-de-petanque\/","url":"https:\/\/lacabanasse.fr\/vivre-a-la-cabanasse\/terrain-de-petanque\/","name":"Terreno de petanca - Ayuntamiento de La Cabanasse - Terreno de petanca","isPartOf":{"@id":"https:\/\/lacabanasse.fr\/#website"},"primaryImageOfPage":{"@id":"https:\/\/lacabanasse.fr\/vivre-a-la-cabanasse\/terrain-de-petanque\/#primaryimage"},"image":{"@id":"https:\/\/lacabanasse.fr\/vivre-a-la-cabanasse\/terrain-de-petanque\/#primaryimage"},"thumbnailUrl":"https:\/\/lacabanasse.fr\/wp-content\/uploads\/2021\/04\/Petanque.jpg","datePublished":"2021-03-12T16:22:10+00:00","dateModified":"2021-05-21T14:05:28+00:00","description":"Terreno de petanca al aire libre, acondicionado para la pr\u00e1ctica de la petanca, situado en La Cabanasse, con unas dimensiones de 30 m de largo y 45 m de ancho.","breadcrumb":{"@id":"https:\/\/lacabanasse.fr\/vivre-a-la-cabanasse\/terrain-de-petanque\/#breadcrumb"},"inLanguage":"es-ES","potentialAction":[{"@type":"ReadAction","target":["https:\/\/lacabanasse.fr\/vivre-a-la-cabanasse\/terrain-de-petanque\/"]}]},{"@type":"ImageObject","inLanguage":"es-ES","@id":"https:\/\/lacabanasse.fr\/vivre-a-la-cabanasse\/terrain-de-petanque\/#primaryimage","url":"https:\/\/lacabanasse.fr\/wp-content\/uploads\/2021\/04\/Petanque.jpg","contentUrl":"https:\/\/lacabanasse.fr\/wp-content\/uploads\/2021\/04\/Petanque.jpg"},{"@type":"BreadcrumbList","@id":"https:\/\/lacabanasse.fr\/vivre-a-la-cabanasse\/terrain-de-petanque\/#breadcrumb","itemListElement":[{"@type":"ListItem","position":1,"name":"Accueil","item":"https:\/\/lacabanasse.fr\/"},{"@type":"ListItem","position":2,"name":"Vivre \u00e0 la Cabanasse","item":"https:\/\/lacabanasse.fr\/vivre-a-la-cabanasse\/"},{"@type":"ListItem","position":3,"name":"Terrain de p\u00e9tanque"}]},{"@type":"WebSite","@id":"https:\/\/lacabanasse.fr\/#website","url":"https:\/\/lacabanasse.fr\/","name":"Ayuntamiento de Cabanasse","description":"Sitio web oficial del Ayuntamiento de La Cabanasse en los Pirineos Orientales","publisher":{"@id":"https:\/\/lacabanasse.fr\/#organization"},"potentialAction":[{"@type":"SearchAction","target":{"@type":"EntryPoint","urlTemplate":"https:\/\/lacabanasse.fr\/?s={search_term_string}"},"query-input":{"@type":"PropertyValueSpecification","valueRequired":true,"valueName":"search_term_string"}}],"inLanguage":"es-ES"},{"@type":"Organization","@id":"https:\/\/lacabanasse.fr\/#organization","name":"Ayuntamiento de Cabanasse","url":"https:\/\/lacabanasse.fr\/","logo":{"@type":"ImageObject","inLanguage":"es-ES","@id":"https:\/\/lacabanasse.fr\/#\/schema\/logo\/image\/","url":"https:\/\/lacabanasse.fr\/wp-content\/uploads\/2021\/03\/cropped-favicon-la-cabanasse.jpg","contentUrl":"https:\/\/lacabanasse.fr\/wp-content\/uploads\/2021\/03\/cropped-favicon-la-cabanasse.jpg","width":512,"height":512,"caption":"Mairie de la Cabanasse"},"image":{"@id":"https:\/\/lacabanasse.fr\/#\/schema\/logo\/image\/"},"sameAs":["https:\/\/www.facebook.com\/lacabanasse66210\/"]}]}},"uagb_featured_image_src":{"full":false,"thumbnail":false,"medium":false,"medium_large":false,"large":false,"gs-tiny":false,"xl":false,"xxl":false,"xxxl":false,"xxxxl":false,"xxxxxl":false,"1536x1536":false,"2048x2048":false,"trp-custom-language-flag":false,"sow-carousel-default":false},"uagb_author_info":{"display_name":"900k","author_link":"https:\/\/lacabanasse.fr\/es\/author\/900k\/"},"uagb_comment_info":0,"uagb_excerpt":"DescriptionTerrain de p\u00e9tanque, boulodrome Acc\u00e8sAvenue de Cerdagne,\u00a066210 La Cabanasse\u00a0 D\u00e9tails&#8211; Etat\u00a0:\u00a0 bon&#8211; Eclairage: non&#8211; Entr\u00e9e : gratuite&#8211; Point d\u2019eau: \u00e0 proximit\u00e9&#8211; Type: terrains d\u00e9couvert sable&#8211; Dimensions: longueur 30m, largeur 45m","_links":{"self":[{"href":"https:\/\/lacabanasse.fr\/es\/wp-json\/wp\/v2\/pages\/921","targetHints":{"allow":["GET"]}}],"collection":[{"href":"https:\/\/lacabanasse.fr\/es\/wp-json\/wp\/v2\/pages"}],"about":[{"href":"https:\/\/lacabanasse.fr\/es\/wp-json\/wp\/v2\/types\/page"}],"author":[{"embeddable":true,"href":"https:\/\/lacabanasse.fr\/es\/wp-json\/wp\/v2\/users\/1"}],"replies":[{"embeddable":true,"href":"https:\/\/lacabanasse.fr\/es\/wp-json\/wp\/v2\/comments?post=921"}],"version-history":[{"count":15,"href":"https:\/\/lacabanasse.fr\/es\/wp-json\/wp\/v2\/pages\/921\/revisions"}],"predecessor-version":[{"id":3706,"href":"https:\/\/lacabanasse.fr\/es\/wp-json\/wp\/v2\/pages\/921\/revisions\/3706"}],"up":[{"embeddable":true,"href":"https:\/\/lacabanasse.fr\/es\/wp-json\/wp\/v2\/pages\/551"}],"wp:attachment":[{"href":"https:\/\/lacabanasse.fr\/es\/wp-json\/wp\/v2\/media?parent=921"}],"curies":[{"name":"gracias","href":"https:\/\/api.w.org\/{rel}","templated":true}]}}