{"id":923,"date":"2021-03-12T17:22:41","date_gmt":"2021-03-12T16:22:41","guid":{"rendered":"https:\/\/cabanasse.900k.fr\/?page_id=923"},"modified":"2021-05-21T14:01:48","modified_gmt":"2021-05-21T12:01:48","slug":"bus-a-1e","status":"publish","type":"page","link":"https:\/\/lacabanasse.fr\/es\/vivre-a-la-cabanasse\/bus-a-1e\/","title":{"rendered":"1 \u20ac autob\u00fas"},"content":{"rendered":"<div class=\"wp-block-media-text alignwide is-stacked-on-mobile is-vertically-aligned-center\"><figure class=\"wp-block-media-text__media\"><img loading=\"lazy\" decoding=\"async\" width=\"1184\" height=\"1736\" src=\"https:\/\/lacabanasse.fr\/wp-content\/uploads\/2021\/04\/Le_bus_a_1E_-_CG66.jpg\" alt=\"La Cabanasse-Bus \u00e0 1euros-voyager dans les Pyr\u00e9n\u00e9es Orientales\" class=\"wp-image-1703 size-full\" srcset=\"https:\/\/lacabanasse.fr\/wp-content\/uploads\/2021\/04\/Le_bus_a_1E_-_CG66.jpg 1184w, https:\/\/lacabanasse.fr\/wp-content\/uploads\/2021\/04\/Le_bus_a_1E_-_CG66-205x300.jpg 205w, https:\/\/lacabanasse.fr\/wp-content\/uploads\/2021\/04\/Le_bus_a_1E_-_CG66-698x1024.jpg 698w, https:\/\/lacabanasse.fr\/wp-content\/uploads\/2021\/04\/Le_bus_a_1E_-_CG66-768x1126.jpg 768w, https:\/\/lacabanasse.fr\/wp-content\/uploads\/2021\/04\/Le_bus_a_1E_-_CG66-1048x1536.jpg 1048w, https:\/\/lacabanasse.fr\/wp-content\/uploads\/2021\/04\/Le_bus_a_1E_-_CG66-8x12.jpg 8w\" sizes=\"auto, (max-width: 1184px) 100vw, 1184px\" \/><\/figure><div class=\"wp-block-media-text__content\">\n<p class=\"has-medium-font-size\">\u00a1Con el autob\u00fas de 1 \u20ac viajar por los Pirineos Orientales nunca ha sido tan f\u00e1cil!<\/p>\n\n\n\n<p class=\"has-medium-font-size\">El Bus de 1 \u20ac te transporta por todo el departamento respetando tanto tu poder adquisitivo como el medio ambiente.<\/p>\n\n\n\n<p class=\"has-medium-font-size\">Con los autobuses de la regi\u00f3n de Occitania, puedes viajar en muchas l\u00edneas en el departamento de Pirineos Orientales por 1 \u20ac.<\/p>\n\n\n\n<p class=\"has-medium-font-size\">Encuentra toda la informaci\u00f3n y horarios en <a rel=\"noreferrer noopener\" href=\"https:\/\/www.mestrajets.lio.laregion.fr\/\" target=\"_blank\">www.lio.laregion.fr<\/a><\/p>\n<\/div><\/div>","protected":false},"excerpt":{"rendered":"<p>\u00a1Con el autob\u00fas de 1 \u20ac viajar por los Pirineos Orientales nunca ha sido tan f\u00e1cil! El Bus de 1 \u20ac te transporta por todo el departamento respetando tanto tu poder adquisitivo como el medio ambiente. Con los autobuses de la regi\u00f3n de Occitania, tienes la posibilidad de viajar en muchas l\u00edneas [\u2026]<\/p>","protected":false},"author":1,"featured_media":0,"parent":551,"menu_order":0,"comment_status":"closed","ping_status":"closed","template":"","meta":{"_eb_attr":"","_uag_custom_page_level_css":"","_monsterinsights_skip_tracking":false,"_monsterinsights_sitenote_active":false,"_monsterinsights_sitenote_note":"","_monsterinsights_sitenote_category":0,"footnotes":""},"class_list":["post-923","page","type-page","status-publish","hentry"],"yoast_head":"<!-- This site is optimized with the Yoast SEO plugin v26.2 - https:\/\/yoast.com\/wordpress\/plugins\/seo\/ -->\n<title>Bus \u00e0 1\u20ac - Mairie La Cabanasse - Bus \u00e0 1\u20ac - Mairie La Cabanasse<\/title>\n<meta name=\"description\" content=\"Le Bus \u00e0 1\u20ac, voyager dans les Pyr\u00e9n\u00e9es Orientales n&#039;a jamais \u00e9t\u00e9 aussi simple! Vous pouvez vous d\u00e9placer sur de nombreuses lignes des P-O.\" \/>\n<meta name=\"robots\" content=\"index, follow, max-snippet:-1, max-image-preview:large, max-video-preview:-1\" \/>\n<link rel=\"canonical\" href=\"https:\/\/lacabanasse.fr\/es\/vivre-a-la-cabanasse\/bus-a-1e\/\" \/>\n<meta property=\"og:locale\" content=\"es_ES\" \/>\n<meta property=\"og:type\" content=\"article\" \/>\n<meta property=\"og:title\" content=\"Bus \u00e0 1\u20ac - Mairie La Cabanasse - Bus \u00e0 1\u20ac - Mairie La Cabanasse\" \/>\n<meta property=\"og:description\" content=\"Le Bus \u00e0 1\u20ac, voyager dans les Pyr\u00e9n\u00e9es Orientales n&#039;a jamais \u00e9t\u00e9 aussi simple! Vous pouvez vous d\u00e9placer sur de nombreuses lignes des P-O.\" \/>\n<meta property=\"og:url\" content=\"https:\/\/lacabanasse.fr\/es\/vivre-a-la-cabanasse\/bus-a-1e\/\" \/>\n<meta property=\"og:site_name\" content=\"Mairie La Cabanasse\" \/>\n<meta property=\"article:publisher\" content=\"https:\/\/www.facebook.com\/lacabanasse66210\/\" \/>\n<meta property=\"article:modified_time\" content=\"2021-05-21T12:01:48+00:00\" \/>\n<meta property=\"og:image\" content=\"https:\/\/lacabanasse.fr\/wp-content\/uploads\/2021\/04\/Le_bus_a_1E_-_CG66.jpg\" \/>\n<meta name=\"twitter:card\" content=\"summary_large_image\" \/>\n<meta name=\"twitter:label1\" content=\"Est. reading time\" \/>\n\t<meta name=\"twitter:data1\" content=\"1 minute\" \/>\n<script type=\"application\/ld+json\" class=\"yoast-schema-graph\">{\"@context\":\"https:\/\/schema.org\",\"@graph\":[{\"@type\":\"WebPage\",\"@id\":\"https:\/\/lacabanasse.fr\/es\/vivre-a-la-cabanasse\/bus-a-1e\/\",\"url\":\"https:\/\/lacabanasse.fr\/es\/vivre-a-la-cabanasse\/bus-a-1e\/\",\"name\":\"Bus \u00e0 1\u20ac - Mairie La Cabanasse - Bus \u00e0 1\u20ac - Mairie La Cabanasse\",\"isPartOf\":{\"@id\":\"https:\/\/lacabanasse.fr\/#website\"},\"primaryImageOfPage\":{\"@id\":\"https:\/\/lacabanasse.fr\/es\/vivre-a-la-cabanasse\/bus-a-1e\/#primaryimage\"},\"image\":{\"@id\":\"https:\/\/lacabanasse.fr\/es\/vivre-a-la-cabanasse\/bus-a-1e\/#primaryimage\"},\"thumbnailUrl\":\"https:\/\/lacabanasse.fr\/wp-content\/uploads\/2021\/04\/Le_bus_a_1E_-_CG66.jpg\",\"datePublished\":\"2021-03-12T16:22:41+00:00\",\"dateModified\":\"2021-05-21T12:01:48+00:00\",\"description\":\"Le Bus \u00e0 1\u20ac, voyager dans les Pyr\u00e9n\u00e9es Orientales n'a jamais \u00e9t\u00e9 aussi simple! Vous pouvez vous d\u00e9placer sur de nombreuses lignes des P-O.\",\"breadcrumb\":{\"@id\":\"https:\/\/lacabanasse.fr\/es\/vivre-a-la-cabanasse\/bus-a-1e\/#breadcrumb\"},\"inLanguage\":\"es-ES\",\"potentialAction\":[{\"@type\":\"ReadAction\",\"target\":[\"https:\/\/lacabanasse.fr\/es\/vivre-a-la-cabanasse\/bus-a-1e\/\"]}]},{\"@type\":\"ImageObject\",\"inLanguage\":\"es-ES\",\"@id\":\"https:\/\/lacabanasse.fr\/es\/vivre-a-la-cabanasse\/bus-a-1e\/#primaryimage\",\"url\":\"https:\/\/lacabanasse.fr\/wp-content\/uploads\/2021\/04\/Le_bus_a_1E_-_CG66.jpg\",\"contentUrl\":\"https:\/\/lacabanasse.fr\/wp-content\/uploads\/2021\/04\/Le_bus_a_1E_-_CG66.jpg\"},{\"@type\":\"BreadcrumbList\",\"@id\":\"https:\/\/lacabanasse.fr\/es\/vivre-a-la-cabanasse\/bus-a-1e\/#breadcrumb\",\"itemListElement\":[{\"@type\":\"ListItem\",\"position\":1,\"name\":\"Accueil\",\"item\":\"https:\/\/lacabanasse.fr\/\"},{\"@type\":\"ListItem\",\"position\":2,\"name\":\"Vivre \u00e0 la Cabanasse\",\"item\":\"https:\/\/lacabanasse.fr\/vivre-a-la-cabanasse\/\"},{\"@type\":\"ListItem\",\"position\":3,\"name\":\"Bus \u00e0 1\u20ac\"}]},{\"@type\":\"WebSite\",\"@id\":\"https:\/\/lacabanasse.fr\/#website\",\"url\":\"https:\/\/lacabanasse.fr\/\",\"name\":\"Mairie de la Cabanasse\",\"description\":\"Site officiel  de la Mairie de La Cabanasse dans les Pyr\u00e9n\u00e9es Orientales\",\"publisher\":{\"@id\":\"https:\/\/lacabanasse.fr\/#organization\"},\"potentialAction\":[{\"@type\":\"SearchAction\",\"target\":{\"@type\":\"EntryPoint\",\"urlTemplate\":\"https:\/\/lacabanasse.fr\/?s={search_term_string}\"},\"query-input\":{\"@type\":\"PropertyValueSpecification\",\"valueRequired\":true,\"valueName\":\"search_term_string\"}}],\"inLanguage\":\"es-ES\"},{\"@type\":\"Organization\",\"@id\":\"https:\/\/lacabanasse.fr\/#organization\",\"name\":\"Mairie de la Cabanasse\",\"url\":\"https:\/\/lacabanasse.fr\/\",\"logo\":{\"@type\":\"ImageObject\",\"inLanguage\":\"es-ES\",\"@id\":\"https:\/\/lacabanasse.fr\/#\/schema\/logo\/image\/\",\"url\":\"https:\/\/lacabanasse.fr\/wp-content\/uploads\/2021\/03\/cropped-favicon-la-cabanasse.jpg\",\"contentUrl\":\"https:\/\/lacabanasse.fr\/wp-content\/uploads\/2021\/03\/cropped-favicon-la-cabanasse.jpg\",\"width\":512,\"height\":512,\"caption\":\"Mairie de la Cabanasse\"},\"image\":{\"@id\":\"https:\/\/lacabanasse.fr\/#\/schema\/logo\/image\/\"},\"sameAs\":[\"https:\/\/www.facebook.com\/lacabanasse66210\/\"]}]}<\/script>\n<!-- \/ Yoast SEO plugin. -->","yoast_head_json":{"title":"1\u20ac autob\u00fas - Ayuntamiento de La Cabanasse - 1\u20ac autob\u00fas - Ayuntamiento de La Cabanasse","description":"Con el autob\u00fas de 1 \u20ac, \u00a1viajar por los Pirineos Orientales nunca ha sido tan f\u00e1cil! Puedes viajar en muchas l\u00edneas de los Pirineos Orientales.","robots":{"index":"index","follow":"follow","max-snippet":"max-snippet:-1","max-image-preview":"max-image-preview:large","max-video-preview":"max-video-preview:-1"},"canonical":"https:\/\/lacabanasse.fr\/es\/vivre-a-la-cabanasse\/bus-a-1e\/","og_locale":"es_ES","og_type":"article","og_title":"Bus \u00e0 1\u20ac - Mairie La Cabanasse - Bus \u00e0 1\u20ac - Mairie La Cabanasse","og_description":"Le Bus \u00e0 1\u20ac, voyager dans les Pyr\u00e9n\u00e9es Orientales n'a jamais \u00e9t\u00e9 aussi simple! Vous pouvez vous d\u00e9placer sur de nombreuses lignes des P-O.","og_url":"https:\/\/lacabanasse.fr\/es\/vivre-a-la-cabanasse\/bus-a-1e\/","og_site_name":"Mairie La Cabanasse","article_publisher":"https:\/\/www.facebook.com\/lacabanasse66210\/","article_modified_time":"2021-05-21T12:01:48+00:00","og_image":[{"url":"https:\/\/lacabanasse.fr\/wp-content\/uploads\/2021\/04\/Le_bus_a_1E_-_CG66.jpg","type":"","width":"","height":""}],"twitter_card":"summary_large_image","twitter_misc":{"Est. reading time":"1 minute"},"schema":{"@context":"https:\/\/schema.org","@graph":[{"@type":"WebPage","@id":"https:\/\/lacabanasse.fr\/es\/vivre-a-la-cabanasse\/bus-a-1e\/","url":"https:\/\/lacabanasse.fr\/es\/vivre-a-la-cabanasse\/bus-a-1e\/","name":"1\u20ac autob\u00fas - Ayuntamiento de La Cabanasse - 1\u20ac autob\u00fas - Ayuntamiento de La Cabanasse","isPartOf":{"@id":"https:\/\/lacabanasse.fr\/#website"},"primaryImageOfPage":{"@id":"https:\/\/lacabanasse.fr\/es\/vivre-a-la-cabanasse\/bus-a-1e\/#primaryimage"},"image":{"@id":"https:\/\/lacabanasse.fr\/es\/vivre-a-la-cabanasse\/bus-a-1e\/#primaryimage"},"thumbnailUrl":"https:\/\/lacabanasse.fr\/wp-content\/uploads\/2021\/04\/Le_bus_a_1E_-_CG66.jpg","datePublished":"2021-03-12T16:22:41+00:00","dateModified":"2021-05-21T12:01:48+00:00","description":"Con el autob\u00fas de 1 \u20ac, \u00a1viajar por los Pirineos Orientales nunca ha sido tan f\u00e1cil! Puedes viajar en muchas l\u00edneas de los Pirineos Orientales.","breadcrumb":{"@id":"https:\/\/lacabanasse.fr\/es\/vivre-a-la-cabanasse\/bus-a-1e\/#breadcrumb"},"inLanguage":"es-ES","potentialAction":[{"@type":"ReadAction","target":["https:\/\/lacabanasse.fr\/es\/vivre-a-la-cabanasse\/bus-a-1e\/"]}]},{"@type":"ImageObject","inLanguage":"es-ES","@id":"https:\/\/lacabanasse.fr\/es\/vivre-a-la-cabanasse\/bus-a-1e\/#primaryimage","url":"https:\/\/lacabanasse.fr\/wp-content\/uploads\/2021\/04\/Le_bus_a_1E_-_CG66.jpg","contentUrl":"https:\/\/lacabanasse.fr\/wp-content\/uploads\/2021\/04\/Le_bus_a_1E_-_CG66.jpg"},{"@type":"BreadcrumbList","@id":"https:\/\/lacabanasse.fr\/es\/vivre-a-la-cabanasse\/bus-a-1e\/#breadcrumb","itemListElement":[{"@type":"ListItem","position":1,"name":"Accueil","item":"https:\/\/lacabanasse.fr\/"},{"@type":"ListItem","position":2,"name":"Vivre \u00e0 la Cabanasse","item":"https:\/\/lacabanasse.fr\/vivre-a-la-cabanasse\/"},{"@type":"ListItem","position":3,"name":"Bus \u00e0 1\u20ac"}]},{"@type":"WebSite","@id":"https:\/\/lacabanasse.fr\/#website","url":"https:\/\/lacabanasse.fr\/","name":"Ayuntamiento de Cabanasse","description":"Sitio web oficial del Ayuntamiento de La Cabanasse en los Pirineos Orientales","publisher":{"@id":"https:\/\/lacabanasse.fr\/#organization"},"potentialAction":[{"@type":"SearchAction","target":{"@type":"EntryPoint","urlTemplate":"https:\/\/lacabanasse.fr\/?s={search_term_string}"},"query-input":{"@type":"PropertyValueSpecification","valueRequired":true,"valueName":"search_term_string"}}],"inLanguage":"es-ES"},{"@type":"Organization","@id":"https:\/\/lacabanasse.fr\/#organization","name":"Ayuntamiento de Cabanasse","url":"https:\/\/lacabanasse.fr\/","logo":{"@type":"ImageObject","inLanguage":"es-ES","@id":"https:\/\/lacabanasse.fr\/#\/schema\/logo\/image\/","url":"https:\/\/lacabanasse.fr\/wp-content\/uploads\/2021\/03\/cropped-favicon-la-cabanasse.jpg","contentUrl":"https:\/\/lacabanasse.fr\/wp-content\/uploads\/2021\/03\/cropped-favicon-la-cabanasse.jpg","width":512,"height":512,"caption":"Mairie de la Cabanasse"},"image":{"@id":"https:\/\/lacabanasse.fr\/#\/schema\/logo\/image\/"},"sameAs":["https:\/\/www.facebook.com\/lacabanasse66210\/"]}]}},"uagb_featured_image_src":{"full":false,"thumbnail":false,"medium":false,"medium_large":false,"large":false,"gs-tiny":false,"xl":false,"xxl":false,"xxxl":false,"xxxxl":false,"xxxxxl":false,"1536x1536":false,"2048x2048":false,"trp-custom-language-flag":false,"sow-carousel-default":false},"uagb_author_info":{"display_name":"900k","author_link":"https:\/\/lacabanasse.fr\/es\/author\/900k\/"},"uagb_comment_info":0,"uagb_excerpt":"Avec le Bus \u00e0 1 \u20ac, voyager dans les Pyr\u00e9n\u00e9es Orientales n&rsquo;a jamais \u00e9t\u00e9 aussi simple ! Le Bus \u00e0 1\u20ac vous transporte dans tout le d\u00e9partement en respectant \u00e0 la fois votre pouvoir d&rsquo;achat et l&rsquo;environnement. Avec les bus de la R\u00e9gion Occitanie, vous avez la possibilit\u00e9 de vous d\u00e9placer sur de nombreuses lignes&hellip;","_links":{"self":[{"href":"https:\/\/lacabanasse.fr\/es\/wp-json\/wp\/v2\/pages\/923","targetHints":{"allow":["GET"]}}],"collection":[{"href":"https:\/\/lacabanasse.fr\/es\/wp-json\/wp\/v2\/pages"}],"about":[{"href":"https:\/\/lacabanasse.fr\/es\/wp-json\/wp\/v2\/types\/page"}],"author":[{"embeddable":true,"href":"https:\/\/lacabanasse.fr\/es\/wp-json\/wp\/v2\/users\/1"}],"replies":[{"embeddable":true,"href":"https:\/\/lacabanasse.fr\/es\/wp-json\/wp\/v2\/comments?post=923"}],"version-history":[{"count":23,"href":"https:\/\/lacabanasse.fr\/es\/wp-json\/wp\/v2\/pages\/923\/revisions"}],"predecessor-version":[{"id":3694,"href":"https:\/\/lacabanasse.fr\/es\/wp-json\/wp\/v2\/pages\/923\/revisions\/3694"}],"up":[{"embeddable":true,"href":"https:\/\/lacabanasse.fr\/es\/wp-json\/wp\/v2\/pages\/551"}],"wp:attachment":[{"href":"https:\/\/lacabanasse.fr\/es\/wp-json\/wp\/v2\/media?parent=923"}],"curies":[{"name":"gracias","href":"https:\/\/api.w.org\/{rel}","templated":true}]}}