{"id":927,"date":"2021-03-12T17:23:37","date_gmt":"2021-03-12T16:23:37","guid":{"rendered":"https:\/\/cabanasse.900k.fr\/?page_id=927"},"modified":"2025-03-28T17:50:15","modified_gmt":"2025-03-28T16:50:15","slug":"taxis-et-locations-de-vehicules","status":"publish","type":"page","link":"https:\/\/lacabanasse.fr\/es\/vivre-a-la-cabanasse\/taxis-et-locations-de-vehicules\/","title":{"rendered":"Taxis"},"content":{"rendered":"<div class=\"wp-block-media-text alignwide is-stacked-on-mobile\"><figure class=\"wp-block-media-text__media\"><img loading=\"lazy\" decoding=\"async\" width=\"512\" height=\"512\" src=\"https:\/\/lacabanasse.fr\/wp-content\/uploads\/2021\/04\/taxi.png\" alt=\"Taxis-La Cabanasse-transport-locations\" class=\"wp-image-1705 size-full\" srcset=\"https:\/\/lacabanasse.fr\/wp-content\/uploads\/2021\/04\/taxi.png 512w, https:\/\/lacabanasse.fr\/wp-content\/uploads\/2021\/04\/taxi-300x300.png 300w, https:\/\/lacabanasse.fr\/wp-content\/uploads\/2021\/04\/taxi-150x150.png 150w, https:\/\/lacabanasse.fr\/wp-content\/uploads\/2021\/04\/taxi-12x12.png 12w\" sizes=\"auto, (max-width: 512px) 100vw, 512px\" \/><\/figure><div class=\"wp-block-media-text__content\">\n<p class=\"has-medium-font-size\"><a rel=\"noreferrer noopener\" href=\"https:\/\/www.itaxis.fr\/chauffeurs\/mont-louis-taxi-10132.htm\" target=\"_blank\">Taxi Mont-Louis<\/a> &#8211; +33 (0)6 81 13 78 13<\/p>\n<\/div><\/div>\n\n\n\n<p><\/p>","protected":false},"excerpt":{"rendered":"<p>Taxi Mont-Louis \u2013 +33 (0)6 81 13 78 13<\/p>","protected":false},"author":1,"featured_media":0,"parent":551,"menu_order":0,"comment_status":"closed","ping_status":"closed","template":"","meta":{"_eb_attr":"","_uag_custom_page_level_css":"","_monsterinsights_skip_tracking":false,"_monsterinsights_sitenote_active":false,"_monsterinsights_sitenote_note":"","_monsterinsights_sitenote_category":0,"footnotes":""},"class_list":["post-927","page","type-page","status-publish","hentry"],"yoast_head":"<!-- This site is optimized with the Yoast SEO plugin v26.2 - https:\/\/yoast.com\/wordpress\/plugins\/seo\/ -->\n<title>Taxis - Mairie La Cabanasse - Taxis et locations de v\u00e9hicules<\/title>\n<meta name=\"description\" content=\"Vous recherchez des taxis? Vous souhaitez louer un v\u00e9hicule pour un ou plusieurs jours? Retrouvez les coordonn\u00e9es de nos taxis r\u00e9f\u00e9renc\u00e9s.\" \/>\n<meta name=\"robots\" content=\"index, follow, max-snippet:-1, max-image-preview:large, max-video-preview:-1\" \/>\n<link rel=\"canonical\" href=\"https:\/\/lacabanasse.fr\/es\/vivre-a-la-cabanasse\/taxis-et-locations-de-vehicules\/\" \/>\n<meta property=\"og:locale\" content=\"es_ES\" \/>\n<meta property=\"og:type\" content=\"article\" \/>\n<meta property=\"og:title\" content=\"Taxis - Mairie La Cabanasse - Taxis et locations de v\u00e9hicules\" \/>\n<meta property=\"og:description\" content=\"Vous recherchez des taxis? Vous souhaitez louer un v\u00e9hicule pour un ou plusieurs jours? Retrouvez les coordonn\u00e9es de nos taxis r\u00e9f\u00e9renc\u00e9s.\" \/>\n<meta property=\"og:url\" content=\"https:\/\/lacabanasse.fr\/es\/vivre-a-la-cabanasse\/taxis-et-locations-de-vehicules\/\" \/>\n<meta property=\"og:site_name\" content=\"Mairie La Cabanasse\" \/>\n<meta property=\"article:publisher\" content=\"https:\/\/www.facebook.com\/lacabanasse66210\/\" \/>\n<meta property=\"article:modified_time\" content=\"2025-03-28T16:50:15+00:00\" \/>\n<meta property=\"og:image\" content=\"https:\/\/lacabanasse.fr\/wp-content\/uploads\/2021\/04\/taxi.png\" \/>\n\t<meta property=\"og:image:width\" content=\"512\" \/>\n\t<meta property=\"og:image:height\" content=\"512\" \/>\n\t<meta property=\"og:image:type\" content=\"image\/png\" \/>\n<meta name=\"twitter:card\" content=\"summary_large_image\" \/>\n<meta name=\"twitter:label1\" content=\"Est. reading time\" \/>\n\t<meta name=\"twitter:data1\" content=\"1 minute\" \/>\n<script type=\"application\/ld+json\" class=\"yoast-schema-graph\">{\"@context\":\"https:\/\/schema.org\",\"@graph\":[{\"@type\":\"WebPage\",\"@id\":\"https:\/\/lacabanasse.fr\/vivre-a-la-cabanasse\/taxis-et-locations-de-vehicules\/\",\"url\":\"https:\/\/lacabanasse.fr\/vivre-a-la-cabanasse\/taxis-et-locations-de-vehicules\/\",\"name\":\"Taxis - Mairie La Cabanasse - Taxis et locations de v\u00e9hicules\",\"isPartOf\":{\"@id\":\"https:\/\/lacabanasse.fr\/#website\"},\"primaryImageOfPage\":{\"@id\":\"https:\/\/lacabanasse.fr\/vivre-a-la-cabanasse\/taxis-et-locations-de-vehicules\/#primaryimage\"},\"image\":{\"@id\":\"https:\/\/lacabanasse.fr\/vivre-a-la-cabanasse\/taxis-et-locations-de-vehicules\/#primaryimage\"},\"thumbnailUrl\":\"https:\/\/lacabanasse.fr\/wp-content\/uploads\/2021\/04\/taxi.png\",\"datePublished\":\"2021-03-12T16:23:37+00:00\",\"dateModified\":\"2025-03-28T16:50:15+00:00\",\"description\":\"Vous recherchez des taxis? Vous souhaitez louer un v\u00e9hicule pour un ou plusieurs jours? Retrouvez les coordonn\u00e9es de nos taxis r\u00e9f\u00e9renc\u00e9s.\",\"breadcrumb\":{\"@id\":\"https:\/\/lacabanasse.fr\/vivre-a-la-cabanasse\/taxis-et-locations-de-vehicules\/#breadcrumb\"},\"inLanguage\":\"es-ES\",\"potentialAction\":[{\"@type\":\"ReadAction\",\"target\":[\"https:\/\/lacabanasse.fr\/vivre-a-la-cabanasse\/taxis-et-locations-de-vehicules\/\"]}]},{\"@type\":\"ImageObject\",\"inLanguage\":\"es-ES\",\"@id\":\"https:\/\/lacabanasse.fr\/vivre-a-la-cabanasse\/taxis-et-locations-de-vehicules\/#primaryimage\",\"url\":\"https:\/\/lacabanasse.fr\/wp-content\/uploads\/2021\/04\/taxi.png\",\"contentUrl\":\"https:\/\/lacabanasse.fr\/wp-content\/uploads\/2021\/04\/taxi.png\"},{\"@type\":\"BreadcrumbList\",\"@id\":\"https:\/\/lacabanasse.fr\/vivre-a-la-cabanasse\/taxis-et-locations-de-vehicules\/#breadcrumb\",\"itemListElement\":[{\"@type\":\"ListItem\",\"position\":1,\"name\":\"Accueil\",\"item\":\"https:\/\/lacabanasse.fr\/\"},{\"@type\":\"ListItem\",\"position\":2,\"name\":\"Vivre \u00e0 la Cabanasse\",\"item\":\"https:\/\/lacabanasse.fr\/vivre-a-la-cabanasse\/\"},{\"@type\":\"ListItem\",\"position\":3,\"name\":\"Taxis\"}]},{\"@type\":\"WebSite\",\"@id\":\"https:\/\/lacabanasse.fr\/#website\",\"url\":\"https:\/\/lacabanasse.fr\/\",\"name\":\"Mairie de la Cabanasse\",\"description\":\"Site officiel  de la Mairie de La Cabanasse dans les Pyr\u00e9n\u00e9es Orientales\",\"publisher\":{\"@id\":\"https:\/\/lacabanasse.fr\/#organization\"},\"potentialAction\":[{\"@type\":\"SearchAction\",\"target\":{\"@type\":\"EntryPoint\",\"urlTemplate\":\"https:\/\/lacabanasse.fr\/?s={search_term_string}\"},\"query-input\":{\"@type\":\"PropertyValueSpecification\",\"valueRequired\":true,\"valueName\":\"search_term_string\"}}],\"inLanguage\":\"es-ES\"},{\"@type\":\"Organization\",\"@id\":\"https:\/\/lacabanasse.fr\/#organization\",\"name\":\"Mairie de la Cabanasse\",\"url\":\"https:\/\/lacabanasse.fr\/\",\"logo\":{\"@type\":\"ImageObject\",\"inLanguage\":\"es-ES\",\"@id\":\"https:\/\/lacabanasse.fr\/#\/schema\/logo\/image\/\",\"url\":\"https:\/\/lacabanasse.fr\/wp-content\/uploads\/2021\/03\/cropped-favicon-la-cabanasse.jpg\",\"contentUrl\":\"https:\/\/lacabanasse.fr\/wp-content\/uploads\/2021\/03\/cropped-favicon-la-cabanasse.jpg\",\"width\":512,\"height\":512,\"caption\":\"Mairie de la Cabanasse\"},\"image\":{\"@id\":\"https:\/\/lacabanasse.fr\/#\/schema\/logo\/image\/\"},\"sameAs\":[\"https:\/\/www.facebook.com\/lacabanasse66210\/\"]}]}<\/script>\n<!-- \/ Yoast SEO plugin. -->","yoast_head_json":{"title":"Taxis - Ayuntamiento de La Cabanasse - Taxis y alquiler de veh\u00edculos","description":"\u00bfBuscas taxis? \u00bfQuieres alquilar un veh\u00edculo por uno o m\u00e1s d\u00edas? Encuentra los datos de contacto de nuestros taxis.","robots":{"index":"index","follow":"follow","max-snippet":"max-snippet:-1","max-image-preview":"max-image-preview:large","max-video-preview":"max-video-preview:-1"},"canonical":"https:\/\/lacabanasse.fr\/es\/vivre-a-la-cabanasse\/taxis-et-locations-de-vehicules\/","og_locale":"es_ES","og_type":"article","og_title":"Taxis - Mairie La Cabanasse - Taxis et locations de v\u00e9hicules","og_description":"Vous recherchez des taxis? Vous souhaitez louer un v\u00e9hicule pour un ou plusieurs jours? Retrouvez les coordonn\u00e9es de nos taxis r\u00e9f\u00e9renc\u00e9s.","og_url":"https:\/\/lacabanasse.fr\/es\/vivre-a-la-cabanasse\/taxis-et-locations-de-vehicules\/","og_site_name":"Mairie La Cabanasse","article_publisher":"https:\/\/www.facebook.com\/lacabanasse66210\/","article_modified_time":"2025-03-28T16:50:15+00:00","og_image":[{"width":512,"height":512,"url":"https:\/\/lacabanasse.fr\/wp-content\/uploads\/2021\/04\/taxi.png","type":"image\/png"}],"twitter_card":"summary_large_image","twitter_misc":{"Est. reading time":"1 minute"},"schema":{"@context":"https:\/\/schema.org","@graph":[{"@type":"WebPage","@id":"https:\/\/lacabanasse.fr\/vivre-a-la-cabanasse\/taxis-et-locations-de-vehicules\/","url":"https:\/\/lacabanasse.fr\/vivre-a-la-cabanasse\/taxis-et-locations-de-vehicules\/","name":"Taxis - Ayuntamiento de La Cabanasse - Taxis y alquiler de veh\u00edculos","isPartOf":{"@id":"https:\/\/lacabanasse.fr\/#website"},"primaryImageOfPage":{"@id":"https:\/\/lacabanasse.fr\/vivre-a-la-cabanasse\/taxis-et-locations-de-vehicules\/#primaryimage"},"image":{"@id":"https:\/\/lacabanasse.fr\/vivre-a-la-cabanasse\/taxis-et-locations-de-vehicules\/#primaryimage"},"thumbnailUrl":"https:\/\/lacabanasse.fr\/wp-content\/uploads\/2021\/04\/taxi.png","datePublished":"2021-03-12T16:23:37+00:00","dateModified":"2025-03-28T16:50:15+00:00","description":"\u00bfBuscas taxis? \u00bfQuieres alquilar un veh\u00edculo por uno o m\u00e1s d\u00edas? Encuentra los datos de contacto de nuestros taxis.","breadcrumb":{"@id":"https:\/\/lacabanasse.fr\/vivre-a-la-cabanasse\/taxis-et-locations-de-vehicules\/#breadcrumb"},"inLanguage":"es-ES","potentialAction":[{"@type":"ReadAction","target":["https:\/\/lacabanasse.fr\/vivre-a-la-cabanasse\/taxis-et-locations-de-vehicules\/"]}]},{"@type":"ImageObject","inLanguage":"es-ES","@id":"https:\/\/lacabanasse.fr\/vivre-a-la-cabanasse\/taxis-et-locations-de-vehicules\/#primaryimage","url":"https:\/\/lacabanasse.fr\/wp-content\/uploads\/2021\/04\/taxi.png","contentUrl":"https:\/\/lacabanasse.fr\/wp-content\/uploads\/2021\/04\/taxi.png"},{"@type":"BreadcrumbList","@id":"https:\/\/lacabanasse.fr\/vivre-a-la-cabanasse\/taxis-et-locations-de-vehicules\/#breadcrumb","itemListElement":[{"@type":"ListItem","position":1,"name":"Accueil","item":"https:\/\/lacabanasse.fr\/"},{"@type":"ListItem","position":2,"name":"Vivre \u00e0 la Cabanasse","item":"https:\/\/lacabanasse.fr\/vivre-a-la-cabanasse\/"},{"@type":"ListItem","position":3,"name":"Taxis"}]},{"@type":"WebSite","@id":"https:\/\/lacabanasse.fr\/#website","url":"https:\/\/lacabanasse.fr\/","name":"Ayuntamiento de Cabanasse","description":"Sitio web oficial del Ayuntamiento de La Cabanasse en los Pirineos Orientales","publisher":{"@id":"https:\/\/lacabanasse.fr\/#organization"},"potentialAction":[{"@type":"SearchAction","target":{"@type":"EntryPoint","urlTemplate":"https:\/\/lacabanasse.fr\/?s={search_term_string}"},"query-input":{"@type":"PropertyValueSpecification","valueRequired":true,"valueName":"search_term_string"}}],"inLanguage":"es-ES"},{"@type":"Organization","@id":"https:\/\/lacabanasse.fr\/#organization","name":"Ayuntamiento de Cabanasse","url":"https:\/\/lacabanasse.fr\/","logo":{"@type":"ImageObject","inLanguage":"es-ES","@id":"https:\/\/lacabanasse.fr\/#\/schema\/logo\/image\/","url":"https:\/\/lacabanasse.fr\/wp-content\/uploads\/2021\/03\/cropped-favicon-la-cabanasse.jpg","contentUrl":"https:\/\/lacabanasse.fr\/wp-content\/uploads\/2021\/03\/cropped-favicon-la-cabanasse.jpg","width":512,"height":512,"caption":"Mairie de la Cabanasse"},"image":{"@id":"https:\/\/lacabanasse.fr\/#\/schema\/logo\/image\/"},"sameAs":["https:\/\/www.facebook.com\/lacabanasse66210\/"]}]}},"uagb_featured_image_src":{"full":false,"thumbnail":false,"medium":false,"medium_large":false,"large":false,"gs-tiny":false,"xl":false,"xxl":false,"xxxl":false,"xxxxl":false,"xxxxxl":false,"1536x1536":false,"2048x2048":false,"trp-custom-language-flag":false,"sow-carousel-default":false},"uagb_author_info":{"display_name":"900k","author_link":"https:\/\/lacabanasse.fr\/es\/author\/900k\/"},"uagb_comment_info":0,"uagb_excerpt":"Mont-Louis Taxi &#8211; +33 (0)6 81 13 78 13","_links":{"self":[{"href":"https:\/\/lacabanasse.fr\/es\/wp-json\/wp\/v2\/pages\/927","targetHints":{"allow":["GET"]}}],"collection":[{"href":"https:\/\/lacabanasse.fr\/es\/wp-json\/wp\/v2\/pages"}],"about":[{"href":"https:\/\/lacabanasse.fr\/es\/wp-json\/wp\/v2\/types\/page"}],"author":[{"embeddable":true,"href":"https:\/\/lacabanasse.fr\/es\/wp-json\/wp\/v2\/users\/1"}],"replies":[{"embeddable":true,"href":"https:\/\/lacabanasse.fr\/es\/wp-json\/wp\/v2\/comments?post=927"}],"version-history":[{"count":9,"href":"https:\/\/lacabanasse.fr\/es\/wp-json\/wp\/v2\/pages\/927\/revisions"}],"predecessor-version":[{"id":5110,"href":"https:\/\/lacabanasse.fr\/es\/wp-json\/wp\/v2\/pages\/927\/revisions\/5110"}],"up":[{"embeddable":true,"href":"https:\/\/lacabanasse.fr\/es\/wp-json\/wp\/v2\/pages\/551"}],"wp:attachment":[{"href":"https:\/\/lacabanasse.fr\/es\/wp-json\/wp\/v2\/media?parent=927"}],"curies":[{"name":"gracias","href":"https:\/\/api.w.org\/{rel}","templated":true}]}}