{"id":929,"date":"2021-03-12T17:23:56","date_gmt":"2021-03-12T16:23:56","guid":{"rendered":"https:\/\/cabanasse.900k.fr\/?page_id=929"},"modified":"2025-03-24T10:45:25","modified_gmt":"2025-03-24T09:45:25","slug":"train-jaune","status":"publish","type":"page","link":"https:\/\/lacabanasse.fr\/es\/tourisme-culture-patrimoine\/train-jaune\/","title":{"rendered":"El tren amarillo"},"content":{"rendered":"<div class=\"wp-block-media-text alignwide is-stacked-on-mobile is-vertically-aligned-top is-image-fill-element\" style=\"grid-template-columns:46% auto\"><figure class=\"wp-block-media-text__media\"><img loading=\"lazy\" decoding=\"async\" width=\"1200\" height=\"627\" src=\"https:\/\/lacabanasse.fr\/wp-content\/uploads\/2021\/03\/train_jaune_fred_berlic_.jpg\" alt=\"\" class=\"wp-image-1136 size-full\" style=\"object-position:50% 49%\" srcset=\"https:\/\/lacabanasse.fr\/wp-content\/uploads\/2021\/03\/train_jaune_fred_berlic_.jpg 1200w, https:\/\/lacabanasse.fr\/wp-content\/uploads\/2021\/03\/train_jaune_fred_berlic_-300x157.jpg 300w, https:\/\/lacabanasse.fr\/wp-content\/uploads\/2021\/03\/train_jaune_fred_berlic_-1024x535.jpg 1024w, https:\/\/lacabanasse.fr\/wp-content\/uploads\/2021\/03\/train_jaune_fred_berlic_-768x401.jpg 768w, https:\/\/lacabanasse.fr\/wp-content\/uploads\/2021\/03\/train_jaune_fred_berlic_-16x8.jpg 16w\" sizes=\"auto, (max-width: 1200px) 100vw, 1200px\" \/><\/figure><div class=\"wp-block-media-text__content\">\n<p>Un encantador tren tur\u00edstico recorre los Pirineos Orientales: el tren amarillo. Desde Villefranche-de-Conflent hasta Latour-de-Carol, observa paisajes buc\u00f3licos o espectaculares. Las paradas te permiten descubrir un poco m\u00e1s los alrededores.<\/p>\n\n\n\n<p>El tren amarillo recorre las laderas de los Pirineos desde hace m\u00e1s de un siglo. 21 estaciones; paisajes impresionantes; y un tren que te da tiempo para disfrutar de la vista viajando a una velocidad promedio de 30km \/ h ... \u00a1As\u00ed que sube a bordo de este pintoresco tren amarillo canario registrado en la UNESCO y disfruta del viaje!<\/p>\n\n\n\n<p>Encuentra toda la informaci\u00f3n sobre el tren amarillo en <a rel=\"noreferrer noopener\" href=\"https:\/\/www.oui.sncf\/article\/le-train-jaune-de-villefranche-de-conflent-mont-louis-65700\" target=\"_blank\">www.oui.sncf<\/a> O en <a rel=\"noreferrer noopener\" href=\"https:\/\/www.ter.sncf.com\/occitanie\/loisirs\/train-jaune\" target=\"_blank\">www.ter.sncf.com<\/a>. Tambi\u00e9n puede ponerse en contacto con la estaci\u00f3n de Cabanasse en el +33 (0) 4 68 04 13 58<\/p>\n<\/div><\/div>\n\n\n\n<p><\/p>\n\n\n\n<h2 class=\"wp-block-heading\"><span style=\"color:#0C6D7D\" class=\"has-inline-color\">LA \u00c9PICA DEL TREN AMARILLO<\/span><\/h2>\n\n\n\n<p><strong>A principios del siglo XXI, el ferrocarril revolucion\u00f3 los viajes, aboli\u00f3 las distancias y ayud\u00f3 a hacer del turismo una nueva forma de vida. Pone el norte de Catalu\u00f1a al alcance de turistas, pintores y visitantes de los balnearios, pero a\u00fan no cubre la Cerdanya. Para eso, necesitamos un tren nuevo y \u00fanico. \u00a1Ser\u00e1 el Tren Amarillo!&nbsp;<\/strong><\/p>\n\n\n<div class=\"wp-block-image\">\n<figure class=\"alignleft\"><img decoding=\"async\" src=\"http:\/\/capcatalogne.com\/wp-content\/uploads\/2019\/12\/TJv2.jpg\" alt=\"\" class=\"wp-image-21347\"\/><\/figure>\n<\/div>\n\n\n<p>Sobre la cuna de este &quot;canario catal\u00e1n&quot; se apoyaban dos buenas hadas, o m\u00e1s bien dos buenos magos. El primero, Jules Lax. Ingeniero de Puentes y Caminos, ser\u00e1 el dise\u00f1ador de este venerable tortillard que trepa por la ladera de la monta\u00f1a, atraviesa precipicios y se r\u00ede de los desniveles. El segundo, un periodista convertido en pol\u00edtico, enamorado de su pa\u00eds, <a rel=\"noreferrer noopener\" href=\"https:\/\/lacabanasse.fr\/es\/tourisme-culture-patrimoine\/points-dinterets\/\" target=\"_blank\">Emmanuel Brousse<\/a>, luchar\u00e1 por la apertura de los municipios superiores y promover\u00e1 el proyecto de la l\u00ednea ferroviaria de Villefranche de Conflent a Bourg-Madame con el reconocimiento de la l\u00ednea de servicios p\u00fablicos en 1903 ...<\/p>\n\n\n<div\n\t\t\t\n\t\t\tclass=\"so-widget-sow-button so-widget-sow-button-atom-b9451893ca68\"\n\t\t\t\n\t\t><div class=\"ow-button-base ow-button-align-left\">\n\t\t\t<a\n\t\t\t\t\thref=\"http:\/\/capcatalogne.com\/lepopee-du-train-jaune\/\"\n\t\t\t\t\tclass=\"sowb-button ow-icon-placement-left ow-button-hover\" target=\"_blank\" rel=\"noopener noreferrer\" \t>\n\t\t<span>\n\t\t\t<span class=\"sow-icon-fontawesome sow-far\" data-sow-icon=\"&#xf14d;\"\n\t\tstyle=\"color: #000000\" \n\t\taria-hidden=\"true\"><\/span>\n\t\t\tLee mas\u2026\t\t<\/span>\n\t\t\t<\/a>\n\t<\/div>\n<\/div>\t\t\t\t<style type=\"text\/css\">@media (max-width: 780px) {\n  .so-widget-sow-button-atom-b9451893ca68 .ow-button-base.ow-button-align-left {\n    text-align: left;\n  }\n  .so-widget-sow-button-atom-b9451893ca68 .ow-button-base.ow-button-align-left.ow-button-align-justify .sowb-button {\n    display: inline-block;\n  }\n}\n.so-widget-sow-button-atom-b9451893ca68 .ow-button-base .sowb-button {\n  -webkit-box-shadow: inset 0 1px 0 rgba(255,255,255,0.2), 0 1px 2px rgba(0,0,0,0.065);\n  -moz-box-shadow: inset 0 1px 0 rgba(255,255,255,0.2), 0 1px 2px rgba(0,0,0,0.065);\n  box-shadow: inset 0 1px 0 rgba(255,255,255,0.2), 0 1px 2px rgba(0,0,0,0.065);\n  -ms-box-sizing: border-box;\n  -moz-box-sizing: border-box;\n  -webkit-box-sizing: border-box;\n  box-sizing: border-box;\n  background: #eeee22;\n  background: -webkit-gradient(linear, left bottom, left top, color-stop(0, #cdcd10), color-stop(1, #eeee22));\n  background: -ms-linear-gradient(bottom, #cdcd10, #eeee22);\n  background: -moz-linear-gradient(center bottom, #cdcd10 0%, #eeee22 100%);\n  background: -o-linear-gradient(#eeee22, #cdcd10);\n  filter: progid:DXImageTransform.Microsoft.gradient(startColorstr='#eeee22', endColorstr='#cdcd10', GradientType=0);\n  -webkit-border-radius: 1.5px;\n  -moz-border-radius: 1.5px;\n  border-radius: 1.5px;\n  border-color: #bfbf0f #b6b60e #a7a70d #b6b60e;\n  border: 1px solid;\n  color: #ffffff !important;\n  font-size: 1em;\n  \n  padding-block: 1em;\n  text-shadow: 0 1px 0 rgba(0, 0, 0, 0.05);\n  padding-inline: 2em;\n}\n.so-widget-sow-button-atom-b9451893ca68 .ow-button-base .sowb-button > span {\n  display: flex;\n  justify-content: center;\n}\n.so-widget-sow-button-atom-b9451893ca68 .ow-button-base .sowb-button > span [class^=\"sow-icon-\"] {\n  font-size: 1.3em;\n}\n.so-widget-sow-button-atom-b9451893ca68 .ow-button-base .sowb-button.ow-icon-placement-top > span {\n  flex-direction: column;\n}\n.so-widget-sow-button-atom-b9451893ca68 .ow-button-base .sowb-button.ow-icon-placement-right > span {\n  flex-direction: row-reverse;\n}\n.so-widget-sow-button-atom-b9451893ca68 .ow-button-base .sowb-button.ow-icon-placement-bottom > span {\n  flex-direction: column-reverse;\n}\n.so-widget-sow-button-atom-b9451893ca68 .ow-button-base .sowb-button.ow-icon-placement-left > span {\n  align-items: start;\n}\n.so-widget-sow-button-atom-b9451893ca68 .ow-button-base .sowb-button.ow-button-hover:active,\n.so-widget-sow-button-atom-b9451893ca68 .ow-button-base .sowb-button.ow-button-hover:hover {\n  background: #efef2b;\n  background: -webkit-gradient(linear, left bottom, left top, color-stop(0, #d7d711), color-stop(1, #efef2b));\n  background: -ms-linear-gradient(bottom, #d7d711, #efef2b);\n  background: -moz-linear-gradient(center bottom, #d7d711 0%, #efef2b 100%);\n  background: -o-linear-gradient(#efef2b, #d7d711);\n  filter: progid:DXImageTransform.Microsoft.gradient(startColorstr='#efef2b', endColorstr='#d7d711', GradientType=0);\n  border-color: #efef35 #efef2b #eeee1d #efef2b;\n  color: #ffffff !important;\n}<\/style>","protected":false},"excerpt":{"rendered":"<p>Un encantador tren tur\u00edstico recorre los Pirineos Orientales: el tren amarillo. Desde Villefranche-de-Conflent hasta Latour-de-Carol, observa paisajes buc\u00f3licos o espectaculares. Las paradas te permiten descubrir un poco m\u00e1s los alrededores. El tren amarillo recorre las laderas de los Pirineos desde hace m\u00e1s de un siglo. 21 estaciones; paisajes en [\u2026]<\/p>","protected":false},"author":1,"featured_media":0,"parent":633,"menu_order":0,"comment_status":"closed","ping_status":"closed","template":"","meta":{"_eb_attr":"","_uag_custom_page_level_css":"","_monsterinsights_skip_tracking":false,"_monsterinsights_sitenote_active":false,"_monsterinsights_sitenote_note":"","_monsterinsights_sitenote_category":0,"footnotes":""},"class_list":["post-929","page","type-page","status-publish","hentry"],"yoast_head":"<!-- This site is optimized with the Yoast SEO plugin v26.2 - https:\/\/yoast.com\/wordpress\/plugins\/seo\/ -->\n<title>Le Train Jaune - Mairie La Cabanasse - Le Train Jaune - Mairie La Cabanasse<\/title>\n<meta name=\"description\" content=\"Le Train Jaune: charmant train touristique circulant dans les Pyr\u00e9n\u00e9es Orientales, \u00e0 bord duquel vous observez des paysages bucoliques.\" \/>\n<meta name=\"robots\" content=\"index, follow, max-snippet:-1, max-image-preview:large, max-video-preview:-1\" \/>\n<link rel=\"canonical\" href=\"https:\/\/lacabanasse.fr\/es\/tourisme-culture-patrimoine\/train-jaune\/\" \/>\n<meta property=\"og:locale\" content=\"es_ES\" \/>\n<meta property=\"og:type\" content=\"article\" \/>\n<meta property=\"og:title\" content=\"Le Train Jaune - Mairie La Cabanasse - Le Train Jaune - Mairie La Cabanasse\" \/>\n<meta property=\"og:description\" content=\"Le Train Jaune: charmant train touristique circulant dans les Pyr\u00e9n\u00e9es Orientales, \u00e0 bord duquel vous observez des paysages bucoliques.\" \/>\n<meta property=\"og:url\" content=\"https:\/\/lacabanasse.fr\/es\/tourisme-culture-patrimoine\/train-jaune\/\" \/>\n<meta property=\"og:site_name\" content=\"Mairie La Cabanasse\" \/>\n<meta property=\"article:publisher\" content=\"https:\/\/www.facebook.com\/lacabanasse66210\/\" \/>\n<meta property=\"article:modified_time\" content=\"2025-03-24T09:45:25+00:00\" \/>\n<meta property=\"og:image\" content=\"https:\/\/lacabanasse.fr\/wp-content\/uploads\/2021\/03\/train_jaune_fred_berlic_.jpg\" \/>\n\t<meta property=\"og:image:width\" content=\"1200\" \/>\n\t<meta property=\"og:image:height\" content=\"627\" \/>\n\t<meta property=\"og:image:type\" content=\"image\/jpeg\" \/>\n<meta name=\"twitter:card\" content=\"summary_large_image\" \/>\n<meta name=\"twitter:label1\" content=\"Est. reading time\" \/>\n\t<meta name=\"twitter:data1\" content=\"2 minutes\" \/>\n<script type=\"application\/ld+json\" class=\"yoast-schema-graph\">{\"@context\":\"https:\/\/schema.org\",\"@graph\":[{\"@type\":\"WebPage\",\"@id\":\"https:\/\/lacabanasse.fr\/tourisme-culture-patrimoine\/train-jaune\/\",\"url\":\"https:\/\/lacabanasse.fr\/tourisme-culture-patrimoine\/train-jaune\/\",\"name\":\"Le Train Jaune - Mairie La Cabanasse - Le Train Jaune - Mairie La Cabanasse\",\"isPartOf\":{\"@id\":\"https:\/\/lacabanasse.fr\/#website\"},\"primaryImageOfPage\":{\"@id\":\"https:\/\/lacabanasse.fr\/tourisme-culture-patrimoine\/train-jaune\/#primaryimage\"},\"image\":{\"@id\":\"https:\/\/lacabanasse.fr\/tourisme-culture-patrimoine\/train-jaune\/#primaryimage\"},\"thumbnailUrl\":\"https:\/\/lacabanasse.fr\/wp-content\/uploads\/2021\/03\/train_jaune_fred_berlic_.jpg\",\"datePublished\":\"2021-03-12T16:23:56+00:00\",\"dateModified\":\"2025-03-24T09:45:25+00:00\",\"description\":\"Le Train Jaune: charmant train touristique circulant dans les Pyr\u00e9n\u00e9es Orientales, \u00e0 bord duquel vous observez des paysages bucoliques.\",\"breadcrumb\":{\"@id\":\"https:\/\/lacabanasse.fr\/tourisme-culture-patrimoine\/train-jaune\/#breadcrumb\"},\"inLanguage\":\"es-ES\",\"potentialAction\":[{\"@type\":\"ReadAction\",\"target\":[\"https:\/\/lacabanasse.fr\/tourisme-culture-patrimoine\/train-jaune\/\"]}]},{\"@type\":\"ImageObject\",\"inLanguage\":\"es-ES\",\"@id\":\"https:\/\/lacabanasse.fr\/tourisme-culture-patrimoine\/train-jaune\/#primaryimage\",\"url\":\"https:\/\/lacabanasse.fr\/wp-content\/uploads\/2021\/03\/train_jaune_fred_berlic_.jpg\",\"contentUrl\":\"https:\/\/lacabanasse.fr\/wp-content\/uploads\/2021\/03\/train_jaune_fred_berlic_.jpg\"},{\"@type\":\"BreadcrumbList\",\"@id\":\"https:\/\/lacabanasse.fr\/tourisme-culture-patrimoine\/train-jaune\/#breadcrumb\",\"itemListElement\":[{\"@type\":\"ListItem\",\"position\":1,\"name\":\"Accueil\",\"item\":\"https:\/\/lacabanasse.fr\/\"},{\"@type\":\"ListItem\",\"position\":2,\"name\":\"Tourisme, Culture &#038; Patrimoine\",\"item\":\"https:\/\/lacabanasse.fr\/tourisme-culture-patrimoine\/\"},{\"@type\":\"ListItem\",\"position\":3,\"name\":\"Le Train Jaune\"}]},{\"@type\":\"WebSite\",\"@id\":\"https:\/\/lacabanasse.fr\/#website\",\"url\":\"https:\/\/lacabanasse.fr\/\",\"name\":\"Mairie de la Cabanasse\",\"description\":\"Site officiel  de la Mairie de La Cabanasse dans les Pyr\u00e9n\u00e9es Orientales\",\"publisher\":{\"@id\":\"https:\/\/lacabanasse.fr\/#organization\"},\"potentialAction\":[{\"@type\":\"SearchAction\",\"target\":{\"@type\":\"EntryPoint\",\"urlTemplate\":\"https:\/\/lacabanasse.fr\/?s={search_term_string}\"},\"query-input\":{\"@type\":\"PropertyValueSpecification\",\"valueRequired\":true,\"valueName\":\"search_term_string\"}}],\"inLanguage\":\"es-ES\"},{\"@type\":\"Organization\",\"@id\":\"https:\/\/lacabanasse.fr\/#organization\",\"name\":\"Mairie de la Cabanasse\",\"url\":\"https:\/\/lacabanasse.fr\/\",\"logo\":{\"@type\":\"ImageObject\",\"inLanguage\":\"es-ES\",\"@id\":\"https:\/\/lacabanasse.fr\/#\/schema\/logo\/image\/\",\"url\":\"https:\/\/lacabanasse.fr\/wp-content\/uploads\/2021\/03\/cropped-favicon-la-cabanasse.jpg\",\"contentUrl\":\"https:\/\/lacabanasse.fr\/wp-content\/uploads\/2021\/03\/cropped-favicon-la-cabanasse.jpg\",\"width\":512,\"height\":512,\"caption\":\"Mairie de la Cabanasse\"},\"image\":{\"@id\":\"https:\/\/lacabanasse.fr\/#\/schema\/logo\/image\/\"},\"sameAs\":[\"https:\/\/www.facebook.com\/lacabanasse66210\/\"]}]}<\/script>\n<!-- \/ Yoast SEO plugin. -->","yoast_head_json":{"title":"El Tren Amarillo - Ayuntamiento de La Cabanasse - El Tren Amarillo - Ayuntamiento de La Cabanasse","description":"El Tren Amarillo: un encantador tren tur\u00edstico que circula por los Pirineos Orientales, a bordo del cual se pueden observar paisajes buc\u00f3licos.","robots":{"index":"index","follow":"follow","max-snippet":"max-snippet:-1","max-image-preview":"max-image-preview:large","max-video-preview":"max-video-preview:-1"},"canonical":"https:\/\/lacabanasse.fr\/es\/tourisme-culture-patrimoine\/train-jaune\/","og_locale":"es_ES","og_type":"article","og_title":"Le Train Jaune - Mairie La Cabanasse - Le Train Jaune - Mairie La Cabanasse","og_description":"Le Train Jaune: charmant train touristique circulant dans les Pyr\u00e9n\u00e9es Orientales, \u00e0 bord duquel vous observez des paysages bucoliques.","og_url":"https:\/\/lacabanasse.fr\/es\/tourisme-culture-patrimoine\/train-jaune\/","og_site_name":"Mairie La Cabanasse","article_publisher":"https:\/\/www.facebook.com\/lacabanasse66210\/","article_modified_time":"2025-03-24T09:45:25+00:00","og_image":[{"width":1200,"height":627,"url":"https:\/\/lacabanasse.fr\/wp-content\/uploads\/2021\/03\/train_jaune_fred_berlic_.jpg","type":"image\/jpeg"}],"twitter_card":"summary_large_image","twitter_misc":{"Est. reading time":"2 minutes"},"schema":{"@context":"https:\/\/schema.org","@graph":[{"@type":"WebPage","@id":"https:\/\/lacabanasse.fr\/tourisme-culture-patrimoine\/train-jaune\/","url":"https:\/\/lacabanasse.fr\/tourisme-culture-patrimoine\/train-jaune\/","name":"El Tren Amarillo - Ayuntamiento de La Cabanasse - El Tren Amarillo - Ayuntamiento de La Cabanasse","isPartOf":{"@id":"https:\/\/lacabanasse.fr\/#website"},"primaryImageOfPage":{"@id":"https:\/\/lacabanasse.fr\/tourisme-culture-patrimoine\/train-jaune\/#primaryimage"},"image":{"@id":"https:\/\/lacabanasse.fr\/tourisme-culture-patrimoine\/train-jaune\/#primaryimage"},"thumbnailUrl":"https:\/\/lacabanasse.fr\/wp-content\/uploads\/2021\/03\/train_jaune_fred_berlic_.jpg","datePublished":"2021-03-12T16:23:56+00:00","dateModified":"2025-03-24T09:45:25+00:00","description":"El Tren Amarillo: un encantador tren tur\u00edstico que circula por los Pirineos Orientales, a bordo del cual se pueden observar paisajes buc\u00f3licos.","breadcrumb":{"@id":"https:\/\/lacabanasse.fr\/tourisme-culture-patrimoine\/train-jaune\/#breadcrumb"},"inLanguage":"es-ES","potentialAction":[{"@type":"ReadAction","target":["https:\/\/lacabanasse.fr\/tourisme-culture-patrimoine\/train-jaune\/"]}]},{"@type":"ImageObject","inLanguage":"es-ES","@id":"https:\/\/lacabanasse.fr\/tourisme-culture-patrimoine\/train-jaune\/#primaryimage","url":"https:\/\/lacabanasse.fr\/wp-content\/uploads\/2021\/03\/train_jaune_fred_berlic_.jpg","contentUrl":"https:\/\/lacabanasse.fr\/wp-content\/uploads\/2021\/03\/train_jaune_fred_berlic_.jpg"},{"@type":"BreadcrumbList","@id":"https:\/\/lacabanasse.fr\/tourisme-culture-patrimoine\/train-jaune\/#breadcrumb","itemListElement":[{"@type":"ListItem","position":1,"name":"Accueil","item":"https:\/\/lacabanasse.fr\/"},{"@type":"ListItem","position":2,"name":"Tourisme, Culture &#038; Patrimoine","item":"https:\/\/lacabanasse.fr\/tourisme-culture-patrimoine\/"},{"@type":"ListItem","position":3,"name":"Le Train Jaune"}]},{"@type":"WebSite","@id":"https:\/\/lacabanasse.fr\/#website","url":"https:\/\/lacabanasse.fr\/","name":"Ayuntamiento de Cabanasse","description":"Sitio web oficial del Ayuntamiento de La Cabanasse en los Pirineos Orientales","publisher":{"@id":"https:\/\/lacabanasse.fr\/#organization"},"potentialAction":[{"@type":"SearchAction","target":{"@type":"EntryPoint","urlTemplate":"https:\/\/lacabanasse.fr\/?s={search_term_string}"},"query-input":{"@type":"PropertyValueSpecification","valueRequired":true,"valueName":"search_term_string"}}],"inLanguage":"es-ES"},{"@type":"Organization","@id":"https:\/\/lacabanasse.fr\/#organization","name":"Ayuntamiento de Cabanasse","url":"https:\/\/lacabanasse.fr\/","logo":{"@type":"ImageObject","inLanguage":"es-ES","@id":"https:\/\/lacabanasse.fr\/#\/schema\/logo\/image\/","url":"https:\/\/lacabanasse.fr\/wp-content\/uploads\/2021\/03\/cropped-favicon-la-cabanasse.jpg","contentUrl":"https:\/\/lacabanasse.fr\/wp-content\/uploads\/2021\/03\/cropped-favicon-la-cabanasse.jpg","width":512,"height":512,"caption":"Mairie de la Cabanasse"},"image":{"@id":"https:\/\/lacabanasse.fr\/#\/schema\/logo\/image\/"},"sameAs":["https:\/\/www.facebook.com\/lacabanasse66210\/"]}]}},"uagb_featured_image_src":{"full":false,"thumbnail":false,"medium":false,"medium_large":false,"large":false,"gs-tiny":false,"xl":false,"xxl":false,"xxxl":false,"xxxxl":false,"xxxxxl":false,"1536x1536":false,"2048x2048":false,"trp-custom-language-flag":false,"sow-carousel-default":false},"uagb_author_info":{"display_name":"900k","author_link":"https:\/\/lacabanasse.fr\/es\/author\/900k\/"},"uagb_comment_info":0,"uagb_excerpt":"Dans les Pyr\u00e9n\u00e9es Orientales circule un charmant train touristique : le train jaune. De Villefranche-de-Conflent \u00e0 Latour-de-Carol, vous observez des paysages bucoliques ou spectaculaires. Les arr\u00eats vous permettent de d\u00e9couvrir un peu plus les environs. Cela fait plus d\u2019un si\u00e8cle que le train jaune arpente les flancs des montagnes pyr\u00e9n\u00e9ennes. 21 gares; des paysages \u00e0&hellip;","_links":{"self":[{"href":"https:\/\/lacabanasse.fr\/es\/wp-json\/wp\/v2\/pages\/929","targetHints":{"allow":["GET"]}}],"collection":[{"href":"https:\/\/lacabanasse.fr\/es\/wp-json\/wp\/v2\/pages"}],"about":[{"href":"https:\/\/lacabanasse.fr\/es\/wp-json\/wp\/v2\/types\/page"}],"author":[{"embeddable":true,"href":"https:\/\/lacabanasse.fr\/es\/wp-json\/wp\/v2\/users\/1"}],"replies":[{"embeddable":true,"href":"https:\/\/lacabanasse.fr\/es\/wp-json\/wp\/v2\/comments?post=929"}],"version-history":[{"count":20,"href":"https:\/\/lacabanasse.fr\/es\/wp-json\/wp\/v2\/pages\/929\/revisions"}],"predecessor-version":[{"id":5074,"href":"https:\/\/lacabanasse.fr\/es\/wp-json\/wp\/v2\/pages\/929\/revisions\/5074"}],"up":[{"embeddable":true,"href":"https:\/\/lacabanasse.fr\/es\/wp-json\/wp\/v2\/pages\/633"}],"wp:attachment":[{"href":"https:\/\/lacabanasse.fr\/es\/wp-json\/wp\/v2\/media?parent=929"}],"curies":[{"name":"gracias","href":"https:\/\/api.w.org\/{rel}","templated":true}]}}