{"id":931,"date":"2021-03-12T17:24:54","date_gmt":"2021-03-12T16:24:54","guid":{"rendered":"https:\/\/cabanasse.900k.fr\/?page_id=931"},"modified":"2025-03-27T14:01:00","modified_gmt":"2025-03-27T13:01:00","slug":"ramassage-des-encombrants","status":"publish","type":"page","link":"https:\/\/lacabanasse.fr\/es\/ramassage-des-encombrants\/","title":{"rendered":"Colecci\u00f3n de art\u00edculos voluminosos"},"content":{"rendered":"<div class=\"wp-block-media-text alignwide is-stacked-on-mobile\"><figure class=\"wp-block-media-text__media\"><img loading=\"lazy\" decoding=\"async\" width=\"498\" height=\"390\" src=\"https:\/\/lacabanasse.fr\/wp-content\/uploads\/2021\/04\/camion-collecte-encombrants.jpg\" alt=\"La Cabanasse-Rammassage des encombrants-p\u00e9riodicit\u00e9\" class=\"wp-image-1591 size-full\" srcset=\"https:\/\/lacabanasse.fr\/wp-content\/uploads\/2021\/04\/camion-collecte-encombrants.jpg 498w, https:\/\/lacabanasse.fr\/wp-content\/uploads\/2021\/04\/camion-collecte-encombrants-300x235.jpg 300w, https:\/\/lacabanasse.fr\/wp-content\/uploads\/2021\/04\/camion-collecte-encombrants-16x12.jpg 16w\" sizes=\"auto, (max-width: 498px) 100vw, 498px\" \/><\/figure><div class=\"wp-block-media-text__content\">\n<p class=\"has-medium-font-size\">Los art\u00edculos voluminosos se recogen una vez al mes, <span style=\"color:#0c6d7d\" class=\"has-inline-color\"><span style=\"text-decoration: underline;\"><strong>cada primer lunes del mes.<\/strong>&nbsp;<\/span><\/span><\/p>\n\n\n\n<p class=\"has-medium-font-size\"><strong><em><span style=\"color:#0c6d7d\" class=\"has-inline-color\">Recordar<\/span><\/em><\/strong><em><strong><span style=\"color:#ffa100\" class=\"has-inline-color\"> <\/span><\/strong><span class=\"has-inline-color has-luminous-vivid-amber-color\">:<\/span><\/em> Solo recogemos art\u00edculos voluminosos clasificados (muebles, electrodom\u00e9sticos, etc.), los residuos verdes se dejar\u00e1n delante de su casa.\u00a0<\/p>\n\n\n\n<p class=\"has-medium-font-size\">Inscripciones en el Ayuntamiento por tel\u00e9fono +33 (0) 4 68 04 23 74<\/p>\n\n\n\n<p class=\"has-medium-font-size\">Saque sus art\u00edculos voluminosos solo el d\u00eda anterior.<\/p>\n<\/div><\/div>","protected":false},"excerpt":{"rendered":"<p>La recogida de residuos voluminosos se realiza una vez al mes, cada primer lunes del mes. Recordatorio: solo recogemos art\u00edculos voluminosos clasificados (muebles, electrodom\u00e9sticos, etc.), los residuos verdes se dejar\u00e1n frente a su casa. Inscripci\u00f3n en el ayuntamiento por tel\u00e9fono al +33 (0)4 68 04 23 74 Por favor, retire sus objetos voluminosos el d\u00eda anterior [\u2026]<\/p>","protected":false},"author":1,"featured_media":0,"parent":0,"menu_order":0,"comment_status":"closed","ping_status":"closed","template":"","meta":{"_eb_attr":"","_uag_custom_page_level_css":"","_monsterinsights_skip_tracking":false,"_monsterinsights_sitenote_active":false,"_monsterinsights_sitenote_note":"","_monsterinsights_sitenote_category":0,"footnotes":""},"class_list":["post-931","page","type-page","status-publish","hentry"],"yoast_head":"<!-- This site is optimized with the Yoast SEO plugin v26.2 - https:\/\/yoast.com\/wordpress\/plugins\/seo\/ -->\n<title>Ramassage des encombrants - Mairie La Cabanasse - 1er Lundis du mois<\/title>\n<meta name=\"description\" content=\"Le ramassage des encombrants se fait une fois par mois, tous les 1er lundis du mois. Inscription \u00e0 la Mairie par t\u00e9l\u00e9phone 04 68 04 23 74.\" \/>\n<meta name=\"robots\" content=\"index, follow, max-snippet:-1, max-image-preview:large, max-video-preview:-1\" \/>\n<link rel=\"canonical\" href=\"https:\/\/lacabanasse.fr\/es\/ramassage-des-encombrants\/\" \/>\n<meta property=\"og:locale\" content=\"es_ES\" \/>\n<meta property=\"og:type\" content=\"article\" \/>\n<meta property=\"og:title\" content=\"Ramassage des encombrants - Mairie La Cabanasse - 1er Lundis du mois\" \/>\n<meta property=\"og:description\" content=\"Le ramassage des encombrants se fait une fois par mois, tous les 1er lundis du mois. Inscription \u00e0 la Mairie par t\u00e9l\u00e9phone 04 68 04 23 74.\" \/>\n<meta property=\"og:url\" content=\"https:\/\/lacabanasse.fr\/es\/ramassage-des-encombrants\/\" \/>\n<meta property=\"og:site_name\" content=\"Mairie La Cabanasse\" \/>\n<meta property=\"article:publisher\" content=\"https:\/\/www.facebook.com\/lacabanasse66210\/\" \/>\n<meta property=\"article:modified_time\" content=\"2025-03-27T13:01:00+00:00\" \/>\n<meta property=\"og:image\" content=\"https:\/\/lacabanasse.fr\/wp-content\/uploads\/2021\/04\/camion-collecte-encombrants.jpg\" \/>\n\t<meta property=\"og:image:width\" content=\"498\" \/>\n\t<meta property=\"og:image:height\" content=\"390\" \/>\n\t<meta property=\"og:image:type\" content=\"image\/jpeg\" \/>\n<meta name=\"twitter:card\" content=\"summary_large_image\" \/>\n<meta name=\"twitter:label1\" content=\"Est. reading time\" \/>\n\t<meta name=\"twitter:data1\" content=\"1 minute\" \/>\n<script type=\"application\/ld+json\" class=\"yoast-schema-graph\">{\"@context\":\"https:\/\/schema.org\",\"@graph\":[{\"@type\":\"WebPage\",\"@id\":\"https:\/\/lacabanasse.fr\/ramassage-des-encombrants\/\",\"url\":\"https:\/\/lacabanasse.fr\/ramassage-des-encombrants\/\",\"name\":\"Ramassage des encombrants - Mairie La Cabanasse - 1er Lundis du mois\",\"isPartOf\":{\"@id\":\"https:\/\/lacabanasse.fr\/#website\"},\"primaryImageOfPage\":{\"@id\":\"https:\/\/lacabanasse.fr\/ramassage-des-encombrants\/#primaryimage\"},\"image\":{\"@id\":\"https:\/\/lacabanasse.fr\/ramassage-des-encombrants\/#primaryimage\"},\"thumbnailUrl\":\"https:\/\/lacabanasse.fr\/wp-content\/uploads\/2021\/04\/camion-collecte-encombrants.jpg\",\"datePublished\":\"2021-03-12T16:24:54+00:00\",\"dateModified\":\"2025-03-27T13:01:00+00:00\",\"description\":\"Le ramassage des encombrants se fait une fois par mois, tous les 1er lundis du mois. Inscription \u00e0 la Mairie par t\u00e9l\u00e9phone 04 68 04 23 74.\",\"breadcrumb\":{\"@id\":\"https:\/\/lacabanasse.fr\/ramassage-des-encombrants\/#breadcrumb\"},\"inLanguage\":\"es-ES\",\"potentialAction\":[{\"@type\":\"ReadAction\",\"target\":[\"https:\/\/lacabanasse.fr\/ramassage-des-encombrants\/\"]}]},{\"@type\":\"ImageObject\",\"inLanguage\":\"es-ES\",\"@id\":\"https:\/\/lacabanasse.fr\/ramassage-des-encombrants\/#primaryimage\",\"url\":\"https:\/\/lacabanasse.fr\/wp-content\/uploads\/2021\/04\/camion-collecte-encombrants.jpg\",\"contentUrl\":\"https:\/\/lacabanasse.fr\/wp-content\/uploads\/2021\/04\/camion-collecte-encombrants.jpg\"},{\"@type\":\"BreadcrumbList\",\"@id\":\"https:\/\/lacabanasse.fr\/ramassage-des-encombrants\/#breadcrumb\",\"itemListElement\":[{\"@type\":\"ListItem\",\"position\":1,\"name\":\"Accueil\",\"item\":\"https:\/\/lacabanasse.fr\/\"},{\"@type\":\"ListItem\",\"position\":2,\"name\":\"Ramassage des encombrants\"}]},{\"@type\":\"WebSite\",\"@id\":\"https:\/\/lacabanasse.fr\/#website\",\"url\":\"https:\/\/lacabanasse.fr\/\",\"name\":\"Mairie de la Cabanasse\",\"description\":\"Site officiel  de la Mairie de La Cabanasse dans les Pyr\u00e9n\u00e9es Orientales\",\"publisher\":{\"@id\":\"https:\/\/lacabanasse.fr\/#organization\"},\"potentialAction\":[{\"@type\":\"SearchAction\",\"target\":{\"@type\":\"EntryPoint\",\"urlTemplate\":\"https:\/\/lacabanasse.fr\/?s={search_term_string}\"},\"query-input\":{\"@type\":\"PropertyValueSpecification\",\"valueRequired\":true,\"valueName\":\"search_term_string\"}}],\"inLanguage\":\"es-ES\"},{\"@type\":\"Organization\",\"@id\":\"https:\/\/lacabanasse.fr\/#organization\",\"name\":\"Mairie de la Cabanasse\",\"url\":\"https:\/\/lacabanasse.fr\/\",\"logo\":{\"@type\":\"ImageObject\",\"inLanguage\":\"es-ES\",\"@id\":\"https:\/\/lacabanasse.fr\/#\/schema\/logo\/image\/\",\"url\":\"https:\/\/lacabanasse.fr\/wp-content\/uploads\/2021\/03\/cropped-favicon-la-cabanasse.jpg\",\"contentUrl\":\"https:\/\/lacabanasse.fr\/wp-content\/uploads\/2021\/03\/cropped-favicon-la-cabanasse.jpg\",\"width\":512,\"height\":512,\"caption\":\"Mairie de la Cabanasse\"},\"image\":{\"@id\":\"https:\/\/lacabanasse.fr\/#\/schema\/logo\/image\/\"},\"sameAs\":[\"https:\/\/www.facebook.com\/lacabanasse66210\/\"]}]}<\/script>\n<!-- \/ Yoast SEO plugin. -->","yoast_head_json":{"title":"Recogida de residuos voluminosos - Ayuntamiento de La Cabanasse - 1er lunes del mes","description":"La recogida de residuos voluminosos se realiza una vez al mes, el primer lunes de cada mes. Inscr\u00edbete en el Ayuntamiento llamando al 04 68 04 23 74.","robots":{"index":"index","follow":"follow","max-snippet":"max-snippet:-1","max-image-preview":"max-image-preview:large","max-video-preview":"max-video-preview:-1"},"canonical":"https:\/\/lacabanasse.fr\/es\/ramassage-des-encombrants\/","og_locale":"es_ES","og_type":"article","og_title":"Ramassage des encombrants - Mairie La Cabanasse - 1er Lundis du mois","og_description":"Le ramassage des encombrants se fait une fois par mois, tous les 1er lundis du mois. Inscription \u00e0 la Mairie par t\u00e9l\u00e9phone 04 68 04 23 74.","og_url":"https:\/\/lacabanasse.fr\/es\/ramassage-des-encombrants\/","og_site_name":"Mairie La Cabanasse","article_publisher":"https:\/\/www.facebook.com\/lacabanasse66210\/","article_modified_time":"2025-03-27T13:01:00+00:00","og_image":[{"width":498,"height":390,"url":"https:\/\/lacabanasse.fr\/wp-content\/uploads\/2021\/04\/camion-collecte-encombrants.jpg","type":"image\/jpeg"}],"twitter_card":"summary_large_image","twitter_misc":{"Est. reading time":"1 minute"},"schema":{"@context":"https:\/\/schema.org","@graph":[{"@type":"WebPage","@id":"https:\/\/lacabanasse.fr\/ramassage-des-encombrants\/","url":"https:\/\/lacabanasse.fr\/ramassage-des-encombrants\/","name":"Recogida de residuos voluminosos - Ayuntamiento de La Cabanasse - 1er lunes del mes","isPartOf":{"@id":"https:\/\/lacabanasse.fr\/#website"},"primaryImageOfPage":{"@id":"https:\/\/lacabanasse.fr\/ramassage-des-encombrants\/#primaryimage"},"image":{"@id":"https:\/\/lacabanasse.fr\/ramassage-des-encombrants\/#primaryimage"},"thumbnailUrl":"https:\/\/lacabanasse.fr\/wp-content\/uploads\/2021\/04\/camion-collecte-encombrants.jpg","datePublished":"2021-03-12T16:24:54+00:00","dateModified":"2025-03-27T13:01:00+00:00","description":"La recogida de residuos voluminosos se realiza una vez al mes, el primer lunes de cada mes. Inscr\u00edbete en el Ayuntamiento llamando al 04 68 04 23 74.","breadcrumb":{"@id":"https:\/\/lacabanasse.fr\/ramassage-des-encombrants\/#breadcrumb"},"inLanguage":"es-ES","potentialAction":[{"@type":"ReadAction","target":["https:\/\/lacabanasse.fr\/ramassage-des-encombrants\/"]}]},{"@type":"ImageObject","inLanguage":"es-ES","@id":"https:\/\/lacabanasse.fr\/ramassage-des-encombrants\/#primaryimage","url":"https:\/\/lacabanasse.fr\/wp-content\/uploads\/2021\/04\/camion-collecte-encombrants.jpg","contentUrl":"https:\/\/lacabanasse.fr\/wp-content\/uploads\/2021\/04\/camion-collecte-encombrants.jpg"},{"@type":"BreadcrumbList","@id":"https:\/\/lacabanasse.fr\/ramassage-des-encombrants\/#breadcrumb","itemListElement":[{"@type":"ListItem","position":1,"name":"Accueil","item":"https:\/\/lacabanasse.fr\/"},{"@type":"ListItem","position":2,"name":"Ramassage des encombrants"}]},{"@type":"WebSite","@id":"https:\/\/lacabanasse.fr\/#website","url":"https:\/\/lacabanasse.fr\/","name":"Ayuntamiento de Cabanasse","description":"Sitio web oficial del Ayuntamiento de La Cabanasse en los Pirineos Orientales","publisher":{"@id":"https:\/\/lacabanasse.fr\/#organization"},"potentialAction":[{"@type":"SearchAction","target":{"@type":"EntryPoint","urlTemplate":"https:\/\/lacabanasse.fr\/?s={search_term_string}"},"query-input":{"@type":"PropertyValueSpecification","valueRequired":true,"valueName":"search_term_string"}}],"inLanguage":"es-ES"},{"@type":"Organization","@id":"https:\/\/lacabanasse.fr\/#organization","name":"Ayuntamiento de Cabanasse","url":"https:\/\/lacabanasse.fr\/","logo":{"@type":"ImageObject","inLanguage":"es-ES","@id":"https:\/\/lacabanasse.fr\/#\/schema\/logo\/image\/","url":"https:\/\/lacabanasse.fr\/wp-content\/uploads\/2021\/03\/cropped-favicon-la-cabanasse.jpg","contentUrl":"https:\/\/lacabanasse.fr\/wp-content\/uploads\/2021\/03\/cropped-favicon-la-cabanasse.jpg","width":512,"height":512,"caption":"Mairie de la Cabanasse"},"image":{"@id":"https:\/\/lacabanasse.fr\/#\/schema\/logo\/image\/"},"sameAs":["https:\/\/www.facebook.com\/lacabanasse66210\/"]}]}},"uagb_featured_image_src":{"full":false,"thumbnail":false,"medium":false,"medium_large":false,"large":false,"gs-tiny":false,"xl":false,"xxl":false,"xxxl":false,"xxxxl":false,"xxxxxl":false,"1536x1536":false,"2048x2048":false,"trp-custom-language-flag":false,"sow-carousel-default":false},"uagb_author_info":{"display_name":"900k","author_link":"https:\/\/lacabanasse.fr\/es\/author\/900k\/"},"uagb_comment_info":0,"uagb_excerpt":"Le ramassage des encombrants a lieu une fois par mois, tous les 1er lundis du mois.&nbsp; Rappel : nous ne ramassons que les encombrants tri\u00e9s (mobiliers, \u00e9lectrom\u00e9nagers \u2026), les d\u00e9chets verts seront laiss\u00e9s devant chez vous.\u00a0 Inscription \u00e0 la mairie par t\u00e9l\u00e9phone +33 (0)4 68 04 23 74 Merci de sortir vos encombrants la veille&hellip;","_links":{"self":[{"href":"https:\/\/lacabanasse.fr\/es\/wp-json\/wp\/v2\/pages\/931","targetHints":{"allow":["GET"]}}],"collection":[{"href":"https:\/\/lacabanasse.fr\/es\/wp-json\/wp\/v2\/pages"}],"about":[{"href":"https:\/\/lacabanasse.fr\/es\/wp-json\/wp\/v2\/types\/page"}],"author":[{"embeddable":true,"href":"https:\/\/lacabanasse.fr\/es\/wp-json\/wp\/v2\/users\/1"}],"replies":[{"embeddable":true,"href":"https:\/\/lacabanasse.fr\/es\/wp-json\/wp\/v2\/comments?post=931"}],"version-history":[{"count":14,"href":"https:\/\/lacabanasse.fr\/es\/wp-json\/wp\/v2\/pages\/931\/revisions"}],"predecessor-version":[{"id":5093,"href":"https:\/\/lacabanasse.fr\/es\/wp-json\/wp\/v2\/pages\/931\/revisions\/5093"}],"wp:attachment":[{"href":"https:\/\/lacabanasse.fr\/es\/wp-json\/wp\/v2\/media?parent=931"}],"curies":[{"name":"gracias","href":"https:\/\/api.w.org\/{rel}","templated":true}]}}